{"id":1061,"date":"2023-04-08T09:27:56","date_gmt":"2023-04-08T07:27:56","guid":{"rendered":"https:\/\/asko45000.fr\/?page_id=1061"},"modified":"2023-04-08T09:35:11","modified_gmt":"2023-04-08T07:35:11","slug":"passage-de-grades-ados-adultes-2023","status":"publish","type":"page","link":"https:\/\/asko45000.fr\/index.php\/passage-de-grades-ados-adultes-2023\/","title":{"rendered":"Passage de grades Ados-Adultes 2023"},"content":{"rendered":"\n<figure class=\"wp-block-image size-large\"><img loading=\"lazy\" decoding=\"async\" width=\"1024\" height=\"575\" src=\"https:\/\/asko45000.fr\/wp-content\/uploads\/2023\/04\/photos_passage_de_grades_03_04_23_ok-1024x575.jpg\" alt=\"\" class=\"wp-image-1060\" srcset=\"https:\/\/asko45000.fr\/wp-content\/uploads\/2023\/04\/photos_passage_de_grades_03_04_23_ok-1024x575.jpg 1024w, https:\/\/asko45000.fr\/wp-content\/uploads\/2023\/04\/photos_passage_de_grades_03_04_23_ok-300x169.jpg 300w, https:\/\/asko45000.fr\/wp-content\/uploads\/2023\/04\/photos_passage_de_grades_03_04_23_ok-768x432.jpg 768w, https:\/\/asko45000.fr\/wp-content\/uploads\/2023\/04\/photos_passage_de_grades_03_04_23_ok-1536x863.jpg 1536w, https:\/\/asko45000.fr\/wp-content\/uploads\/2023\/04\/photos_passage_de_grades_03_04_23_ok.jpg 2000w\" sizes=\"auto, (max-width: 1024px) 100vw, 1024px\" \/><\/figure>\n\n\n\n<p class=\"has-text-align-center\"><strong>Passage de grades Ados-Adultes<\/strong><\/p>\n\n\n\n<p>Lundi 3 avril 2023, les ados et adultes ont pass\u00e9 leur examen devant le jury compos\u00e9 de Marc, Nivo et Quoc-Toan.<br>R\u00e9sultats :<\/p>\n\n\n\n<ul class=\"wp-block-list\">\n<li>Fran\u00e7ois : Jaune<\/li>\n\n\n\n<li>Ilann : Verte<\/li>\n\n\n\n<li>Nicolas : Verte<\/li>\n\n\n\n<li>Eric : Marron<\/li>\n\n\n\n<li>Pierre : Marron<\/li>\n\n\n\n<li>Yasmine : Marron<\/li>\n<\/ul>\n\n\n\n<p>Examen blanc pour la pr\u00e9paration de CN 1er Dan pour Camille et Levon.<\/p>\n","protected":false},"excerpt":{"rendered":"<p>Passage de grades Ados-Adultes Lundi 3 avril 2023, les ados et adultes ont pass\u00e9 leur examen devant le jury compos\u00e9 de Marc, Nivo et Quoc-Toan.R\u00e9sultats : Examen blanc pour la pr\u00e9paration de CN 1er Dan pour Camille et Levon.<\/p>\n","protected":false},"author":1,"featured_media":0,"parent":0,"menu_order":0,"comment_status":"closed","ping_status":"closed","template":"","meta":{"_kad_post_transparent":"","_kad_post_title":"","_kad_post_layout":"","_kad_post_sidebar_id":"","_kad_post_content_style":"","_kad_post_vertical_padding":"","_kad_post_feature":"","_kad_post_feature_position":"","_kad_post_header":false,"_kad_post_footer":false,"footnotes":""},"class_list":["post-1061","page","type-page","status-publish","hentry"],"_links":{"self":[{"href":"https:\/\/asko45000.fr\/index.php\/wp-json\/wp\/v2\/pages\/1061","targetHints":{"allow":["GET"]}}],"collection":[{"href":"https:\/\/asko45000.fr\/index.php\/wp-json\/wp\/v2\/pages"}],"about":[{"href":"https:\/\/asko45000.fr\/index.php\/wp-json\/wp\/v2\/types\/page"}],"author":[{"embeddable":true,"href":"https:\/\/asko45000.fr\/index.php\/wp-json\/wp\/v2\/users\/1"}],"replies":[{"embeddable":true,"href":"https:\/\/asko45000.fr\/index.php\/wp-json\/wp\/v2\/comments?post=1061"}],"version-history":[{"count":4,"href":"https:\/\/asko45000.fr\/index.php\/wp-json\/wp\/v2\/pages\/1061\/revisions"}],"predecessor-version":[{"id":1065,"href":"https:\/\/asko45000.fr\/index.php\/wp-json\/wp\/v2\/pages\/1061\/revisions\/1065"}],"wp:attachment":[{"href":"https:\/\/asko45000.fr\/index.php\/wp-json\/wp\/v2\/media?parent=1061"}],"curies":[{"name":"wp","href":"https:\/\/api.w.org\/{rel}","templated":true}]}}