{"id":1118,"date":"2023-04-15T22:00:48","date_gmt":"2023-04-15T20:00:48","guid":{"rendered":"https:\/\/asko45000.fr\/?page_id=1118"},"modified":"2023-04-15T22:44:33","modified_gmt":"2023-04-15T20:44:33","slug":"stage-olivet","status":"publish","type":"page","link":"https:\/\/asko45000.fr\/index.php\/stages\/stages-2022-2023\/stage-olivet\/","title":{"rendered":"Stage Olivet"},"content":{"rendered":"<style>.kb-gallery-id-_11da64-93.kb-gallery-ul.kb-gallery-type-fluidcarousel .kt-blocks-carousel figure .kb-gal-image-radius, .kb-gallery-id-_11da64-93.kb-gallery-ul.kb-gallery-type-fluidcarousel .kt-blocks-carousel figure .kb-gal-image-radius img{height:300px;}.kb-gallery-id-_11da64-93 .kadence-blocks-gallery-item .kb-gal-image-radius, .kb-gallery-id-_11da64-93 .kb-slide-item .kb-gal-image-radius img{border-radius:0px 0px 0px 0px;;}.kb-gallery-wrap-id-_11da64-93.wp-block-kadence-advancedgallery{overflow:visible;}.kb-gallery-wrap-id-_11da64-93.wp-block-kadence-advancedgallery .kt-blocks-carousel{overflow:visible;max-width:100%;}<\/style><div class=\"kb-gallery-wrap-id-_11da64-93 alignnone wp-block-kadence-advancedgallery\"><div class=\"kb-gallery-ul kb-gallery-non-static kb-gallery-type-fluidcarousel kb-gallery-id-_11da64-93 kb-gallery-caption-style-bottom-hover kb-gallery-filter-none\" data-image-filter=\"none\" data-lightbox-caption=\"true\"><div class=\"kt-blocks-carousel splide kt-carousel-container-dotstyle-dark kt-carousel-arrowstyle-whiteondark kt-carousel-dotstyle-dark kb-slider-group-arrow kb-slider-arrow-position-center\" data-slider-anim-speed=\"400\" data-slider-scroll=\"1\" data-slider-arrows=\"true\" data-slider-dots=\"true\" data-slider-hover-pause=\"false\" data-slider-auto=\"1\" data-slider-speed=\"3530\" data-slider-type=\"fluidcarousel\" data-slider-center-mode=\"true\" data-slider-gap=\"10px\" data-slider-gap-tablet=\"10px\" data-slider-gap-mobile=\"10px\" data-show-pause-button=\"false\"><div class=\"splide__track\"><ul class=\"kt-blocks-carousel-init kb-blocks-fluid-carousel splide__list\"><li class=\"kb-slide-item kb-gallery-carousel-item splide__slide\"><div class=\"kadence-blocks-gallery-item\"><div class=\"kadence-blocks-gallery-item-inner\"><figure class=\"kb-gallery-figure kadence-blocks-gallery-item-hide-caption\"><div class=\"kb-gal-image-radius\"><div class=\"kb-gallery-image-contain\" ><img loading=\"lazy\" decoding=\"async\" src=\"https:\/\/asko45000.fr\/wp-content\/uploads\/2023\/04\/stage_departement-olivet_7-1024x768.jpg\" width=\"1024\" height=\"768\" alt=\"\" data-full-image=\"https:\/\/asko45000.fr\/wp-content\/uploads\/2023\/04\/stage_departement-olivet_7-scaled.jpg\" data-light-image=\"https:\/\/asko45000.fr\/wp-content\/uploads\/2023\/04\/stage_departement-olivet_7-scaled.jpg\" data-id=\"1126\" class=\"wp-image-1126 skip-lazy\" srcset=\"https:\/\/asko45000.fr\/wp-content\/uploads\/2023\/04\/stage_departement-olivet_7-1024x768.jpg 1024w, https:\/\/asko45000.fr\/wp-content\/uploads\/2023\/04\/stage_departement-olivet_7-300x225.jpg 300w, https:\/\/asko45000.fr\/wp-content\/uploads\/2023\/04\/stage_departement-olivet_7-768x576.jpg 768w, https:\/\/asko45000.fr\/wp-content\/uploads\/2023\/04\/stage_departement-olivet_7-1536x1152.jpg 1536w, https:\/\/asko45000.fr\/wp-content\/uploads\/2023\/04\/stage_departement-olivet_7-2048x1536.jpg 2048w\" sizes=\"auto, (max-width: 1024px) 100vw, 1024px\" \/><\/div><\/div><\/figure><\/div><\/div><\/li><li class=\"kb-slide-item kb-gallery-carousel-item splide__slide\"><div class=\"kadence-blocks-gallery-item\"><div class=\"kadence-blocks-gallery-item-inner\"><figure class=\"kb-gallery-figure kadence-blocks-gallery-item-hide-caption\"><div class=\"kb-gal-image-radius\"><div class=\"kb-gallery-image-contain\" ><img loading=\"lazy\" decoding=\"async\" src=\"https:\/\/asko45000.fr\/wp-content\/uploads\/2023\/04\/stage_departement-olivet_6-1024x768.jpg\" width=\"1024\" height=\"768\" alt=\"\" data-full-image=\"https:\/\/asko45000.fr\/wp-content\/uploads\/2023\/04\/stage_departement-olivet_6-scaled.jpg\" data-light-image=\"https:\/\/asko45000.fr\/wp-content\/uploads\/2023\/04\/stage_departement-olivet_6-scaled.jpg\" data-id=\"1125\" class=\"wp-image-1125 skip-lazy\" srcset=\"https:\/\/asko45000.fr\/wp-content\/uploads\/2023\/04\/stage_departement-olivet_6-1024x768.jpg 1024w, https:\/\/asko45000.fr\/wp-content\/uploads\/2023\/04\/stage_departement-olivet_6-300x225.jpg 300w, https:\/\/asko45000.fr\/wp-content\/uploads\/2023\/04\/stage_departement-olivet_6-768x576.jpg 768w, https:\/\/asko45000.fr\/wp-content\/uploads\/2023\/04\/stage_departement-olivet_6-1536x1152.jpg 1536w, https:\/\/asko45000.fr\/wp-content\/uploads\/2023\/04\/stage_departement-olivet_6-2048x1536.jpg 2048w\" sizes=\"auto, (max-width: 1024px) 100vw, 1024px\" \/><\/div><\/div><\/figure><\/div><\/div><\/li><li class=\"kb-slide-item kb-gallery-carousel-item splide__slide\"><div class=\"kadence-blocks-gallery-item\"><div class=\"kadence-blocks-gallery-item-inner\"><figure class=\"kb-gallery-figure kadence-blocks-gallery-item-hide-caption\"><div class=\"kb-gal-image-radius\"><div class=\"kb-gallery-image-contain\" ><img loading=\"lazy\" decoding=\"async\" src=\"https:\/\/asko45000.fr\/wp-content\/uploads\/2023\/04\/stage_departement-olivet_5-1024x768.jpg\" width=\"1024\" height=\"768\" alt=\"\" data-full-image=\"https:\/\/asko45000.fr\/wp-content\/uploads\/2023\/04\/stage_departement-olivet_5-scaled.jpg\" data-light-image=\"https:\/\/asko45000.fr\/wp-content\/uploads\/2023\/04\/stage_departement-olivet_5-scaled.jpg\" data-id=\"1124\" class=\"wp-image-1124 skip-lazy\" srcset=\"https:\/\/asko45000.fr\/wp-content\/uploads\/2023\/04\/stage_departement-olivet_5-1024x768.jpg 1024w, https:\/\/asko45000.fr\/wp-content\/uploads\/2023\/04\/stage_departement-olivet_5-300x225.jpg 300w, https:\/\/asko45000.fr\/wp-content\/uploads\/2023\/04\/stage_departement-olivet_5-768x576.jpg 768w, https:\/\/asko45000.fr\/wp-content\/uploads\/2023\/04\/stage_departement-olivet_5-1536x1152.jpg 1536w, https:\/\/asko45000.fr\/wp-content\/uploads\/2023\/04\/stage_departement-olivet_5-2048x1536.jpg 2048w\" sizes=\"auto, (max-width: 1024px) 100vw, 1024px\" \/><\/div><\/div><\/figure><\/div><\/div><\/li><li class=\"kb-slide-item kb-gallery-carousel-item splide__slide\"><div class=\"kadence-blocks-gallery-item\"><div class=\"kadence-blocks-gallery-item-inner\"><figure class=\"kb-gallery-figure kadence-blocks-gallery-item-hide-caption\"><div class=\"kb-gal-image-radius\"><div class=\"kb-gallery-image-contain\" ><img loading=\"lazy\" decoding=\"async\" src=\"https:\/\/asko45000.fr\/wp-content\/uploads\/2023\/04\/stage_departement-olivet_4-1024x768.jpg\" width=\"1024\" height=\"768\" alt=\"\" data-full-image=\"https:\/\/asko45000.fr\/wp-content\/uploads\/2023\/04\/stage_departement-olivet_4-scaled.jpg\" data-light-image=\"https:\/\/asko45000.fr\/wp-content\/uploads\/2023\/04\/stage_departement-olivet_4-scaled.jpg\" data-id=\"1123\" class=\"wp-image-1123 skip-lazy\" srcset=\"https:\/\/asko45000.fr\/wp-content\/uploads\/2023\/04\/stage_departement-olivet_4-1024x768.jpg 1024w, https:\/\/asko45000.fr\/wp-content\/uploads\/2023\/04\/stage_departement-olivet_4-300x225.jpg 300w, https:\/\/asko45000.fr\/wp-content\/uploads\/2023\/04\/stage_departement-olivet_4-768x576.jpg 768w, https:\/\/asko45000.fr\/wp-content\/uploads\/2023\/04\/stage_departement-olivet_4-1536x1152.jpg 1536w, https:\/\/asko45000.fr\/wp-content\/uploads\/2023\/04\/stage_departement-olivet_4-2048x1536.jpg 2048w\" sizes=\"auto, (max-width: 1024px) 100vw, 1024px\" \/><\/div><\/div><\/figure><\/div><\/div><\/li><li class=\"kb-slide-item kb-gallery-carousel-item splide__slide\"><div class=\"kadence-blocks-gallery-item\"><div class=\"kadence-blocks-gallery-item-inner\"><figure class=\"kb-gallery-figure kadence-blocks-gallery-item-hide-caption\"><div class=\"kb-gal-image-radius\"><div class=\"kb-gallery-image-contain\" ><img loading=\"lazy\" decoding=\"async\" src=\"https:\/\/asko45000.fr\/wp-content\/uploads\/2023\/04\/stage_departement-olivet_3-1024x768.jpg\" width=\"1024\" height=\"768\" alt=\"\" data-full-image=\"https:\/\/asko45000.fr\/wp-content\/uploads\/2023\/04\/stage_departement-olivet_3-scaled.jpg\" data-light-image=\"https:\/\/asko45000.fr\/wp-content\/uploads\/2023\/04\/stage_departement-olivet_3-scaled.jpg\" data-id=\"1122\" class=\"wp-image-1122 skip-lazy\" srcset=\"https:\/\/asko45000.fr\/wp-content\/uploads\/2023\/04\/stage_departement-olivet_3-1024x768.jpg 1024w, https:\/\/asko45000.fr\/wp-content\/uploads\/2023\/04\/stage_departement-olivet_3-300x225.jpg 300w, https:\/\/asko45000.fr\/wp-content\/uploads\/2023\/04\/stage_departement-olivet_3-768x576.jpg 768w, https:\/\/asko45000.fr\/wp-content\/uploads\/2023\/04\/stage_departement-olivet_3-1536x1152.jpg 1536w, https:\/\/asko45000.fr\/wp-content\/uploads\/2023\/04\/stage_departement-olivet_3-2048x1536.jpg 2048w\" sizes=\"auto, (max-width: 1024px) 100vw, 1024px\" \/><\/div><\/div><\/figure><\/div><\/div><\/li><li class=\"kb-slide-item kb-gallery-carousel-item splide__slide\"><div class=\"kadence-blocks-gallery-item\"><div class=\"kadence-blocks-gallery-item-inner\"><figure class=\"kb-gallery-figure kadence-blocks-gallery-item-hide-caption\"><div class=\"kb-gal-image-radius\"><div class=\"kb-gallery-image-contain\" ><img loading=\"lazy\" decoding=\"async\" src=\"https:\/\/asko45000.fr\/wp-content\/uploads\/2023\/04\/stage_departement-olivet_1-1024x768.jpg\" width=\"1024\" height=\"768\" alt=\"\" data-full-image=\"https:\/\/asko45000.fr\/wp-content\/uploads\/2023\/04\/stage_departement-olivet_1-scaled.jpg\" data-light-image=\"https:\/\/asko45000.fr\/wp-content\/uploads\/2023\/04\/stage_departement-olivet_1-scaled.jpg\" data-id=\"1121\" class=\"wp-image-1121 skip-lazy\" srcset=\"https:\/\/asko45000.fr\/wp-content\/uploads\/2023\/04\/stage_departement-olivet_1-1024x768.jpg 1024w, https:\/\/asko45000.fr\/wp-content\/uploads\/2023\/04\/stage_departement-olivet_1-300x225.jpg 300w, https:\/\/asko45000.fr\/wp-content\/uploads\/2023\/04\/stage_departement-olivet_1-768x576.jpg 768w, https:\/\/asko45000.fr\/wp-content\/uploads\/2023\/04\/stage_departement-olivet_1-1536x1152.jpg 1536w, https:\/\/asko45000.fr\/wp-content\/uploads\/2023\/04\/stage_departement-olivet_1-2048x1536.jpg 2048w\" sizes=\"auto, (max-width: 1024px) 100vw, 1024px\" \/><\/div><\/div><\/figure><\/div><\/div><\/li><li class=\"kb-slide-item kb-gallery-carousel-item splide__slide\"><div class=\"kadence-blocks-gallery-item\"><div class=\"kadence-blocks-gallery-item-inner\"><figure class=\"kb-gallery-figure kadence-blocks-gallery-item-hide-caption\"><div class=\"kb-gal-image-radius\"><div class=\"kb-gallery-image-contain\" ><img loading=\"lazy\" decoding=\"async\" src=\"https:\/\/asko45000.fr\/wp-content\/uploads\/2023\/04\/stage_departement_-olivet_2-1024x768.jpg\" width=\"1024\" height=\"768\" alt=\"\" data-full-image=\"https:\/\/asko45000.fr\/wp-content\/uploads\/2023\/04\/stage_departement_-olivet_2-scaled.jpg\" data-light-image=\"https:\/\/asko45000.fr\/wp-content\/uploads\/2023\/04\/stage_departement_-olivet_2-scaled.jpg\" data-id=\"1120\" class=\"wp-image-1120 skip-lazy\" srcset=\"https:\/\/asko45000.fr\/wp-content\/uploads\/2023\/04\/stage_departement_-olivet_2-1024x768.jpg 1024w, https:\/\/asko45000.fr\/wp-content\/uploads\/2023\/04\/stage_departement_-olivet_2-300x225.jpg 300w, https:\/\/asko45000.fr\/wp-content\/uploads\/2023\/04\/stage_departement_-olivet_2-768x576.jpg 768w, https:\/\/asko45000.fr\/wp-content\/uploads\/2023\/04\/stage_departement_-olivet_2-1536x1152.jpg 1536w, https:\/\/asko45000.fr\/wp-content\/uploads\/2023\/04\/stage_departement_-olivet_2-2048x1536.jpg 2048w\" sizes=\"auto, (max-width: 1024px) 100vw, 1024px\" \/><\/div><\/div><\/figure><\/div><\/div><\/li><\/ul><\/div><\/div><\/div><\/div>\n\n<style>.wp-block-kadence-advancedheading.kt-adv-heading_cde72b-8c, .wp-block-kadence-advancedheading.kt-adv-heading_cde72b-8c[data-kb-block=\"kb-adv-heading_cde72b-8c\"]{text-align:center;font-style:normal;}.wp-block-kadence-advancedheading.kt-adv-heading_cde72b-8c mark.kt-highlight, .wp-block-kadence-advancedheading.kt-adv-heading_cde72b-8c[data-kb-block=\"kb-adv-heading_cde72b-8c\"] mark.kt-highlight{font-style:normal;color:#f76a0c;-webkit-box-decoration-break:clone;box-decoration-break:clone;padding-top:0px;padding-right:0px;padding-bottom:0px;padding-left:0px;}.wp-block-kadence-advancedheading.kt-adv-heading_cde72b-8c img.kb-inline-image, .wp-block-kadence-advancedheading.kt-adv-heading_cde72b-8c[data-kb-block=\"kb-adv-heading_cde72b-8c\"] img.kb-inline-image{width:150px;vertical-align:baseline;}<\/style>\n<h5 class=\"kt-adv-heading_cde72b-8c wp-block-kadence-advancedheading\" data-kb-block=\"kb-adv-heading_cde72b-8c\">Stage D\u00e9partement Olivet<\/h5>\n\n\n\n<p>Marc, Nivo et plus d&rsquo;une quarantaine de karatekas des clubs du Loiret ont particip\u00e9 au stage organis\u00e9 par le Comit\u00e9 D\u00e9partemental le vendredi 14 avril au Dojo d&rsquo;Olivet.<\/p>\n\n\n\n<p>Sous la direction de Fabien Poullin, 6\u00e8me Dan, Responsable des Grades du D\u00e9partement et de S\u00e9bastien Troispoux, 4\u00e8me Dan, Directeur Technique du D\u00e9partement, les stagiaires ceinture verte \u00e0 ceinture noire ont approfondi le Kihon, Kihon Ippon Kumit\u00e9 et Ippon Kumit\u00e9.<\/p>\n\n\n\n<p>Le stage s&rsquo;est termin\u00e9 par un pot de l&rsquo;Amiti\u00e9.<\/p>\n","protected":false},"excerpt":{"rendered":"<p>Stage D\u00e9partement Olivet Marc, Nivo et plus d&rsquo;une quarantaine de karatekas des clubs du Loiret ont particip\u00e9 au stage organis\u00e9 par le Comit\u00e9 D\u00e9partemental le vendredi 14 avril au Dojo d&rsquo;Olivet. Sous la direction de Fabien Poullin, 6\u00e8me Dan, Responsable des Grades du D\u00e9partement et de S\u00e9bastien Troispoux, 4\u00e8me Dan, Directeur Technique du D\u00e9partement, les&#8230;<\/p>\n","protected":false},"author":1,"featured_media":0,"parent":256,"menu_order":0,"comment_status":"closed","ping_status":"closed","template":"","meta":{"_kad_post_transparent":"","_kad_post_title":"","_kad_post_layout":"","_kad_post_sidebar_id":"","_kad_post_content_style":"","_kad_post_vertical_padding":"","_kad_post_feature":"","_kad_post_feature_position":"","_kad_post_header":false,"_kad_post_footer":false,"footnotes":""},"class_list":["post-1118","page","type-page","status-publish","hentry"],"_links":{"self":[{"href":"https:\/\/asko45000.fr\/index.php\/wp-json\/wp\/v2\/pages\/1118","targetHints":{"allow":["GET"]}}],"collection":[{"href":"https:\/\/asko45000.fr\/index.php\/wp-json\/wp\/v2\/pages"}],"about":[{"href":"https:\/\/asko45000.fr\/index.php\/wp-json\/wp\/v2\/types\/page"}],"author":[{"embeddable":true,"href":"https:\/\/asko45000.fr\/index.php\/wp-json\/wp\/v2\/users\/1"}],"replies":[{"embeddable":true,"href":"https:\/\/asko45000.fr\/index.php\/wp-json\/wp\/v2\/comments?post=1118"}],"version-history":[{"count":2,"href":"https:\/\/asko45000.fr\/index.php\/wp-json\/wp\/v2\/pages\/1118\/revisions"}],"predecessor-version":[{"id":1128,"href":"https:\/\/asko45000.fr\/index.php\/wp-json\/wp\/v2\/pages\/1118\/revisions\/1128"}],"up":[{"embeddable":true,"href":"https:\/\/asko45000.fr\/index.php\/wp-json\/wp\/v2\/pages\/256"}],"wp:attachment":[{"href":"https:\/\/asko45000.fr\/index.php\/wp-json\/wp\/v2\/media?parent=1118"}],"curies":[{"name":"wp","href":"https:\/\/api.w.org\/{rel}","templated":true}]}}