{"id":1141,"date":"2023-04-16T15:11:49","date_gmt":"2023-04-16T13:11:49","guid":{"rendered":"https:\/\/asko45000.fr\/?page_id=1141"},"modified":"2023-04-16T15:28:05","modified_gmt":"2023-04-16T13:28:05","slug":"arbitre","status":"publish","type":"page","link":"https:\/\/asko45000.fr\/index.php\/autres-evenements\/evenements-2022-2023\/arbitre\/","title":{"rendered":"Arbitres"},"content":{"rendered":"<style>.wp-block-kadence-advancedgallery .kb-gallery-type-grid.kb-gallery-id-_326912-0e{margin:-5px;}.kb-gallery-type-grid.kb-gallery-id-_326912-0e .kadence-blocks-gallery-item{padding:5px;}.kb-gallery-id-_326912-0e .kadence-blocks-gallery-item .kb-gal-image-radius, .kb-gallery-id-_326912-0e .kb-slide-item .kb-gal-image-radius img{border-radius:0px 0px 0px 0px;;}<\/style><div class=\"kb-gallery-wrap-id-_326912-0e alignnone wp-block-kadence-advancedgallery\"><ul class=\"kb-gallery-ul kb-gallery-non-static kb-gallery-type-grid kb-gallery-id-_326912-0e kb-gallery-caption-style-bottom-hover kb-gallery-filter-none\" data-image-filter=\"none\" data-item-selector=\".kadence-blocks-gallery-item\" data-lightbox-caption=\"true\" data-columns-xxl=\"3\" data-columns-xl=\"3\" data-columns-md=\"3\" data-columns-sm=\"2\" data-columns-xs=\"1\" data-columns-ss=\"1\"><li class=\"kadence-blocks-gallery-item\" tabindex=\"0\"><div class=\"kadence-blocks-gallery-item-inner\"><figure class=\"kb-gallery-figure kadence-blocks-gallery-item-hide-caption\"><div class=\"kb-gal-image-radius\"><div class=\"kb-gallery-image-contain kadence-blocks-gallery-intrinsic kb-gallery-image-ratio-land32 kb-has-image-ratio-land32\" ><img loading=\"lazy\" decoding=\"async\" src=\"https:\/\/asko45000.fr\/wp-content\/uploads\/2023\/04\/levon_eric_arbitre-1024x1024.jpg\" width=\"1024\" height=\"1024\" alt=\"\" data-full-image=\"https:\/\/asko45000.fr\/wp-content\/uploads\/2023\/04\/levon_eric_arbitre.jpg\" data-light-image=\"https:\/\/asko45000.fr\/wp-content\/uploads\/2023\/04\/levon_eric_arbitre.jpg\" data-id=\"1145\" class=\"wp-image-1145\" srcset=\"https:\/\/asko45000.fr\/wp-content\/uploads\/2023\/04\/levon_eric_arbitre-1024x1024.jpg 1024w, https:\/\/asko45000.fr\/wp-content\/uploads\/2023\/04\/levon_eric_arbitre-300x300.jpg 300w, https:\/\/asko45000.fr\/wp-content\/uploads\/2023\/04\/levon_eric_arbitre-150x150.jpg 150w, https:\/\/asko45000.fr\/wp-content\/uploads\/2023\/04\/levon_eric_arbitre-768x769.jpg 768w, https:\/\/asko45000.fr\/wp-content\/uploads\/2023\/04\/levon_eric_arbitre.jpg 1122w\" sizes=\"auto, (max-width: 1024px) 100vw, 1024px\" \/><\/div><\/div><\/figure><\/div><\/li><li class=\"kadence-blocks-gallery-item\" tabindex=\"0\"><div class=\"kadence-blocks-gallery-item-inner\"><figure class=\"kb-gallery-figure kadence-blocks-gallery-item-hide-caption\"><div class=\"kb-gal-image-radius\"><div class=\"kb-gallery-image-contain kadence-blocks-gallery-intrinsic kb-gallery-image-ratio-land32 kb-has-image-ratio-land32\" ><img loading=\"lazy\" decoding=\"async\" src=\"https:\/\/asko45000.fr\/wp-content\/uploads\/2023\/04\/aylan_mohamed_arbitre-1024x575.jpg\" width=\"1024\" height=\"575\" alt=\"\" data-full-image=\"https:\/\/asko45000.fr\/wp-content\/uploads\/2023\/04\/aylan_mohamed_arbitre.jpg\" data-light-image=\"https:\/\/asko45000.fr\/wp-content\/uploads\/2023\/04\/aylan_mohamed_arbitre.jpg\" data-id=\"1144\" class=\"wp-image-1144\" srcset=\"https:\/\/asko45000.fr\/wp-content\/uploads\/2023\/04\/aylan_mohamed_arbitre-1024x575.jpg 1024w, https:\/\/asko45000.fr\/wp-content\/uploads\/2023\/04\/aylan_mohamed_arbitre-300x169.jpg 300w, https:\/\/asko45000.fr\/wp-content\/uploads\/2023\/04\/aylan_mohamed_arbitre-768x432.jpg 768w, https:\/\/asko45000.fr\/wp-content\/uploads\/2023\/04\/aylan_mohamed_arbitre-1536x863.jpg 1536w, https:\/\/asko45000.fr\/wp-content\/uploads\/2023\/04\/aylan_mohamed_arbitre.jpg 2000w\" sizes=\"auto, (max-width: 1024px) 100vw, 1024px\" \/><\/div><\/div><\/figure><\/div><\/li><\/ul><\/div>\n\n<style>.wp-block-kadence-advancedheading.kt-adv-heading_96d134-52, .wp-block-kadence-advancedheading.kt-adv-heading_96d134-52[data-kb-block=\"kb-adv-heading_96d134-52\"]{text-align:center;font-style:normal;}.wp-block-kadence-advancedheading.kt-adv-heading_96d134-52 mark.kt-highlight, .wp-block-kadence-advancedheading.kt-adv-heading_96d134-52[data-kb-block=\"kb-adv-heading_96d134-52\"] mark.kt-highlight{font-style:normal;color:#f76a0c;-webkit-box-decoration-break:clone;box-decoration-break:clone;padding-top:0px;padding-right:0px;padding-bottom:0px;padding-left:0px;}.wp-block-kadence-advancedheading.kt-adv-heading_96d134-52 img.kb-inline-image, .wp-block-kadence-advancedheading.kt-adv-heading_96d134-52[data-kb-block=\"kb-adv-heading_96d134-52\"] img.kb-inline-image{width:150px;vertical-align:baseline;}<\/style>\n<h5 class=\"kt-adv-heading_96d134-52 wp-block-kadence-advancedheading\" data-kb-block=\"kb-adv-heading_96d134-52\">Arbitres-Juges<\/h5>\n\n\n\n<p>Quatre nouveaux arbitres et juges \u00e0 l&rsquo;ASKO. <\/p>\n\n\n\n<p>Aylan, Eric, Levon et Mohamed ont obtenu le dipl\u00f4me d&rsquo;Arbitre D\u00e9partemental Kumit\u00e9 B et  le dipl\u00f4me de Juge D\u00e9partemental Kata B.   <\/p>\n\n\n\n<p>Nous leur adressons toutes nos F\u00e9licitations.<\/p>\n","protected":false},"excerpt":{"rendered":"<p>Arbitres-Juges Quatre nouveaux arbitres et juges \u00e0 l&rsquo;ASKO. Aylan, Eric, Levon et Mohamed ont obtenu le dipl\u00f4me d&rsquo;Arbitre D\u00e9partemental Kumit\u00e9 B et le dipl\u00f4me de Juge D\u00e9partemental Kata B. Nous leur adressons toutes nos F\u00e9licitations.<\/p>\n","protected":false},"author":1,"featured_media":0,"parent":260,"menu_order":0,"comment_status":"closed","ping_status":"closed","template":"","meta":{"_kad_post_transparent":"","_kad_post_title":"","_kad_post_layout":"","_kad_post_sidebar_id":"","_kad_post_content_style":"","_kad_post_vertical_padding":"","_kad_post_feature":"","_kad_post_feature_position":"","_kad_post_header":false,"_kad_post_footer":false,"footnotes":""},"class_list":["post-1141","page","type-page","status-publish","hentry"],"_links":{"self":[{"href":"https:\/\/asko45000.fr\/index.php\/wp-json\/wp\/v2\/pages\/1141","targetHints":{"allow":["GET"]}}],"collection":[{"href":"https:\/\/asko45000.fr\/index.php\/wp-json\/wp\/v2\/pages"}],"about":[{"href":"https:\/\/asko45000.fr\/index.php\/wp-json\/wp\/v2\/types\/page"}],"author":[{"embeddable":true,"href":"https:\/\/asko45000.fr\/index.php\/wp-json\/wp\/v2\/users\/1"}],"replies":[{"embeddable":true,"href":"https:\/\/asko45000.fr\/index.php\/wp-json\/wp\/v2\/comments?post=1141"}],"version-history":[{"count":5,"href":"https:\/\/asko45000.fr\/index.php\/wp-json\/wp\/v2\/pages\/1141\/revisions"}],"predecessor-version":[{"id":1149,"href":"https:\/\/asko45000.fr\/index.php\/wp-json\/wp\/v2\/pages\/1141\/revisions\/1149"}],"up":[{"embeddable":true,"href":"https:\/\/asko45000.fr\/index.php\/wp-json\/wp\/v2\/pages\/260"}],"wp:attachment":[{"href":"https:\/\/asko45000.fr\/index.php\/wp-json\/wp\/v2\/media?parent=1141"}],"curies":[{"name":"wp","href":"https:\/\/api.w.org\/{rel}","templated":true}]}}