{"id":1733,"date":"2023-11-07T18:39:34","date_gmt":"2023-11-07T17:39:34","guid":{"rendered":"https:\/\/asko45000.fr\/?page_id=1733"},"modified":"2023-11-07T18:48:08","modified_gmt":"2023-11-07T17:48:08","slug":"stage-kumite-avec-gilles-cherdieu","status":"publish","type":"page","link":"https:\/\/asko45000.fr\/index.php\/stage-kumite-avec-gilles-cherdieu\/","title":{"rendered":"Stage Kumit\u00e9 avec Gilles Cherdieu"},"content":{"rendered":"<style>.kb-gallery-id-1733_2fd220-a6 .kadence-blocks-gallery-item .kb-gal-image-radius, .kb-gallery-id-1733_2fd220-a6 .kb-slide-item .kb-gal-image-radius img{border-radius:0px 0px 0px 0px;;}.kb-gallery-wrap-id-1733_2fd220-a6.wp-block-kadence-advancedgallery{overflow:visible;}.kb-gallery-wrap-id-1733_2fd220-a6.wp-block-kadence-advancedgallery .kt-blocks-carousel{overflow:visible;}<\/style><div class=\"kb-gallery-wrap-id-1733_2fd220-a6 alignnone wp-block-kadence-advancedgallery\"><div class=\"kb-gallery-ul kb-gallery-non-static kb-gallery-type-slider kb-gallery-id-1733_2fd220-a6 kb-gallery-caption-style-bottom-hover kb-gallery-filter-none\" data-image-filter=\"none\" data-lightbox-caption=\"true\"><div class=\"kt-blocks-carousel splide kt-carousel-container-dotstyle-dark kt-carousel-arrowstyle-whiteondark kt-carousel-dotstyle-dark kb-slider-group-arrow kb-slider-arrow-position-center\" data-slider-anim-speed=\"1340\" data-slider-scroll=\"1\" data-slider-arrows=\"true\" data-slider-fade=\"true\" data-slider-dots=\"true\" data-slider-type=\"slider\" data-slider-hover-pause=\"false\" data-slider-auto=\"1\" data-slider-speed=\"7000\" data-show-pause-button=\"false\"><div class=\"splide__track\"><ul class=\"kt-blocks-carousel-init kb-blocks-slider splide__list\"><li class=\"kb-slide-item kb-gallery-slide-item splide__slide\"><div class=\"kadence-blocks-gallery-item\"><div class=\"kadence-blocks-gallery-item-inner\"><figure class=\"kb-gallery-figure kadence-blocks-gallery-item-hide-caption\"><div class=\"kb-gal-image-radius\"><div class=\"kb-gallery-image-contain kadence-blocks-gallery-intrinsic kb-gallery-image-ratio-land32 kb-has-image-ratio-land32\" ><img loading=\"lazy\" decoding=\"async\" src=\"https:\/\/asko45000.fr\/wp-content\/uploads\/2023\/11\/stage_cherdieu_semoy_04_11_23_1_5-1024x575.jpg\" width=\"1024\" height=\"575\" alt=\"\" data-full-image=\"https:\/\/asko45000.fr\/wp-content\/uploads\/2023\/11\/stage_cherdieu_semoy_04_11_23_1_5-scaled.jpg\" data-light-image=\"https:\/\/asko45000.fr\/wp-content\/uploads\/2023\/11\/stage_cherdieu_semoy_04_11_23_1_5-scaled.jpg\" data-id=\"1736\" class=\"wp-image-1736 skip-lazy\" srcset=\"https:\/\/asko45000.fr\/wp-content\/uploads\/2023\/11\/stage_cherdieu_semoy_04_11_23_1_5-1024x575.jpg 1024w, https:\/\/asko45000.fr\/wp-content\/uploads\/2023\/11\/stage_cherdieu_semoy_04_11_23_1_5-300x169.jpg 300w, https:\/\/asko45000.fr\/wp-content\/uploads\/2023\/11\/stage_cherdieu_semoy_04_11_23_1_5-768x432.jpg 768w, https:\/\/asko45000.fr\/wp-content\/uploads\/2023\/11\/stage_cherdieu_semoy_04_11_23_1_5-1536x863.jpg 1536w, https:\/\/asko45000.fr\/wp-content\/uploads\/2023\/11\/stage_cherdieu_semoy_04_11_23_1_5-2048x1151.jpg 2048w\" sizes=\"auto, (max-width: 1024px) 100vw, 1024px\" \/><\/div><\/div><\/figure><\/div><\/div><\/li><li class=\"kb-slide-item kb-gallery-slide-item splide__slide\"><div class=\"kadence-blocks-gallery-item\"><div class=\"kadence-blocks-gallery-item-inner\"><figure class=\"kb-gallery-figure kadence-blocks-gallery-item-hide-caption\"><div class=\"kb-gal-image-radius\"><div class=\"kb-gallery-image-contain kadence-blocks-gallery-intrinsic kb-gallery-image-ratio-land32 kb-has-image-ratio-land32\" ><img loading=\"lazy\" decoding=\"async\" src=\"https:\/\/asko45000.fr\/wp-content\/uploads\/2023\/11\/stage_cherdieu_semoy_04_11_23_2-1024x575.jpg\" width=\"1024\" height=\"575\" alt=\"\" data-full-image=\"https:\/\/asko45000.fr\/wp-content\/uploads\/2023\/11\/stage_cherdieu_semoy_04_11_23_2-scaled.jpg\" data-light-image=\"https:\/\/asko45000.fr\/wp-content\/uploads\/2023\/11\/stage_cherdieu_semoy_04_11_23_2-scaled.jpg\" data-id=\"1737\" class=\"wp-image-1737 skip-lazy\" srcset=\"https:\/\/asko45000.fr\/wp-content\/uploads\/2023\/11\/stage_cherdieu_semoy_04_11_23_2-1024x575.jpg 1024w, https:\/\/asko45000.fr\/wp-content\/uploads\/2023\/11\/stage_cherdieu_semoy_04_11_23_2-300x169.jpg 300w, https:\/\/asko45000.fr\/wp-content\/uploads\/2023\/11\/stage_cherdieu_semoy_04_11_23_2-768x432.jpg 768w, https:\/\/asko45000.fr\/wp-content\/uploads\/2023\/11\/stage_cherdieu_semoy_04_11_23_2-1536x863.jpg 1536w, https:\/\/asko45000.fr\/wp-content\/uploads\/2023\/11\/stage_cherdieu_semoy_04_11_23_2-2048x1151.jpg 2048w\" sizes=\"auto, (max-width: 1024px) 100vw, 1024px\" \/><\/div><\/div><\/figure><\/div><\/div><\/li><li class=\"kb-slide-item kb-gallery-slide-item splide__slide\"><div class=\"kadence-blocks-gallery-item\"><div class=\"kadence-blocks-gallery-item-inner\"><figure class=\"kb-gallery-figure kadence-blocks-gallery-item-hide-caption\"><div class=\"kb-gal-image-radius\"><div class=\"kb-gallery-image-contain kadence-blocks-gallery-intrinsic kb-gallery-image-ratio-land32 kb-has-image-ratio-land32\" ><img loading=\"lazy\" decoding=\"async\" src=\"https:\/\/asko45000.fr\/wp-content\/uploads\/2023\/11\/stage_cherdieu_semoy_04_11_23_3-1024x575.jpg\" width=\"1024\" height=\"575\" alt=\"\" data-full-image=\"https:\/\/asko45000.fr\/wp-content\/uploads\/2023\/11\/stage_cherdieu_semoy_04_11_23_3-scaled.jpg\" data-light-image=\"https:\/\/asko45000.fr\/wp-content\/uploads\/2023\/11\/stage_cherdieu_semoy_04_11_23_3-scaled.jpg\" data-id=\"1738\" class=\"wp-image-1738 skip-lazy\" srcset=\"https:\/\/asko45000.fr\/wp-content\/uploads\/2023\/11\/stage_cherdieu_semoy_04_11_23_3-1024x575.jpg 1024w, https:\/\/asko45000.fr\/wp-content\/uploads\/2023\/11\/stage_cherdieu_semoy_04_11_23_3-300x169.jpg 300w, https:\/\/asko45000.fr\/wp-content\/uploads\/2023\/11\/stage_cherdieu_semoy_04_11_23_3-768x432.jpg 768w, https:\/\/asko45000.fr\/wp-content\/uploads\/2023\/11\/stage_cherdieu_semoy_04_11_23_3-1536x863.jpg 1536w, https:\/\/asko45000.fr\/wp-content\/uploads\/2023\/11\/stage_cherdieu_semoy_04_11_23_3-2048x1151.jpg 2048w\" sizes=\"auto, (max-width: 1024px) 100vw, 1024px\" \/><\/div><\/div><\/figure><\/div><\/div><\/li><li class=\"kb-slide-item kb-gallery-slide-item splide__slide\"><div class=\"kadence-blocks-gallery-item\"><div class=\"kadence-blocks-gallery-item-inner\"><figure class=\"kb-gallery-figure kadence-blocks-gallery-item-hide-caption\"><div class=\"kb-gal-image-radius\"><div class=\"kb-gallery-image-contain kadence-blocks-gallery-intrinsic kb-gallery-image-ratio-land32 kb-has-image-ratio-land32\" ><img loading=\"lazy\" decoding=\"async\" src=\"https:\/\/asko45000.fr\/wp-content\/uploads\/2023\/11\/stage_cherdieu_semoy_04_11_23_1-1024x575.jpg\" width=\"1024\" height=\"575\" alt=\"\" data-full-image=\"https:\/\/asko45000.fr\/wp-content\/uploads\/2023\/11\/stage_cherdieu_semoy_04_11_23_1-scaled.jpg\" data-light-image=\"https:\/\/asko45000.fr\/wp-content\/uploads\/2023\/11\/stage_cherdieu_semoy_04_11_23_1-scaled.jpg\" data-id=\"1735\" class=\"wp-image-1735 skip-lazy\" srcset=\"https:\/\/asko45000.fr\/wp-content\/uploads\/2023\/11\/stage_cherdieu_semoy_04_11_23_1-1024x575.jpg 1024w, https:\/\/asko45000.fr\/wp-content\/uploads\/2023\/11\/stage_cherdieu_semoy_04_11_23_1-300x169.jpg 300w, https:\/\/asko45000.fr\/wp-content\/uploads\/2023\/11\/stage_cherdieu_semoy_04_11_23_1-768x432.jpg 768w, https:\/\/asko45000.fr\/wp-content\/uploads\/2023\/11\/stage_cherdieu_semoy_04_11_23_1-1536x863.jpg 1536w, https:\/\/asko45000.fr\/wp-content\/uploads\/2023\/11\/stage_cherdieu_semoy_04_11_23_1-2048x1151.jpg 2048w\" sizes=\"auto, (max-width: 1024px) 100vw, 1024px\" \/><\/div><\/div><\/figure><\/div><\/div><\/li><li class=\"kb-slide-item kb-gallery-slide-item splide__slide\"><div class=\"kadence-blocks-gallery-item\"><div class=\"kadence-blocks-gallery-item-inner\"><figure class=\"kb-gallery-figure kadence-blocks-gallery-item-hide-caption\"><div class=\"kb-gal-image-radius\"><div class=\"kb-gallery-image-contain kadence-blocks-gallery-intrinsic kb-gallery-image-ratio-land32 kb-has-image-ratio-land32\" ><img loading=\"lazy\" decoding=\"async\" src=\"https:\/\/asko45000.fr\/wp-content\/uploads\/2023\/11\/stage_cherdieu_semoy_04_11_23_4-1024x575.jpg\" width=\"1024\" height=\"575\" alt=\"\" data-full-image=\"https:\/\/asko45000.fr\/wp-content\/uploads\/2023\/11\/stage_cherdieu_semoy_04_11_23_4-scaled.jpg\" data-light-image=\"https:\/\/asko45000.fr\/wp-content\/uploads\/2023\/11\/stage_cherdieu_semoy_04_11_23_4-scaled.jpg\" data-id=\"1739\" class=\"wp-image-1739 skip-lazy\" srcset=\"https:\/\/asko45000.fr\/wp-content\/uploads\/2023\/11\/stage_cherdieu_semoy_04_11_23_4-1024x575.jpg 1024w, https:\/\/asko45000.fr\/wp-content\/uploads\/2023\/11\/stage_cherdieu_semoy_04_11_23_4-300x169.jpg 300w, https:\/\/asko45000.fr\/wp-content\/uploads\/2023\/11\/stage_cherdieu_semoy_04_11_23_4-768x432.jpg 768w, https:\/\/asko45000.fr\/wp-content\/uploads\/2023\/11\/stage_cherdieu_semoy_04_11_23_4-1536x863.jpg 1536w, https:\/\/asko45000.fr\/wp-content\/uploads\/2023\/11\/stage_cherdieu_semoy_04_11_23_4-2048x1151.jpg 2048w\" sizes=\"auto, (max-width: 1024px) 100vw, 1024px\" \/><\/div><\/div><\/figure><\/div><\/div><\/li><\/ul><\/div><\/div><\/div><\/div>\n\n<style>.wp-block-kadence-advancedheading.kt-adv-heading1733_278d1f-10, .wp-block-kadence-advancedheading.kt-adv-heading1733_278d1f-10[data-kb-block=\"kb-adv-heading1733_278d1f-10\"]{text-align:center;font-style:normal;}.wp-block-kadence-advancedheading.kt-adv-heading1733_278d1f-10 mark.kt-highlight, .wp-block-kadence-advancedheading.kt-adv-heading1733_278d1f-10[data-kb-block=\"kb-adv-heading1733_278d1f-10\"] mark.kt-highlight{font-style:normal;color:#f76a0c;-webkit-box-decoration-break:clone;box-decoration-break:clone;padding-top:0px;padding-right:0px;padding-bottom:0px;padding-left:0px;}.wp-block-kadence-advancedheading.kt-adv-heading1733_278d1f-10 img.kb-inline-image, .wp-block-kadence-advancedheading.kt-adv-heading1733_278d1f-10[data-kb-block=\"kb-adv-heading1733_278d1f-10\"] img.kb-inline-image{width:150px;vertical-align:baseline;}<\/style>\n<h6 class=\"kt-adv-heading1733_278d1f-10 wp-block-kadence-advancedheading\" data-kb-block=\"kb-adv-heading1733_278d1f-10\">Nivo et Marc, parmi la quarantaine de karat\u00e9kas qui ont particip\u00e9 au stage de Gilles Cherdieu, ancien Champion du Monde, ancien Directeur Technique de la FFKD, Semoy, 4 novembre 2023. <\/h6>\n\n\n<style>.wp-block-kadence-advancedheading.kt-adv-heading1733_eed400-04, .wp-block-kadence-advancedheading.kt-adv-heading1733_eed400-04[data-kb-block=\"kb-adv-heading1733_eed400-04\"]{text-align:center;font-style:normal;}.wp-block-kadence-advancedheading.kt-adv-heading1733_eed400-04 mark.kt-highlight, .wp-block-kadence-advancedheading.kt-adv-heading1733_eed400-04[data-kb-block=\"kb-adv-heading1733_eed400-04\"] mark.kt-highlight{font-style:normal;color:#f76a0c;-webkit-box-decoration-break:clone;box-decoration-break:clone;padding-top:0px;padding-right:0px;padding-bottom:0px;padding-left:0px;}.wp-block-kadence-advancedheading.kt-adv-heading1733_eed400-04 img.kb-inline-image, .wp-block-kadence-advancedheading.kt-adv-heading1733_eed400-04[data-kb-block=\"kb-adv-heading1733_eed400-04\"] img.kb-inline-image{width:150px;vertical-align:baseline;}<\/style>\n<h6 class=\"kt-adv-heading1733_eed400-04 wp-block-kadence-advancedheading\" data-kb-block=\"kb-adv-heading1733_eed400-04\">Des techniques et strat\u00e9gies de combat ont \u00e9t\u00e9 travaill\u00e9es pendant ce stage.<\/h6>\n","protected":false},"excerpt":{"rendered":"<p>Nivo et Marc, parmi la quarantaine de karat\u00e9kas qui ont particip\u00e9 au stage de Gilles Cherdieu, ancien Champion du Monde, ancien Directeur Technique de la FFKD, Semoy, 4 novembre 2023. Des techniques et strat\u00e9gies de combat ont \u00e9t\u00e9 travaill\u00e9es pendant ce stage.<\/p>\n","protected":false},"author":1,"featured_media":0,"parent":0,"menu_order":0,"comment_status":"closed","ping_status":"closed","template":"","meta":{"_kad_post_transparent":"","_kad_post_title":"","_kad_post_layout":"","_kad_post_sidebar_id":"","_kad_post_content_style":"","_kad_post_vertical_padding":"","_kad_post_feature":"","_kad_post_feature_position":"","_kad_post_header":false,"_kad_post_footer":false,"footnotes":""},"class_list":["post-1733","page","type-page","status-publish","hentry"],"_links":{"self":[{"href":"https:\/\/asko45000.fr\/index.php\/wp-json\/wp\/v2\/pages\/1733","targetHints":{"allow":["GET"]}}],"collection":[{"href":"https:\/\/asko45000.fr\/index.php\/wp-json\/wp\/v2\/pages"}],"about":[{"href":"https:\/\/asko45000.fr\/index.php\/wp-json\/wp\/v2\/types\/page"}],"author":[{"embeddable":true,"href":"https:\/\/asko45000.fr\/index.php\/wp-json\/wp\/v2\/users\/1"}],"replies":[{"embeddable":true,"href":"https:\/\/asko45000.fr\/index.php\/wp-json\/wp\/v2\/comments?post=1733"}],"version-history":[{"count":4,"href":"https:\/\/asko45000.fr\/index.php\/wp-json\/wp\/v2\/pages\/1733\/revisions"}],"predecessor-version":[{"id":1745,"href":"https:\/\/asko45000.fr\/index.php\/wp-json\/wp\/v2\/pages\/1733\/revisions\/1745"}],"wp:attachment":[{"href":"https:\/\/asko45000.fr\/index.php\/wp-json\/wp\/v2\/media?parent=1733"}],"curies":[{"name":"wp","href":"https:\/\/api.w.org\/{rel}","templated":true}]}}