{"id":179,"date":"2023-02-06T09:04:54","date_gmt":"2023-02-06T08:04:54","guid":{"rendered":"http:\/\/askofrx.cluster028.hosting.ovh.net\/?page_id=179"},"modified":"2023-02-09T10:49:33","modified_gmt":"2023-02-09T09:49:33","slug":"resultats-2022-2023","status":"publish","type":"page","link":"https:\/\/asko45000.fr\/index.php\/resultats-2022-2023\/","title":{"rendered":"Championnat D\u00e9partemental Kata Kumit\u00e9"},"content":{"rendered":"\n<p class=\"has-text-align-center has-small-font-size\">29\/01\/23<\/p>\n\n\n<style>.kb-gallery-id-_c44c48-85 .kadence-blocks-gallery-item .kb-gal-image-radius, .kb-gallery-id-_c44c48-85 .kb-slide-item .kb-gal-image-radius img{border-radius:0px 0px 0px 0px;;}.kb-gallery-wrap-id-_c44c48-85.wp-block-kadence-advancedgallery{overflow:visible;}.kb-gallery-wrap-id-_c44c48-85.wp-block-kadence-advancedgallery .kt-blocks-carousel{overflow:visible;}<\/style><div class=\"kb-gallery-wrap-id-_c44c48-85 alignnone wp-block-kadence-advancedgallery\"><div class=\"kb-gallery-ul kb-gallery-non-static kb-gallery-type-slider kb-gallery-id-_c44c48-85 kb-gallery-caption-style-bottom-hover kb-gallery-filter-none\" data-image-filter=\"none\" data-lightbox-caption=\"true\"><div class=\"kt-blocks-carousel splide kt-carousel-container-dotstyle-dark kt-carousel-arrowstyle-whiteondark kt-carousel-dotstyle-dark kb-slider-group-arrow kb-slider-arrow-position-center\" data-slider-anim-speed=\"400\" data-slider-scroll=\"1\" data-slider-arrows=\"true\" data-slider-fade=\"true\" data-slider-dots=\"true\" data-slider-type=\"slider\" data-slider-hover-pause=\"false\" data-slider-auto=\"1\" data-slider-speed=\"5060\" data-show-pause-button=\"false\"><div class=\"splide__track\"><ul class=\"kt-blocks-carousel-init kb-blocks-slider splide__list\"><li class=\"kb-slide-item kb-gallery-slide-item splide__slide\"><div class=\"kadence-blocks-gallery-item\"><div class=\"kadence-blocks-gallery-item-inner\"><figure class=\"kb-gallery-figure kadence-blocks-gallery-item-hide-caption\"><div class=\"kb-gal-image-radius\"><div class=\"kb-gallery-image-contain kadence-blocks-gallery-intrinsic kb-gallery-image-ratio-land32 kb-has-image-ratio-land32\" ><img loading=\"lazy\" decoding=\"async\" src=\"http:\/\/askofrx.cluster028.hosting.ovh.net\/wp-content\/uploads\/2023\/02\/amilly_levon_29_01_23-575x1024.jpg\" width=\"575\" height=\"1024\" alt=\"\" data-full-image=\"http:\/\/askofrx.cluster028.hosting.ovh.net\/wp-content\/uploads\/2023\/02\/amilly_levon_29_01_23.jpg\" data-light-image=\"http:\/\/askofrx.cluster028.hosting.ovh.net\/wp-content\/uploads\/2023\/02\/amilly_levon_29_01_23.jpg\" data-id=\"146\" class=\"wp-image-146 skip-lazy\" srcset=\"https:\/\/asko45000.fr\/wp-content\/uploads\/2023\/02\/amilly_levon_29_01_23-575x1024.jpg 575w, https:\/\/asko45000.fr\/wp-content\/uploads\/2023\/02\/amilly_levon_29_01_23-169x300.jpg 169w, https:\/\/asko45000.fr\/wp-content\/uploads\/2023\/02\/amilly_levon_29_01_23-768x1367.jpg 768w, https:\/\/asko45000.fr\/wp-content\/uploads\/2023\/02\/amilly_levon_29_01_23-863x1536.jpg 863w, https:\/\/asko45000.fr\/wp-content\/uploads\/2023\/02\/amilly_levon_29_01_23.jpg 1124w\" sizes=\"auto, (max-width: 575px) 100vw, 575px\" \/><\/div><\/div><\/figure><\/div><\/div><\/li><li class=\"kb-slide-item kb-gallery-slide-item splide__slide\"><div class=\"kadence-blocks-gallery-item\"><div class=\"kadence-blocks-gallery-item-inner\"><figure class=\"kb-gallery-figure kadence-blocks-gallery-item-hide-caption\"><div class=\"kb-gal-image-radius\"><div class=\"kb-gallery-image-contain kadence-blocks-gallery-intrinsic kb-gallery-image-ratio-land32 kb-has-image-ratio-land32\" ><img loading=\"lazy\" decoding=\"async\" src=\"http:\/\/askofrx.cluster028.hosting.ovh.net\/wp-content\/uploads\/2023\/02\/aylan_emilien_raphael_mohamed-1024x575.jpg\" width=\"1024\" height=\"575\" alt=\"\" data-full-image=\"http:\/\/askofrx.cluster028.hosting.ovh.net\/wp-content\/uploads\/2023\/02\/aylan_emilien_raphael_mohamed.jpg\" data-light-image=\"http:\/\/askofrx.cluster028.hosting.ovh.net\/wp-content\/uploads\/2023\/02\/aylan_emilien_raphael_mohamed.jpg\" data-id=\"144\" class=\"wp-image-144 skip-lazy\" srcset=\"https:\/\/asko45000.fr\/wp-content\/uploads\/2023\/02\/aylan_emilien_raphael_mohamed-1024x575.jpg 1024w, https:\/\/asko45000.fr\/wp-content\/uploads\/2023\/02\/aylan_emilien_raphael_mohamed-300x169.jpg 300w, https:\/\/asko45000.fr\/wp-content\/uploads\/2023\/02\/aylan_emilien_raphael_mohamed-768x432.jpg 768w, https:\/\/asko45000.fr\/wp-content\/uploads\/2023\/02\/aylan_emilien_raphael_mohamed-1536x863.jpg 1536w, https:\/\/asko45000.fr\/wp-content\/uploads\/2023\/02\/aylan_emilien_raphael_mohamed.jpg 2000w\" sizes=\"auto, (max-width: 1024px) 100vw, 1024px\" \/><\/div><\/div><\/figure><\/div><\/div><\/li><li class=\"kb-slide-item kb-gallery-slide-item splide__slide\"><div class=\"kadence-blocks-gallery-item\"><div class=\"kadence-blocks-gallery-item-inner\"><figure class=\"kb-gallery-figure kadence-blocks-gallery-item-hide-caption\"><div class=\"kb-gal-image-radius\"><div class=\"kb-gallery-image-contain kadence-blocks-gallery-intrinsic kb-gallery-image-ratio-land32 kb-has-image-ratio-land32\" ><img loading=\"lazy\" decoding=\"async\" src=\"http:\/\/askofrx.cluster028.hosting.ovh.net\/wp-content\/uploads\/2023\/02\/amilly_zineb_29_01_23_3-1-1024x1024.jpg\" width=\"1024\" height=\"1024\" alt=\"\" data-full-image=\"http:\/\/askofrx.cluster028.hosting.ovh.net\/wp-content\/uploads\/2023\/02\/amilly_zineb_29_01_23_3-1.jpg\" data-light-image=\"http:\/\/askofrx.cluster028.hosting.ovh.net\/wp-content\/uploads\/2023\/02\/amilly_zineb_29_01_23_3-1.jpg\" data-id=\"570\" class=\"wp-image-570 skip-lazy\" srcset=\"https:\/\/asko45000.fr\/wp-content\/uploads\/2023\/02\/amilly_zineb_29_01_23_3-1-1024x1024.jpg 1024w, https:\/\/asko45000.fr\/wp-content\/uploads\/2023\/02\/amilly_zineb_29_01_23_3-1-300x300.jpg 300w, https:\/\/asko45000.fr\/wp-content\/uploads\/2023\/02\/amilly_zineb_29_01_23_3-1-150x150.jpg 150w, https:\/\/asko45000.fr\/wp-content\/uploads\/2023\/02\/amilly_zineb_29_01_23_3-1-768x769.jpg 768w, https:\/\/asko45000.fr\/wp-content\/uploads\/2023\/02\/amilly_zineb_29_01_23_3-1.jpg 1122w\" sizes=\"auto, (max-width: 1024px) 100vw, 1024px\" \/><\/div><\/div><\/figure><\/div><\/div><\/li><li class=\"kb-slide-item kb-gallery-slide-item splide__slide\"><div class=\"kadence-blocks-gallery-item\"><div class=\"kadence-blocks-gallery-item-inner\"><figure class=\"kb-gallery-figure kadence-blocks-gallery-item-hide-caption\"><div class=\"kb-gal-image-radius\"><div class=\"kb-gallery-image-contain kadence-blocks-gallery-intrinsic kb-gallery-image-ratio-land32 kb-has-image-ratio-land32\" ><img loading=\"lazy\" decoding=\"async\" src=\"http:\/\/askofrx.cluster028.hosting.ovh.net\/wp-content\/uploads\/2023\/02\/arbitres_2-1024x1024.jpg\" width=\"1024\" height=\"1024\" alt=\"\" data-full-image=\"http:\/\/askofrx.cluster028.hosting.ovh.net\/wp-content\/uploads\/2023\/02\/arbitres_2.jpg\" data-light-image=\"http:\/\/askofrx.cluster028.hosting.ovh.net\/wp-content\/uploads\/2023\/02\/arbitres_2.jpg\" data-id=\"572\" class=\"wp-image-572 skip-lazy\" srcset=\"https:\/\/asko45000.fr\/wp-content\/uploads\/2023\/02\/arbitres_2-1024x1024.jpg 1024w, https:\/\/asko45000.fr\/wp-content\/uploads\/2023\/02\/arbitres_2-300x300.jpg 300w, https:\/\/asko45000.fr\/wp-content\/uploads\/2023\/02\/arbitres_2-150x150.jpg 150w, https:\/\/asko45000.fr\/wp-content\/uploads\/2023\/02\/arbitres_2-768x768.jpg 768w, https:\/\/asko45000.fr\/wp-content\/uploads\/2023\/02\/arbitres_2.jpg 1200w\" sizes=\"auto, (max-width: 1024px) 100vw, 1024px\" \/><\/div><\/div><\/figure><\/div><\/div><\/li><\/ul><\/div><\/div><\/div><\/div>\n\n\n<h6 class=\"has-text-align-center wp-block-heading\">Championnat d\u00e9partemental Kata Kumit\u00e9, Amilly<\/h6>\n\n\n\n<p>Aylan, M\u00e9daille d&rsquo;Or, Kumit\u00e9 Minime (-45 kg), Levon M\u00e9daille d&rsquo;Or, Kumit\u00e9 Cadet (-55 kg), Rapha\u00ebl, M\u00e9daille d&rsquo;Or, Kumit\u00e9 Minime (-40 kg), Zineb, M\u00e9daille d&rsquo;Or Kata Cadette, Emilien, M\u00e9daille de Bronze, Kumit\u00e9 Minime (-40 kg). <\/p>\n\n\n\n<p>C\u00f4t\u00e9 arbitrage, Marc, G\u00e9rald, Samu\u00ebl, fid\u00e8les au poste, assist\u00e9s par nos arbitres stagiaires (et aussi comp\u00e9titeurs), Aylan, Eric, Levon et Mohamed !<\/p>\n","protected":false},"excerpt":{"rendered":"<p>29\/01\/23 Championnat d\u00e9partemental Kata Kumit\u00e9, Amilly Aylan, M\u00e9daille d&rsquo;Or, Kumit\u00e9 Minime (-45 kg), Levon M\u00e9daille d&rsquo;Or, Kumit\u00e9 Cadet (-55 kg), Rapha\u00ebl, M\u00e9daille d&rsquo;Or, Kumit\u00e9 Minime (-40 kg), Zineb, M\u00e9daille d&rsquo;Or Kata Cadette, Emilien, M\u00e9daille de Bronze, Kumit\u00e9 Minime (-40 kg). C\u00f4t\u00e9 arbitrage, Marc, G\u00e9rald, Samu\u00ebl, fid\u00e8les au poste, assist\u00e9s par nos arbitres stagiaires (et aussi&#8230;<\/p>\n","protected":false},"author":1,"featured_media":0,"parent":0,"menu_order":0,"comment_status":"closed","ping_status":"closed","template":"","meta":{"_kad_post_transparent":"","_kad_post_title":"","_kad_post_layout":"","_kad_post_sidebar_id":"","_kad_post_content_style":"","_kad_post_vertical_padding":"","_kad_post_feature":"","_kad_post_feature_position":"","_kad_post_header":false,"_kad_post_footer":false,"footnotes":""},"class_list":["post-179","page","type-page","status-publish","hentry"],"_links":{"self":[{"href":"https:\/\/asko45000.fr\/index.php\/wp-json\/wp\/v2\/pages\/179","targetHints":{"allow":["GET"]}}],"collection":[{"href":"https:\/\/asko45000.fr\/index.php\/wp-json\/wp\/v2\/pages"}],"about":[{"href":"https:\/\/asko45000.fr\/index.php\/wp-json\/wp\/v2\/types\/page"}],"author":[{"embeddable":true,"href":"https:\/\/asko45000.fr\/index.php\/wp-json\/wp\/v2\/users\/1"}],"replies":[{"embeddable":true,"href":"https:\/\/asko45000.fr\/index.php\/wp-json\/wp\/v2\/comments?post=179"}],"version-history":[{"count":15,"href":"https:\/\/asko45000.fr\/index.php\/wp-json\/wp\/v2\/pages\/179\/revisions"}],"predecessor-version":[{"id":573,"href":"https:\/\/asko45000.fr\/index.php\/wp-json\/wp\/v2\/pages\/179\/revisions\/573"}],"wp:attachment":[{"href":"https:\/\/asko45000.fr\/index.php\/wp-json\/wp\/v2\/media?parent=179"}],"curies":[{"name":"wp","href":"https:\/\/api.w.org\/{rel}","templated":true}]}}