{"id":2003,"date":"2023-12-19T13:58:19","date_gmt":"2023-12-19T12:58:19","guid":{"rendered":"https:\/\/asko45000.fr\/?page_id=2003"},"modified":"2024-04-16T16:59:20","modified_gmt":"2024-04-16T14:59:20","slug":"stage-avec-fabien-poulain","status":"publish","type":"page","link":"https:\/\/asko45000.fr\/index.php\/stages-2023-2024\/stage-avec-fabien-poulain\/","title":{"rendered":"Stage avec Fabien Poullin"},"content":{"rendered":"<style>.kb-gallery-id-2003_1f2cf2-4c .kadence-blocks-gallery-item .kb-gal-image-radius, .kb-gallery-id-2003_1f2cf2-4c .kb-slide-item .kb-gal-image-radius img{border-radius:0px 0px 0px 0px;;}.kb-gallery-wrap-id-2003_1f2cf2-4c.wp-block-kadence-advancedgallery{overflow:visible;}.kb-gallery-wrap-id-2003_1f2cf2-4c.wp-block-kadence-advancedgallery .kt-blocks-carousel{overflow:visible;}<\/style><div class=\"kb-gallery-wrap-id-2003_1f2cf2-4c alignnone wp-block-kadence-advancedgallery\"><div class=\"kb-gallery-ul kb-gallery-non-static kb-gallery-type-slider kb-gallery-id-2003_1f2cf2-4c kb-gallery-caption-style-bottom-hover kb-gallery-filter-none\" data-image-filter=\"none\" data-lightbox-caption=\"true\"><div class=\"kt-blocks-carousel splide kt-carousel-container-dotstyle-dark kt-carousel-arrowstyle-whiteondark kt-carousel-dotstyle-dark kb-slider-group-arrow kb-slider-arrow-position-center\" data-slider-anim-speed=\"650\" data-slider-scroll=\"1\" data-slider-arrows=\"true\" data-slider-fade=\"true\" data-slider-dots=\"true\" data-slider-type=\"slider\" data-slider-hover-pause=\"false\" data-slider-auto=\"1\" data-slider-speed=\"5990\" data-show-pause-button=\"false\"><div class=\"splide__track\"><ul class=\"kt-blocks-carousel-init kb-blocks-slider splide__list\"><li class=\"kb-slide-item kb-gallery-slide-item splide__slide\"><div class=\"kadence-blocks-gallery-item\"><div class=\"kadence-blocks-gallery-item-inner\"><figure class=\"kb-gallery-figure kadence-blocks-gallery-item-hide-caption\"><div class=\"kb-gal-image-radius\"><div class=\"kb-gallery-image-contain kadence-blocks-gallery-intrinsic kb-gallery-image-ratio-land32 kb-has-image-ratio-land32\" ><img loading=\"lazy\" decoding=\"async\" src=\"https:\/\/asko45000.fr\/wp-content\/uploads\/2023\/12\/stage_olivet_18_11_23_4-1024x575.jpg\" width=\"1024\" height=\"575\" alt=\"\" data-full-image=\"https:\/\/asko45000.fr\/wp-content\/uploads\/2023\/12\/stage_olivet_18_11_23_4-scaled.jpg\" data-light-image=\"https:\/\/asko45000.fr\/wp-content\/uploads\/2023\/12\/stage_olivet_18_11_23_4-scaled.jpg\" data-id=\"2008\" class=\"wp-image-2008 skip-lazy\" srcset=\"https:\/\/asko45000.fr\/wp-content\/uploads\/2023\/12\/stage_olivet_18_11_23_4-1024x575.jpg 1024w, https:\/\/asko45000.fr\/wp-content\/uploads\/2023\/12\/stage_olivet_18_11_23_4-300x169.jpg 300w, https:\/\/asko45000.fr\/wp-content\/uploads\/2023\/12\/stage_olivet_18_11_23_4-768x432.jpg 768w, https:\/\/asko45000.fr\/wp-content\/uploads\/2023\/12\/stage_olivet_18_11_23_4-1536x863.jpg 1536w, https:\/\/asko45000.fr\/wp-content\/uploads\/2023\/12\/stage_olivet_18_11_23_4-2048x1151.jpg 2048w\" sizes=\"auto, (max-width: 1024px) 100vw, 1024px\" \/><\/div><\/div><\/figure><\/div><\/div><\/li><li class=\"kb-slide-item kb-gallery-slide-item splide__slide\"><div class=\"kadence-blocks-gallery-item\"><div class=\"kadence-blocks-gallery-item-inner\"><figure class=\"kb-gallery-figure kadence-blocks-gallery-item-hide-caption\"><div class=\"kb-gal-image-radius\"><div class=\"kb-gallery-image-contain kadence-blocks-gallery-intrinsic kb-gallery-image-ratio-land32 kb-has-image-ratio-land32\" ><img loading=\"lazy\" decoding=\"async\" src=\"https:\/\/asko45000.fr\/wp-content\/uploads\/2023\/12\/stage_olivet_18_11_23_3-1024x575.jpg\" width=\"1024\" height=\"575\" alt=\"\" data-full-image=\"https:\/\/asko45000.fr\/wp-content\/uploads\/2023\/12\/stage_olivet_18_11_23_3-scaled.jpg\" data-light-image=\"https:\/\/asko45000.fr\/wp-content\/uploads\/2023\/12\/stage_olivet_18_11_23_3-scaled.jpg\" data-id=\"2007\" class=\"wp-image-2007 skip-lazy\" srcset=\"https:\/\/asko45000.fr\/wp-content\/uploads\/2023\/12\/stage_olivet_18_11_23_3-1024x575.jpg 1024w, https:\/\/asko45000.fr\/wp-content\/uploads\/2023\/12\/stage_olivet_18_11_23_3-300x169.jpg 300w, https:\/\/asko45000.fr\/wp-content\/uploads\/2023\/12\/stage_olivet_18_11_23_3-768x432.jpg 768w, https:\/\/asko45000.fr\/wp-content\/uploads\/2023\/12\/stage_olivet_18_11_23_3-1536x863.jpg 1536w, https:\/\/asko45000.fr\/wp-content\/uploads\/2023\/12\/stage_olivet_18_11_23_3-2048x1151.jpg 2048w\" sizes=\"auto, (max-width: 1024px) 100vw, 1024px\" \/><\/div><\/div><\/figure><\/div><\/div><\/li><li class=\"kb-slide-item kb-gallery-slide-item splide__slide\"><div class=\"kadence-blocks-gallery-item\"><div class=\"kadence-blocks-gallery-item-inner\"><figure class=\"kb-gallery-figure kadence-blocks-gallery-item-hide-caption\"><div class=\"kb-gal-image-radius\"><div class=\"kb-gallery-image-contain kadence-blocks-gallery-intrinsic kb-gallery-image-ratio-land32 kb-has-image-ratio-land32\" ><img loading=\"lazy\" decoding=\"async\" src=\"https:\/\/asko45000.fr\/wp-content\/uploads\/2023\/12\/stage_olivet_18_11_23_2-1024x575.jpg\" width=\"1024\" height=\"575\" alt=\"\" data-full-image=\"https:\/\/asko45000.fr\/wp-content\/uploads\/2023\/12\/stage_olivet_18_11_23_2-scaled.jpg\" data-light-image=\"https:\/\/asko45000.fr\/wp-content\/uploads\/2023\/12\/stage_olivet_18_11_23_2-scaled.jpg\" data-id=\"2006\" class=\"wp-image-2006 skip-lazy\" srcset=\"https:\/\/asko45000.fr\/wp-content\/uploads\/2023\/12\/stage_olivet_18_11_23_2-1024x575.jpg 1024w, https:\/\/asko45000.fr\/wp-content\/uploads\/2023\/12\/stage_olivet_18_11_23_2-300x169.jpg 300w, https:\/\/asko45000.fr\/wp-content\/uploads\/2023\/12\/stage_olivet_18_11_23_2-768x432.jpg 768w, https:\/\/asko45000.fr\/wp-content\/uploads\/2023\/12\/stage_olivet_18_11_23_2-1536x863.jpg 1536w, https:\/\/asko45000.fr\/wp-content\/uploads\/2023\/12\/stage_olivet_18_11_23_2-2048x1151.jpg 2048w\" sizes=\"auto, (max-width: 1024px) 100vw, 1024px\" \/><\/div><\/div><\/figure><\/div><\/div><\/li><li class=\"kb-slide-item kb-gallery-slide-item splide__slide\"><div class=\"kadence-blocks-gallery-item\"><div class=\"kadence-blocks-gallery-item-inner\"><figure class=\"kb-gallery-figure kadence-blocks-gallery-item-hide-caption\"><div class=\"kb-gal-image-radius\"><div class=\"kb-gallery-image-contain kadence-blocks-gallery-intrinsic kb-gallery-image-ratio-land32 kb-has-image-ratio-land32\" ><img loading=\"lazy\" decoding=\"async\" src=\"https:\/\/asko45000.fr\/wp-content\/uploads\/2023\/12\/stage_olivet_18_11_23_1-1024x575.jpg\" width=\"1024\" height=\"575\" alt=\"\" data-full-image=\"https:\/\/asko45000.fr\/wp-content\/uploads\/2023\/12\/stage_olivet_18_11_23_1-scaled.jpg\" data-light-image=\"https:\/\/asko45000.fr\/wp-content\/uploads\/2023\/12\/stage_olivet_18_11_23_1-scaled.jpg\" data-id=\"2005\" class=\"wp-image-2005 skip-lazy\" srcset=\"https:\/\/asko45000.fr\/wp-content\/uploads\/2023\/12\/stage_olivet_18_11_23_1-1024x575.jpg 1024w, https:\/\/asko45000.fr\/wp-content\/uploads\/2023\/12\/stage_olivet_18_11_23_1-300x169.jpg 300w, https:\/\/asko45000.fr\/wp-content\/uploads\/2023\/12\/stage_olivet_18_11_23_1-768x432.jpg 768w, https:\/\/asko45000.fr\/wp-content\/uploads\/2023\/12\/stage_olivet_18_11_23_1-1536x863.jpg 1536w, https:\/\/asko45000.fr\/wp-content\/uploads\/2023\/12\/stage_olivet_18_11_23_1-2048x1151.jpg 2048w\" sizes=\"auto, (max-width: 1024px) 100vw, 1024px\" \/><\/div><\/div><\/figure><\/div><\/div><\/li><\/ul><\/div><\/div><\/div><\/div>\n\n\n<p class=\"has-text-align-center\">Deborah, Emilien, Marc, Maryem et Nivo parmi les 80 participants, stage de \u00ab\u00a050 ans de pratique du karat\u00e9\u00a0\u00bb de Fabien Poullin, 6\u00e8me Dan, responsable de grade, comit\u00e9 d\u00e9partemental du Loiret, 18 Novembre 2023, Olivet. Stage au profit des Restos du coeur.<\/p>\n","protected":false},"excerpt":{"rendered":"<p>Deborah, Emilien, Marc, Maryem et Nivo parmi les 80 participants, stage de \u00ab\u00a050 ans de pratique du karat\u00e9\u00a0\u00bb de Fabien Poullin, 6\u00e8me Dan, responsable de grade, comit\u00e9 d\u00e9partemental du Loiret, 18 Novembre 2023, Olivet. Stage au profit des Restos du coeur.<\/p>\n","protected":false},"author":1,"featured_media":0,"parent":1696,"menu_order":0,"comment_status":"closed","ping_status":"closed","template":"","meta":{"_kad_post_transparent":"","_kad_post_title":"","_kad_post_layout":"","_kad_post_sidebar_id":"","_kad_post_content_style":"","_kad_post_vertical_padding":"","_kad_post_feature":"","_kad_post_feature_position":"","_kad_post_header":false,"_kad_post_footer":false,"footnotes":""},"class_list":["post-2003","page","type-page","status-publish","hentry"],"_links":{"self":[{"href":"https:\/\/asko45000.fr\/index.php\/wp-json\/wp\/v2\/pages\/2003","targetHints":{"allow":["GET"]}}],"collection":[{"href":"https:\/\/asko45000.fr\/index.php\/wp-json\/wp\/v2\/pages"}],"about":[{"href":"https:\/\/asko45000.fr\/index.php\/wp-json\/wp\/v2\/types\/page"}],"author":[{"embeddable":true,"href":"https:\/\/asko45000.fr\/index.php\/wp-json\/wp\/v2\/users\/1"}],"replies":[{"embeddable":true,"href":"https:\/\/asko45000.fr\/index.php\/wp-json\/wp\/v2\/comments?post=2003"}],"version-history":[{"count":6,"href":"https:\/\/asko45000.fr\/index.php\/wp-json\/wp\/v2\/pages\/2003\/revisions"}],"predecessor-version":[{"id":2359,"href":"https:\/\/asko45000.fr\/index.php\/wp-json\/wp\/v2\/pages\/2003\/revisions\/2359"}],"up":[{"embeddable":true,"href":"https:\/\/asko45000.fr\/index.php\/wp-json\/wp\/v2\/pages\/1696"}],"wp:attachment":[{"href":"https:\/\/asko45000.fr\/index.php\/wp-json\/wp\/v2\/media?parent=2003"}],"curies":[{"name":"wp","href":"https:\/\/api.w.org\/{rel}","templated":true}]}}