{"id":2036,"date":"2023-12-27T14:23:46","date_gmt":"2023-12-27T13:23:46","guid":{"rendered":"https:\/\/asko45000.fr\/?page_id=2036"},"modified":"2023-12-28T11:51:32","modified_gmt":"2023-12-28T10:51:32","slug":"les-babies-avec-loulou-le-clown","status":"publish","type":"page","link":"https:\/\/asko45000.fr\/index.php\/les-babies-avec-loulou-le-clown\/","title":{"rendered":"Les babies avec Loulou Le Clown"},"content":{"rendered":"\n<figure class=\"wp-block-video\"><video height=\"270\" style=\"aspect-ratio: 480 \/ 270;\" width=\"480\" controls src=\"https:\/\/asko45000.fr\/wp-content\/uploads\/2023\/12\/asko_babies_with_loulou_le_clown.mp4\"><\/video><\/figure>\n\n\n<style>.kb-gallery-id-2036_13f0b9-22 .kadence-blocks-gallery-item .kb-gal-image-radius, .kb-gallery-id-2036_13f0b9-22 .kb-slide-item .kb-gal-image-radius img{border-radius:0px 0px 0px 0px;;}.kb-gallery-wrap-id-2036_13f0b9-22.wp-block-kadence-advancedgallery{overflow:visible;}.kb-gallery-wrap-id-2036_13f0b9-22.wp-block-kadence-advancedgallery .kt-blocks-carousel{overflow:visible;}<\/style><div class=\"kb-gallery-wrap-id-2036_13f0b9-22 alignnone wp-block-kadence-advancedgallery\"><div class=\"kb-gallery-ul kb-gallery-non-static kb-gallery-type-slider kb-gallery-id-2036_13f0b9-22 kb-gallery-caption-style-bottom-hover kb-gallery-filter-none\" data-image-filter=\"none\" data-lightbox-caption=\"true\"><div class=\"kt-blocks-carousel splide kt-carousel-container-dotstyle-dark kt-carousel-arrowstyle-whiteondark kt-carousel-dotstyle-dark kb-slider-group-arrow kb-slider-arrow-position-center\" data-slider-anim-speed=\"400\" data-slider-scroll=\"1\" data-slider-arrows=\"true\" data-slider-fade=\"true\" data-slider-dots=\"true\" data-slider-type=\"slider\" data-slider-hover-pause=\"false\" data-slider-auto=\"1\" data-slider-speed=\"5410\" data-show-pause-button=\"false\"><div class=\"splide__track\"><ul class=\"kt-blocks-carousel-init kb-blocks-slider splide__list\"><li class=\"kb-slide-item kb-gallery-slide-item splide__slide\"><div class=\"kadence-blocks-gallery-item\"><div class=\"kadence-blocks-gallery-item-inner\"><figure class=\"kb-gallery-figure kadence-blocks-gallery-item-hide-caption\"><div class=\"kb-gal-image-radius\"><div class=\"kb-gallery-image-contain kadence-blocks-gallery-intrinsic kb-gallery-image-ratio-land32 kb-has-image-ratio-land32\" ><img loading=\"lazy\" decoding=\"async\" src=\"https:\/\/asko45000.fr\/wp-content\/uploads\/2023\/12\/photos_babies_fin_2023_4-1024x768.jpg\" width=\"1024\" height=\"768\" alt=\"\" data-full-image=\"https:\/\/asko45000.fr\/wp-content\/uploads\/2023\/12\/photos_babies_fin_2023_4.jpg\" data-light-image=\"https:\/\/asko45000.fr\/wp-content\/uploads\/2023\/12\/photos_babies_fin_2023_4.jpg\" data-id=\"2072\" class=\"wp-image-2072 skip-lazy\" srcset=\"https:\/\/asko45000.fr\/wp-content\/uploads\/2023\/12\/photos_babies_fin_2023_4-1024x768.jpg 1024w, https:\/\/asko45000.fr\/wp-content\/uploads\/2023\/12\/photos_babies_fin_2023_4-300x225.jpg 300w, https:\/\/asko45000.fr\/wp-content\/uploads\/2023\/12\/photos_babies_fin_2023_4-768x576.jpg 768w, https:\/\/asko45000.fr\/wp-content\/uploads\/2023\/12\/photos_babies_fin_2023_4.jpg 1440w\" sizes=\"auto, (max-width: 1024px) 100vw, 1024px\" \/><\/div><\/div><\/figure><\/div><\/div><\/li><li class=\"kb-slide-item kb-gallery-slide-item splide__slide\"><div class=\"kadence-blocks-gallery-item\"><div class=\"kadence-blocks-gallery-item-inner\"><figure class=\"kb-gallery-figure kadence-blocks-gallery-item-hide-caption\"><div class=\"kb-gal-image-radius\"><div class=\"kb-gallery-image-contain kadence-blocks-gallery-intrinsic kb-gallery-image-ratio-land32 kb-has-image-ratio-land32\" ><img loading=\"lazy\" decoding=\"async\" src=\"https:\/\/asko45000.fr\/wp-content\/uploads\/2023\/12\/photos_babies_fin_2023_3-768x1024.jpg\" width=\"768\" height=\"1024\" alt=\"\" data-full-image=\"https:\/\/asko45000.fr\/wp-content\/uploads\/2023\/12\/photos_babies_fin_2023_3.jpg\" data-light-image=\"https:\/\/asko45000.fr\/wp-content\/uploads\/2023\/12\/photos_babies_fin_2023_3.jpg\" data-id=\"2071\" class=\"wp-image-2071 skip-lazy\" srcset=\"https:\/\/asko45000.fr\/wp-content\/uploads\/2023\/12\/photos_babies_fin_2023_3-768x1024.jpg 768w, https:\/\/asko45000.fr\/wp-content\/uploads\/2023\/12\/photos_babies_fin_2023_3-225x300.jpg 225w, https:\/\/asko45000.fr\/wp-content\/uploads\/2023\/12\/photos_babies_fin_2023_3-1152x1536.jpg 1152w, https:\/\/asko45000.fr\/wp-content\/uploads\/2023\/12\/photos_babies_fin_2023_3.jpg 1536w\" sizes=\"auto, (max-width: 768px) 100vw, 768px\" \/><\/div><\/div><\/figure><\/div><\/div><\/li><li class=\"kb-slide-item kb-gallery-slide-item splide__slide\"><div class=\"kadence-blocks-gallery-item\"><div class=\"kadence-blocks-gallery-item-inner\"><figure class=\"kb-gallery-figure kadence-blocks-gallery-item-hide-caption\"><div class=\"kb-gal-image-radius\"><div class=\"kb-gallery-image-contain kadence-blocks-gallery-intrinsic kb-gallery-image-ratio-land32 kb-has-image-ratio-land32\" ><img loading=\"lazy\" decoding=\"async\" src=\"https:\/\/asko45000.fr\/wp-content\/uploads\/2023\/12\/photos_babies_fin_2023_2-1024x768.jpg\" width=\"1024\" height=\"768\" alt=\"\" data-full-image=\"https:\/\/asko45000.fr\/wp-content\/uploads\/2023\/12\/photos_babies_fin_2023_2.jpg\" data-light-image=\"https:\/\/asko45000.fr\/wp-content\/uploads\/2023\/12\/photos_babies_fin_2023_2.jpg\" data-id=\"2070\" class=\"wp-image-2070 skip-lazy\" srcset=\"https:\/\/asko45000.fr\/wp-content\/uploads\/2023\/12\/photos_babies_fin_2023_2-1024x768.jpg 1024w, https:\/\/asko45000.fr\/wp-content\/uploads\/2023\/12\/photos_babies_fin_2023_2-300x225.jpg 300w, https:\/\/asko45000.fr\/wp-content\/uploads\/2023\/12\/photos_babies_fin_2023_2-768x576.jpg 768w, https:\/\/asko45000.fr\/wp-content\/uploads\/2023\/12\/photos_babies_fin_2023_2-1536x1152.jpg 1536w, https:\/\/asko45000.fr\/wp-content\/uploads\/2023\/12\/photos_babies_fin_2023_2.jpg 2048w\" sizes=\"auto, (max-width: 1024px) 100vw, 1024px\" \/><\/div><\/div><\/figure><\/div><\/div><\/li><li class=\"kb-slide-item kb-gallery-slide-item splide__slide\"><div class=\"kadence-blocks-gallery-item\"><div class=\"kadence-blocks-gallery-item-inner\"><figure class=\"kb-gallery-figure kadence-blocks-gallery-item-hide-caption\"><div class=\"kb-gal-image-radius\"><div class=\"kb-gallery-image-contain kadence-blocks-gallery-intrinsic kb-gallery-image-ratio-land32 kb-has-image-ratio-land32\" ><img loading=\"lazy\" decoding=\"async\" src=\"https:\/\/asko45000.fr\/wp-content\/uploads\/2023\/12\/photos_babies_fin_2023_1-1024x768.jpg\" width=\"1024\" height=\"768\" alt=\"\" data-full-image=\"https:\/\/asko45000.fr\/wp-content\/uploads\/2023\/12\/photos_babies_fin_2023_1.jpg\" data-light-image=\"https:\/\/asko45000.fr\/wp-content\/uploads\/2023\/12\/photos_babies_fin_2023_1.jpg\" data-id=\"2069\" class=\"wp-image-2069 skip-lazy\" srcset=\"https:\/\/asko45000.fr\/wp-content\/uploads\/2023\/12\/photos_babies_fin_2023_1-1024x768.jpg 1024w, https:\/\/asko45000.fr\/wp-content\/uploads\/2023\/12\/photos_babies_fin_2023_1-300x225.jpg 300w, https:\/\/asko45000.fr\/wp-content\/uploads\/2023\/12\/photos_babies_fin_2023_1-768x576.jpg 768w, https:\/\/asko45000.fr\/wp-content\/uploads\/2023\/12\/photos_babies_fin_2023_1-1536x1152.jpg 1536w, https:\/\/asko45000.fr\/wp-content\/uploads\/2023\/12\/photos_babies_fin_2023_1.jpg 2048w\" sizes=\"auto, (max-width: 1024px) 100vw, 1024px\" \/><\/div><\/div><\/figure><\/div><\/div><\/li><\/ul><\/div><\/div><\/div><\/div>\n\n\n<p class=\"has-text-align-center\">Mercredi 20 d\u00e9c, \u00ab\u00a0Loulou Le clown\u00a0\u00bb avec son panier de cadeaux \u00e9tait l&rsquo;invit\u00e9 surprise au dernier cours de baby de cette ann\u00e9e 2023. Apres quelques petits num\u00e9ros avec les babies, le clown les a g\u00e2t\u00e9(e)s en cadeaux, friandises et chocolats. La partie s&rsquo;est termin\u00e9e par un go\u00fbter offert \u00e0 tout le monde. Bonne fin d&rsquo;ann\u00e9e 2023 \u00e0 toutes et \u00e0 tous !<\/p>\n","protected":false},"excerpt":{"rendered":"<p>Mercredi 20 d\u00e9c, \u00ab\u00a0Loulou Le clown\u00a0\u00bb avec son panier de cadeaux \u00e9tait l&rsquo;invit\u00e9 surprise au dernier cours de baby de cette ann\u00e9e 2023. Apres quelques petits num\u00e9ros avec les babies, le clown les a g\u00e2t\u00e9(e)s en cadeaux, friandises et chocolats. La partie s&rsquo;est termin\u00e9e par un go\u00fbter offert \u00e0 tout le monde. Bonne fin d&rsquo;ann\u00e9e&#8230;<\/p>\n","protected":false},"author":1,"featured_media":0,"parent":0,"menu_order":0,"comment_status":"closed","ping_status":"closed","template":"","meta":{"_kad_post_transparent":"","_kad_post_title":"","_kad_post_layout":"","_kad_post_sidebar_id":"","_kad_post_content_style":"","_kad_post_vertical_padding":"","_kad_post_feature":"","_kad_post_feature_position":"","_kad_post_header":false,"_kad_post_footer":false,"footnotes":""},"class_list":["post-2036","page","type-page","status-publish","hentry"],"_links":{"self":[{"href":"https:\/\/asko45000.fr\/index.php\/wp-json\/wp\/v2\/pages\/2036","targetHints":{"allow":["GET"]}}],"collection":[{"href":"https:\/\/asko45000.fr\/index.php\/wp-json\/wp\/v2\/pages"}],"about":[{"href":"https:\/\/asko45000.fr\/index.php\/wp-json\/wp\/v2\/types\/page"}],"author":[{"embeddable":true,"href":"https:\/\/asko45000.fr\/index.php\/wp-json\/wp\/v2\/users\/1"}],"replies":[{"embeddable":true,"href":"https:\/\/asko45000.fr\/index.php\/wp-json\/wp\/v2\/comments?post=2036"}],"version-history":[{"count":9,"href":"https:\/\/asko45000.fr\/index.php\/wp-json\/wp\/v2\/pages\/2036\/revisions"}],"predecessor-version":[{"id":2078,"href":"https:\/\/asko45000.fr\/index.php\/wp-json\/wp\/v2\/pages\/2036\/revisions\/2078"}],"wp:attachment":[{"href":"https:\/\/asko45000.fr\/index.php\/wp-json\/wp\/v2\/media?parent=2036"}],"curies":[{"name":"wp","href":"https:\/\/api.w.org\/{rel}","templated":true}]}}