{"id":2121,"date":"2024-02-11T17:04:09","date_gmt":"2024-02-11T16:04:09","guid":{"rendered":"https:\/\/asko45000.fr\/?page_id=2121"},"modified":"2024-03-13T21:31:15","modified_gmt":"2024-03-13T20:31:15","slug":"championnat-departemental-kumite-et-kata-minimes-a-seniors-la-source-orleans-21-janvier-2024","status":"publish","type":"page","link":"https:\/\/asko45000.fr\/index.php\/championnat-departemental-kumite-et-kata-minimes-a-seniors-la-source-orleans-21-janvier-2024\/","title":{"rendered":"Championnat D\u00e9partemental Kumit\u00e9 et Kata minimes \u00e0 s\u00e9niors, La Source Orl\u00e9ans, 21 janvier 2024"},"content":{"rendered":"<style>.kb-gallery-id-2121_c824c0-36 .kadence-blocks-gallery-item .kb-gal-image-radius, .kb-gallery-id-2121_c824c0-36 .kb-slide-item .kb-gal-image-radius img{border-radius:0px 0px 0px 0px;;}.kb-gallery-wrap-id-2121_c824c0-36.wp-block-kadence-advancedgallery{overflow:visible;}.kb-gallery-wrap-id-2121_c824c0-36.wp-block-kadence-advancedgallery .kt-blocks-carousel{overflow:visible;}<\/style><div class=\"kb-gallery-wrap-id-2121_c824c0-36 alignnone wp-block-kadence-advancedgallery\"><div class=\"kb-gallery-ul kb-gallery-non-static kb-gallery-type-slider kb-gallery-id-2121_c824c0-36 kb-gallery-caption-style-bottom-hover kb-gallery-filter-none\" data-image-filter=\"none\" data-lightbox-caption=\"true\"><div class=\"kt-blocks-carousel splide kt-carousel-container-dotstyle-dark kt-carousel-arrowstyle-whiteondark kt-carousel-dotstyle-dark kb-slider-group-arrow kb-slider-arrow-position-center\" data-slider-anim-speed=\"400\" data-slider-scroll=\"1\" data-slider-arrows=\"true\" data-slider-fade=\"true\" data-slider-dots=\"true\" data-slider-type=\"slider\" data-slider-hover-pause=\"false\" data-slider-auto=\"1\" data-slider-speed=\"3910\" data-show-pause-button=\"false\"><div class=\"splide__track\"><ul class=\"kt-blocks-carousel-init kb-blocks-slider splide__list\"><li class=\"kb-slide-item kb-gallery-slide-item splide__slide\"><div class=\"kadence-blocks-gallery-item\"><div class=\"kadence-blocks-gallery-item-inner\"><figure class=\"kb-gallery-figure kadence-blocks-gallery-item-hide-caption\"><div class=\"kb-gal-image-radius\"><div class=\"kb-gallery-image-contain kadence-blocks-gallery-intrinsic kb-gallery-image-ratio-land32 kb-has-image-ratio-land32\" ><img loading=\"lazy\" decoding=\"async\" src=\"https:\/\/asko45000.fr\/wp-content\/uploads\/2024\/02\/asko_championna-departement_21_01_24_1-1024x768.jpg\" width=\"1024\" height=\"768\" alt=\"\" data-full-image=\"https:\/\/asko45000.fr\/wp-content\/uploads\/2024\/02\/asko_championna-departement_21_01_24_1.jpg\" data-light-image=\"https:\/\/asko45000.fr\/wp-content\/uploads\/2024\/02\/asko_championna-departement_21_01_24_1.jpg\" data-id=\"2118\" class=\"wp-image-2118 skip-lazy\" srcset=\"https:\/\/asko45000.fr\/wp-content\/uploads\/2024\/02\/asko_championna-departement_21_01_24_1-1024x768.jpg 1024w, https:\/\/asko45000.fr\/wp-content\/uploads\/2024\/02\/asko_championna-departement_21_01_24_1-300x225.jpg 300w, https:\/\/asko45000.fr\/wp-content\/uploads\/2024\/02\/asko_championna-departement_21_01_24_1-768x576.jpg 768w, https:\/\/asko45000.fr\/wp-content\/uploads\/2024\/02\/asko_championna-departement_21_01_24_1.jpg 1440w\" sizes=\"auto, (max-width: 1024px) 100vw, 1024px\" \/><\/div><\/div><\/figure><\/div><\/div><\/li><li class=\"kb-slide-item kb-gallery-slide-item splide__slide\"><div class=\"kadence-blocks-gallery-item\"><div class=\"kadence-blocks-gallery-item-inner\"><figure class=\"kb-gallery-figure kadence-blocks-gallery-item-hide-caption\"><div class=\"kb-gal-image-radius\"><div class=\"kb-gallery-image-contain kadence-blocks-gallery-intrinsic kb-gallery-image-ratio-land32 kb-has-image-ratio-land32\" ><img loading=\"lazy\" decoding=\"async\" src=\"https:\/\/asko45000.fr\/wp-content\/uploads\/2024\/02\/asko_championna-departement_21_01_24_2-1024x575.jpg\" width=\"1024\" height=\"575\" alt=\"\" data-full-image=\"https:\/\/asko45000.fr\/wp-content\/uploads\/2024\/02\/asko_championna-departement_21_01_24_2.jpg\" data-light-image=\"https:\/\/asko45000.fr\/wp-content\/uploads\/2024\/02\/asko_championna-departement_21_01_24_2.jpg\" data-id=\"2119\" class=\"wp-image-2119 skip-lazy\" srcset=\"https:\/\/asko45000.fr\/wp-content\/uploads\/2024\/02\/asko_championna-departement_21_01_24_2-1024x575.jpg 1024w, https:\/\/asko45000.fr\/wp-content\/uploads\/2024\/02\/asko_championna-departement_21_01_24_2-300x169.jpg 300w, https:\/\/asko45000.fr\/wp-content\/uploads\/2024\/02\/asko_championna-departement_21_01_24_2-768x432.jpg 768w, https:\/\/asko45000.fr\/wp-content\/uploads\/2024\/02\/asko_championna-departement_21_01_24_2-1536x863.jpg 1536w, https:\/\/asko45000.fr\/wp-content\/uploads\/2024\/02\/asko_championna-departement_21_01_24_2.jpg 2000w\" sizes=\"auto, (max-width: 1024px) 100vw, 1024px\" \/><\/div><\/div><\/figure><\/div><\/div><\/li><li class=\"kb-slide-item kb-gallery-slide-item splide__slide\"><div class=\"kadence-blocks-gallery-item\"><div class=\"kadence-blocks-gallery-item-inner\"><figure class=\"kb-gallery-figure kadence-blocks-gallery-item-hide-caption\"><div class=\"kb-gal-image-radius\"><div class=\"kb-gallery-image-contain kadence-blocks-gallery-intrinsic kb-gallery-image-ratio-land32 kb-has-image-ratio-land32\" ><img loading=\"lazy\" decoding=\"async\" src=\"https:\/\/asko45000.fr\/wp-content\/uploads\/2024\/02\/asko_championna-departement_21_01_24_3-1024x575.jpg\" width=\"1024\" height=\"575\" alt=\"\" data-full-image=\"https:\/\/asko45000.fr\/wp-content\/uploads\/2024\/02\/asko_championna-departement_21_01_24_3.jpg\" data-light-image=\"https:\/\/asko45000.fr\/wp-content\/uploads\/2024\/02\/asko_championna-departement_21_01_24_3.jpg\" data-id=\"2120\" class=\"wp-image-2120 skip-lazy\" srcset=\"https:\/\/asko45000.fr\/wp-content\/uploads\/2024\/02\/asko_championna-departement_21_01_24_3-1024x575.jpg 1024w, https:\/\/asko45000.fr\/wp-content\/uploads\/2024\/02\/asko_championna-departement_21_01_24_3-300x169.jpg 300w, https:\/\/asko45000.fr\/wp-content\/uploads\/2024\/02\/asko_championna-departement_21_01_24_3-768x432.jpg 768w, https:\/\/asko45000.fr\/wp-content\/uploads\/2024\/02\/asko_championna-departement_21_01_24_3-1536x863.jpg 1536w, https:\/\/asko45000.fr\/wp-content\/uploads\/2024\/02\/asko_championna-departement_21_01_24_3.jpg 2000w\" sizes=\"auto, (max-width: 1024px) 100vw, 1024px\" \/><\/div><\/div><\/figure><\/div><\/div><\/li><li class=\"kb-slide-item kb-gallery-slide-item splide__slide\"><div class=\"kadence-blocks-gallery-item\"><div class=\"kadence-blocks-gallery-item-inner\"><figure class=\"kb-gallery-figure kadence-blocks-gallery-item-hide-caption\"><div class=\"kb-gal-image-radius\"><div class=\"kb-gallery-image-contain kadence-blocks-gallery-intrinsic kb-gallery-image-ratio-land32 kb-has-image-ratio-land32\" ><img loading=\"lazy\" decoding=\"async\" src=\"https:\/\/asko45000.fr\/wp-content\/uploads\/2024\/03\/karate_championnat_departemental_2024_minimes_ok-1024x575.jpg\" width=\"1024\" height=\"575\" alt=\"\" data-full-image=\"https:\/\/asko45000.fr\/wp-content\/uploads\/2024\/03\/karate_championnat_departemental_2024_minimes_ok.jpg\" data-light-image=\"https:\/\/asko45000.fr\/wp-content\/uploads\/2024\/03\/karate_championnat_departemental_2024_minimes_ok.jpg\" data-id=\"2209\" class=\"wp-image-2209 skip-lazy\" srcset=\"https:\/\/asko45000.fr\/wp-content\/uploads\/2024\/03\/karate_championnat_departemental_2024_minimes_ok-1024x575.jpg 1024w, https:\/\/asko45000.fr\/wp-content\/uploads\/2024\/03\/karate_championnat_departemental_2024_minimes_ok-300x168.jpg 300w, https:\/\/asko45000.fr\/wp-content\/uploads\/2024\/03\/karate_championnat_departemental_2024_minimes_ok-768x431.jpg 768w, https:\/\/asko45000.fr\/wp-content\/uploads\/2024\/03\/karate_championnat_departemental_2024_minimes_ok.jpg 1460w\" sizes=\"auto, (max-width: 1024px) 100vw, 1024px\" \/><\/div><\/div><\/figure><\/div><\/div><\/li><\/ul><\/div><\/div><\/div><\/div>\n\n\n<p class=\"has-text-align-center\">L&rsquo;ASKO a accueilli le Championnat D\u00e9partemental Kumite et Kata, Minimes \u00e0 S\u00e9niors, Gymnase Olympe de Gouges, La Source Orl\u00e9ans, 21 janvier 2024. Organisation r\u00e9ussie et des m\u00e9dailles gagn\u00e9es.<\/p>\n","protected":false},"excerpt":{"rendered":"<p>L&rsquo;ASKO a accueilli le Championnat D\u00e9partemental Kumite et Kata, Minimes \u00e0 S\u00e9niors, Gymnase Olympe de Gouges, La Source Orl\u00e9ans, 21 janvier 2024. Organisation r\u00e9ussie et des m\u00e9dailles gagn\u00e9es.<\/p>\n","protected":false},"author":1,"featured_media":0,"parent":0,"menu_order":0,"comment_status":"closed","ping_status":"closed","template":"","meta":{"_kad_post_transparent":"","_kad_post_title":"","_kad_post_layout":"","_kad_post_sidebar_id":"","_kad_post_content_style":"","_kad_post_vertical_padding":"","_kad_post_feature":"","_kad_post_feature_position":"","_kad_post_header":false,"_kad_post_footer":false,"footnotes":""},"class_list":["post-2121","page","type-page","status-publish","hentry"],"_links":{"self":[{"href":"https:\/\/asko45000.fr\/index.php\/wp-json\/wp\/v2\/pages\/2121","targetHints":{"allow":["GET"]}}],"collection":[{"href":"https:\/\/asko45000.fr\/index.php\/wp-json\/wp\/v2\/pages"}],"about":[{"href":"https:\/\/asko45000.fr\/index.php\/wp-json\/wp\/v2\/types\/page"}],"author":[{"embeddable":true,"href":"https:\/\/asko45000.fr\/index.php\/wp-json\/wp\/v2\/users\/1"}],"replies":[{"embeddable":true,"href":"https:\/\/asko45000.fr\/index.php\/wp-json\/wp\/v2\/comments?post=2121"}],"version-history":[{"count":4,"href":"https:\/\/asko45000.fr\/index.php\/wp-json\/wp\/v2\/pages\/2121\/revisions"}],"predecessor-version":[{"id":2210,"href":"https:\/\/asko45000.fr\/index.php\/wp-json\/wp\/v2\/pages\/2121\/revisions\/2210"}],"wp:attachment":[{"href":"https:\/\/asko45000.fr\/index.php\/wp-json\/wp\/v2\/media?parent=2121"}],"curies":[{"name":"wp","href":"https:\/\/api.w.org\/{rel}","templated":true}]}}