{"id":2126,"date":"2024-02-11T17:12:09","date_gmt":"2024-02-11T16:12:09","guid":{"rendered":"https:\/\/asko45000.fr\/?page_id=2126"},"modified":"2024-02-11T21:12:06","modified_gmt":"2024-02-11T20:12:06","slug":"2126-2","status":"publish","type":"page","link":"https:\/\/asko45000.fr\/index.php\/stages-2023-2024\/2126-2\/","title":{"rendered":"Stage Body Karat\u00e9, La Chapelle Saint Mesmin, 03 f\u00e9vrier 2024"},"content":{"rendered":"<style>.kb-gallery-id-2126_7d5504-54 .kadence-blocks-gallery-item .kb-gal-image-radius, .kb-gallery-id-2126_7d5504-54 .kb-slide-item .kb-gal-image-radius img{border-radius:0px 0px 0px 0px;;}.kb-gallery-wrap-id-2126_7d5504-54.wp-block-kadence-advancedgallery{overflow:visible;}.kb-gallery-wrap-id-2126_7d5504-54.wp-block-kadence-advancedgallery .kt-blocks-carousel{overflow:visible;}<\/style><div class=\"kb-gallery-wrap-id-2126_7d5504-54 alignnone wp-block-kadence-advancedgallery\"><div class=\"kb-gallery-ul kb-gallery-non-static kb-gallery-type-slider kb-gallery-id-2126_7d5504-54 kb-gallery-caption-style-bottom-hover kb-gallery-filter-none\" data-image-filter=\"none\" data-lightbox-caption=\"true\"><div class=\"kt-blocks-carousel splide kt-carousel-container-dotstyle-dark kt-carousel-arrowstyle-whiteondark kt-carousel-dotstyle-dark kb-slider-group-arrow kb-slider-arrow-position-center\" data-slider-anim-speed=\"400\" data-slider-scroll=\"1\" data-slider-arrows=\"true\" data-slider-fade=\"true\" data-slider-dots=\"true\" data-slider-type=\"slider\" data-slider-hover-pause=\"false\" data-slider-auto=\"1\" data-slider-speed=\"3770\" data-show-pause-button=\"false\"><div class=\"splide__track\"><ul class=\"kt-blocks-carousel-init kb-blocks-slider splide__list\"><li class=\"kb-slide-item kb-gallery-slide-item splide__slide\"><div class=\"kadence-blocks-gallery-item\"><div class=\"kadence-blocks-gallery-item-inner\"><figure class=\"kb-gallery-figure kadence-blocks-gallery-item-hide-caption\"><div class=\"kb-gal-image-radius\"><div class=\"kb-gallery-image-contain kadence-blocks-gallery-intrinsic kb-gallery-image-ratio-land32 kb-has-image-ratio-land32\" ><img loading=\"lazy\" decoding=\"async\" src=\"https:\/\/asko45000.fr\/wp-content\/uploads\/2024\/02\/asko_la_chapelle_saint_mesmin_03_02_24_3-819x1024.jpg\" width=\"819\" height=\"1024\" alt=\"\" data-full-image=\"https:\/\/asko45000.fr\/wp-content\/uploads\/2024\/02\/asko_la_chapelle_saint_mesmin_03_02_24_3.jpg\" data-light-image=\"https:\/\/asko45000.fr\/wp-content\/uploads\/2024\/02\/asko_la_chapelle_saint_mesmin_03_02_24_3.jpg\" data-id=\"2170\" class=\"wp-image-2170 skip-lazy\" srcset=\"https:\/\/asko45000.fr\/wp-content\/uploads\/2024\/02\/asko_la_chapelle_saint_mesmin_03_02_24_3-819x1024.jpg 819w, https:\/\/asko45000.fr\/wp-content\/uploads\/2024\/02\/asko_la_chapelle_saint_mesmin_03_02_24_3-240x300.jpg 240w, https:\/\/asko45000.fr\/wp-content\/uploads\/2024\/02\/asko_la_chapelle_saint_mesmin_03_02_24_3-768x961.jpg 768w, https:\/\/asko45000.fr\/wp-content\/uploads\/2024\/02\/asko_la_chapelle_saint_mesmin_03_02_24_3.jpg 901w\" sizes=\"auto, (max-width: 819px) 100vw, 819px\" \/><\/div><\/div><\/figure><\/div><\/div><\/li><li class=\"kb-slide-item kb-gallery-slide-item splide__slide\"><div class=\"kadence-blocks-gallery-item\"><div class=\"kadence-blocks-gallery-item-inner\"><figure class=\"kb-gallery-figure kadence-blocks-gallery-item-hide-caption\"><div class=\"kb-gal-image-radius\"><div class=\"kb-gallery-image-contain kadence-blocks-gallery-intrinsic kb-gallery-image-ratio-land32 kb-has-image-ratio-land32\" ><img loading=\"lazy\" decoding=\"async\" src=\"https:\/\/asko45000.fr\/wp-content\/uploads\/2024\/02\/asko_la_chapelle_saint_mesmin_03_02_24_tinified-1024x575.jpg\" width=\"1024\" height=\"575\" alt=\"\" data-full-image=\"https:\/\/asko45000.fr\/wp-content\/uploads\/2024\/02\/asko_la_chapelle_saint_mesmin_03_02_24_tinified.jpg\" data-light-image=\"https:\/\/asko45000.fr\/wp-content\/uploads\/2024\/02\/asko_la_chapelle_saint_mesmin_03_02_24_tinified.jpg\" data-id=\"2125\" class=\"wp-image-2125 skip-lazy\" srcset=\"https:\/\/asko45000.fr\/wp-content\/uploads\/2024\/02\/asko_la_chapelle_saint_mesmin_03_02_24_tinified-1024x575.jpg 1024w, https:\/\/asko45000.fr\/wp-content\/uploads\/2024\/02\/asko_la_chapelle_saint_mesmin_03_02_24_tinified-300x169.jpg 300w, https:\/\/asko45000.fr\/wp-content\/uploads\/2024\/02\/asko_la_chapelle_saint_mesmin_03_02_24_tinified-768x432.jpg 768w, https:\/\/asko45000.fr\/wp-content\/uploads\/2024\/02\/asko_la_chapelle_saint_mesmin_03_02_24_tinified-1536x863.jpg 1536w, https:\/\/asko45000.fr\/wp-content\/uploads\/2024\/02\/asko_la_chapelle_saint_mesmin_03_02_24_tinified.jpg 2000w\" sizes=\"auto, (max-width: 1024px) 100vw, 1024px\" \/><\/div><\/div><\/figure><\/div><\/div><\/li><\/ul><\/div><\/div><\/div><\/div>\n\n\n<p class=\"has-text-align-center\">Nathalie, Nivo et Val\u00e9rie parmi la vingtaine de participants au stage de Body Karat\u00e9 anim\u00e9 par Luc Ba, La Chapelle- Saint Mesmin, 03 F\u00e9vrier 2024.<\/p>\n","protected":false},"excerpt":{"rendered":"<p>Nathalie, Nivo et Val\u00e9rie parmi la vingtaine de participants au stage de Body Karat\u00e9 anim\u00e9 par Luc Ba, La Chapelle- Saint Mesmin, 03 F\u00e9vrier 2024.<\/p>\n","protected":false},"author":1,"featured_media":0,"parent":1696,"menu_order":0,"comment_status":"closed","ping_status":"closed","template":"","meta":{"_kad_post_transparent":"","_kad_post_title":"","_kad_post_layout":"","_kad_post_sidebar_id":"","_kad_post_content_style":"","_kad_post_vertical_padding":"","_kad_post_feature":"","_kad_post_feature_position":"","_kad_post_header":false,"_kad_post_footer":false,"footnotes":""},"class_list":["post-2126","page","type-page","status-publish","hentry"],"_links":{"self":[{"href":"https:\/\/asko45000.fr\/index.php\/wp-json\/wp\/v2\/pages\/2126","targetHints":{"allow":["GET"]}}],"collection":[{"href":"https:\/\/asko45000.fr\/index.php\/wp-json\/wp\/v2\/pages"}],"about":[{"href":"https:\/\/asko45000.fr\/index.php\/wp-json\/wp\/v2\/types\/page"}],"author":[{"embeddable":true,"href":"https:\/\/asko45000.fr\/index.php\/wp-json\/wp\/v2\/users\/1"}],"replies":[{"embeddable":true,"href":"https:\/\/asko45000.fr\/index.php\/wp-json\/wp\/v2\/comments?post=2126"}],"version-history":[{"count":4,"href":"https:\/\/asko45000.fr\/index.php\/wp-json\/wp\/v2\/pages\/2126\/revisions"}],"predecessor-version":[{"id":2173,"href":"https:\/\/asko45000.fr\/index.php\/wp-json\/wp\/v2\/pages\/2126\/revisions\/2173"}],"up":[{"embeddable":true,"href":"https:\/\/asko45000.fr\/index.php\/wp-json\/wp\/v2\/pages\/1696"}],"wp:attachment":[{"href":"https:\/\/asko45000.fr\/index.php\/wp-json\/wp\/v2\/media?parent=2126"}],"curies":[{"name":"wp","href":"https:\/\/api.w.org\/{rel}","templated":true}]}}