{"id":2392,"date":"2024-05-27T20:23:04","date_gmt":"2024-05-27T18:23:04","guid":{"rendered":"https:\/\/asko45000.fr\/?page_id=2392"},"modified":"2024-06-21T22:06:35","modified_gmt":"2024-06-21T20:06:35","slug":"festivasso-2024","status":"publish","type":"page","link":"https:\/\/asko45000.fr\/index.php\/festivasso-2024\/","title":{"rendered":"Festiv&rsquo;Assos 2024"},"content":{"rendered":"<style>.kb-gallery-id-2392_716f6b-d7 .kadence-blocks-gallery-item .kb-gal-image-radius, .kb-gallery-id-2392_716f6b-d7 .kb-slide-item .kb-gal-image-radius img{border-radius:0px 0px 0px 0px;;}.kb-gallery-wrap-id-2392_716f6b-d7.wp-block-kadence-advancedgallery{overflow:visible;}.kb-gallery-wrap-id-2392_716f6b-d7.wp-block-kadence-advancedgallery .kt-blocks-carousel{overflow:visible;}<\/style><div class=\"kb-gallery-wrap-id-2392_716f6b-d7 alignnone wp-block-kadence-advancedgallery\"><div class=\"kb-gallery-ul kb-gallery-non-static kb-gallery-type-slider kb-gallery-id-2392_716f6b-d7 kb-gallery-caption-style-bottom-hover kb-gallery-filter-none\" data-image-filter=\"none\" data-lightbox-caption=\"true\"><div class=\"kt-blocks-carousel splide kt-carousel-container-dotstyle-dark kt-carousel-arrowstyle-whiteondark kt-carousel-dotstyle-dark kb-slider-group-arrow kb-slider-arrow-position-center\" data-slider-anim-speed=\"400\" data-slider-scroll=\"1\" data-slider-arrows=\"true\" data-slider-fade=\"true\" data-slider-dots=\"true\" data-slider-type=\"slider\" data-slider-hover-pause=\"false\" data-slider-auto=\"1\" data-slider-speed=\"4780\" data-show-pause-button=\"false\"><div class=\"splide__track\"><ul class=\"kt-blocks-carousel-init kb-blocks-slider splide__list\"><li class=\"kb-slide-item kb-gallery-slide-item splide__slide\"><div class=\"kadence-blocks-gallery-item\"><div class=\"kadence-blocks-gallery-item-inner\"><figure class=\"kb-gallery-figure kadence-blocks-gallery-item-hide-caption\"><div class=\"kb-gal-image-radius\"><div class=\"kb-gallery-image-contain kadence-blocks-gallery-intrinsic kb-gallery-image-ratio-land32 kb-has-image-ratio-land32\" ><img loading=\"lazy\" decoding=\"async\" src=\"https:\/\/asko45000.fr\/wp-content\/uploads\/2024\/06\/photo_1-1024x768.jpg\" width=\"1024\" height=\"768\" alt=\"\" data-full-image=\"https:\/\/asko45000.fr\/wp-content\/uploads\/2024\/06\/photo_1-scaled.jpg\" data-light-image=\"https:\/\/asko45000.fr\/wp-content\/uploads\/2024\/06\/photo_1-scaled.jpg\" data-id=\"2466\" class=\"wp-image-2466 skip-lazy\" srcset=\"https:\/\/asko45000.fr\/wp-content\/uploads\/2024\/06\/photo_1-1024x768.jpg 1024w, https:\/\/asko45000.fr\/wp-content\/uploads\/2024\/06\/photo_1-300x225.jpg 300w, https:\/\/asko45000.fr\/wp-content\/uploads\/2024\/06\/photo_1-768x576.jpg 768w, https:\/\/asko45000.fr\/wp-content\/uploads\/2024\/06\/photo_1-1536x1152.jpg 1536w, https:\/\/asko45000.fr\/wp-content\/uploads\/2024\/06\/photo_1-2048x1536.jpg 2048w\" sizes=\"auto, (max-width: 1024px) 100vw, 1024px\" \/><\/div><\/div><\/figure><\/div><\/div><\/li><li class=\"kb-slide-item kb-gallery-slide-item splide__slide\"><div class=\"kadence-blocks-gallery-item\"><div class=\"kadence-blocks-gallery-item-inner\"><figure class=\"kb-gallery-figure kadence-blocks-gallery-item-hide-caption\"><div class=\"kb-gal-image-radius\"><div class=\"kb-gallery-image-contain kadence-blocks-gallery-intrinsic kb-gallery-image-ratio-land32 kb-has-image-ratio-land32\" ><img loading=\"lazy\" decoding=\"async\" src=\"https:\/\/asko45000.fr\/wp-content\/uploads\/2024\/06\/photo_2-1024x768.jpg\" width=\"1024\" height=\"768\" alt=\"\" data-full-image=\"https:\/\/asko45000.fr\/wp-content\/uploads\/2024\/06\/photo_2-scaled.jpg\" data-light-image=\"https:\/\/asko45000.fr\/wp-content\/uploads\/2024\/06\/photo_2-scaled.jpg\" data-id=\"2465\" class=\"wp-image-2465 skip-lazy\" srcset=\"https:\/\/asko45000.fr\/wp-content\/uploads\/2024\/06\/photo_2-1024x768.jpg 1024w, https:\/\/asko45000.fr\/wp-content\/uploads\/2024\/06\/photo_2-300x225.jpg 300w, https:\/\/asko45000.fr\/wp-content\/uploads\/2024\/06\/photo_2-768x576.jpg 768w, https:\/\/asko45000.fr\/wp-content\/uploads\/2024\/06\/photo_2-1536x1152.jpg 1536w, https:\/\/asko45000.fr\/wp-content\/uploads\/2024\/06\/photo_2-2048x1536.jpg 2048w\" sizes=\"auto, (max-width: 1024px) 100vw, 1024px\" \/><\/div><\/div><\/figure><\/div><\/div><\/li><li class=\"kb-slide-item kb-gallery-slide-item splide__slide\"><div class=\"kadence-blocks-gallery-item\"><div class=\"kadence-blocks-gallery-item-inner\"><figure class=\"kb-gallery-figure kadence-blocks-gallery-item-hide-caption\"><div class=\"kb-gal-image-radius\"><div class=\"kb-gallery-image-contain kadence-blocks-gallery-intrinsic kb-gallery-image-ratio-land32 kb-has-image-ratio-land32\" ><img loading=\"lazy\" decoding=\"async\" src=\"https:\/\/asko45000.fr\/wp-content\/uploads\/2024\/06\/photo_3-1024x768.jpg\" width=\"1024\" height=\"768\" alt=\"\" data-full-image=\"https:\/\/asko45000.fr\/wp-content\/uploads\/2024\/06\/photo_3-scaled.jpg\" data-light-image=\"https:\/\/asko45000.fr\/wp-content\/uploads\/2024\/06\/photo_3-scaled.jpg\" data-id=\"2464\" class=\"wp-image-2464 skip-lazy\" srcset=\"https:\/\/asko45000.fr\/wp-content\/uploads\/2024\/06\/photo_3-1024x768.jpg 1024w, https:\/\/asko45000.fr\/wp-content\/uploads\/2024\/06\/photo_3-300x225.jpg 300w, https:\/\/asko45000.fr\/wp-content\/uploads\/2024\/06\/photo_3-768x576.jpg 768w, https:\/\/asko45000.fr\/wp-content\/uploads\/2024\/06\/photo_3-1536x1152.jpg 1536w, https:\/\/asko45000.fr\/wp-content\/uploads\/2024\/06\/photo_3-2048x1536.jpg 2048w\" sizes=\"auto, (max-width: 1024px) 100vw, 1024px\" \/><\/div><\/div><\/figure><\/div><\/div><\/li><li class=\"kb-slide-item kb-gallery-slide-item splide__slide\"><div class=\"kadence-blocks-gallery-item\"><div class=\"kadence-blocks-gallery-item-inner\"><figure class=\"kb-gallery-figure kadence-blocks-gallery-item-hide-caption\"><div class=\"kb-gal-image-radius\"><div class=\"kb-gallery-image-contain kadence-blocks-gallery-intrinsic kb-gallery-image-ratio-land32 kb-has-image-ratio-land32\" ><img loading=\"lazy\" decoding=\"async\" src=\"https:\/\/asko45000.fr\/wp-content\/uploads\/2024\/06\/photo_4-1024x768.jpg\" width=\"1024\" height=\"768\" alt=\"\" data-full-image=\"https:\/\/asko45000.fr\/wp-content\/uploads\/2024\/06\/photo_4-scaled.jpg\" data-light-image=\"https:\/\/asko45000.fr\/wp-content\/uploads\/2024\/06\/photo_4-scaled.jpg\" data-id=\"2463\" class=\"wp-image-2463 skip-lazy\" srcset=\"https:\/\/asko45000.fr\/wp-content\/uploads\/2024\/06\/photo_4-1024x768.jpg 1024w, https:\/\/asko45000.fr\/wp-content\/uploads\/2024\/06\/photo_4-300x225.jpg 300w, https:\/\/asko45000.fr\/wp-content\/uploads\/2024\/06\/photo_4-768x576.jpg 768w, https:\/\/asko45000.fr\/wp-content\/uploads\/2024\/06\/photo_4-1536x1152.jpg 1536w, https:\/\/asko45000.fr\/wp-content\/uploads\/2024\/06\/photo_4-2048x1536.jpg 2048w\" sizes=\"auto, (max-width: 1024px) 100vw, 1024px\" \/><\/div><\/div><\/figure><\/div><\/div><\/li><li class=\"kb-slide-item kb-gallery-slide-item splide__slide\"><div class=\"kadence-blocks-gallery-item\"><div class=\"kadence-blocks-gallery-item-inner\"><figure class=\"kb-gallery-figure kadence-blocks-gallery-item-hide-caption\"><div class=\"kb-gal-image-radius\"><div class=\"kb-gallery-image-contain kadence-blocks-gallery-intrinsic kb-gallery-image-ratio-land32 kb-has-image-ratio-land32\" ><img loading=\"lazy\" decoding=\"async\" src=\"https:\/\/asko45000.fr\/wp-content\/uploads\/2024\/06\/photo_5-1024x768.jpg\" width=\"1024\" height=\"768\" alt=\"\" data-full-image=\"https:\/\/asko45000.fr\/wp-content\/uploads\/2024\/06\/photo_5-scaled.jpg\" data-light-image=\"https:\/\/asko45000.fr\/wp-content\/uploads\/2024\/06\/photo_5-scaled.jpg\" data-id=\"2462\" class=\"wp-image-2462 skip-lazy\" srcset=\"https:\/\/asko45000.fr\/wp-content\/uploads\/2024\/06\/photo_5-1024x768.jpg 1024w, https:\/\/asko45000.fr\/wp-content\/uploads\/2024\/06\/photo_5-300x225.jpg 300w, https:\/\/asko45000.fr\/wp-content\/uploads\/2024\/06\/photo_5-768x576.jpg 768w, https:\/\/asko45000.fr\/wp-content\/uploads\/2024\/06\/photo_5-1536x1152.jpg 1536w, https:\/\/asko45000.fr\/wp-content\/uploads\/2024\/06\/photo_5-2048x1536.jpg 2048w\" sizes=\"auto, (max-width: 1024px) 100vw, 1024px\" \/><\/div><\/div><\/figure><\/div><\/div><\/li><li class=\"kb-slide-item kb-gallery-slide-item splide__slide\"><div class=\"kadence-blocks-gallery-item\"><div class=\"kadence-blocks-gallery-item-inner\"><figure class=\"kb-gallery-figure kadence-blocks-gallery-item-hide-caption\"><div class=\"kb-gal-image-radius\"><div class=\"kb-gallery-image-contain kadence-blocks-gallery-intrinsic kb-gallery-image-ratio-land32 kb-has-image-ratio-land32\" ><img loading=\"lazy\" decoding=\"async\" src=\"https:\/\/asko45000.fr\/wp-content\/uploads\/2024\/06\/photo_6-1024x768.jpg\" width=\"1024\" height=\"768\" alt=\"\" data-full-image=\"https:\/\/asko45000.fr\/wp-content\/uploads\/2024\/06\/photo_6-scaled.jpg\" data-light-image=\"https:\/\/asko45000.fr\/wp-content\/uploads\/2024\/06\/photo_6-scaled.jpg\" data-id=\"2461\" class=\"wp-image-2461 skip-lazy\" srcset=\"https:\/\/asko45000.fr\/wp-content\/uploads\/2024\/06\/photo_6-1024x768.jpg 1024w, https:\/\/asko45000.fr\/wp-content\/uploads\/2024\/06\/photo_6-300x225.jpg 300w, https:\/\/asko45000.fr\/wp-content\/uploads\/2024\/06\/photo_6-768x576.jpg 768w, https:\/\/asko45000.fr\/wp-content\/uploads\/2024\/06\/photo_6-1536x1152.jpg 1536w, https:\/\/asko45000.fr\/wp-content\/uploads\/2024\/06\/photo_6-2048x1536.jpg 2048w\" sizes=\"auto, (max-width: 1024px) 100vw, 1024px\" \/><\/div><\/div><\/figure><\/div><\/div><\/li><li class=\"kb-slide-item kb-gallery-slide-item splide__slide\"><div class=\"kadence-blocks-gallery-item\"><div class=\"kadence-blocks-gallery-item-inner\"><figure class=\"kb-gallery-figure kadence-blocks-gallery-item-hide-caption\"><div class=\"kb-gal-image-radius\"><div class=\"kb-gallery-image-contain kadence-blocks-gallery-intrinsic kb-gallery-image-ratio-land32 kb-has-image-ratio-land32\" ><img loading=\"lazy\" decoding=\"async\" src=\"https:\/\/asko45000.fr\/wp-content\/uploads\/2024\/06\/photo_7-1024x768.jpg\" width=\"1024\" height=\"768\" alt=\"\" data-full-image=\"https:\/\/asko45000.fr\/wp-content\/uploads\/2024\/06\/photo_7-scaled.jpg\" data-light-image=\"https:\/\/asko45000.fr\/wp-content\/uploads\/2024\/06\/photo_7-scaled.jpg\" data-id=\"2460\" class=\"wp-image-2460 skip-lazy\" srcset=\"https:\/\/asko45000.fr\/wp-content\/uploads\/2024\/06\/photo_7-1024x768.jpg 1024w, https:\/\/asko45000.fr\/wp-content\/uploads\/2024\/06\/photo_7-300x225.jpg 300w, https:\/\/asko45000.fr\/wp-content\/uploads\/2024\/06\/photo_7-768x576.jpg 768w, https:\/\/asko45000.fr\/wp-content\/uploads\/2024\/06\/photo_7-1536x1152.jpg 1536w, https:\/\/asko45000.fr\/wp-content\/uploads\/2024\/06\/photo_7-2048x1536.jpg 2048w\" sizes=\"auto, (max-width: 1024px) 100vw, 1024px\" \/><\/div><\/div><\/figure><\/div><\/div><\/li><li class=\"kb-slide-item kb-gallery-slide-item splide__slide\"><div class=\"kadence-blocks-gallery-item\"><div class=\"kadence-blocks-gallery-item-inner\"><figure class=\"kb-gallery-figure kadence-blocks-gallery-item-hide-caption\"><div class=\"kb-gal-image-radius\"><div class=\"kb-gallery-image-contain kadence-blocks-gallery-intrinsic kb-gallery-image-ratio-land32 kb-has-image-ratio-land32\" ><img loading=\"lazy\" decoding=\"async\" src=\"https:\/\/asko45000.fr\/wp-content\/uploads\/2024\/06\/photo_9-1024x768.jpg\" width=\"1024\" height=\"768\" alt=\"\" data-full-image=\"https:\/\/asko45000.fr\/wp-content\/uploads\/2024\/06\/photo_9-scaled.jpg\" data-light-image=\"https:\/\/asko45000.fr\/wp-content\/uploads\/2024\/06\/photo_9-scaled.jpg\" data-id=\"2458\" class=\"wp-image-2458 skip-lazy\" srcset=\"https:\/\/asko45000.fr\/wp-content\/uploads\/2024\/06\/photo_9-1024x768.jpg 1024w, https:\/\/asko45000.fr\/wp-content\/uploads\/2024\/06\/photo_9-300x225.jpg 300w, https:\/\/asko45000.fr\/wp-content\/uploads\/2024\/06\/photo_9-768x576.jpg 768w, https:\/\/asko45000.fr\/wp-content\/uploads\/2024\/06\/photo_9-1536x1152.jpg 1536w, https:\/\/asko45000.fr\/wp-content\/uploads\/2024\/06\/photo_9-2048x1536.jpg 2048w\" sizes=\"auto, (max-width: 1024px) 100vw, 1024px\" \/><\/div><\/div><\/figure><\/div><\/div><\/li><li class=\"kb-slide-item kb-gallery-slide-item splide__slide\"><div class=\"kadence-blocks-gallery-item\"><div class=\"kadence-blocks-gallery-item-inner\"><figure class=\"kb-gallery-figure kadence-blocks-gallery-item-hide-caption\"><div class=\"kb-gal-image-radius\"><div class=\"kb-gallery-image-contain kadence-blocks-gallery-intrinsic kb-gallery-image-ratio-land32 kb-has-image-ratio-land32\" ><img loading=\"lazy\" decoding=\"async\" src=\"https:\/\/asko45000.fr\/wp-content\/uploads\/2024\/06\/photo_8-1024x768.jpg\" width=\"1024\" height=\"768\" alt=\"\" data-full-image=\"https:\/\/asko45000.fr\/wp-content\/uploads\/2024\/06\/photo_8-scaled.jpg\" data-light-image=\"https:\/\/asko45000.fr\/wp-content\/uploads\/2024\/06\/photo_8-scaled.jpg\" data-id=\"2459\" class=\"wp-image-2459 skip-lazy\" srcset=\"https:\/\/asko45000.fr\/wp-content\/uploads\/2024\/06\/photo_8-1024x768.jpg 1024w, https:\/\/asko45000.fr\/wp-content\/uploads\/2024\/06\/photo_8-300x225.jpg 300w, https:\/\/asko45000.fr\/wp-content\/uploads\/2024\/06\/photo_8-768x576.jpg 768w, https:\/\/asko45000.fr\/wp-content\/uploads\/2024\/06\/photo_8-1536x1152.jpg 1536w, https:\/\/asko45000.fr\/wp-content\/uploads\/2024\/06\/photo_8-2048x1536.jpg 2048w\" sizes=\"auto, (max-width: 1024px) 100vw, 1024px\" \/><\/div><\/div><\/figure><\/div><\/div><\/li><li class=\"kb-slide-item kb-gallery-slide-item splide__slide\"><div class=\"kadence-blocks-gallery-item\"><div class=\"kadence-blocks-gallery-item-inner\"><figure class=\"kb-gallery-figure kadence-blocks-gallery-item-hide-caption\"><div class=\"kb-gal-image-radius\"><div class=\"kb-gallery-image-contain kadence-blocks-gallery-intrinsic kb-gallery-image-ratio-land32 kb-has-image-ratio-land32\" ><img loading=\"lazy\" decoding=\"async\" src=\"https:\/\/asko45000.fr\/wp-content\/uploads\/2024\/06\/photo_10-1024x768.jpg\" width=\"1024\" height=\"768\" alt=\"\" data-full-image=\"https:\/\/asko45000.fr\/wp-content\/uploads\/2024\/06\/photo_10-scaled.jpg\" data-light-image=\"https:\/\/asko45000.fr\/wp-content\/uploads\/2024\/06\/photo_10-scaled.jpg\" data-id=\"2457\" class=\"wp-image-2457 skip-lazy\" srcset=\"https:\/\/asko45000.fr\/wp-content\/uploads\/2024\/06\/photo_10-1024x768.jpg 1024w, https:\/\/asko45000.fr\/wp-content\/uploads\/2024\/06\/photo_10-300x225.jpg 300w, https:\/\/asko45000.fr\/wp-content\/uploads\/2024\/06\/photo_10-768x576.jpg 768w, https:\/\/asko45000.fr\/wp-content\/uploads\/2024\/06\/photo_10-1536x1152.jpg 1536w, https:\/\/asko45000.fr\/wp-content\/uploads\/2024\/06\/photo_10-2048x1536.jpg 2048w\" sizes=\"auto, (max-width: 1024px) 100vw, 1024px\" \/><\/div><\/div><\/figure><\/div><\/div><\/li><li class=\"kb-slide-item kb-gallery-slide-item splide__slide\"><div class=\"kadence-blocks-gallery-item\"><div class=\"kadence-blocks-gallery-item-inner\"><figure class=\"kb-gallery-figure kadence-blocks-gallery-item-hide-caption\"><div class=\"kb-gal-image-radius\"><div class=\"kb-gallery-image-contain kadence-blocks-gallery-intrinsic kb-gallery-image-ratio-land32 kb-has-image-ratio-land32\" ><img loading=\"lazy\" decoding=\"async\" src=\"https:\/\/asko45000.fr\/wp-content\/uploads\/2024\/06\/photo_11-1024x768.jpg\" width=\"1024\" height=\"768\" alt=\"\" data-full-image=\"https:\/\/asko45000.fr\/wp-content\/uploads\/2024\/06\/photo_11-scaled.jpg\" data-light-image=\"https:\/\/asko45000.fr\/wp-content\/uploads\/2024\/06\/photo_11-scaled.jpg\" data-id=\"2456\" class=\"wp-image-2456 skip-lazy\" srcset=\"https:\/\/asko45000.fr\/wp-content\/uploads\/2024\/06\/photo_11-1024x768.jpg 1024w, https:\/\/asko45000.fr\/wp-content\/uploads\/2024\/06\/photo_11-300x225.jpg 300w, https:\/\/asko45000.fr\/wp-content\/uploads\/2024\/06\/photo_11-768x576.jpg 768w, https:\/\/asko45000.fr\/wp-content\/uploads\/2024\/06\/photo_11-1536x1152.jpg 1536w, https:\/\/asko45000.fr\/wp-content\/uploads\/2024\/06\/photo_11-2048x1536.jpg 2048w\" sizes=\"auto, (max-width: 1024px) 100vw, 1024px\" \/><\/div><\/div><\/figure><\/div><\/div><\/li><li class=\"kb-slide-item kb-gallery-slide-item splide__slide\"><div class=\"kadence-blocks-gallery-item\"><div class=\"kadence-blocks-gallery-item-inner\"><figure class=\"kb-gallery-figure kadence-blocks-gallery-item-hide-caption\"><div class=\"kb-gal-image-radius\"><div class=\"kb-gallery-image-contain kadence-blocks-gallery-intrinsic kb-gallery-image-ratio-land32 kb-has-image-ratio-land32\" ><img loading=\"lazy\" decoding=\"async\" src=\"https:\/\/asko45000.fr\/wp-content\/uploads\/2024\/06\/photo_12-1024x768.jpg\" width=\"1024\" height=\"768\" alt=\"\" data-full-image=\"https:\/\/asko45000.fr\/wp-content\/uploads\/2024\/06\/photo_12-scaled.jpg\" data-light-image=\"https:\/\/asko45000.fr\/wp-content\/uploads\/2024\/06\/photo_12-scaled.jpg\" data-id=\"2455\" class=\"wp-image-2455 skip-lazy\" srcset=\"https:\/\/asko45000.fr\/wp-content\/uploads\/2024\/06\/photo_12-1024x768.jpg 1024w, https:\/\/asko45000.fr\/wp-content\/uploads\/2024\/06\/photo_12-300x225.jpg 300w, https:\/\/asko45000.fr\/wp-content\/uploads\/2024\/06\/photo_12-768x576.jpg 768w, https:\/\/asko45000.fr\/wp-content\/uploads\/2024\/06\/photo_12-1536x1152.jpg 1536w, https:\/\/asko45000.fr\/wp-content\/uploads\/2024\/06\/photo_12-2048x1536.jpg 2048w\" sizes=\"auto, (max-width: 1024px) 100vw, 1024px\" \/><\/div><\/div><\/figure><\/div><\/div><\/li><\/ul><\/div><\/div><\/div><\/div>\n\n\n<p class=\"has-text-align-center\">Stand, parcours d&rsquo;initiation, d\u00e9monstrations de kihon, katas et kumit\u00e9 par l&rsquo;ASKO au Festiv&rsquo;Assos, Orl\u00e9ans La Source, 15 juin 2024<\/p>\n","protected":false},"excerpt":{"rendered":"<p>Stand, parcours d&rsquo;initiation, d\u00e9monstrations de kihon, katas et kumit\u00e9 par l&rsquo;ASKO au Festiv&rsquo;Assos, Orl\u00e9ans La Source, 15 juin 2024<\/p>\n","protected":false},"author":1,"featured_media":0,"parent":0,"menu_order":0,"comment_status":"closed","ping_status":"closed","template":"","meta":{"_kad_post_transparent":"","_kad_post_title":"","_kad_post_layout":"","_kad_post_sidebar_id":"","_kad_post_content_style":"","_kad_post_vertical_padding":"","_kad_post_feature":"","_kad_post_feature_position":"","_kad_post_header":false,"_kad_post_footer":false,"footnotes":""},"class_list":["post-2392","page","type-page","status-publish","hentry"],"_links":{"self":[{"href":"https:\/\/asko45000.fr\/index.php\/wp-json\/wp\/v2\/pages\/2392","targetHints":{"allow":["GET"]}}],"collection":[{"href":"https:\/\/asko45000.fr\/index.php\/wp-json\/wp\/v2\/pages"}],"about":[{"href":"https:\/\/asko45000.fr\/index.php\/wp-json\/wp\/v2\/types\/page"}],"author":[{"embeddable":true,"href":"https:\/\/asko45000.fr\/index.php\/wp-json\/wp\/v2\/users\/1"}],"replies":[{"embeddable":true,"href":"https:\/\/asko45000.fr\/index.php\/wp-json\/wp\/v2\/comments?post=2392"}],"version-history":[{"count":8,"href":"https:\/\/asko45000.fr\/index.php\/wp-json\/wp\/v2\/pages\/2392\/revisions"}],"predecessor-version":[{"id":2471,"href":"https:\/\/asko45000.fr\/index.php\/wp-json\/wp\/v2\/pages\/2392\/revisions\/2471"}],"wp:attachment":[{"href":"https:\/\/asko45000.fr\/index.php\/wp-json\/wp\/v2\/media?parent=2392"}],"curies":[{"name":"wp","href":"https:\/\/api.w.org\/{rel}","templated":true}]}}