{"id":2521,"date":"2024-06-27T22:49:45","date_gmt":"2024-06-27T20:49:45","guid":{"rendered":"https:\/\/asko45000.fr\/?page_id=2521"},"modified":"2024-06-27T22:53:35","modified_gmt":"2024-06-27T20:53:35","slug":"passage-de-ceintures-adultes-2024","status":"publish","type":"page","link":"https:\/\/asko45000.fr\/index.php\/passage-de-ceintures-adultes-2024\/","title":{"rendered":"Passage de ceintures adultes 2024"},"content":{"rendered":"<style>.kb-gallery-id-2521_a87c4e-49 .kadence-blocks-gallery-item .kb-gal-image-radius, .kb-gallery-id-2521_a87c4e-49 .kb-slide-item .kb-gal-image-radius img{border-radius:0px 0px 0px 0px;;}.kb-gallery-wrap-id-2521_a87c4e-49.wp-block-kadence-advancedgallery{overflow:visible;}.kb-gallery-wrap-id-2521_a87c4e-49.wp-block-kadence-advancedgallery .kt-blocks-carousel{overflow:visible;}<\/style><div class=\"kb-gallery-wrap-id-2521_a87c4e-49 alignnone wp-block-kadence-advancedgallery\"><div class=\"kb-gallery-ul kb-gallery-non-static kb-gallery-type-slider kb-gallery-id-2521_a87c4e-49 kb-gallery-caption-style-bottom-hover kb-gallery-filter-none\" data-image-filter=\"none\" data-lightbox-caption=\"true\"><div class=\"kt-blocks-carousel splide kt-carousel-container-dotstyle-dark kt-carousel-arrowstyle-whiteondark kt-carousel-dotstyle-dark kb-slider-group-arrow kb-slider-arrow-position-center\" data-slider-anim-speed=\"400\" data-slider-scroll=\"1\" data-slider-arrows=\"true\" data-slider-fade=\"true\" data-slider-dots=\"true\" data-slider-type=\"slider\" data-slider-hover-pause=\"false\" data-slider-auto=\"1\" data-slider-speed=\"4410\" data-show-pause-button=\"false\"><div class=\"splide__track\"><ul class=\"kt-blocks-carousel-init kb-blocks-slider splide__list\"><li class=\"kb-slide-item kb-gallery-slide-item splide__slide\"><div class=\"kadence-blocks-gallery-item\"><div class=\"kadence-blocks-gallery-item-inner\"><figure class=\"kb-gallery-figure kadence-blocks-gallery-item-hide-caption\"><div class=\"kb-gal-image-radius\"><div class=\"kb-gallery-image-contain kadence-blocks-gallery-intrinsic kb-gallery-image-ratio-land32 kb-has-image-ratio-land32\" ><img loading=\"lazy\" decoding=\"async\" src=\"https:\/\/asko45000.fr\/wp-content\/uploads\/2024\/06\/passage_ceintures_adultes_photo_1_tinified-1024x768.jpg\" width=\"1024\" height=\"768\" alt=\"\" data-full-image=\"https:\/\/asko45000.fr\/wp-content\/uploads\/2024\/06\/passage_ceintures_adultes_photo_1_tinified.jpg\" data-light-image=\"https:\/\/asko45000.fr\/wp-content\/uploads\/2024\/06\/passage_ceintures_adultes_photo_1_tinified.jpg\" data-id=\"2520\" class=\"wp-image-2520 skip-lazy\" srcset=\"https:\/\/asko45000.fr\/wp-content\/uploads\/2024\/06\/passage_ceintures_adultes_photo_1_tinified-1024x768.jpg 1024w, https:\/\/asko45000.fr\/wp-content\/uploads\/2024\/06\/passage_ceintures_adultes_photo_1_tinified-300x225.jpg 300w, https:\/\/asko45000.fr\/wp-content\/uploads\/2024\/06\/passage_ceintures_adultes_photo_1_tinified-768x576.jpg 768w, https:\/\/asko45000.fr\/wp-content\/uploads\/2024\/06\/passage_ceintures_adultes_photo_1_tinified-1536x1152.jpg 1536w, https:\/\/asko45000.fr\/wp-content\/uploads\/2024\/06\/passage_ceintures_adultes_photo_1_tinified.jpg 1600w\" sizes=\"auto, (max-width: 1024px) 100vw, 1024px\" \/><\/div><\/div><\/figure><\/div><\/div><\/li><li class=\"kb-slide-item kb-gallery-slide-item splide__slide\"><div class=\"kadence-blocks-gallery-item\"><div class=\"kadence-blocks-gallery-item-inner\"><figure class=\"kb-gallery-figure kadence-blocks-gallery-item-hide-caption\"><div class=\"kb-gal-image-radius\"><div class=\"kb-gallery-image-contain kadence-blocks-gallery-intrinsic kb-gallery-image-ratio-land32 kb-has-image-ratio-land32\" ><img loading=\"lazy\" decoding=\"async\" src=\"https:\/\/asko45000.fr\/wp-content\/uploads\/2024\/06\/passage_ceintures_adultes_photo_2_tinified-1024x768.jpg\" width=\"1024\" height=\"768\" alt=\"\" data-full-image=\"https:\/\/asko45000.fr\/wp-content\/uploads\/2024\/06\/passage_ceintures_adultes_photo_2_tinified.jpg\" data-light-image=\"https:\/\/asko45000.fr\/wp-content\/uploads\/2024\/06\/passage_ceintures_adultes_photo_2_tinified.jpg\" data-id=\"2519\" class=\"wp-image-2519 skip-lazy\" srcset=\"https:\/\/asko45000.fr\/wp-content\/uploads\/2024\/06\/passage_ceintures_adultes_photo_2_tinified-1024x768.jpg 1024w, https:\/\/asko45000.fr\/wp-content\/uploads\/2024\/06\/passage_ceintures_adultes_photo_2_tinified-300x225.jpg 300w, https:\/\/asko45000.fr\/wp-content\/uploads\/2024\/06\/passage_ceintures_adultes_photo_2_tinified-768x576.jpg 768w, https:\/\/asko45000.fr\/wp-content\/uploads\/2024\/06\/passage_ceintures_adultes_photo_2_tinified-1536x1152.jpg 1536w, https:\/\/asko45000.fr\/wp-content\/uploads\/2024\/06\/passage_ceintures_adultes_photo_2_tinified.jpg 1600w\" sizes=\"auto, (max-width: 1024px) 100vw, 1024px\" \/><\/div><\/div><\/figure><\/div><\/div><\/li><\/ul><\/div><\/div><\/div><\/div>\n\n\n<p>Passage de ceintures adultes, mercredi 19 juin. D\u00e9borah, Micha\u00ebl et Fran\u00e7ois ont pass\u00e9 avec succ\u00e8s leur examen de passage de ceintures. F\u00e9licitations !<\/p>\n","protected":false},"excerpt":{"rendered":"<p>Passage de ceintures adultes, mercredi 19 juin. D\u00e9borah, Micha\u00ebl et Fran\u00e7ois ont pass\u00e9 avec succ\u00e8s leur examen de passage de ceintures. F\u00e9licitations !<\/p>\n","protected":false},"author":1,"featured_media":0,"parent":0,"menu_order":0,"comment_status":"closed","ping_status":"closed","template":"","meta":{"_kad_post_transparent":"","_kad_post_title":"","_kad_post_layout":"","_kad_post_sidebar_id":"","_kad_post_content_style":"","_kad_post_vertical_padding":"","_kad_post_feature":"","_kad_post_feature_position":"","_kad_post_header":false,"_kad_post_footer":false,"footnotes":""},"class_list":["post-2521","page","type-page","status-publish","hentry"],"_links":{"self":[{"href":"https:\/\/asko45000.fr\/index.php\/wp-json\/wp\/v2\/pages\/2521","targetHints":{"allow":["GET"]}}],"collection":[{"href":"https:\/\/asko45000.fr\/index.php\/wp-json\/wp\/v2\/pages"}],"about":[{"href":"https:\/\/asko45000.fr\/index.php\/wp-json\/wp\/v2\/types\/page"}],"author":[{"embeddable":true,"href":"https:\/\/asko45000.fr\/index.php\/wp-json\/wp\/v2\/users\/1"}],"replies":[{"embeddable":true,"href":"https:\/\/asko45000.fr\/index.php\/wp-json\/wp\/v2\/comments?post=2521"}],"version-history":[{"count":4,"href":"https:\/\/asko45000.fr\/index.php\/wp-json\/wp\/v2\/pages\/2521\/revisions"}],"predecessor-version":[{"id":2525,"href":"https:\/\/asko45000.fr\/index.php\/wp-json\/wp\/v2\/pages\/2521\/revisions\/2525"}],"wp:attachment":[{"href":"https:\/\/asko45000.fr\/index.php\/wp-json\/wp\/v2\/media?parent=2521"}],"curies":[{"name":"wp","href":"https:\/\/api.w.org\/{rel}","templated":true}]}}