{"id":2584,"date":"2024-11-08T18:15:02","date_gmt":"2024-11-08T17:15:02","guid":{"rendered":"https:\/\/asko45000.fr\/?page_id=2584"},"modified":"2024-11-10T14:52:20","modified_gmt":"2024-11-10T13:52:20","slug":"coupe-departementale-kumite-pupilles-benjamins-veterans-m-f","status":"publish","type":"page","link":"https:\/\/asko45000.fr\/index.php\/coupe-departementale-kumite-pupilles-benjamins-veterans-m-f\/","title":{"rendered":"Coupe D\u00e9partementale Kata\/Kumit\u00e9"},"content":{"rendered":"<style>.kb-gallery-id-2584_dc87fc-80 .kadence-blocks-gallery-item .kb-gal-image-radius, .kb-gallery-id-2584_dc87fc-80 .kb-slide-item .kb-gal-image-radius img{border-radius:0px 0px 0px 0px;;}.kb-gallery-wrap-id-2584_dc87fc-80.wp-block-kadence-advancedgallery{overflow:visible;}.kb-gallery-wrap-id-2584_dc87fc-80.wp-block-kadence-advancedgallery .kt-blocks-carousel{overflow:visible;}<\/style><div class=\"kb-gallery-wrap-id-2584_dc87fc-80 alignnone wp-block-kadence-advancedgallery\"><div class=\"kb-gallery-ul kb-gallery-non-static kb-gallery-type-slider kb-gallery-id-2584_dc87fc-80 kb-gallery-caption-style-bottom-hover kb-gallery-filter-none\" data-image-filter=\"none\" data-lightbox-caption=\"true\"><div class=\"kt-blocks-carousel splide kt-carousel-container-dotstyle-dark kt-carousel-arrowstyle-whiteondark kt-carousel-dotstyle-dark kb-slider-group-arrow kb-slider-arrow-position-center\" data-slider-anim-speed=\"400\" data-slider-scroll=\"1\" data-slider-arrows=\"true\" data-slider-fade=\"true\" data-slider-dots=\"true\" data-slider-type=\"slider\" data-slider-hover-pause=\"false\" data-slider-auto=\"1\" data-slider-speed=\"4690\" data-show-pause-button=\"false\"><div class=\"splide__track\"><ul class=\"kt-blocks-carousel-init kb-blocks-slider splide__list\"><li class=\"kb-slide-item kb-gallery-slide-item splide__slide\"><div class=\"kadence-blocks-gallery-item\"><div class=\"kadence-blocks-gallery-item-inner\"><figure class=\"kb-gallery-figure kadence-blocks-gallery-item-hide-caption\"><div class=\"kb-gal-image-radius\"><div class=\"kb-gallery-image-contain kadence-blocks-gallery-intrinsic kb-gallery-image-ratio-land32 kb-has-image-ratio-land32\" ><img loading=\"lazy\" decoding=\"async\" src=\"https:\/\/asko45000.fr\/wp-content\/uploads\/2024\/11\/karate_coupe_amilly_2024_2025_1-1024x768.jpg\" width=\"1024\" height=\"768\" alt=\"\" data-full-image=\"https:\/\/asko45000.fr\/wp-content\/uploads\/2024\/11\/karate_coupe_amilly_2024_2025_1-scaled.jpg\" data-light-image=\"https:\/\/asko45000.fr\/wp-content\/uploads\/2024\/11\/karate_coupe_amilly_2024_2025_1-scaled.jpg\" data-id=\"2644\" class=\"wp-image-2644 skip-lazy\" srcset=\"https:\/\/asko45000.fr\/wp-content\/uploads\/2024\/11\/karate_coupe_amilly_2024_2025_1-1024x768.jpg 1024w, https:\/\/asko45000.fr\/wp-content\/uploads\/2024\/11\/karate_coupe_amilly_2024_2025_1-300x225.jpg 300w, https:\/\/asko45000.fr\/wp-content\/uploads\/2024\/11\/karate_coupe_amilly_2024_2025_1-768x576.jpg 768w, https:\/\/asko45000.fr\/wp-content\/uploads\/2024\/11\/karate_coupe_amilly_2024_2025_1-1536x1152.jpg 1536w, https:\/\/asko45000.fr\/wp-content\/uploads\/2024\/11\/karate_coupe_amilly_2024_2025_1-2048x1536.jpg 2048w\" sizes=\"auto, (max-width: 1024px) 100vw, 1024px\" \/><\/div><\/div><\/figure><\/div><\/div><\/li><li class=\"kb-slide-item kb-gallery-slide-item splide__slide\"><div class=\"kadence-blocks-gallery-item\"><div class=\"kadence-blocks-gallery-item-inner\"><figure class=\"kb-gallery-figure kadence-blocks-gallery-item-hide-caption\"><div class=\"kb-gal-image-radius\"><div class=\"kb-gallery-image-contain kadence-blocks-gallery-intrinsic kb-gallery-image-ratio-land32 kb-has-image-ratio-land32\" ><img loading=\"lazy\" decoding=\"async\" src=\"https:\/\/asko45000.fr\/wp-content\/uploads\/2024\/11\/karate_coupe_amilly_2024_2025_2-1024x768.jpg\" width=\"1024\" height=\"768\" alt=\"\" data-full-image=\"https:\/\/asko45000.fr\/wp-content\/uploads\/2024\/11\/karate_coupe_amilly_2024_2025_2-scaled.jpg\" data-light-image=\"https:\/\/asko45000.fr\/wp-content\/uploads\/2024\/11\/karate_coupe_amilly_2024_2025_2-scaled.jpg\" data-id=\"2643\" class=\"wp-image-2643 skip-lazy\" srcset=\"https:\/\/asko45000.fr\/wp-content\/uploads\/2024\/11\/karate_coupe_amilly_2024_2025_2-1024x768.jpg 1024w, https:\/\/asko45000.fr\/wp-content\/uploads\/2024\/11\/karate_coupe_amilly_2024_2025_2-300x225.jpg 300w, https:\/\/asko45000.fr\/wp-content\/uploads\/2024\/11\/karate_coupe_amilly_2024_2025_2-768x576.jpg 768w, https:\/\/asko45000.fr\/wp-content\/uploads\/2024\/11\/karate_coupe_amilly_2024_2025_2-1536x1152.jpg 1536w, https:\/\/asko45000.fr\/wp-content\/uploads\/2024\/11\/karate_coupe_amilly_2024_2025_2-2048x1536.jpg 2048w\" sizes=\"auto, (max-width: 1024px) 100vw, 1024px\" \/><\/div><\/div><\/figure><\/div><\/div><\/li><li class=\"kb-slide-item kb-gallery-slide-item splide__slide\"><div class=\"kadence-blocks-gallery-item\"><div class=\"kadence-blocks-gallery-item-inner\"><figure class=\"kb-gallery-figure kadence-blocks-gallery-item-hide-caption\"><div class=\"kb-gal-image-radius\"><div class=\"kb-gallery-image-contain kadence-blocks-gallery-intrinsic kb-gallery-image-ratio-land32 kb-has-image-ratio-land32\" ><img loading=\"lazy\" decoding=\"async\" src=\"https:\/\/asko45000.fr\/wp-content\/uploads\/2024\/11\/karate_coupe_amilly_2024_2025_3-1024x768.jpg\" width=\"1024\" height=\"768\" alt=\"\" data-full-image=\"https:\/\/asko45000.fr\/wp-content\/uploads\/2024\/11\/karate_coupe_amilly_2024_2025_3-scaled.jpg\" data-light-image=\"https:\/\/asko45000.fr\/wp-content\/uploads\/2024\/11\/karate_coupe_amilly_2024_2025_3-scaled.jpg\" data-id=\"2642\" class=\"wp-image-2642 skip-lazy\" srcset=\"https:\/\/asko45000.fr\/wp-content\/uploads\/2024\/11\/karate_coupe_amilly_2024_2025_3-1024x768.jpg 1024w, https:\/\/asko45000.fr\/wp-content\/uploads\/2024\/11\/karate_coupe_amilly_2024_2025_3-300x225.jpg 300w, https:\/\/asko45000.fr\/wp-content\/uploads\/2024\/11\/karate_coupe_amilly_2024_2025_3-768x576.jpg 768w, https:\/\/asko45000.fr\/wp-content\/uploads\/2024\/11\/karate_coupe_amilly_2024_2025_3-1536x1152.jpg 1536w, https:\/\/asko45000.fr\/wp-content\/uploads\/2024\/11\/karate_coupe_amilly_2024_2025_3-2048x1536.jpg 2048w\" sizes=\"auto, (max-width: 1024px) 100vw, 1024px\" \/><\/div><\/div><\/figure><\/div><\/div><\/li><li class=\"kb-slide-item kb-gallery-slide-item splide__slide\"><div class=\"kadence-blocks-gallery-item\"><div class=\"kadence-blocks-gallery-item-inner\"><figure class=\"kb-gallery-figure kadence-blocks-gallery-item-hide-caption\"><div class=\"kb-gal-image-radius\"><div class=\"kb-gallery-image-contain kadence-blocks-gallery-intrinsic kb-gallery-image-ratio-land32 kb-has-image-ratio-land32\" ><img loading=\"lazy\" decoding=\"async\" src=\"https:\/\/asko45000.fr\/wp-content\/uploads\/2024\/11\/karate_coupe_amilly_2024_2025_5-1024x768.jpg\" width=\"1024\" height=\"768\" alt=\"\" data-full-image=\"https:\/\/asko45000.fr\/wp-content\/uploads\/2024\/11\/karate_coupe_amilly_2024_2025_5-scaled.jpg\" data-light-image=\"https:\/\/asko45000.fr\/wp-content\/uploads\/2024\/11\/karate_coupe_amilly_2024_2025_5-scaled.jpg\" data-id=\"2641\" class=\"wp-image-2641 skip-lazy\" srcset=\"https:\/\/asko45000.fr\/wp-content\/uploads\/2024\/11\/karate_coupe_amilly_2024_2025_5-1024x768.jpg 1024w, https:\/\/asko45000.fr\/wp-content\/uploads\/2024\/11\/karate_coupe_amilly_2024_2025_5-300x225.jpg 300w, https:\/\/asko45000.fr\/wp-content\/uploads\/2024\/11\/karate_coupe_amilly_2024_2025_5-768x576.jpg 768w, https:\/\/asko45000.fr\/wp-content\/uploads\/2024\/11\/karate_coupe_amilly_2024_2025_5-1536x1152.jpg 1536w, https:\/\/asko45000.fr\/wp-content\/uploads\/2024\/11\/karate_coupe_amilly_2024_2025_5-2048x1536.jpg 2048w\" sizes=\"auto, (max-width: 1024px) 100vw, 1024px\" \/><\/div><\/div><\/figure><\/div><\/div><\/li><li class=\"kb-slide-item kb-gallery-slide-item splide__slide\"><div class=\"kadence-blocks-gallery-item\"><div class=\"kadence-blocks-gallery-item-inner\"><figure class=\"kb-gallery-figure kadence-blocks-gallery-item-hide-caption\"><div class=\"kb-gal-image-radius\"><div class=\"kb-gallery-image-contain kadence-blocks-gallery-intrinsic kb-gallery-image-ratio-land32 kb-has-image-ratio-land32\" ><img loading=\"lazy\" decoding=\"async\" src=\"https:\/\/asko45000.fr\/wp-content\/uploads\/2024\/11\/karate_coupe_amilly_2024_2025_4-1024x768.jpg\" width=\"1024\" height=\"768\" alt=\"\" data-full-image=\"https:\/\/asko45000.fr\/wp-content\/uploads\/2024\/11\/karate_coupe_amilly_2024_2025_4-scaled.jpg\" data-light-image=\"https:\/\/asko45000.fr\/wp-content\/uploads\/2024\/11\/karate_coupe_amilly_2024_2025_4-scaled.jpg\" data-id=\"2640\" class=\"wp-image-2640 skip-lazy\" srcset=\"https:\/\/asko45000.fr\/wp-content\/uploads\/2024\/11\/karate_coupe_amilly_2024_2025_4-1024x768.jpg 1024w, https:\/\/asko45000.fr\/wp-content\/uploads\/2024\/11\/karate_coupe_amilly_2024_2025_4-300x225.jpg 300w, https:\/\/asko45000.fr\/wp-content\/uploads\/2024\/11\/karate_coupe_amilly_2024_2025_4-768x576.jpg 768w, https:\/\/asko45000.fr\/wp-content\/uploads\/2024\/11\/karate_coupe_amilly_2024_2025_4-1536x1152.jpg 1536w, https:\/\/asko45000.fr\/wp-content\/uploads\/2024\/11\/karate_coupe_amilly_2024_2025_4-2048x1536.jpg 2048w\" sizes=\"auto, (max-width: 1024px) 100vw, 1024px\" \/><\/div><\/div><\/figure><\/div><\/div><\/li><\/ul><\/div><\/div><\/div><\/div>\n\n\n<p class=\"has-text-align-center\"><strong>Coupe D\u00e9partementale Kata\/Kumit\u00e9, Nivo en Or, Karlina en Argent, F\u00e9lix en Bronze, Madyan et Th\u00e9o 5\u00e8me<\/strong>,<strong> Amilly, 10 novembre 2024<\/strong><\/p>\n\n\n\n<p><\/p>\n","protected":false},"excerpt":{"rendered":"<p>Coupe D\u00e9partementale Kata\/Kumit\u00e9, Nivo en Or, Karlina en Argent, F\u00e9lix en Bronze, Madyan et Th\u00e9o 5\u00e8me, Amilly, 10 novembre 2024<\/p>\n","protected":false},"author":1,"featured_media":0,"parent":0,"menu_order":0,"comment_status":"closed","ping_status":"closed","template":"","meta":{"_kad_post_transparent":"","_kad_post_title":"","_kad_post_layout":"","_kad_post_sidebar_id":"","_kad_post_content_style":"","_kad_post_vertical_padding":"","_kad_post_feature":"","_kad_post_feature_position":"","_kad_post_header":false,"_kad_post_footer":false,"footnotes":""},"class_list":["post-2584","page","type-page","status-publish","hentry"],"_links":{"self":[{"href":"https:\/\/asko45000.fr\/index.php\/wp-json\/wp\/v2\/pages\/2584","targetHints":{"allow":["GET"]}}],"collection":[{"href":"https:\/\/asko45000.fr\/index.php\/wp-json\/wp\/v2\/pages"}],"about":[{"href":"https:\/\/asko45000.fr\/index.php\/wp-json\/wp\/v2\/types\/page"}],"author":[{"embeddable":true,"href":"https:\/\/asko45000.fr\/index.php\/wp-json\/wp\/v2\/users\/1"}],"replies":[{"embeddable":true,"href":"https:\/\/asko45000.fr\/index.php\/wp-json\/wp\/v2\/comments?post=2584"}],"version-history":[{"count":7,"href":"https:\/\/asko45000.fr\/index.php\/wp-json\/wp\/v2\/pages\/2584\/revisions"}],"predecessor-version":[{"id":2656,"href":"https:\/\/asko45000.fr\/index.php\/wp-json\/wp\/v2\/pages\/2584\/revisions\/2656"}],"wp:attachment":[{"href":"https:\/\/asko45000.fr\/index.php\/wp-json\/wp\/v2\/media?parent=2584"}],"curies":[{"name":"wp","href":"https:\/\/api.w.org\/{rel}","templated":true}]}}