{"id":2766,"date":"2024-12-13T21:36:27","date_gmt":"2024-12-13T20:36:27","guid":{"rendered":"https:\/\/asko45000.fr\/?page_id=2766"},"modified":"2024-12-13T21:38:43","modified_gmt":"2024-12-13T20:38:43","slug":"stage-preparation-passage-de-grades-6-dec-24","status":"publish","type":"page","link":"https:\/\/asko45000.fr\/index.php\/stage-preparation-passage-de-grades-6-dec-24\/","title":{"rendered":"Stage Pr\u00e9paration Passage de Grades, 6 dec. 24"},"content":{"rendered":"<style>.kb-gallery-id-2766_585a46-9f .kadence-blocks-gallery-item .kb-gal-image-radius, .kb-gallery-id-2766_585a46-9f .kb-slide-item .kb-gal-image-radius img{border-radius:0px 0px 0px 0px;;}.kb-gallery-wrap-id-2766_585a46-9f.wp-block-kadence-advancedgallery{overflow:visible;}.kb-gallery-wrap-id-2766_585a46-9f.wp-block-kadence-advancedgallery .kt-blocks-carousel{overflow:visible;}<\/style><div class=\"kb-gallery-wrap-id-2766_585a46-9f alignnone wp-block-kadence-advancedgallery\"><div class=\"kb-gallery-ul kb-gallery-non-static kb-gallery-type-slider kb-gallery-id-2766_585a46-9f kb-gallery-caption-style-bottom-hover kb-gallery-filter-none\" data-image-filter=\"none\" data-lightbox-caption=\"true\"><div class=\"kt-blocks-carousel splide kt-carousel-container-dotstyle-dark kt-carousel-arrowstyle-whiteondark kt-carousel-dotstyle-dark kb-slider-group-arrow kb-slider-arrow-position-center\" data-slider-anim-speed=\"400\" data-slider-scroll=\"1\" data-slider-arrows=\"true\" data-slider-fade=\"true\" data-slider-dots=\"true\" data-slider-type=\"slider\" data-slider-hover-pause=\"false\" data-slider-auto=\"1\" data-slider-speed=\"4040\" data-show-pause-button=\"false\"><div class=\"splide__track\"><ul class=\"kt-blocks-carousel-init kb-blocks-slider splide__list\"><li class=\"kb-slide-item kb-gallery-slide-item splide__slide\"><div class=\"kadence-blocks-gallery-item\"><div class=\"kadence-blocks-gallery-item-inner\"><figure class=\"kb-gallery-figure kadence-blocks-gallery-item-hide-caption\"><div class=\"kb-gal-image-radius\"><div class=\"kb-gallery-image-contain kadence-blocks-gallery-intrinsic kb-gallery-image-ratio-land32 kb-has-image-ratio-land32\" ><img loading=\"lazy\" decoding=\"async\" src=\"https:\/\/asko45000.fr\/wp-content\/uploads\/2024\/12\/karate_stage_passage_grades_06_12_24_1-1024x576.jpg\" width=\"1024\" height=\"576\" alt=\"\" data-full-image=\"https:\/\/asko45000.fr\/wp-content\/uploads\/2024\/12\/karate_stage_passage_grades_06_12_24_1-scaled.jpg\" data-light-image=\"https:\/\/asko45000.fr\/wp-content\/uploads\/2024\/12\/karate_stage_passage_grades_06_12_24_1-scaled.jpg\" data-id=\"2749\" class=\"wp-image-2749 skip-lazy\" srcset=\"https:\/\/asko45000.fr\/wp-content\/uploads\/2024\/12\/karate_stage_passage_grades_06_12_24_1-1024x576.jpg 1024w, https:\/\/asko45000.fr\/wp-content\/uploads\/2024\/12\/karate_stage_passage_grades_06_12_24_1-300x169.jpg 300w, https:\/\/asko45000.fr\/wp-content\/uploads\/2024\/12\/karate_stage_passage_grades_06_12_24_1-768x432.jpg 768w, https:\/\/asko45000.fr\/wp-content\/uploads\/2024\/12\/karate_stage_passage_grades_06_12_24_1-1536x864.jpg 1536w, https:\/\/asko45000.fr\/wp-content\/uploads\/2024\/12\/karate_stage_passage_grades_06_12_24_1-2048x1152.jpg 2048w\" sizes=\"auto, (max-width: 1024px) 100vw, 1024px\" \/><\/div><\/div><\/figure><\/div><\/div><\/li><li class=\"kb-slide-item kb-gallery-slide-item splide__slide\"><div class=\"kadence-blocks-gallery-item\"><div class=\"kadence-blocks-gallery-item-inner\"><figure class=\"kb-gallery-figure kadence-blocks-gallery-item-hide-caption\"><div class=\"kb-gal-image-radius\"><div class=\"kb-gallery-image-contain kadence-blocks-gallery-intrinsic kb-gallery-image-ratio-land32 kb-has-image-ratio-land32\" ><img loading=\"lazy\" decoding=\"async\" src=\"https:\/\/asko45000.fr\/wp-content\/uploads\/2024\/12\/karate_stage_passage_grades_06_12_24_6-1024x576.jpg\" width=\"1024\" height=\"576\" alt=\"\" data-full-image=\"https:\/\/asko45000.fr\/wp-content\/uploads\/2024\/12\/karate_stage_passage_grades_06_12_24_6-scaled.jpg\" data-light-image=\"https:\/\/asko45000.fr\/wp-content\/uploads\/2024\/12\/karate_stage_passage_grades_06_12_24_6-scaled.jpg\" data-id=\"2754\" class=\"wp-image-2754 skip-lazy\" srcset=\"https:\/\/asko45000.fr\/wp-content\/uploads\/2024\/12\/karate_stage_passage_grades_06_12_24_6-1024x576.jpg 1024w, https:\/\/asko45000.fr\/wp-content\/uploads\/2024\/12\/karate_stage_passage_grades_06_12_24_6-300x169.jpg 300w, https:\/\/asko45000.fr\/wp-content\/uploads\/2024\/12\/karate_stage_passage_grades_06_12_24_6-768x432.jpg 768w, https:\/\/asko45000.fr\/wp-content\/uploads\/2024\/12\/karate_stage_passage_grades_06_12_24_6-1536x864.jpg 1536w, https:\/\/asko45000.fr\/wp-content\/uploads\/2024\/12\/karate_stage_passage_grades_06_12_24_6-2048x1153.jpg 2048w\" sizes=\"auto, (max-width: 1024px) 100vw, 1024px\" \/><\/div><\/div><\/figure><\/div><\/div><\/li><li class=\"kb-slide-item kb-gallery-slide-item splide__slide\"><div class=\"kadence-blocks-gallery-item\"><div class=\"kadence-blocks-gallery-item-inner\"><figure class=\"kb-gallery-figure kadence-blocks-gallery-item-hide-caption\"><div class=\"kb-gal-image-radius\"><div class=\"kb-gallery-image-contain kadence-blocks-gallery-intrinsic kb-gallery-image-ratio-land32 kb-has-image-ratio-land32\" ><img loading=\"lazy\" decoding=\"async\" src=\"https:\/\/asko45000.fr\/wp-content\/uploads\/2024\/12\/karate_stage_passage_grades_06_12_24_2-1024x589.jpg\" width=\"1024\" height=\"589\" alt=\"\" data-full-image=\"https:\/\/asko45000.fr\/wp-content\/uploads\/2024\/12\/karate_stage_passage_grades_06_12_24_2-scaled.jpg\" data-light-image=\"https:\/\/asko45000.fr\/wp-content\/uploads\/2024\/12\/karate_stage_passage_grades_06_12_24_2-scaled.jpg\" data-id=\"2750\" class=\"wp-image-2750 skip-lazy\" srcset=\"https:\/\/asko45000.fr\/wp-content\/uploads\/2024\/12\/karate_stage_passage_grades_06_12_24_2-1024x589.jpg 1024w, https:\/\/asko45000.fr\/wp-content\/uploads\/2024\/12\/karate_stage_passage_grades_06_12_24_2-300x172.jpg 300w, https:\/\/asko45000.fr\/wp-content\/uploads\/2024\/12\/karate_stage_passage_grades_06_12_24_2-768x441.jpg 768w, https:\/\/asko45000.fr\/wp-content\/uploads\/2024\/12\/karate_stage_passage_grades_06_12_24_2-1536x883.jpg 1536w, https:\/\/asko45000.fr\/wp-content\/uploads\/2024\/12\/karate_stage_passage_grades_06_12_24_2-2048x1177.jpg 2048w\" sizes=\"auto, (max-width: 1024px) 100vw, 1024px\" \/><\/div><\/div><\/figure><\/div><\/div><\/li><li class=\"kb-slide-item kb-gallery-slide-item splide__slide\"><div class=\"kadence-blocks-gallery-item\"><div class=\"kadence-blocks-gallery-item-inner\"><figure class=\"kb-gallery-figure kadence-blocks-gallery-item-hide-caption\"><div class=\"kb-gal-image-radius\"><div class=\"kb-gallery-image-contain kadence-blocks-gallery-intrinsic kb-gallery-image-ratio-land32 kb-has-image-ratio-land32\" ><img loading=\"lazy\" decoding=\"async\" src=\"https:\/\/asko45000.fr\/wp-content\/uploads\/2024\/12\/karate_stage_passage_grades_06_12_24_5-1024x576.jpg\" width=\"1024\" height=\"576\" alt=\"\" data-full-image=\"https:\/\/asko45000.fr\/wp-content\/uploads\/2024\/12\/karate_stage_passage_grades_06_12_24_5-scaled.jpg\" data-light-image=\"https:\/\/asko45000.fr\/wp-content\/uploads\/2024\/12\/karate_stage_passage_grades_06_12_24_5-scaled.jpg\" data-id=\"2753\" class=\"wp-image-2753 skip-lazy\" srcset=\"https:\/\/asko45000.fr\/wp-content\/uploads\/2024\/12\/karate_stage_passage_grades_06_12_24_5-1024x576.jpg 1024w, https:\/\/asko45000.fr\/wp-content\/uploads\/2024\/12\/karate_stage_passage_grades_06_12_24_5-300x169.jpg 300w, https:\/\/asko45000.fr\/wp-content\/uploads\/2024\/12\/karate_stage_passage_grades_06_12_24_5-768x432.jpg 768w, https:\/\/asko45000.fr\/wp-content\/uploads\/2024\/12\/karate_stage_passage_grades_06_12_24_5-1536x864.jpg 1536w, https:\/\/asko45000.fr\/wp-content\/uploads\/2024\/12\/karate_stage_passage_grades_06_12_24_5-2048x1152.jpg 2048w\" sizes=\"auto, (max-width: 1024px) 100vw, 1024px\" \/><\/div><\/div><\/figure><\/div><\/div><\/li><li class=\"kb-slide-item kb-gallery-slide-item splide__slide\"><div class=\"kadence-blocks-gallery-item\"><div class=\"kadence-blocks-gallery-item-inner\"><figure class=\"kb-gallery-figure kadence-blocks-gallery-item-hide-caption\"><div class=\"kb-gal-image-radius\"><div class=\"kb-gallery-image-contain kadence-blocks-gallery-intrinsic kb-gallery-image-ratio-land32 kb-has-image-ratio-land32\" ><img loading=\"lazy\" decoding=\"async\" src=\"https:\/\/asko45000.fr\/wp-content\/uploads\/2024\/12\/karate_stage_passage_grades_06_12_24_3-1024x576.jpg\" width=\"1024\" height=\"576\" alt=\"\" data-full-image=\"https:\/\/asko45000.fr\/wp-content\/uploads\/2024\/12\/karate_stage_passage_grades_06_12_24_3-scaled.jpg\" data-light-image=\"https:\/\/asko45000.fr\/wp-content\/uploads\/2024\/12\/karate_stage_passage_grades_06_12_24_3-scaled.jpg\" data-id=\"2751\" class=\"wp-image-2751 skip-lazy\" srcset=\"https:\/\/asko45000.fr\/wp-content\/uploads\/2024\/12\/karate_stage_passage_grades_06_12_24_3-1024x576.jpg 1024w, https:\/\/asko45000.fr\/wp-content\/uploads\/2024\/12\/karate_stage_passage_grades_06_12_24_3-300x169.jpg 300w, https:\/\/asko45000.fr\/wp-content\/uploads\/2024\/12\/karate_stage_passage_grades_06_12_24_3-768x432.jpg 768w, https:\/\/asko45000.fr\/wp-content\/uploads\/2024\/12\/karate_stage_passage_grades_06_12_24_3-1536x864.jpg 1536w, https:\/\/asko45000.fr\/wp-content\/uploads\/2024\/12\/karate_stage_passage_grades_06_12_24_3-2048x1152.jpg 2048w\" sizes=\"auto, (max-width: 1024px) 100vw, 1024px\" \/><\/div><\/div><\/figure><\/div><\/div><\/li><li class=\"kb-slide-item kb-gallery-slide-item splide__slide\"><div class=\"kadence-blocks-gallery-item\"><div class=\"kadence-blocks-gallery-item-inner\"><figure class=\"kb-gallery-figure kadence-blocks-gallery-item-hide-caption\"><div class=\"kb-gal-image-radius\"><div class=\"kb-gallery-image-contain kadence-blocks-gallery-intrinsic kb-gallery-image-ratio-land32 kb-has-image-ratio-land32\" ><img loading=\"lazy\" decoding=\"async\" src=\"https:\/\/asko45000.fr\/wp-content\/uploads\/2024\/12\/karate_stage_passage_grades_06_12_24_4-1024x536.jpg\" width=\"1024\" height=\"536\" alt=\"\" data-full-image=\"https:\/\/asko45000.fr\/wp-content\/uploads\/2024\/12\/karate_stage_passage_grades_06_12_24_4-scaled.jpg\" data-light-image=\"https:\/\/asko45000.fr\/wp-content\/uploads\/2024\/12\/karate_stage_passage_grades_06_12_24_4-scaled.jpg\" data-id=\"2752\" class=\"wp-image-2752 skip-lazy\" srcset=\"https:\/\/asko45000.fr\/wp-content\/uploads\/2024\/12\/karate_stage_passage_grades_06_12_24_4-1024x536.jpg 1024w, https:\/\/asko45000.fr\/wp-content\/uploads\/2024\/12\/karate_stage_passage_grades_06_12_24_4-300x157.jpg 300w, https:\/\/asko45000.fr\/wp-content\/uploads\/2024\/12\/karate_stage_passage_grades_06_12_24_4-768x402.jpg 768w, https:\/\/asko45000.fr\/wp-content\/uploads\/2024\/12\/karate_stage_passage_grades_06_12_24_4-1536x803.jpg 1536w, https:\/\/asko45000.fr\/wp-content\/uploads\/2024\/12\/karate_stage_passage_grades_06_12_24_4-2048x1071.jpg 2048w\" sizes=\"auto, (max-width: 1024px) 100vw, 1024px\" \/><\/div><\/div><\/figure><\/div><\/div><\/li><\/ul><\/div><\/div><\/div><\/div>\n\n\n<p class=\"has-text-align-center\"><strong>Deborah, Mounir, Nivo, Pierre, Quoc, Yasmine et Zineb parmi la trentaine de karat\u00e9kas au Stage Pr\u00e9paration Passage de Grades, anim\u00e9 par S\u00e9bastien Troispoux, Directeur Technique CDK 45 et Fabien Poullin, Responsable des grades CDK 45, vendredi 6 d\u00e9cembre, Dojo ASKO, Orl\u00e9ans La Source.<\/strong><\/p>\n\n\n\n<p><\/p>\n","protected":false},"excerpt":{"rendered":"<p>Deborah, Mounir, Nivo, Pierre, Quoc, Yasmine et Zineb parmi la trentaine de karat\u00e9kas au Stage Pr\u00e9paration Passage de Grades, anim\u00e9 par S\u00e9bastien Troispoux, Directeur Technique CDK 45 et Fabien Poullin, Responsable des grades CDK 45, vendredi 6 d\u00e9cembre, Dojo ASKO, Orl\u00e9ans La Source.<\/p>\n","protected":false},"author":1,"featured_media":0,"parent":0,"menu_order":0,"comment_status":"closed","ping_status":"closed","template":"","meta":{"_kad_post_transparent":"","_kad_post_title":"","_kad_post_layout":"","_kad_post_sidebar_id":"","_kad_post_content_style":"","_kad_post_vertical_padding":"","_kad_post_feature":"","_kad_post_feature_position":"","_kad_post_header":false,"_kad_post_footer":false,"footnotes":""},"class_list":["post-2766","page","type-page","status-publish","hentry"],"_links":{"self":[{"href":"https:\/\/asko45000.fr\/index.php\/wp-json\/wp\/v2\/pages\/2766","targetHints":{"allow":["GET"]}}],"collection":[{"href":"https:\/\/asko45000.fr\/index.php\/wp-json\/wp\/v2\/pages"}],"about":[{"href":"https:\/\/asko45000.fr\/index.php\/wp-json\/wp\/v2\/types\/page"}],"author":[{"embeddable":true,"href":"https:\/\/asko45000.fr\/index.php\/wp-json\/wp\/v2\/users\/1"}],"replies":[{"embeddable":true,"href":"https:\/\/asko45000.fr\/index.php\/wp-json\/wp\/v2\/comments?post=2766"}],"version-history":[{"count":4,"href":"https:\/\/asko45000.fr\/index.php\/wp-json\/wp\/v2\/pages\/2766\/revisions"}],"predecessor-version":[{"id":2770,"href":"https:\/\/asko45000.fr\/index.php\/wp-json\/wp\/v2\/pages\/2766\/revisions\/2770"}],"wp:attachment":[{"href":"https:\/\/asko45000.fr\/index.php\/wp-json\/wp\/v2\/media?parent=2766"}],"curies":[{"name":"wp","href":"https:\/\/api.w.org\/{rel}","templated":true}]}}