{"id":2920,"date":"2025-02-04T21:14:27","date_gmt":"2025-02-04T20:14:27","guid":{"rendered":"https:\/\/asko45000.fr\/?page_id=2920"},"modified":"2025-02-04T21:33:40","modified_gmt":"2025-02-04T20:33:40","slug":"stage-avec-didier-beaujean-2025","status":"publish","type":"page","link":"https:\/\/asko45000.fr\/index.php\/stage-avec-didier-beaujean-2025\/","title":{"rendered":"Stage avec Didier Beaujean 2025"},"content":{"rendered":"<style>.kb-gallery-id-2920_09c3b1-2e .kadence-blocks-gallery-item .kb-gal-image-radius, .kb-gallery-id-2920_09c3b1-2e .kb-slide-item .kb-gal-image-radius img{border-radius:0px 0px 0px 0px;;}.kb-gallery-wrap-id-2920_09c3b1-2e.wp-block-kadence-advancedgallery{overflow:visible;}.kb-gallery-wrap-id-2920_09c3b1-2e.wp-block-kadence-advancedgallery .kt-blocks-carousel{overflow:visible;}<\/style><div class=\"kb-gallery-wrap-id-2920_09c3b1-2e alignwide alignwide wp-block-kadence-advancedgallery\"><div class=\"kb-gallery-ul kb-gallery-non-static kb-gallery-type-slider kb-gallery-id-2920_09c3b1-2e kb-gallery-caption-style-bottom-hover kb-gallery-filter-none\" data-image-filter=\"none\" data-lightbox-caption=\"true\"><div class=\"kt-blocks-carousel splide kt-carousel-container-dotstyle-dark kt-carousel-arrowstyle-whiteondark kt-carousel-dotstyle-dark kb-slider-group-arrow kb-slider-arrow-position-center\" data-slider-anim-speed=\"400\" data-slider-scroll=\"1\" data-slider-arrows=\"true\" data-slider-fade=\"true\" data-slider-dots=\"true\" data-slider-type=\"slider\" data-slider-hover-pause=\"false\" data-slider-auto=\"1\" data-slider-speed=\"4200\" data-show-pause-button=\"false\"><div class=\"splide__track\"><ul class=\"kt-blocks-carousel-init kb-blocks-slider splide__list\"><li class=\"kb-slide-item kb-gallery-slide-item splide__slide\"><div class=\"kadence-blocks-gallery-item\"><div class=\"kadence-blocks-gallery-item-inner\"><figure class=\"kb-gallery-figure kadence-blocks-gallery-item-hide-caption\"><div class=\"kb-gal-image-radius\"><div class=\"kb-gallery-image-contain kadence-blocks-gallery-intrinsic kb-gallery-image-ratio-land32 kb-has-image-ratio-land32\" ><img loading=\"lazy\" decoding=\"async\" src=\"https:\/\/asko45000.fr\/wp-content\/uploads\/2025\/02\/1_karate_beaujean_2025_18_def-Copie-1024x576.jpg\" width=\"1024\" height=\"576\" alt=\"\" data-full-image=\"https:\/\/asko45000.fr\/wp-content\/uploads\/2025\/02\/1_karate_beaujean_2025_18_def-Copie.jpg\" data-light-image=\"https:\/\/asko45000.fr\/wp-content\/uploads\/2025\/02\/1_karate_beaujean_2025_18_def-Copie.jpg\" data-id=\"2930\" class=\"wp-image-2930 skip-lazy\" srcset=\"https:\/\/asko45000.fr\/wp-content\/uploads\/2025\/02\/1_karate_beaujean_2025_18_def-Copie-1024x576.jpg 1024w, https:\/\/asko45000.fr\/wp-content\/uploads\/2025\/02\/1_karate_beaujean_2025_18_def-Copie-300x169.jpg 300w, https:\/\/asko45000.fr\/wp-content\/uploads\/2025\/02\/1_karate_beaujean_2025_18_def-Copie-768x432.jpg 768w, https:\/\/asko45000.fr\/wp-content\/uploads\/2025\/02\/1_karate_beaujean_2025_18_def-Copie-1536x864.jpg 1536w, https:\/\/asko45000.fr\/wp-content\/uploads\/2025\/02\/1_karate_beaujean_2025_18_def-Copie.jpg 1724w\" sizes=\"auto, (max-width: 1024px) 100vw, 1024px\" \/><\/div><\/div><\/figure><\/div><\/div><\/li><li class=\"kb-slide-item kb-gallery-slide-item splide__slide\"><div class=\"kadence-blocks-gallery-item\"><div class=\"kadence-blocks-gallery-item-inner\"><figure class=\"kb-gallery-figure kadence-blocks-gallery-item-hide-caption\"><div class=\"kb-gal-image-radius\"><div class=\"kb-gallery-image-contain kadence-blocks-gallery-intrinsic kb-gallery-image-ratio-land32 kb-has-image-ratio-land32\" ><img loading=\"lazy\" decoding=\"async\" src=\"https:\/\/asko45000.fr\/wp-content\/uploads\/2025\/02\/2_karate_beaujean_2025_19_def-1024x488.jpg\" width=\"1024\" height=\"488\" alt=\"\" data-full-image=\"https:\/\/asko45000.fr\/wp-content\/uploads\/2025\/02\/2_karate_beaujean_2025_19_def.jpg\" data-light-image=\"https:\/\/asko45000.fr\/wp-content\/uploads\/2025\/02\/2_karate_beaujean_2025_19_def.jpg\" data-id=\"2902\" class=\"wp-image-2902 skip-lazy\" srcset=\"https:\/\/asko45000.fr\/wp-content\/uploads\/2025\/02\/2_karate_beaujean_2025_19_def-1024x488.jpg 1024w, https:\/\/asko45000.fr\/wp-content\/uploads\/2025\/02\/2_karate_beaujean_2025_19_def-300x143.jpg 300w, https:\/\/asko45000.fr\/wp-content\/uploads\/2025\/02\/2_karate_beaujean_2025_19_def-768x366.jpg 768w, https:\/\/asko45000.fr\/wp-content\/uploads\/2025\/02\/2_karate_beaujean_2025_19_def-1536x733.jpg 1536w, https:\/\/asko45000.fr\/wp-content\/uploads\/2025\/02\/2_karate_beaujean_2025_19_def.jpg 1950w\" sizes=\"auto, (max-width: 1024px) 100vw, 1024px\" \/><\/div><\/div><\/figure><\/div><\/div><\/li><li class=\"kb-slide-item kb-gallery-slide-item splide__slide\"><div class=\"kadence-blocks-gallery-item\"><div class=\"kadence-blocks-gallery-item-inner\"><figure class=\"kb-gallery-figure kadence-blocks-gallery-item-hide-caption\"><div class=\"kb-gal-image-radius\"><div class=\"kb-gallery-image-contain kadence-blocks-gallery-intrinsic kb-gallery-image-ratio-land32 kb-has-image-ratio-land32\" ><img loading=\"lazy\" decoding=\"async\" src=\"https:\/\/asko45000.fr\/wp-content\/uploads\/2025\/02\/3_karate_beaujean_2025_8_def-1024x576.jpg\" width=\"1024\" height=\"576\" alt=\"\" data-full-image=\"https:\/\/asko45000.fr\/wp-content\/uploads\/2025\/02\/3_karate_beaujean_2025_8_def-scaled.jpg\" data-light-image=\"https:\/\/asko45000.fr\/wp-content\/uploads\/2025\/02\/3_karate_beaujean_2025_8_def-scaled.jpg\" data-id=\"2903\" class=\"wp-image-2903 skip-lazy\" srcset=\"https:\/\/asko45000.fr\/wp-content\/uploads\/2025\/02\/3_karate_beaujean_2025_8_def-1024x576.jpg 1024w, https:\/\/asko45000.fr\/wp-content\/uploads\/2025\/02\/3_karate_beaujean_2025_8_def-300x169.jpg 300w, https:\/\/asko45000.fr\/wp-content\/uploads\/2025\/02\/3_karate_beaujean_2025_8_def-768x432.jpg 768w, https:\/\/asko45000.fr\/wp-content\/uploads\/2025\/02\/3_karate_beaujean_2025_8_def-1536x864.jpg 1536w, https:\/\/asko45000.fr\/wp-content\/uploads\/2025\/02\/3_karate_beaujean_2025_8_def-2048x1152.jpg 2048w\" sizes=\"auto, (max-width: 1024px) 100vw, 1024px\" \/><\/div><\/div><\/figure><\/div><\/div><\/li><li class=\"kb-slide-item kb-gallery-slide-item splide__slide\"><div class=\"kadence-blocks-gallery-item\"><div class=\"kadence-blocks-gallery-item-inner\"><figure class=\"kb-gallery-figure kadence-blocks-gallery-item-hide-caption\"><div class=\"kb-gal-image-radius\"><div class=\"kb-gallery-image-contain kadence-blocks-gallery-intrinsic kb-gallery-image-ratio-land32 kb-has-image-ratio-land32\" ><img loading=\"lazy\" decoding=\"async\" src=\"https:\/\/asko45000.fr\/wp-content\/uploads\/2025\/02\/karate_beaujean_2025_1_def-1024x576.jpg\" width=\"1024\" height=\"576\" alt=\"\" data-full-image=\"https:\/\/asko45000.fr\/wp-content\/uploads\/2025\/02\/karate_beaujean_2025_1_def-scaled.jpg\" data-light-image=\"https:\/\/asko45000.fr\/wp-content\/uploads\/2025\/02\/karate_beaujean_2025_1_def-scaled.jpg\" data-id=\"2904\" class=\"wp-image-2904 skip-lazy\" srcset=\"https:\/\/asko45000.fr\/wp-content\/uploads\/2025\/02\/karate_beaujean_2025_1_def-1024x576.jpg 1024w, https:\/\/asko45000.fr\/wp-content\/uploads\/2025\/02\/karate_beaujean_2025_1_def-300x169.jpg 300w, https:\/\/asko45000.fr\/wp-content\/uploads\/2025\/02\/karate_beaujean_2025_1_def-768x432.jpg 768w, https:\/\/asko45000.fr\/wp-content\/uploads\/2025\/02\/karate_beaujean_2025_1_def-1536x864.jpg 1536w, https:\/\/asko45000.fr\/wp-content\/uploads\/2025\/02\/karate_beaujean_2025_1_def-2048x1153.jpg 2048w\" sizes=\"auto, (max-width: 1024px) 100vw, 1024px\" \/><\/div><\/div><\/figure><\/div><\/div><\/li><li class=\"kb-slide-item kb-gallery-slide-item splide__slide\"><div class=\"kadence-blocks-gallery-item\"><div class=\"kadence-blocks-gallery-item-inner\"><figure class=\"kb-gallery-figure kadence-blocks-gallery-item-hide-caption\"><div class=\"kb-gal-image-radius\"><div class=\"kb-gallery-image-contain kadence-blocks-gallery-intrinsic kb-gallery-image-ratio-land32 kb-has-image-ratio-land32\" ><img loading=\"lazy\" decoding=\"async\" src=\"https:\/\/asko45000.fr\/wp-content\/uploads\/2025\/02\/karate_beaujean_2025_3_def-1024x576.jpg\" width=\"1024\" height=\"576\" alt=\"\" data-full-image=\"https:\/\/asko45000.fr\/wp-content\/uploads\/2025\/02\/karate_beaujean_2025_3_def.jpg\" data-light-image=\"https:\/\/asko45000.fr\/wp-content\/uploads\/2025\/02\/karate_beaujean_2025_3_def.jpg\" data-id=\"2906\" class=\"wp-image-2906 skip-lazy\" srcset=\"https:\/\/asko45000.fr\/wp-content\/uploads\/2025\/02\/karate_beaujean_2025_3_def-1024x576.jpg 1024w, https:\/\/asko45000.fr\/wp-content\/uploads\/2025\/02\/karate_beaujean_2025_3_def-300x169.jpg 300w, https:\/\/asko45000.fr\/wp-content\/uploads\/2025\/02\/karate_beaujean_2025_3_def-768x432.jpg 768w, https:\/\/asko45000.fr\/wp-content\/uploads\/2025\/02\/karate_beaujean_2025_3_def-1536x865.jpg 1536w, https:\/\/asko45000.fr\/wp-content\/uploads\/2025\/02\/karate_beaujean_2025_3_def-2048x1153.jpg 2048w\" sizes=\"auto, (max-width: 1024px) 100vw, 1024px\" \/><\/div><\/div><\/figure><\/div><\/div><\/li><li class=\"kb-slide-item kb-gallery-slide-item splide__slide\"><div class=\"kadence-blocks-gallery-item\"><div class=\"kadence-blocks-gallery-item-inner\"><figure class=\"kb-gallery-figure kadence-blocks-gallery-item-hide-caption\"><div class=\"kb-gal-image-radius\"><div class=\"kb-gallery-image-contain kadence-blocks-gallery-intrinsic kb-gallery-image-ratio-land32 kb-has-image-ratio-land32\" ><img loading=\"lazy\" decoding=\"async\" src=\"https:\/\/asko45000.fr\/wp-content\/uploads\/2025\/02\/karate_beaujean_2025_13_def.jpg\" width=\"1008\" height=\"566\" alt=\"\" data-full-image=\"https:\/\/asko45000.fr\/wp-content\/uploads\/2025\/02\/karate_beaujean_2025_13_def.jpg\" data-light-image=\"https:\/\/asko45000.fr\/wp-content\/uploads\/2025\/02\/karate_beaujean_2025_13_def.jpg\" data-id=\"2915\" class=\"wp-image-2915 skip-lazy\" srcset=\"https:\/\/asko45000.fr\/wp-content\/uploads\/2025\/02\/karate_beaujean_2025_13_def.jpg 1008w, https:\/\/asko45000.fr\/wp-content\/uploads\/2025\/02\/karate_beaujean_2025_13_def-300x168.jpg 300w, https:\/\/asko45000.fr\/wp-content\/uploads\/2025\/02\/karate_beaujean_2025_13_def-768x431.jpg 768w\" sizes=\"auto, (max-width: 1008px) 100vw, 1008px\" \/><\/div><\/div><\/figure><\/div><\/div><\/li><li class=\"kb-slide-item kb-gallery-slide-item splide__slide\"><div class=\"kadence-blocks-gallery-item\"><div class=\"kadence-blocks-gallery-item-inner\"><figure class=\"kb-gallery-figure kadence-blocks-gallery-item-hide-caption\"><div class=\"kb-gal-image-radius\"><div class=\"kb-gallery-image-contain kadence-blocks-gallery-intrinsic kb-gallery-image-ratio-land32 kb-has-image-ratio-land32\" ><img loading=\"lazy\" decoding=\"async\" src=\"https:\/\/asko45000.fr\/wp-content\/uploads\/2025\/02\/karate_beaujean_2025_12_def-1024x576.jpg\" width=\"1024\" height=\"576\" alt=\"\" data-full-image=\"https:\/\/asko45000.fr\/wp-content\/uploads\/2025\/02\/karate_beaujean_2025_12_def.jpg\" data-light-image=\"https:\/\/asko45000.fr\/wp-content\/uploads\/2025\/02\/karate_beaujean_2025_12_def.jpg\" data-id=\"2914\" class=\"wp-image-2914 skip-lazy\" srcset=\"https:\/\/asko45000.fr\/wp-content\/uploads\/2025\/02\/karate_beaujean_2025_12_def-1024x576.jpg 1024w, https:\/\/asko45000.fr\/wp-content\/uploads\/2025\/02\/karate_beaujean_2025_12_def-300x169.jpg 300w, https:\/\/asko45000.fr\/wp-content\/uploads\/2025\/02\/karate_beaujean_2025_12_def-768x432.jpg 768w, https:\/\/asko45000.fr\/wp-content\/uploads\/2025\/02\/karate_beaujean_2025_12_def.jpg 1092w\" sizes=\"auto, (max-width: 1024px) 100vw, 1024px\" \/><\/div><\/div><\/figure><\/div><\/div><\/li><li class=\"kb-slide-item kb-gallery-slide-item splide__slide\"><div class=\"kadence-blocks-gallery-item\"><div class=\"kadence-blocks-gallery-item-inner\"><figure class=\"kb-gallery-figure kadence-blocks-gallery-item-hide-caption\"><div class=\"kb-gal-image-radius\"><div class=\"kb-gallery-image-contain kadence-blocks-gallery-intrinsic kb-gallery-image-ratio-land32 kb-has-image-ratio-land32\" ><img loading=\"lazy\" decoding=\"async\" src=\"https:\/\/asko45000.fr\/wp-content\/uploads\/2025\/02\/karate_beaujean_2025_7_def-1024x591.jpg\" width=\"1024\" height=\"591\" alt=\"\" data-full-image=\"https:\/\/asko45000.fr\/wp-content\/uploads\/2025\/02\/karate_beaujean_2025_7_def-scaled.jpg\" data-light-image=\"https:\/\/asko45000.fr\/wp-content\/uploads\/2025\/02\/karate_beaujean_2025_7_def-scaled.jpg\" data-id=\"2910\" class=\"wp-image-2910 skip-lazy\" srcset=\"https:\/\/asko45000.fr\/wp-content\/uploads\/2025\/02\/karate_beaujean_2025_7_def-1024x591.jpg 1024w, https:\/\/asko45000.fr\/wp-content\/uploads\/2025\/02\/karate_beaujean_2025_7_def-300x173.jpg 300w, https:\/\/asko45000.fr\/wp-content\/uploads\/2025\/02\/karate_beaujean_2025_7_def-768x444.jpg 768w, https:\/\/asko45000.fr\/wp-content\/uploads\/2025\/02\/karate_beaujean_2025_7_def-1536x887.jpg 1536w, https:\/\/asko45000.fr\/wp-content\/uploads\/2025\/02\/karate_beaujean_2025_7_def-2048x1183.jpg 2048w\" sizes=\"auto, (max-width: 1024px) 100vw, 1024px\" \/><\/div><\/div><\/figure><\/div><\/div><\/li><li class=\"kb-slide-item kb-gallery-slide-item splide__slide\"><div class=\"kadence-blocks-gallery-item\"><div class=\"kadence-blocks-gallery-item-inner\"><figure class=\"kb-gallery-figure kadence-blocks-gallery-item-hide-caption\"><div class=\"kb-gal-image-radius\"><div class=\"kb-gallery-image-contain kadence-blocks-gallery-intrinsic kb-gallery-image-ratio-land32 kb-has-image-ratio-land32\" ><img loading=\"lazy\" decoding=\"async\" src=\"https:\/\/asko45000.fr\/wp-content\/uploads\/2025\/02\/karate_beaujean_2025_2_def-1024x585.jpg\" width=\"1024\" height=\"585\" alt=\"\" data-full-image=\"https:\/\/asko45000.fr\/wp-content\/uploads\/2025\/02\/karate_beaujean_2025_2_def.jpg\" data-light-image=\"https:\/\/asko45000.fr\/wp-content\/uploads\/2025\/02\/karate_beaujean_2025_2_def.jpg\" data-id=\"2905\" class=\"wp-image-2905 skip-lazy\" srcset=\"https:\/\/asko45000.fr\/wp-content\/uploads\/2025\/02\/karate_beaujean_2025_2_def-1024x585.jpg 1024w, https:\/\/asko45000.fr\/wp-content\/uploads\/2025\/02\/karate_beaujean_2025_2_def-300x172.jpg 300w, https:\/\/asko45000.fr\/wp-content\/uploads\/2025\/02\/karate_beaujean_2025_2_def-768x439.jpg 768w, https:\/\/asko45000.fr\/wp-content\/uploads\/2025\/02\/karate_beaujean_2025_2_def-1536x878.jpg 1536w, https:\/\/asko45000.fr\/wp-content\/uploads\/2025\/02\/karate_beaujean_2025_2_def-2048x1171.jpg 2048w\" sizes=\"auto, (max-width: 1024px) 100vw, 1024px\" \/><\/div><\/div><\/figure><\/div><\/div><\/li><li class=\"kb-slide-item kb-gallery-slide-item splide__slide\"><div class=\"kadence-blocks-gallery-item\"><div class=\"kadence-blocks-gallery-item-inner\"><figure class=\"kb-gallery-figure kadence-blocks-gallery-item-hide-caption\"><div class=\"kb-gal-image-radius\"><div class=\"kb-gallery-image-contain kadence-blocks-gallery-intrinsic kb-gallery-image-ratio-land32 kb-has-image-ratio-land32\" ><img loading=\"lazy\" decoding=\"async\" src=\"https:\/\/asko45000.fr\/wp-content\/uploads\/2025\/02\/karate_beaujean_2025_17_def-1024x575.jpg\" width=\"1024\" height=\"575\" alt=\"\" data-full-image=\"https:\/\/asko45000.fr\/wp-content\/uploads\/2025\/02\/karate_beaujean_2025_17_def.jpg\" data-light-image=\"https:\/\/asko45000.fr\/wp-content\/uploads\/2025\/02\/karate_beaujean_2025_17_def.jpg\" data-id=\"2919\" class=\"wp-image-2919 skip-lazy\" srcset=\"https:\/\/asko45000.fr\/wp-content\/uploads\/2025\/02\/karate_beaujean_2025_17_def-1024x575.jpg 1024w, https:\/\/asko45000.fr\/wp-content\/uploads\/2025\/02\/karate_beaujean_2025_17_def-300x169.jpg 300w, https:\/\/asko45000.fr\/wp-content\/uploads\/2025\/02\/karate_beaujean_2025_17_def-768x431.jpg 768w, https:\/\/asko45000.fr\/wp-content\/uploads\/2025\/02\/karate_beaujean_2025_17_def.jpg 1360w\" sizes=\"auto, (max-width: 1024px) 100vw, 1024px\" \/><\/div><\/div><\/figure><\/div><\/div><\/li><li class=\"kb-slide-item kb-gallery-slide-item splide__slide\"><div class=\"kadence-blocks-gallery-item\"><div class=\"kadence-blocks-gallery-item-inner\"><figure class=\"kb-gallery-figure kadence-blocks-gallery-item-hide-caption\"><div class=\"kb-gal-image-radius\"><div class=\"kb-gallery-image-contain kadence-blocks-gallery-intrinsic kb-gallery-image-ratio-land32 kb-has-image-ratio-land32\" ><img loading=\"lazy\" decoding=\"async\" src=\"https:\/\/asko45000.fr\/wp-content\/uploads\/2025\/02\/karate_beaujean_2025_16_def-1024x575.jpg\" width=\"1024\" height=\"575\" alt=\"\" data-full-image=\"https:\/\/asko45000.fr\/wp-content\/uploads\/2025\/02\/karate_beaujean_2025_16_def.jpg\" data-light-image=\"https:\/\/asko45000.fr\/wp-content\/uploads\/2025\/02\/karate_beaujean_2025_16_def.jpg\" data-id=\"2918\" class=\"wp-image-2918 skip-lazy\" srcset=\"https:\/\/asko45000.fr\/wp-content\/uploads\/2025\/02\/karate_beaujean_2025_16_def-1024x575.jpg 1024w, https:\/\/asko45000.fr\/wp-content\/uploads\/2025\/02\/karate_beaujean_2025_16_def-300x169.jpg 300w, https:\/\/asko45000.fr\/wp-content\/uploads\/2025\/02\/karate_beaujean_2025_16_def-768x431.jpg 768w, https:\/\/asko45000.fr\/wp-content\/uploads\/2025\/02\/karate_beaujean_2025_16_def.jpg 1310w\" sizes=\"auto, (max-width: 1024px) 100vw, 1024px\" \/><\/div><\/div><\/figure><\/div><\/div><\/li><li class=\"kb-slide-item kb-gallery-slide-item splide__slide\"><div class=\"kadence-blocks-gallery-item\"><div class=\"kadence-blocks-gallery-item-inner\"><figure class=\"kb-gallery-figure kadence-blocks-gallery-item-hide-caption\"><div class=\"kb-gal-image-radius\"><div class=\"kb-gallery-image-contain kadence-blocks-gallery-intrinsic kb-gallery-image-ratio-land32 kb-has-image-ratio-land32\" ><img loading=\"lazy\" decoding=\"async\" src=\"https:\/\/asko45000.fr\/wp-content\/uploads\/2025\/02\/karate_beaujean_2025_11_def.jpg\" width=\"850\" height=\"478\" alt=\"\" data-full-image=\"https:\/\/asko45000.fr\/wp-content\/uploads\/2025\/02\/karate_beaujean_2025_11_def.jpg\" data-light-image=\"https:\/\/asko45000.fr\/wp-content\/uploads\/2025\/02\/karate_beaujean_2025_11_def.jpg\" data-id=\"2913\" class=\"wp-image-2913 skip-lazy\" srcset=\"https:\/\/asko45000.fr\/wp-content\/uploads\/2025\/02\/karate_beaujean_2025_11_def.jpg 850w, https:\/\/asko45000.fr\/wp-content\/uploads\/2025\/02\/karate_beaujean_2025_11_def-300x169.jpg 300w, https:\/\/asko45000.fr\/wp-content\/uploads\/2025\/02\/karate_beaujean_2025_11_def-768x432.jpg 768w\" sizes=\"auto, (max-width: 850px) 100vw, 850px\" \/><\/div><\/div><\/figure><\/div><\/div><\/li><li class=\"kb-slide-item kb-gallery-slide-item splide__slide\"><div class=\"kadence-blocks-gallery-item\"><div class=\"kadence-blocks-gallery-item-inner\"><figure class=\"kb-gallery-figure kadence-blocks-gallery-item-hide-caption\"><div class=\"kb-gal-image-radius\"><div class=\"kb-gallery-image-contain kadence-blocks-gallery-intrinsic kb-gallery-image-ratio-land32 kb-has-image-ratio-land32\" ><img loading=\"lazy\" decoding=\"async\" src=\"https:\/\/asko45000.fr\/wp-content\/uploads\/2025\/02\/karate_beaujean_2025_15_def-1024x576.jpg\" width=\"1024\" height=\"576\" alt=\"\" data-full-image=\"https:\/\/asko45000.fr\/wp-content\/uploads\/2025\/02\/karate_beaujean_2025_15_def.jpg\" data-light-image=\"https:\/\/asko45000.fr\/wp-content\/uploads\/2025\/02\/karate_beaujean_2025_15_def.jpg\" data-id=\"2917\" class=\"wp-image-2917 skip-lazy\" srcset=\"https:\/\/asko45000.fr\/wp-content\/uploads\/2025\/02\/karate_beaujean_2025_15_def-1024x576.jpg 1024w, https:\/\/asko45000.fr\/wp-content\/uploads\/2025\/02\/karate_beaujean_2025_15_def-300x169.jpg 300w, https:\/\/asko45000.fr\/wp-content\/uploads\/2025\/02\/karate_beaujean_2025_15_def-768x432.jpg 768w, https:\/\/asko45000.fr\/wp-content\/uploads\/2025\/02\/karate_beaujean_2025_15_def.jpg 1414w\" sizes=\"auto, (max-width: 1024px) 100vw, 1024px\" \/><\/div><\/div><\/figure><\/div><\/div><\/li><li class=\"kb-slide-item kb-gallery-slide-item splide__slide\"><div class=\"kadence-blocks-gallery-item\"><div class=\"kadence-blocks-gallery-item-inner\"><figure class=\"kb-gallery-figure kadence-blocks-gallery-item-hide-caption\"><div class=\"kb-gal-image-radius\"><div class=\"kb-gallery-image-contain kadence-blocks-gallery-intrinsic kb-gallery-image-ratio-land32 kb-has-image-ratio-land32\" ><img loading=\"lazy\" decoding=\"async\" src=\"https:\/\/asko45000.fr\/wp-content\/uploads\/2025\/02\/karate_beaujean_2025_10_def-1024x575.jpg\" width=\"1024\" height=\"575\" alt=\"\" data-full-image=\"https:\/\/asko45000.fr\/wp-content\/uploads\/2025\/02\/karate_beaujean_2025_10_def.jpg\" data-light-image=\"https:\/\/asko45000.fr\/wp-content\/uploads\/2025\/02\/karate_beaujean_2025_10_def.jpg\" data-id=\"2912\" class=\"wp-image-2912 skip-lazy\" srcset=\"https:\/\/asko45000.fr\/wp-content\/uploads\/2025\/02\/karate_beaujean_2025_10_def-1024x575.jpg 1024w, https:\/\/asko45000.fr\/wp-content\/uploads\/2025\/02\/karate_beaujean_2025_10_def-300x169.jpg 300w, https:\/\/asko45000.fr\/wp-content\/uploads\/2025\/02\/karate_beaujean_2025_10_def-768x431.jpg 768w, https:\/\/asko45000.fr\/wp-content\/uploads\/2025\/02\/karate_beaujean_2025_10_def.jpg 1054w\" sizes=\"auto, (max-width: 1024px) 100vw, 1024px\" \/><\/div><\/div><\/figure><\/div><\/div><\/li><li class=\"kb-slide-item kb-gallery-slide-item splide__slide\"><div class=\"kadence-blocks-gallery-item\"><div class=\"kadence-blocks-gallery-item-inner\"><figure class=\"kb-gallery-figure kadence-blocks-gallery-item-hide-caption\"><div class=\"kb-gal-image-radius\"><div class=\"kb-gallery-image-contain kadence-blocks-gallery-intrinsic kb-gallery-image-ratio-land32 kb-has-image-ratio-land32\" ><img loading=\"lazy\" decoding=\"async\" src=\"https:\/\/asko45000.fr\/wp-content\/uploads\/2025\/02\/karate_beaujean_2025_5_def-1024x592.jpg\" width=\"1024\" height=\"592\" alt=\"\" data-full-image=\"https:\/\/asko45000.fr\/wp-content\/uploads\/2025\/02\/karate_beaujean_2025_5_def-scaled.jpg\" data-light-image=\"https:\/\/asko45000.fr\/wp-content\/uploads\/2025\/02\/karate_beaujean_2025_5_def-scaled.jpg\" data-id=\"2908\" class=\"wp-image-2908 skip-lazy\" srcset=\"https:\/\/asko45000.fr\/wp-content\/uploads\/2025\/02\/karate_beaujean_2025_5_def-1024x592.jpg 1024w, https:\/\/asko45000.fr\/wp-content\/uploads\/2025\/02\/karate_beaujean_2025_5_def-300x174.jpg 300w, https:\/\/asko45000.fr\/wp-content\/uploads\/2025\/02\/karate_beaujean_2025_5_def-768x444.jpg 768w, https:\/\/asko45000.fr\/wp-content\/uploads\/2025\/02\/karate_beaujean_2025_5_def-1536x889.jpg 1536w, https:\/\/asko45000.fr\/wp-content\/uploads\/2025\/02\/karate_beaujean_2025_5_def-2048x1185.jpg 2048w\" sizes=\"auto, (max-width: 1024px) 100vw, 1024px\" \/><\/div><\/div><\/figure><\/div><\/div><\/li><\/ul><\/div><\/div><\/div><\/div>\n\n\n<p><strong>Stage avec Didier Beaujean, 7\u00e8me Dan <\/strong>: Deborah, Eric, Levon, Marc, Nivo et Pierre ont particip\u00e9 au stage organis\u00e9 par le karat\u00e9 Club Fert\u00e9sien, anim\u00e9 par Didier Beaujean, 7\u00e8me Dan, Dojo Jean Halluin, La Fert\u00e9 Saint Aubin, vendredi 31 janvier 2025<\/p>\n\n\n\n<p><\/p>\n","protected":false},"excerpt":{"rendered":"<p>Stage avec Didier Beaujean, 7\u00e8me Dan : Deborah, Eric, Levon, Marc, Nivo et Pierre ont particip\u00e9 au stage organis\u00e9 par le karat\u00e9 Club Fert\u00e9sien, anim\u00e9 par Didier Beaujean, 7\u00e8me Dan, Dojo Jean Halluin, La Fert\u00e9 Saint Aubin, vendredi 31 janvier 2025<\/p>\n","protected":false},"author":1,"featured_media":0,"parent":0,"menu_order":0,"comment_status":"closed","ping_status":"closed","template":"","meta":{"_kad_post_transparent":"","_kad_post_title":"","_kad_post_layout":"","_kad_post_sidebar_id":"","_kad_post_content_style":"","_kad_post_vertical_padding":"","_kad_post_feature":"","_kad_post_feature_position":"","_kad_post_header":false,"_kad_post_footer":false,"footnotes":""},"class_list":["post-2920","page","type-page","status-publish","hentry"],"_links":{"self":[{"href":"https:\/\/asko45000.fr\/index.php\/wp-json\/wp\/v2\/pages\/2920","targetHints":{"allow":["GET"]}}],"collection":[{"href":"https:\/\/asko45000.fr\/index.php\/wp-json\/wp\/v2\/pages"}],"about":[{"href":"https:\/\/asko45000.fr\/index.php\/wp-json\/wp\/v2\/types\/page"}],"author":[{"embeddable":true,"href":"https:\/\/asko45000.fr\/index.php\/wp-json\/wp\/v2\/users\/1"}],"replies":[{"embeddable":true,"href":"https:\/\/asko45000.fr\/index.php\/wp-json\/wp\/v2\/comments?post=2920"}],"version-history":[{"count":8,"href":"https:\/\/asko45000.fr\/index.php\/wp-json\/wp\/v2\/pages\/2920\/revisions"}],"predecessor-version":[{"id":2932,"href":"https:\/\/asko45000.fr\/index.php\/wp-json\/wp\/v2\/pages\/2920\/revisions\/2932"}],"wp:attachment":[{"href":"https:\/\/asko45000.fr\/index.php\/wp-json\/wp\/v2\/media?parent=2920"}],"curies":[{"name":"wp","href":"https:\/\/api.w.org\/{rel}","templated":true}]}}