{"id":2995,"date":"2025-03-03T18:32:10","date_gmt":"2025-03-03T17:32:10","guid":{"rendered":"https:\/\/asko45000.fr\/?page_id=2995"},"modified":"2025-03-03T20:50:40","modified_gmt":"2025-03-03T19:50:40","slug":"championnat-de-ligue-kumite","status":"publish","type":"page","link":"https:\/\/asko45000.fr\/index.php\/championnat-de-ligue-kumite\/","title":{"rendered":"Championnat de Ligue Kumit\u00e9 2025"},"content":{"rendered":"<style>.kb-gallery-id-2995_eb4af2-dc .kadence-blocks-gallery-item .kb-gal-image-radius, .kb-gallery-id-2995_eb4af2-dc .kb-slide-item .kb-gal-image-radius img{border-radius:0px 0px 0px 0px;;}.kb-gallery-wrap-id-2995_eb4af2-dc.wp-block-kadence-advancedgallery{overflow:visible;}.kb-gallery-wrap-id-2995_eb4af2-dc.wp-block-kadence-advancedgallery .kt-blocks-carousel{overflow:visible;}<\/style><div class=\"kb-gallery-wrap-id-2995_eb4af2-dc alignnone wp-block-kadence-advancedgallery\"><div class=\"kb-gallery-ul kb-gallery-non-static kb-gallery-type-slider kb-gallery-id-2995_eb4af2-dc kb-gallery-caption-style-bottom-hover kb-gallery-filter-none\" data-image-filter=\"none\" data-lightbox-caption=\"true\"><div class=\"kt-blocks-carousel splide kt-carousel-container-dotstyle-dark kt-carousel-arrowstyle-whiteondark kt-carousel-dotstyle-dark kb-slider-group-arrow kb-slider-arrow-position-center\" data-slider-anim-speed=\"400\" data-slider-scroll=\"1\" data-slider-arrows=\"true\" data-slider-fade=\"true\" data-slider-dots=\"true\" data-slider-type=\"slider\" data-slider-hover-pause=\"false\" data-slider-auto=\"1\" data-slider-speed=\"4360\" data-show-pause-button=\"false\"><div class=\"splide__track\"><ul class=\"kt-blocks-carousel-init kb-blocks-slider splide__list\"><li class=\"kb-slide-item kb-gallery-slide-item splide__slide\"><div class=\"kadence-blocks-gallery-item\"><div class=\"kadence-blocks-gallery-item-inner\"><figure class=\"kb-gallery-figure kadence-blocks-gallery-item-hide-caption\"><div class=\"kb-gal-image-radius\"><div class=\"kb-gallery-image-contain kadence-blocks-gallery-intrinsic kb-gallery-image-ratio-land32 kb-has-image-ratio-land32\" ><img loading=\"lazy\" decoding=\"async\" src=\"https:\/\/asko45000.fr\/wp-content\/uploads\/2025\/03\/1_karate_championnat_ligue_02_03_25_79_def-1-1024x656.jpg\" width=\"1024\" height=\"656\" alt=\"\" data-full-image=\"https:\/\/asko45000.fr\/wp-content\/uploads\/2025\/03\/1_karate_championnat_ligue_02_03_25_79_def-1-scaled.jpg\" data-light-image=\"https:\/\/asko45000.fr\/wp-content\/uploads\/2025\/03\/1_karate_championnat_ligue_02_03_25_79_def-1-scaled.jpg\" data-id=\"2985\" class=\"wp-image-2985 skip-lazy\" srcset=\"https:\/\/asko45000.fr\/wp-content\/uploads\/2025\/03\/1_karate_championnat_ligue_02_03_25_79_def-1-1024x656.jpg 1024w, https:\/\/asko45000.fr\/wp-content\/uploads\/2025\/03\/1_karate_championnat_ligue_02_03_25_79_def-1-300x192.jpg 300w, https:\/\/asko45000.fr\/wp-content\/uploads\/2025\/03\/1_karate_championnat_ligue_02_03_25_79_def-1-768x492.jpg 768w, https:\/\/asko45000.fr\/wp-content\/uploads\/2025\/03\/1_karate_championnat_ligue_02_03_25_79_def-1-1536x984.jpg 1536w, https:\/\/asko45000.fr\/wp-content\/uploads\/2025\/03\/1_karate_championnat_ligue_02_03_25_79_def-1-2048x1312.jpg 2048w\" sizes=\"auto, (max-width: 1024px) 100vw, 1024px\" \/><\/div><\/div><\/figure><\/div><\/div><\/li><li class=\"kb-slide-item kb-gallery-slide-item splide__slide\"><div class=\"kadence-blocks-gallery-item\"><div class=\"kadence-blocks-gallery-item-inner\"><figure class=\"kb-gallery-figure kadence-blocks-gallery-item-hide-caption\"><div class=\"kb-gal-image-radius\"><div class=\"kb-gallery-image-contain kadence-blocks-gallery-intrinsic kb-gallery-image-ratio-land32 kb-has-image-ratio-land32\" ><img loading=\"lazy\" decoding=\"async\" src=\"https:\/\/asko45000.fr\/wp-content\/uploads\/2025\/03\/2_karate_championnat_ligue_02_03_25_106_def-1024x652.jpg\" width=\"1024\" height=\"652\" alt=\"\" data-full-image=\"https:\/\/asko45000.fr\/wp-content\/uploads\/2025\/03\/2_karate_championnat_ligue_02_03_25_106_def-scaled.jpg\" data-light-image=\"https:\/\/asko45000.fr\/wp-content\/uploads\/2025\/03\/2_karate_championnat_ligue_02_03_25_106_def-scaled.jpg\" data-id=\"2978\" class=\"wp-image-2978 skip-lazy\" srcset=\"https:\/\/asko45000.fr\/wp-content\/uploads\/2025\/03\/2_karate_championnat_ligue_02_03_25_106_def-1024x652.jpg 1024w, https:\/\/asko45000.fr\/wp-content\/uploads\/2025\/03\/2_karate_championnat_ligue_02_03_25_106_def-300x191.jpg 300w, https:\/\/asko45000.fr\/wp-content\/uploads\/2025\/03\/2_karate_championnat_ligue_02_03_25_106_def-768x489.jpg 768w, https:\/\/asko45000.fr\/wp-content\/uploads\/2025\/03\/2_karate_championnat_ligue_02_03_25_106_def-1536x977.jpg 1536w, https:\/\/asko45000.fr\/wp-content\/uploads\/2025\/03\/2_karate_championnat_ligue_02_03_25_106_def-2048x1303.jpg 2048w\" sizes=\"auto, (max-width: 1024px) 100vw, 1024px\" \/><\/div><\/div><\/figure><\/div><\/div><\/li><li class=\"kb-slide-item kb-gallery-slide-item splide__slide\"><div class=\"kadence-blocks-gallery-item\"><div class=\"kadence-blocks-gallery-item-inner\"><figure class=\"kb-gallery-figure kadence-blocks-gallery-item-hide-caption\"><div class=\"kb-gal-image-radius\"><div class=\"kb-gallery-image-contain kadence-blocks-gallery-intrinsic kb-gallery-image-ratio-land32 kb-has-image-ratio-land32\" ><img loading=\"lazy\" decoding=\"async\" src=\"https:\/\/asko45000.fr\/wp-content\/uploads\/2025\/03\/3_karate_championnat_ligue_02_03_25_110_def-1024x576.jpg\" width=\"1024\" height=\"576\" alt=\"\" data-full-image=\"https:\/\/asko45000.fr\/wp-content\/uploads\/2025\/03\/3_karate_championnat_ligue_02_03_25_110_def-scaled.jpg\" data-light-image=\"https:\/\/asko45000.fr\/wp-content\/uploads\/2025\/03\/3_karate_championnat_ligue_02_03_25_110_def-scaled.jpg\" data-id=\"2979\" class=\"wp-image-2979 skip-lazy\" srcset=\"https:\/\/asko45000.fr\/wp-content\/uploads\/2025\/03\/3_karate_championnat_ligue_02_03_25_110_def-1024x576.jpg 1024w, https:\/\/asko45000.fr\/wp-content\/uploads\/2025\/03\/3_karate_championnat_ligue_02_03_25_110_def-300x169.jpg 300w, https:\/\/asko45000.fr\/wp-content\/uploads\/2025\/03\/3_karate_championnat_ligue_02_03_25_110_def-768x432.jpg 768w, https:\/\/asko45000.fr\/wp-content\/uploads\/2025\/03\/3_karate_championnat_ligue_02_03_25_110_def-1536x864.jpg 1536w, https:\/\/asko45000.fr\/wp-content\/uploads\/2025\/03\/3_karate_championnat_ligue_02_03_25_110_def-2048x1152.jpg 2048w\" sizes=\"auto, (max-width: 1024px) 100vw, 1024px\" \/><\/div><\/div><\/figure><\/div><\/div><\/li><li class=\"kb-slide-item kb-gallery-slide-item splide__slide\"><div class=\"kadence-blocks-gallery-item\"><div class=\"kadence-blocks-gallery-item-inner\"><figure class=\"kb-gallery-figure kadence-blocks-gallery-item-hide-caption\"><div class=\"kb-gal-image-radius\"><div class=\"kb-gallery-image-contain kadence-blocks-gallery-intrinsic kb-gallery-image-ratio-land32 kb-has-image-ratio-land32\" ><img loading=\"lazy\" decoding=\"async\" src=\"https:\/\/asko45000.fr\/wp-content\/uploads\/2025\/03\/karate_championnat_ligue_02_03_25_119_def-1024x576.jpg\" width=\"1024\" height=\"576\" alt=\"\" data-full-image=\"https:\/\/asko45000.fr\/wp-content\/uploads\/2025\/03\/karate_championnat_ligue_02_03_25_119_def.jpg\" data-light-image=\"https:\/\/asko45000.fr\/wp-content\/uploads\/2025\/03\/karate_championnat_ligue_02_03_25_119_def.jpg\" data-id=\"2984\" class=\"wp-image-2984 skip-lazy\" srcset=\"https:\/\/asko45000.fr\/wp-content\/uploads\/2025\/03\/karate_championnat_ligue_02_03_25_119_def-1024x576.jpg 1024w, https:\/\/asko45000.fr\/wp-content\/uploads\/2025\/03\/karate_championnat_ligue_02_03_25_119_def-300x169.jpg 300w, https:\/\/asko45000.fr\/wp-content\/uploads\/2025\/03\/karate_championnat_ligue_02_03_25_119_def-768x432.jpg 768w, https:\/\/asko45000.fr\/wp-content\/uploads\/2025\/03\/karate_championnat_ligue_02_03_25_119_def-1536x864.jpg 1536w, https:\/\/asko45000.fr\/wp-content\/uploads\/2025\/03\/karate_championnat_ligue_02_03_25_119_def-2048x1152.jpg 2048w\" sizes=\"auto, (max-width: 1024px) 100vw, 1024px\" \/><\/div><\/div><\/figure><\/div><\/div><\/li><li class=\"kb-slide-item kb-gallery-slide-item splide__slide\"><div class=\"kadence-blocks-gallery-item\"><div class=\"kadence-blocks-gallery-item-inner\"><figure class=\"kb-gallery-figure kadence-blocks-gallery-item-hide-caption\"><div class=\"kb-gal-image-radius\"><div class=\"kb-gallery-image-contain kadence-blocks-gallery-intrinsic kb-gallery-image-ratio-land32 kb-has-image-ratio-land32\" ><img loading=\"lazy\" decoding=\"async\" src=\"https:\/\/asko45000.fr\/wp-content\/uploads\/2025\/03\/karate_championnat_ligue_02_03_25_98_def-1024x607.jpg\" width=\"1024\" height=\"607\" alt=\"\" data-full-image=\"https:\/\/asko45000.fr\/wp-content\/uploads\/2025\/03\/karate_championnat_ligue_02_03_25_98_def-scaled.jpg\" data-light-image=\"https:\/\/asko45000.fr\/wp-content\/uploads\/2025\/03\/karate_championnat_ligue_02_03_25_98_def-scaled.jpg\" data-id=\"2983\" class=\"wp-image-2983 skip-lazy\" srcset=\"https:\/\/asko45000.fr\/wp-content\/uploads\/2025\/03\/karate_championnat_ligue_02_03_25_98_def-1024x607.jpg 1024w, https:\/\/asko45000.fr\/wp-content\/uploads\/2025\/03\/karate_championnat_ligue_02_03_25_98_def-300x178.jpg 300w, https:\/\/asko45000.fr\/wp-content\/uploads\/2025\/03\/karate_championnat_ligue_02_03_25_98_def-768x456.jpg 768w, https:\/\/asko45000.fr\/wp-content\/uploads\/2025\/03\/karate_championnat_ligue_02_03_25_98_def-1536x911.jpg 1536w, https:\/\/asko45000.fr\/wp-content\/uploads\/2025\/03\/karate_championnat_ligue_02_03_25_98_def-2048x1215.jpg 2048w\" sizes=\"auto, (max-width: 1024px) 100vw, 1024px\" \/><\/div><\/div><\/figure><\/div><\/div><\/li><li class=\"kb-slide-item kb-gallery-slide-item splide__slide\"><div class=\"kadence-blocks-gallery-item\"><div class=\"kadence-blocks-gallery-item-inner\"><figure class=\"kb-gallery-figure kadence-blocks-gallery-item-hide-caption\"><div class=\"kb-gal-image-radius\"><div class=\"kb-gallery-image-contain kadence-blocks-gallery-intrinsic kb-gallery-image-ratio-land32 kb-has-image-ratio-land32\" ><img loading=\"lazy\" decoding=\"async\" src=\"https:\/\/asko45000.fr\/wp-content\/uploads\/2025\/03\/karate_championnat_ligue_02_03_25_96_def-1024x576.jpg\" width=\"1024\" height=\"576\" alt=\"\" data-full-image=\"https:\/\/asko45000.fr\/wp-content\/uploads\/2025\/03\/karate_championnat_ligue_02_03_25_96_def-scaled.jpg\" data-light-image=\"https:\/\/asko45000.fr\/wp-content\/uploads\/2025\/03\/karate_championnat_ligue_02_03_25_96_def-scaled.jpg\" data-id=\"2982\" class=\"wp-image-2982 skip-lazy\" srcset=\"https:\/\/asko45000.fr\/wp-content\/uploads\/2025\/03\/karate_championnat_ligue_02_03_25_96_def-1024x576.jpg 1024w, https:\/\/asko45000.fr\/wp-content\/uploads\/2025\/03\/karate_championnat_ligue_02_03_25_96_def-300x169.jpg 300w, https:\/\/asko45000.fr\/wp-content\/uploads\/2025\/03\/karate_championnat_ligue_02_03_25_96_def-768x432.jpg 768w, https:\/\/asko45000.fr\/wp-content\/uploads\/2025\/03\/karate_championnat_ligue_02_03_25_96_def-1536x864.jpg 1536w, https:\/\/asko45000.fr\/wp-content\/uploads\/2025\/03\/karate_championnat_ligue_02_03_25_96_def-2048x1152.jpg 2048w\" sizes=\"auto, (max-width: 1024px) 100vw, 1024px\" \/><\/div><\/div><\/figure><\/div><\/div><\/li><li class=\"kb-slide-item kb-gallery-slide-item splide__slide\"><div class=\"kadence-blocks-gallery-item\"><div class=\"kadence-blocks-gallery-item-inner\"><figure class=\"kb-gallery-figure kadence-blocks-gallery-item-hide-caption\"><div class=\"kb-gal-image-radius\"><div class=\"kb-gallery-image-contain kadence-blocks-gallery-intrinsic kb-gallery-image-ratio-land32 kb-has-image-ratio-land32\" ><img loading=\"lazy\" decoding=\"async\" src=\"https:\/\/asko45000.fr\/wp-content\/uploads\/2025\/03\/karate_championnat_ligue_02_03_25_67_def-1024x576.jpg\" width=\"1024\" height=\"576\" alt=\"\" data-full-image=\"https:\/\/asko45000.fr\/wp-content\/uploads\/2025\/03\/karate_championnat_ligue_02_03_25_67_def.jpg\" data-light-image=\"https:\/\/asko45000.fr\/wp-content\/uploads\/2025\/03\/karate_championnat_ligue_02_03_25_67_def.jpg\" data-id=\"2981\" class=\"wp-image-2981 skip-lazy\" srcset=\"https:\/\/asko45000.fr\/wp-content\/uploads\/2025\/03\/karate_championnat_ligue_02_03_25_67_def-1024x576.jpg 1024w, https:\/\/asko45000.fr\/wp-content\/uploads\/2025\/03\/karate_championnat_ligue_02_03_25_67_def-300x169.jpg 300w, https:\/\/asko45000.fr\/wp-content\/uploads\/2025\/03\/karate_championnat_ligue_02_03_25_67_def-768x432.jpg 768w, https:\/\/asko45000.fr\/wp-content\/uploads\/2025\/03\/karate_championnat_ligue_02_03_25_67_def-1536x864.jpg 1536w, https:\/\/asko45000.fr\/wp-content\/uploads\/2025\/03\/karate_championnat_ligue_02_03_25_67_def-2048x1152.jpg 2048w\" sizes=\"auto, (max-width: 1024px) 100vw, 1024px\" \/><\/div><\/div><\/figure><\/div><\/div><\/li><li class=\"kb-slide-item kb-gallery-slide-item splide__slide\"><div class=\"kadence-blocks-gallery-item\"><div class=\"kadence-blocks-gallery-item-inner\"><figure class=\"kb-gallery-figure kadence-blocks-gallery-item-hide-caption\"><div class=\"kb-gal-image-radius\"><div class=\"kb-gallery-image-contain kadence-blocks-gallery-intrinsic kb-gallery-image-ratio-land32 kb-has-image-ratio-land32\" ><img loading=\"lazy\" decoding=\"async\" src=\"https:\/\/asko45000.fr\/wp-content\/uploads\/2025\/03\/karate_championnat_ligue_02_03_25_8_def-1024x634.jpg\" width=\"1024\" height=\"634\" alt=\"\" data-full-image=\"https:\/\/asko45000.fr\/wp-content\/uploads\/2025\/03\/karate_championnat_ligue_02_03_25_8_def-scaled.jpg\" data-light-image=\"https:\/\/asko45000.fr\/wp-content\/uploads\/2025\/03\/karate_championnat_ligue_02_03_25_8_def-scaled.jpg\" data-id=\"2980\" class=\"wp-image-2980 skip-lazy\" srcset=\"https:\/\/asko45000.fr\/wp-content\/uploads\/2025\/03\/karate_championnat_ligue_02_03_25_8_def-1024x634.jpg 1024w, https:\/\/asko45000.fr\/wp-content\/uploads\/2025\/03\/karate_championnat_ligue_02_03_25_8_def-300x186.jpg 300w, https:\/\/asko45000.fr\/wp-content\/uploads\/2025\/03\/karate_championnat_ligue_02_03_25_8_def-768x476.jpg 768w, https:\/\/asko45000.fr\/wp-content\/uploads\/2025\/03\/karate_championnat_ligue_02_03_25_8_def-1536x952.jpg 1536w, https:\/\/asko45000.fr\/wp-content\/uploads\/2025\/03\/karate_championnat_ligue_02_03_25_8_def-2048x1269.jpg 2048w\" sizes=\"auto, (max-width: 1024px) 100vw, 1024px\" \/><\/div><\/div><\/figure><\/div><\/div><\/li><\/ul><\/div><\/div><\/div><\/div>\n\n\n<p class=\"has-text-align-left\"><\/p>\n\n\n\n<p><em>\ud83c\udfc6 <strong>Championnat Ligue Kumit\u00e9<\/strong> : F\u00e9licitations \u00e0 Aylan, Emilien et Eric pour leur m\u00e9daille de bronze ! \ud83d\udc4f Bravo \u00e9galement \u00e0 Levon pour sa participation !<\/em><\/p>\n\n\n\n<p>Le championnat s&rsquo;est d\u00e9roul\u00e9 le <strong>2 mars 2025<\/strong>, au <strong>Hall des Sports de Saint-Jean-de-Braye<\/strong>. Gr\u00e2ce \u00e0 leurs performances, <strong>tous les quatre sont qualifi\u00e9s pour le championnat de France Kumit\u00e9<\/strong>, qui se tiendra les <strong>26 et 27 avril 2025<\/strong> au *<em>Palais des Sports Saint-Sauveur, \u00e0 Lille (59800) ! \ud83d\udcaa\ud83d\udd25<\/em><\/p>\n\n\n\n<p><\/p>\n","protected":false},"excerpt":{"rendered":"<p>\ud83c\udfc6 Championnat Ligue Kumit\u00e9 : F\u00e9licitations \u00e0 Aylan, Emilien et Eric pour leur m\u00e9daille de bronze ! \ud83d\udc4f Bravo \u00e9galement \u00e0 Levon pour sa participation ! Le championnat s&rsquo;est d\u00e9roul\u00e9 le 2 mars 2025, au Hall des Sports de Saint-Jean-de-Braye. Gr\u00e2ce \u00e0 leurs performances, tous les quatre sont qualifi\u00e9s pour le championnat de France Kumit\u00e9,&#8230;<\/p>\n","protected":false},"author":1,"featured_media":0,"parent":0,"menu_order":0,"comment_status":"closed","ping_status":"closed","template":"","meta":{"_kad_post_transparent":"","_kad_post_title":"","_kad_post_layout":"","_kad_post_sidebar_id":"","_kad_post_content_style":"","_kad_post_vertical_padding":"","_kad_post_feature":"","_kad_post_feature_position":"","_kad_post_header":false,"_kad_post_footer":false,"footnotes":""},"class_list":["post-2995","page","type-page","status-publish","hentry"],"_links":{"self":[{"href":"https:\/\/asko45000.fr\/index.php\/wp-json\/wp\/v2\/pages\/2995","targetHints":{"allow":["GET"]}}],"collection":[{"href":"https:\/\/asko45000.fr\/index.php\/wp-json\/wp\/v2\/pages"}],"about":[{"href":"https:\/\/asko45000.fr\/index.php\/wp-json\/wp\/v2\/types\/page"}],"author":[{"embeddable":true,"href":"https:\/\/asko45000.fr\/index.php\/wp-json\/wp\/v2\/users\/1"}],"replies":[{"embeddable":true,"href":"https:\/\/asko45000.fr\/index.php\/wp-json\/wp\/v2\/comments?post=2995"}],"version-history":[{"count":5,"href":"https:\/\/asko45000.fr\/index.php\/wp-json\/wp\/v2\/pages\/2995\/revisions"}],"predecessor-version":[{"id":3014,"href":"https:\/\/asko45000.fr\/index.php\/wp-json\/wp\/v2\/pages\/2995\/revisions\/3014"}],"wp:attachment":[{"href":"https:\/\/asko45000.fr\/index.php\/wp-json\/wp\/v2\/media?parent=2995"}],"curies":[{"name":"wp","href":"https:\/\/api.w.org\/{rel}","templated":true}]}}