{"id":3159,"date":"2025-05-08T18:04:57","date_gmt":"2025-05-08T16:04:57","guid":{"rendered":"https:\/\/asko45000.fr\/?page_id=3159"},"modified":"2025-05-19T15:10:33","modified_gmt":"2025-05-19T13:10:33","slug":"passage-de-ceintures-2025","status":"publish","type":"page","link":"https:\/\/asko45000.fr\/index.php\/passage-de-ceintures-2025\/","title":{"rendered":"Passage de ceintures enfants 2025"},"content":{"rendered":"<style>.kb-gallery-id-3159_1defcf-dd .kadence-blocks-gallery-item .kb-gal-image-radius, .kb-gallery-id-3159_1defcf-dd .kb-slide-item .kb-gal-image-radius img{border-radius:0px 0px 0px 0px;;}.kb-gallery-wrap-id-3159_1defcf-dd.wp-block-kadence-advancedgallery{overflow:visible;}.kb-gallery-wrap-id-3159_1defcf-dd.wp-block-kadence-advancedgallery .kt-blocks-carousel{overflow:visible;}<\/style><div class=\"kb-gallery-wrap-id-3159_1defcf-dd alignnone wp-block-kadence-advancedgallery\"><div class=\"kb-gallery-ul kb-gallery-non-static kb-gallery-type-slider kb-gallery-id-3159_1defcf-dd kb-gallery-caption-style-bottom-hover kb-gallery-filter-none\" data-image-filter=\"none\" data-lightbox-caption=\"true\"><div class=\"kt-blocks-carousel splide kt-carousel-container-dotstyle-dark kt-carousel-arrowstyle-whiteondark kt-carousel-dotstyle-dark kb-slider-group-arrow kb-slider-arrow-position-center\" data-slider-anim-speed=\"400\" data-slider-scroll=\"1\" data-slider-arrows=\"true\" data-slider-fade=\"true\" data-slider-dots=\"true\" data-slider-type=\"slider\" data-slider-hover-pause=\"false\" data-slider-auto=\"1\" data-slider-speed=\"4150\" data-show-pause-button=\"false\"><div class=\"splide__track\"><ul class=\"kt-blocks-carousel-init kb-blocks-slider splide__list\"><li class=\"kb-slide-item kb-gallery-slide-item splide__slide\"><div class=\"kadence-blocks-gallery-item\"><div class=\"kadence-blocks-gallery-item-inner\"><figure class=\"kb-gallery-figure kadence-blocks-gallery-item-hide-caption\"><div class=\"kb-gal-image-radius\"><div class=\"kb-gallery-image-contain kadence-blocks-gallery-intrinsic kb-gallery-image-ratio-land32 kb-has-image-ratio-land32\" ><img loading=\"lazy\" decoding=\"async\" src=\"https:\/\/asko45000.fr\/wp-content\/uploads\/2025\/05\/karate_passage_ceintures_2025_photo_14_def-1024x585.jpg\" width=\"1024\" height=\"585\" alt=\"\" data-full-image=\"https:\/\/asko45000.fr\/wp-content\/uploads\/2025\/05\/karate_passage_ceintures_2025_photo_14_def-scaled.jpg\" data-light-image=\"https:\/\/asko45000.fr\/wp-content\/uploads\/2025\/05\/karate_passage_ceintures_2025_photo_14_def-scaled.jpg\" data-id=\"3173\" class=\"wp-image-3173 skip-lazy\" srcset=\"https:\/\/asko45000.fr\/wp-content\/uploads\/2025\/05\/karate_passage_ceintures_2025_photo_14_def-1024x585.jpg 1024w, https:\/\/asko45000.fr\/wp-content\/uploads\/2025\/05\/karate_passage_ceintures_2025_photo_14_def-300x171.jpg 300w, https:\/\/asko45000.fr\/wp-content\/uploads\/2025\/05\/karate_passage_ceintures_2025_photo_14_def-768x439.jpg 768w, https:\/\/asko45000.fr\/wp-content\/uploads\/2025\/05\/karate_passage_ceintures_2025_photo_14_def-1536x877.jpg 1536w, https:\/\/asko45000.fr\/wp-content\/uploads\/2025\/05\/karate_passage_ceintures_2025_photo_14_def-2048x1170.jpg 2048w\" sizes=\"auto, (max-width: 1024px) 100vw, 1024px\" \/><\/div><\/div><\/figure><\/div><\/div><\/li><li class=\"kb-slide-item kb-gallery-slide-item splide__slide\"><div class=\"kadence-blocks-gallery-item\"><div class=\"kadence-blocks-gallery-item-inner\"><figure class=\"kb-gallery-figure kadence-blocks-gallery-item-hide-caption\"><div class=\"kb-gal-image-radius\"><div class=\"kb-gallery-image-contain kadence-blocks-gallery-intrinsic kb-gallery-image-ratio-land32 kb-has-image-ratio-land32\" ><img loading=\"lazy\" decoding=\"async\" src=\"https:\/\/asko45000.fr\/wp-content\/uploads\/2025\/05\/karate_passage_ceintures_2025_photo_13_def-1024x576.jpg\" width=\"1024\" height=\"576\" alt=\"\" data-full-image=\"https:\/\/asko45000.fr\/wp-content\/uploads\/2025\/05\/karate_passage_ceintures_2025_photo_13_def-scaled.jpg\" data-light-image=\"https:\/\/asko45000.fr\/wp-content\/uploads\/2025\/05\/karate_passage_ceintures_2025_photo_13_def-scaled.jpg\" data-id=\"3172\" class=\"wp-image-3172 skip-lazy\" srcset=\"https:\/\/asko45000.fr\/wp-content\/uploads\/2025\/05\/karate_passage_ceintures_2025_photo_13_def-1024x576.jpg 1024w, https:\/\/asko45000.fr\/wp-content\/uploads\/2025\/05\/karate_passage_ceintures_2025_photo_13_def-300x169.jpg 300w, https:\/\/asko45000.fr\/wp-content\/uploads\/2025\/05\/karate_passage_ceintures_2025_photo_13_def-768x432.jpg 768w, https:\/\/asko45000.fr\/wp-content\/uploads\/2025\/05\/karate_passage_ceintures_2025_photo_13_def-1536x864.jpg 1536w, https:\/\/asko45000.fr\/wp-content\/uploads\/2025\/05\/karate_passage_ceintures_2025_photo_13_def-2048x1152.jpg 2048w\" sizes=\"auto, (max-width: 1024px) 100vw, 1024px\" \/><\/div><\/div><\/figure><\/div><\/div><\/li><li class=\"kb-slide-item kb-gallery-slide-item splide__slide\"><div class=\"kadence-blocks-gallery-item\"><div class=\"kadence-blocks-gallery-item-inner\"><figure class=\"kb-gallery-figure kadence-blocks-gallery-item-hide-caption\"><div class=\"kb-gal-image-radius\"><div class=\"kb-gallery-image-contain kadence-blocks-gallery-intrinsic kb-gallery-image-ratio-land32 kb-has-image-ratio-land32\" ><img loading=\"lazy\" decoding=\"async\" src=\"https:\/\/asko45000.fr\/wp-content\/uploads\/2025\/05\/karate_passage_ceintures_2025_photo_11_def-1024x576.jpg\" width=\"1024\" height=\"576\" alt=\"\" data-full-image=\"https:\/\/asko45000.fr\/wp-content\/uploads\/2025\/05\/karate_passage_ceintures_2025_photo_11_def-scaled.jpg\" data-light-image=\"https:\/\/asko45000.fr\/wp-content\/uploads\/2025\/05\/karate_passage_ceintures_2025_photo_11_def-scaled.jpg\" data-id=\"3171\" class=\"wp-image-3171 skip-lazy\" srcset=\"https:\/\/asko45000.fr\/wp-content\/uploads\/2025\/05\/karate_passage_ceintures_2025_photo_11_def-1024x576.jpg 1024w, https:\/\/asko45000.fr\/wp-content\/uploads\/2025\/05\/karate_passage_ceintures_2025_photo_11_def-300x169.jpg 300w, https:\/\/asko45000.fr\/wp-content\/uploads\/2025\/05\/karate_passage_ceintures_2025_photo_11_def-768x432.jpg 768w, https:\/\/asko45000.fr\/wp-content\/uploads\/2025\/05\/karate_passage_ceintures_2025_photo_11_def-1536x864.jpg 1536w, https:\/\/asko45000.fr\/wp-content\/uploads\/2025\/05\/karate_passage_ceintures_2025_photo_11_def-2048x1152.jpg 2048w\" sizes=\"auto, (max-width: 1024px) 100vw, 1024px\" \/><\/div><\/div><\/figure><\/div><\/div><\/li><li class=\"kb-slide-item kb-gallery-slide-item splide__slide\"><div class=\"kadence-blocks-gallery-item\"><div class=\"kadence-blocks-gallery-item-inner\"><figure class=\"kb-gallery-figure kadence-blocks-gallery-item-hide-caption\"><div class=\"kb-gal-image-radius\"><div class=\"kb-gallery-image-contain kadence-blocks-gallery-intrinsic kb-gallery-image-ratio-land32 kb-has-image-ratio-land32\" ><img loading=\"lazy\" decoding=\"async\" src=\"https:\/\/asko45000.fr\/wp-content\/uploads\/2025\/05\/karate_passage_ceintures_2025_photo_9_def-1024x576.jpg\" width=\"1024\" height=\"576\" alt=\"\" data-full-image=\"https:\/\/asko45000.fr\/wp-content\/uploads\/2025\/05\/karate_passage_ceintures_2025_photo_9_def.jpg\" data-light-image=\"https:\/\/asko45000.fr\/wp-content\/uploads\/2025\/05\/karate_passage_ceintures_2025_photo_9_def.jpg\" data-id=\"3170\" class=\"wp-image-3170 skip-lazy\" srcset=\"https:\/\/asko45000.fr\/wp-content\/uploads\/2025\/05\/karate_passage_ceintures_2025_photo_9_def-1024x576.jpg 1024w, https:\/\/asko45000.fr\/wp-content\/uploads\/2025\/05\/karate_passage_ceintures_2025_photo_9_def-300x169.jpg 300w, https:\/\/asko45000.fr\/wp-content\/uploads\/2025\/05\/karate_passage_ceintures_2025_photo_9_def-768x432.jpg 768w, https:\/\/asko45000.fr\/wp-content\/uploads\/2025\/05\/karate_passage_ceintures_2025_photo_9_def-1536x864.jpg 1536w, https:\/\/asko45000.fr\/wp-content\/uploads\/2025\/05\/karate_passage_ceintures_2025_photo_9_def-2048x1152.jpg 2048w\" sizes=\"auto, (max-width: 1024px) 100vw, 1024px\" \/><\/div><\/div><\/figure><\/div><\/div><\/li><li class=\"kb-slide-item kb-gallery-slide-item splide__slide\"><div class=\"kadence-blocks-gallery-item\"><div class=\"kadence-blocks-gallery-item-inner\"><figure class=\"kb-gallery-figure kadence-blocks-gallery-item-hide-caption\"><div class=\"kb-gal-image-radius\"><div class=\"kb-gallery-image-contain kadence-blocks-gallery-intrinsic kb-gallery-image-ratio-land32 kb-has-image-ratio-land32\" ><img loading=\"lazy\" decoding=\"async\" src=\"https:\/\/asko45000.fr\/wp-content\/uploads\/2025\/05\/karate_passage_ceintures_2025_photo_8_def-1024x576.jpg\" width=\"1024\" height=\"576\" alt=\"\" data-full-image=\"https:\/\/asko45000.fr\/wp-content\/uploads\/2025\/05\/karate_passage_ceintures_2025_photo_8_def.jpg\" data-light-image=\"https:\/\/asko45000.fr\/wp-content\/uploads\/2025\/05\/karate_passage_ceintures_2025_photo_8_def.jpg\" data-id=\"3169\" class=\"wp-image-3169 skip-lazy\" srcset=\"https:\/\/asko45000.fr\/wp-content\/uploads\/2025\/05\/karate_passage_ceintures_2025_photo_8_def-1024x576.jpg 1024w, https:\/\/asko45000.fr\/wp-content\/uploads\/2025\/05\/karate_passage_ceintures_2025_photo_8_def-300x169.jpg 300w, https:\/\/asko45000.fr\/wp-content\/uploads\/2025\/05\/karate_passage_ceintures_2025_photo_8_def-768x432.jpg 768w, https:\/\/asko45000.fr\/wp-content\/uploads\/2025\/05\/karate_passage_ceintures_2025_photo_8_def-1536x864.jpg 1536w, https:\/\/asko45000.fr\/wp-content\/uploads\/2025\/05\/karate_passage_ceintures_2025_photo_8_def-2048x1152.jpg 2048w\" sizes=\"auto, (max-width: 1024px) 100vw, 1024px\" \/><\/div><\/div><\/figure><\/div><\/div><\/li><li class=\"kb-slide-item kb-gallery-slide-item splide__slide\"><div class=\"kadence-blocks-gallery-item\"><div class=\"kadence-blocks-gallery-item-inner\"><figure class=\"kb-gallery-figure kadence-blocks-gallery-item-hide-caption\"><div class=\"kb-gal-image-radius\"><div class=\"kb-gallery-image-contain kadence-blocks-gallery-intrinsic kb-gallery-image-ratio-land32 kb-has-image-ratio-land32\" ><img loading=\"lazy\" decoding=\"async\" src=\"https:\/\/asko45000.fr\/wp-content\/uploads\/2025\/05\/karate_passage_ceintures_2025_photo_4_def-1024x576.jpg\" width=\"1024\" height=\"576\" alt=\"\" data-full-image=\"https:\/\/asko45000.fr\/wp-content\/uploads\/2025\/05\/karate_passage_ceintures_2025_photo_4_def.jpg\" data-light-image=\"https:\/\/asko45000.fr\/wp-content\/uploads\/2025\/05\/karate_passage_ceintures_2025_photo_4_def.jpg\" data-id=\"3168\" class=\"wp-image-3168 skip-lazy\" srcset=\"https:\/\/asko45000.fr\/wp-content\/uploads\/2025\/05\/karate_passage_ceintures_2025_photo_4_def-1024x576.jpg 1024w, https:\/\/asko45000.fr\/wp-content\/uploads\/2025\/05\/karate_passage_ceintures_2025_photo_4_def-300x169.jpg 300w, https:\/\/asko45000.fr\/wp-content\/uploads\/2025\/05\/karate_passage_ceintures_2025_photo_4_def-768x432.jpg 768w, https:\/\/asko45000.fr\/wp-content\/uploads\/2025\/05\/karate_passage_ceintures_2025_photo_4_def-1536x864.jpg 1536w, https:\/\/asko45000.fr\/wp-content\/uploads\/2025\/05\/karate_passage_ceintures_2025_photo_4_def-2048x1152.jpg 2048w\" sizes=\"auto, (max-width: 1024px) 100vw, 1024px\" \/><\/div><\/div><\/figure><\/div><\/div><\/li><li class=\"kb-slide-item kb-gallery-slide-item splide__slide\"><div class=\"kadence-blocks-gallery-item\"><div class=\"kadence-blocks-gallery-item-inner\"><figure class=\"kb-gallery-figure kadence-blocks-gallery-item-hide-caption\"><div class=\"kb-gal-image-radius\"><div class=\"kb-gallery-image-contain kadence-blocks-gallery-intrinsic kb-gallery-image-ratio-land32 kb-has-image-ratio-land32\" ><img loading=\"lazy\" decoding=\"async\" src=\"https:\/\/asko45000.fr\/wp-content\/uploads\/2025\/05\/karate_passage_ceintures_2025_photo_3_def-1024x576.jpg\" width=\"1024\" height=\"576\" alt=\"\" data-full-image=\"https:\/\/asko45000.fr\/wp-content\/uploads\/2025\/05\/karate_passage_ceintures_2025_photo_3_def.jpg\" data-light-image=\"https:\/\/asko45000.fr\/wp-content\/uploads\/2025\/05\/karate_passage_ceintures_2025_photo_3_def.jpg\" data-id=\"3167\" class=\"wp-image-3167 skip-lazy\" srcset=\"https:\/\/asko45000.fr\/wp-content\/uploads\/2025\/05\/karate_passage_ceintures_2025_photo_3_def-1024x576.jpg 1024w, https:\/\/asko45000.fr\/wp-content\/uploads\/2025\/05\/karate_passage_ceintures_2025_photo_3_def-300x169.jpg 300w, https:\/\/asko45000.fr\/wp-content\/uploads\/2025\/05\/karate_passage_ceintures_2025_photo_3_def-768x432.jpg 768w, https:\/\/asko45000.fr\/wp-content\/uploads\/2025\/05\/karate_passage_ceintures_2025_photo_3_def-1536x864.jpg 1536w, https:\/\/asko45000.fr\/wp-content\/uploads\/2025\/05\/karate_passage_ceintures_2025_photo_3_def.jpg 1832w\" sizes=\"auto, (max-width: 1024px) 100vw, 1024px\" \/><\/div><\/div><\/figure><\/div><\/div><\/li><li class=\"kb-slide-item kb-gallery-slide-item splide__slide\"><div class=\"kadence-blocks-gallery-item\"><div class=\"kadence-blocks-gallery-item-inner\"><figure class=\"kb-gallery-figure kadence-blocks-gallery-item-hide-caption\"><div class=\"kb-gal-image-radius\"><div class=\"kb-gallery-image-contain kadence-blocks-gallery-intrinsic kb-gallery-image-ratio-land32 kb-has-image-ratio-land32\" ><img loading=\"lazy\" decoding=\"async\" src=\"https:\/\/asko45000.fr\/wp-content\/uploads\/2025\/05\/karate_passage_ceintures_2025_photo_2_def-1024x576.jpg\" width=\"1024\" height=\"576\" alt=\"\" data-full-image=\"https:\/\/asko45000.fr\/wp-content\/uploads\/2025\/05\/karate_passage_ceintures_2025_photo_2_def.jpg\" data-light-image=\"https:\/\/asko45000.fr\/wp-content\/uploads\/2025\/05\/karate_passage_ceintures_2025_photo_2_def.jpg\" data-id=\"3166\" class=\"wp-image-3166 skip-lazy\" srcset=\"https:\/\/asko45000.fr\/wp-content\/uploads\/2025\/05\/karate_passage_ceintures_2025_photo_2_def-1024x576.jpg 1024w, https:\/\/asko45000.fr\/wp-content\/uploads\/2025\/05\/karate_passage_ceintures_2025_photo_2_def-300x169.jpg 300w, https:\/\/asko45000.fr\/wp-content\/uploads\/2025\/05\/karate_passage_ceintures_2025_photo_2_def-768x432.jpg 768w, https:\/\/asko45000.fr\/wp-content\/uploads\/2025\/05\/karate_passage_ceintures_2025_photo_2_def-1536x864.jpg 1536w, https:\/\/asko45000.fr\/wp-content\/uploads\/2025\/05\/karate_passage_ceintures_2025_photo_2_def.jpg 1750w\" sizes=\"auto, (max-width: 1024px) 100vw, 1024px\" \/><\/div><\/div><\/figure><\/div><\/div><\/li><li class=\"kb-slide-item kb-gallery-slide-item splide__slide\"><div class=\"kadence-blocks-gallery-item\"><div class=\"kadence-blocks-gallery-item-inner\"><figure class=\"kb-gallery-figure kadence-blocks-gallery-item-hide-caption\"><div class=\"kb-gal-image-radius\"><div class=\"kb-gallery-image-contain kadence-blocks-gallery-intrinsic kb-gallery-image-ratio-land32 kb-has-image-ratio-land32\" ><img loading=\"lazy\" decoding=\"async\" src=\"https:\/\/asko45000.fr\/wp-content\/uploads\/2025\/05\/karate_passage_ceintures_2025_photo_1_der-1024x576.jpg\" width=\"1024\" height=\"576\" alt=\"\" data-full-image=\"https:\/\/asko45000.fr\/wp-content\/uploads\/2025\/05\/karate_passage_ceintures_2025_photo_1_der.jpg\" data-light-image=\"https:\/\/asko45000.fr\/wp-content\/uploads\/2025\/05\/karate_passage_ceintures_2025_photo_1_der.jpg\" data-id=\"3165\" class=\"wp-image-3165 skip-lazy\" srcset=\"https:\/\/asko45000.fr\/wp-content\/uploads\/2025\/05\/karate_passage_ceintures_2025_photo_1_der-1024x576.jpg 1024w, https:\/\/asko45000.fr\/wp-content\/uploads\/2025\/05\/karate_passage_ceintures_2025_photo_1_der-300x169.jpg 300w, https:\/\/asko45000.fr\/wp-content\/uploads\/2025\/05\/karate_passage_ceintures_2025_photo_1_der-768x432.jpg 768w, https:\/\/asko45000.fr\/wp-content\/uploads\/2025\/05\/karate_passage_ceintures_2025_photo_1_der-1536x864.jpg 1536w, https:\/\/asko45000.fr\/wp-content\/uploads\/2025\/05\/karate_passage_ceintures_2025_photo_1_der.jpg 1777w\" sizes=\"auto, (max-width: 1024px) 100vw, 1024px\" \/><\/div><\/div><\/figure><\/div><\/div><\/li><\/ul><\/div><\/div><\/div><\/div>\n\n\n<p class=\"has-text-align-center\"><strong>Passage de ceintures enfants<\/strong>, samedi 17 mai, Dojo Jacques Cosson : <strong>F\u00e9licitations \u00e0 Aya A, Aya B, Bilal, Eden, F\u00e9lix, Ibrahim, Ilias, Isra, Joyce, Karlina, Madian, Mahado, Mariette, Martin, Maryam, Marwa, Meriem, Nathan, Nayla, Reda, Salwa, Th\u00e9o et Victor<\/strong> <strong>pour leur nouvelle ceinture !<\/strong><\/p>\n\n\n\n<p><\/p>\n","protected":false},"excerpt":{"rendered":"<p>Passage de ceintures enfants, samedi 17 mai, Dojo Jacques Cosson : F\u00e9licitations \u00e0 Aya A, Aya B, Bilal, Eden, F\u00e9lix, Ibrahim, Ilias, Isra, Joyce, Karlina, Madian, Mahado, Mariette, Martin, Maryam, Marwa, Meriem, Nathan, Nayla, Reda, Salwa, Th\u00e9o et Victor pour leur nouvelle ceinture !<\/p>\n","protected":false},"author":1,"featured_media":0,"parent":0,"menu_order":0,"comment_status":"closed","ping_status":"closed","template":"","meta":{"_kad_post_transparent":"","_kad_post_title":"","_kad_post_layout":"","_kad_post_sidebar_id":"","_kad_post_content_style":"","_kad_post_vertical_padding":"","_kad_post_feature":"","_kad_post_feature_position":"","_kad_post_header":false,"_kad_post_footer":false,"footnotes":""},"class_list":["post-3159","page","type-page","status-publish","hentry"],"_links":{"self":[{"href":"https:\/\/asko45000.fr\/index.php\/wp-json\/wp\/v2\/pages\/3159","targetHints":{"allow":["GET"]}}],"collection":[{"href":"https:\/\/asko45000.fr\/index.php\/wp-json\/wp\/v2\/pages"}],"about":[{"href":"https:\/\/asko45000.fr\/index.php\/wp-json\/wp\/v2\/types\/page"}],"author":[{"embeddable":true,"href":"https:\/\/asko45000.fr\/index.php\/wp-json\/wp\/v2\/users\/1"}],"replies":[{"embeddable":true,"href":"https:\/\/asko45000.fr\/index.php\/wp-json\/wp\/v2\/comments?post=3159"}],"version-history":[{"count":4,"href":"https:\/\/asko45000.fr\/index.php\/wp-json\/wp\/v2\/pages\/3159\/revisions"}],"predecessor-version":[{"id":3177,"href":"https:\/\/asko45000.fr\/index.php\/wp-json\/wp\/v2\/pages\/3159\/revisions\/3177"}],"wp:attachment":[{"href":"https:\/\/asko45000.fr\/index.php\/wp-json\/wp\/v2\/media?parent=3159"}],"curies":[{"name":"wp","href":"https:\/\/api.w.org\/{rel}","templated":true}]}}