{"id":3184,"date":"2025-05-27T18:52:00","date_gmt":"2025-05-27T16:52:00","guid":{"rendered":"https:\/\/asko45000.fr\/?page_id=3184"},"modified":"2025-05-27T18:56:52","modified_gmt":"2025-05-27T16:56:52","slug":"usepiade-lavoisier-20-mai-2025","status":"publish","type":"page","link":"https:\/\/asko45000.fr\/index.php\/usepiade-lavoisier-20-mai-2025\/","title":{"rendered":"USEPIADE Lavoisier, 20 mai 2025"},"content":{"rendered":"<style>.kb-gallery-id-3184_b083bb-f6 .kadence-blocks-gallery-item .kb-gal-image-radius, .kb-gallery-id-3184_b083bb-f6 .kb-slide-item .kb-gal-image-radius img{border-radius:0px 0px 0px 0px;;}.kb-gallery-wrap-id-3184_b083bb-f6.wp-block-kadence-advancedgallery{overflow:visible;}.kb-gallery-wrap-id-3184_b083bb-f6.wp-block-kadence-advancedgallery .kt-blocks-carousel{overflow:visible;}<\/style><div class=\"kb-gallery-wrap-id-3184_b083bb-f6 alignnone wp-block-kadence-advancedgallery\"><div class=\"kb-gallery-ul kb-gallery-non-static kb-gallery-type-slider kb-gallery-id-3184_b083bb-f6 kb-gallery-caption-style-bottom-hover kb-gallery-filter-none\" data-image-filter=\"none\" data-lightbox-caption=\"true\"><div class=\"kt-blocks-carousel splide kt-carousel-container-dotstyle-dark kt-carousel-arrowstyle-whiteondark kt-carousel-dotstyle-dark kb-slider-group-arrow kb-slider-arrow-position-center\" data-slider-anim-speed=\"4870\" data-slider-scroll=\"1\" data-slider-arrows=\"true\" data-slider-fade=\"true\" data-slider-dots=\"true\" data-slider-type=\"slider\" data-slider-hover-pause=\"false\" data-slider-auto=\"1\" data-slider-speed=\"3990\" data-show-pause-button=\"false\"><div class=\"splide__track\"><ul class=\"kt-blocks-carousel-init kb-blocks-slider splide__list\"><li class=\"kb-slide-item kb-gallery-slide-item splide__slide\"><div class=\"kadence-blocks-gallery-item\"><div class=\"kadence-blocks-gallery-item-inner\"><figure class=\"kb-gallery-figure kadence-blocks-gallery-item-hide-caption\"><div class=\"kb-gal-image-radius\"><div class=\"kb-gallery-image-contain kadence-blocks-gallery-intrinsic kb-gallery-image-ratio-land32 kb-has-image-ratio-land32\" ><img loading=\"lazy\" decoding=\"async\" src=\"https:\/\/asko45000.fr\/wp-content\/uploads\/2025\/05\/sary-nathalie_2_ok_tinified.jpg\" width=\"711\" height=\"400\" alt=\"\" data-full-image=\"https:\/\/asko45000.fr\/wp-content\/uploads\/2025\/05\/sary-nathalie_2_ok_tinified.jpg\" data-light-image=\"https:\/\/asko45000.fr\/wp-content\/uploads\/2025\/05\/sary-nathalie_2_ok_tinified.jpg\" data-id=\"3187\" class=\"wp-image-3187 skip-lazy\" srcset=\"https:\/\/asko45000.fr\/wp-content\/uploads\/2025\/05\/sary-nathalie_2_ok_tinified.jpg 711w, https:\/\/asko45000.fr\/wp-content\/uploads\/2025\/05\/sary-nathalie_2_ok_tinified-300x169.jpg 300w\" sizes=\"auto, (max-width: 711px) 100vw, 711px\" \/><\/div><\/div><\/figure><\/div><\/div><\/li><li class=\"kb-slide-item kb-gallery-slide-item splide__slide\"><div class=\"kadence-blocks-gallery-item\"><div class=\"kadence-blocks-gallery-item-inner\"><figure class=\"kb-gallery-figure kadence-blocks-gallery-item-hide-caption\"><div class=\"kb-gal-image-radius\"><div class=\"kb-gallery-image-contain kadence-blocks-gallery-intrinsic kb-gallery-image-ratio-land32 kb-has-image-ratio-land32\" ><img loading=\"lazy\" decoding=\"async\" src=\"https:\/\/asko45000.fr\/wp-content\/uploads\/2025\/05\/sary-nathalie_1_ok_tinified-1024x576.jpg\" width=\"1024\" height=\"576\" alt=\"\" data-full-image=\"https:\/\/asko45000.fr\/wp-content\/uploads\/2025\/05\/sary-nathalie_1_ok_tinified.jpg\" data-light-image=\"https:\/\/asko45000.fr\/wp-content\/uploads\/2025\/05\/sary-nathalie_1_ok_tinified.jpg\" data-id=\"3186\" class=\"wp-image-3186 skip-lazy\" srcset=\"https:\/\/asko45000.fr\/wp-content\/uploads\/2025\/05\/sary-nathalie_1_ok_tinified-1024x576.jpg 1024w, https:\/\/asko45000.fr\/wp-content\/uploads\/2025\/05\/sary-nathalie_1_ok_tinified-300x169.jpg 300w, https:\/\/asko45000.fr\/wp-content\/uploads\/2025\/05\/sary-nathalie_1_ok_tinified-768x432.jpg 768w, https:\/\/asko45000.fr\/wp-content\/uploads\/2025\/05\/sary-nathalie_1_ok_tinified.jpg 1312w\" sizes=\"auto, (max-width: 1024px) 100vw, 1024px\" \/><\/div><\/div><\/figure><\/div><\/div><\/li><\/ul><\/div><\/div><\/div><\/div>\n\n\n<p><strong>USEPIADE \u00e0 l&rsquo;\u00c9cole primaire Lavoisier, Orl\u00e9ans La Source \u2013 20 mai 2025 :<\/strong><br>Marc et Nivo ont anim\u00e9 un atelier karat\u00e9 lors de l&rsquo;USEPIADE organis\u00e9e par l&rsquo;USEP (Union Sportive de l\u2019Enseignement du Premier degr\u00e9), la f\u00e9d\u00e9ration sportive scolaire d\u00e9di\u00e9e aux \u00e9coles primaires publiques.<br>L&rsquo;\u00e9v\u00e9nement a r\u00e9uni 90 \u00e9l\u00e8ves des \u00e9coles Cadou, Diderot et Romain Rolland, toutes situ\u00e9es \u00e0 Orl\u00e9ans La Source.<\/p>\n","protected":false},"excerpt":{"rendered":"<p>USEPIADE \u00e0 l&rsquo;\u00c9cole primaire Lavoisier, Orl\u00e9ans La Source \u2013 20 mai 2025 :Marc et Nivo ont anim\u00e9 un atelier karat\u00e9 lors de l&rsquo;USEPIADE organis\u00e9e par l&rsquo;USEP (Union Sportive de l\u2019Enseignement du Premier degr\u00e9), la f\u00e9d\u00e9ration sportive scolaire d\u00e9di\u00e9e aux \u00e9coles primaires publiques.L&rsquo;\u00e9v\u00e9nement a r\u00e9uni 90 \u00e9l\u00e8ves des \u00e9coles Cadou, Diderot et Romain Rolland, toutes situ\u00e9es&#8230;<\/p>\n","protected":false},"author":1,"featured_media":0,"parent":0,"menu_order":0,"comment_status":"closed","ping_status":"closed","template":"","meta":{"_kad_post_transparent":"","_kad_post_title":"","_kad_post_layout":"","_kad_post_sidebar_id":"","_kad_post_content_style":"","_kad_post_vertical_padding":"","_kad_post_feature":"","_kad_post_feature_position":"","_kad_post_header":false,"_kad_post_footer":false,"footnotes":""},"class_list":["post-3184","page","type-page","status-publish","hentry"],"_links":{"self":[{"href":"https:\/\/asko45000.fr\/index.php\/wp-json\/wp\/v2\/pages\/3184","targetHints":{"allow":["GET"]}}],"collection":[{"href":"https:\/\/asko45000.fr\/index.php\/wp-json\/wp\/v2\/pages"}],"about":[{"href":"https:\/\/asko45000.fr\/index.php\/wp-json\/wp\/v2\/types\/page"}],"author":[{"embeddable":true,"href":"https:\/\/asko45000.fr\/index.php\/wp-json\/wp\/v2\/users\/1"}],"replies":[{"embeddable":true,"href":"https:\/\/asko45000.fr\/index.php\/wp-json\/wp\/v2\/comments?post=3184"}],"version-history":[{"count":4,"href":"https:\/\/asko45000.fr\/index.php\/wp-json\/wp\/v2\/pages\/3184\/revisions"}],"predecessor-version":[{"id":3190,"href":"https:\/\/asko45000.fr\/index.php\/wp-json\/wp\/v2\/pages\/3184\/revisions\/3190"}],"wp:attachment":[{"href":"https:\/\/asko45000.fr\/index.php\/wp-json\/wp\/v2\/media?parent=3184"}],"curies":[{"name":"wp","href":"https:\/\/api.w.org\/{rel}","templated":true}]}}