{"id":329,"date":"2023-02-06T17:27:08","date_gmt":"2023-02-06T16:27:08","guid":{"rendered":"http:\/\/askofrx.cluster028.hosting.ovh.net\/?page_id=329"},"modified":"2023-02-08T20:27:48","modified_gmt":"2023-02-08T19:27:48","slug":"coupe-departementale-kumite","status":"publish","type":"page","link":"https:\/\/asko45000.fr\/index.php\/coupe-departementale-kumite\/","title":{"rendered":"Coupe D\u00e9partementale Kumit\u00e9"},"content":{"rendered":"<style>.kb-gallery-id-_fc08e1-9b.kb-gallery-ul.kb-gallery-type-fluidcarousel .kt-blocks-carousel figure .kb-gal-image-radius, .kb-gallery-id-_fc08e1-9b.kb-gallery-ul.kb-gallery-type-fluidcarousel .kt-blocks-carousel figure .kb-gal-image-radius img{height:300px;}.kb-gallery-id-_fc08e1-9b .kadence-blocks-gallery-item .kb-gal-image-radius, .kb-gallery-id-_fc08e1-9b .kb-slide-item .kb-gal-image-radius img{border-radius:0px 0px 0px 0px;;}.kb-gallery-wrap-id-_fc08e1-9b.wp-block-kadence-advancedgallery{overflow:visible;}.kb-gallery-wrap-id-_fc08e1-9b.wp-block-kadence-advancedgallery .kt-blocks-carousel{overflow:visible;max-width:100%;}<\/style><div class=\"kb-gallery-wrap-id-_fc08e1-9b alignnone wp-block-kadence-advancedgallery\"><div class=\"kb-gallery-ul kb-gallery-non-static kb-gallery-type-fluidcarousel kb-gallery-id-_fc08e1-9b kb-gallery-caption-style-bottom-hover kb-gallery-filter-none\" data-image-filter=\"none\" data-lightbox-caption=\"true\"><div class=\"kt-blocks-carousel splide kt-carousel-container-dotstyle-dark kt-carousel-arrowstyle-whiteondark kt-carousel-dotstyle-dark kb-slider-group-arrow kb-slider-arrow-position-center\" data-slider-anim-speed=\"400\" data-slider-scroll=\"1\" data-slider-arrows=\"true\" data-slider-dots=\"true\" data-slider-hover-pause=\"false\" data-slider-auto=\"1\" data-slider-speed=\"2590\" data-slider-type=\"fluidcarousel\" data-slider-center-mode=\"true\" data-slider-gap=\"10px\" data-slider-gap-tablet=\"10px\" data-slider-gap-mobile=\"10px\" data-show-pause-button=\"false\"><div class=\"splide__track\"><ul class=\"kt-blocks-carousel-init kb-blocks-fluid-carousel splide__list\"><li class=\"kb-slide-item kb-gallery-carousel-item splide__slide\"><div class=\"kadence-blocks-gallery-item\"><div class=\"kadence-blocks-gallery-item-inner\"><figure class=\"kb-gallery-figure kadence-blocks-gallery-item-hide-caption\"><div class=\"kb-gal-image-radius\"><div class=\"kb-gallery-image-contain\" ><img loading=\"lazy\" decoding=\"async\" src=\"http:\/\/askofrx.cluster028.hosting.ovh.net\/wp-content\/uploads\/2023\/02\/tiny_jaella_2-576x1024.jpg\" width=\"576\" height=\"1024\" alt=\"\" data-full-image=\"http:\/\/askofrx.cluster028.hosting.ovh.net\/wp-content\/uploads\/2023\/02\/tiny_jaella_2-scaled.jpg\" data-light-image=\"http:\/\/askofrx.cluster028.hosting.ovh.net\/wp-content\/uploads\/2023\/02\/tiny_jaella_2-scaled.jpg\" data-id=\"524\" class=\"wp-image-524 skip-lazy\" srcset=\"https:\/\/asko45000.fr\/wp-content\/uploads\/2023\/02\/tiny_jaella_2-576x1024.jpg 576w, https:\/\/asko45000.fr\/wp-content\/uploads\/2023\/02\/tiny_jaella_2-169x300.jpg 169w, https:\/\/asko45000.fr\/wp-content\/uploads\/2023\/02\/tiny_jaella_2-768x1366.jpg 768w, https:\/\/asko45000.fr\/wp-content\/uploads\/2023\/02\/tiny_jaella_2-863x1536.jpg 863w, https:\/\/asko45000.fr\/wp-content\/uploads\/2023\/02\/tiny_jaella_2-1151x2048.jpg 1151w, https:\/\/asko45000.fr\/wp-content\/uploads\/2023\/02\/tiny_jaella_2-scaled.jpg 1439w\" sizes=\"auto, (max-width: 576px) 100vw, 576px\" \/><\/div><\/div><\/figure><\/div><\/div><\/li><li class=\"kb-slide-item kb-gallery-carousel-item splide__slide\"><div class=\"kadence-blocks-gallery-item\"><div class=\"kadence-blocks-gallery-item-inner\"><figure class=\"kb-gallery-figure kadence-blocks-gallery-item-hide-caption\"><div class=\"kb-gal-image-radius\"><div class=\"kb-gallery-image-contain\" ><img loading=\"lazy\" decoding=\"async\" src=\"http:\/\/askofrx.cluster028.hosting.ovh.net\/wp-content\/uploads\/2023\/02\/IMG_20221023_165536_ok-575x1024.jpg\" width=\"575\" height=\"1024\" alt=\"\" data-full-image=\"http:\/\/askofrx.cluster028.hosting.ovh.net\/wp-content\/uploads\/2023\/02\/IMG_20221023_165536_ok-scaled.jpg\" data-light-image=\"http:\/\/askofrx.cluster028.hosting.ovh.net\/wp-content\/uploads\/2023\/02\/IMG_20221023_165536_ok-scaled.jpg\" data-id=\"523\" class=\"wp-image-523 skip-lazy\" srcset=\"https:\/\/asko45000.fr\/wp-content\/uploads\/2023\/02\/IMG_20221023_165536_ok-575x1024.jpg 575w, https:\/\/asko45000.fr\/wp-content\/uploads\/2023\/02\/IMG_20221023_165536_ok-169x300.jpg 169w, https:\/\/asko45000.fr\/wp-content\/uploads\/2023\/02\/IMG_20221023_165536_ok-768x1367.jpg 768w, https:\/\/asko45000.fr\/wp-content\/uploads\/2023\/02\/IMG_20221023_165536_ok-863x1536.jpg 863w, https:\/\/asko45000.fr\/wp-content\/uploads\/2023\/02\/IMG_20221023_165536_ok-1151x2048.jpg 1151w, https:\/\/asko45000.fr\/wp-content\/uploads\/2023\/02\/IMG_20221023_165536_ok-scaled.jpg 1439w\" sizes=\"auto, (max-width: 575px) 100vw, 575px\" \/><\/div><\/div><\/figure><\/div><\/div><\/li><li class=\"kb-slide-item kb-gallery-carousel-item splide__slide\"><div class=\"kadence-blocks-gallery-item\"><div class=\"kadence-blocks-gallery-item-inner\"><figure class=\"kb-gallery-figure kadence-blocks-gallery-item-hide-caption\"><div class=\"kb-gal-image-radius\"><div class=\"kb-gallery-image-contain\" ><img loading=\"lazy\" decoding=\"async\" src=\"http:\/\/askofrx.cluster028.hosting.ovh.net\/wp-content\/uploads\/2023\/02\/IMG_20221023_164405_ok-575x1024.jpg\" width=\"575\" height=\"1024\" alt=\"\" data-full-image=\"http:\/\/askofrx.cluster028.hosting.ovh.net\/wp-content\/uploads\/2023\/02\/IMG_20221023_164405_ok-scaled.jpg\" data-light-image=\"http:\/\/askofrx.cluster028.hosting.ovh.net\/wp-content\/uploads\/2023\/02\/IMG_20221023_164405_ok-scaled.jpg\" data-id=\"522\" class=\"wp-image-522 skip-lazy\" srcset=\"https:\/\/asko45000.fr\/wp-content\/uploads\/2023\/02\/IMG_20221023_164405_ok-575x1024.jpg 575w, https:\/\/asko45000.fr\/wp-content\/uploads\/2023\/02\/IMG_20221023_164405_ok-169x300.jpg 169w, https:\/\/asko45000.fr\/wp-content\/uploads\/2023\/02\/IMG_20221023_164405_ok-768x1367.jpg 768w, https:\/\/asko45000.fr\/wp-content\/uploads\/2023\/02\/IMG_20221023_164405_ok-863x1536.jpg 863w, https:\/\/asko45000.fr\/wp-content\/uploads\/2023\/02\/IMG_20221023_164405_ok-1151x2048.jpg 1151w, https:\/\/asko45000.fr\/wp-content\/uploads\/2023\/02\/IMG_20221023_164405_ok-scaled.jpg 1439w\" sizes=\"auto, (max-width: 575px) 100vw, 575px\" \/><\/div><\/div><\/figure><\/div><\/div><\/li><li class=\"kb-slide-item kb-gallery-carousel-item splide__slide\"><div class=\"kadence-blocks-gallery-item\"><div class=\"kadence-blocks-gallery-item-inner\"><figure class=\"kb-gallery-figure kadence-blocks-gallery-item-hide-caption\"><div class=\"kb-gal-image-radius\"><div class=\"kb-gallery-image-contain\" ><img loading=\"lazy\" decoding=\"async\" src=\"http:\/\/askofrx.cluster028.hosting.ovh.net\/wp-content\/uploads\/2023\/02\/IMG_20221023_160046_ok-1024x575.jpg\" width=\"1024\" height=\"575\" alt=\"\" data-full-image=\"http:\/\/askofrx.cluster028.hosting.ovh.net\/wp-content\/uploads\/2023\/02\/IMG_20221023_160046_ok-scaled.jpg\" data-light-image=\"http:\/\/askofrx.cluster028.hosting.ovh.net\/wp-content\/uploads\/2023\/02\/IMG_20221023_160046_ok-scaled.jpg\" data-id=\"521\" class=\"wp-image-521 skip-lazy\" srcset=\"https:\/\/asko45000.fr\/wp-content\/uploads\/2023\/02\/IMG_20221023_160046_ok-1024x575.jpg 1024w, https:\/\/asko45000.fr\/wp-content\/uploads\/2023\/02\/IMG_20221023_160046_ok-300x169.jpg 300w, https:\/\/asko45000.fr\/wp-content\/uploads\/2023\/02\/IMG_20221023_160046_ok-768x432.jpg 768w, https:\/\/asko45000.fr\/wp-content\/uploads\/2023\/02\/IMG_20221023_160046_ok-1536x863.jpg 1536w, https:\/\/asko45000.fr\/wp-content\/uploads\/2023\/02\/IMG_20221023_160046_ok-2048x1151.jpg 2048w\" sizes=\"auto, (max-width: 1024px) 100vw, 1024px\" \/><\/div><\/div><\/figure><\/div><\/div><\/li><li class=\"kb-slide-item kb-gallery-carousel-item splide__slide\"><div class=\"kadence-blocks-gallery-item\"><div class=\"kadence-blocks-gallery-item-inner\"><figure class=\"kb-gallery-figure kadence-blocks-gallery-item-hide-caption\"><div class=\"kb-gal-image-radius\"><div class=\"kb-gallery-image-contain\" ><img loading=\"lazy\" decoding=\"async\" src=\"http:\/\/askofrx.cluster028.hosting.ovh.net\/wp-content\/uploads\/2023\/02\/IMG_20221023_144405_ok-1024x575.jpg\" width=\"1024\" height=\"575\" alt=\"\" data-full-image=\"http:\/\/askofrx.cluster028.hosting.ovh.net\/wp-content\/uploads\/2023\/02\/IMG_20221023_144405_ok-scaled.jpg\" data-light-image=\"http:\/\/askofrx.cluster028.hosting.ovh.net\/wp-content\/uploads\/2023\/02\/IMG_20221023_144405_ok-scaled.jpg\" data-id=\"520\" class=\"wp-image-520 skip-lazy\" srcset=\"https:\/\/asko45000.fr\/wp-content\/uploads\/2023\/02\/IMG_20221023_144405_ok-1024x575.jpg 1024w, https:\/\/asko45000.fr\/wp-content\/uploads\/2023\/02\/IMG_20221023_144405_ok-300x169.jpg 300w, https:\/\/asko45000.fr\/wp-content\/uploads\/2023\/02\/IMG_20221023_144405_ok-768x432.jpg 768w, https:\/\/asko45000.fr\/wp-content\/uploads\/2023\/02\/IMG_20221023_144405_ok-1536x863.jpg 1536w, https:\/\/asko45000.fr\/wp-content\/uploads\/2023\/02\/IMG_20221023_144405_ok-2048x1151.jpg 2048w\" sizes=\"auto, (max-width: 1024px) 100vw, 1024px\" \/><\/div><\/div><\/figure><\/div><\/div><\/li><li class=\"kb-slide-item kb-gallery-carousel-item splide__slide\"><div class=\"kadence-blocks-gallery-item\"><div class=\"kadence-blocks-gallery-item-inner\"><figure class=\"kb-gallery-figure kadence-blocks-gallery-item-hide-caption\"><div class=\"kb-gal-image-radius\"><div class=\"kb-gallery-image-contain\" ><img loading=\"lazy\" decoding=\"async\" src=\"http:\/\/askofrx.cluster028.hosting.ovh.net\/wp-content\/uploads\/2023\/02\/IMG_20221023_130626_ok-1024x575.jpg\" width=\"1024\" height=\"575\" alt=\"\" data-full-image=\"http:\/\/askofrx.cluster028.hosting.ovh.net\/wp-content\/uploads\/2023\/02\/IMG_20221023_130626_ok-scaled.jpg\" data-light-image=\"http:\/\/askofrx.cluster028.hosting.ovh.net\/wp-content\/uploads\/2023\/02\/IMG_20221023_130626_ok-scaled.jpg\" data-id=\"519\" class=\"wp-image-519 skip-lazy\" srcset=\"https:\/\/asko45000.fr\/wp-content\/uploads\/2023\/02\/IMG_20221023_130626_ok-1024x575.jpg 1024w, https:\/\/asko45000.fr\/wp-content\/uploads\/2023\/02\/IMG_20221023_130626_ok-300x169.jpg 300w, https:\/\/asko45000.fr\/wp-content\/uploads\/2023\/02\/IMG_20221023_130626_ok-768x432.jpg 768w, https:\/\/asko45000.fr\/wp-content\/uploads\/2023\/02\/IMG_20221023_130626_ok-1536x863.jpg 1536w, https:\/\/asko45000.fr\/wp-content\/uploads\/2023\/02\/IMG_20221023_130626_ok-2048x1151.jpg 2048w\" sizes=\"auto, (max-width: 1024px) 100vw, 1024px\" \/><\/div><\/div><\/figure><\/div><\/div><\/li><\/ul><\/div><\/div><\/div><\/div>\n\n<style>.wp-block-kadence-advancedheading.kt-adv-heading_a9b58f-a6, .wp-block-kadence-advancedheading.kt-adv-heading_a9b58f-a6[data-kb-block=\"kb-adv-heading_a9b58f-a6\"]{text-align:center;font-style:normal;}.wp-block-kadence-advancedheading.kt-adv-heading_a9b58f-a6 mark.kt-highlight, .wp-block-kadence-advancedheading.kt-adv-heading_a9b58f-a6[data-kb-block=\"kb-adv-heading_a9b58f-a6\"] mark.kt-highlight{font-style:normal;color:#f76a0c;-webkit-box-decoration-break:clone;box-decoration-break:clone;padding-top:0px;padding-right:0px;padding-bottom:0px;padding-left:0px;}.wp-block-kadence-advancedheading.kt-adv-heading_a9b58f-a6 img.kb-inline-image, .wp-block-kadence-advancedheading.kt-adv-heading_a9b58f-a6[data-kb-block=\"kb-adv-heading_a9b58f-a6\"] img.kb-inline-image{width:150px;vertical-align:baseline;}<\/style>\n<h2 class=\"kt-adv-heading_a9b58f-a6 wp-block-kadence-advancedheading has-theme-palette-1-color has-text-color\" data-kb-block=\"kb-adv-heading_a9b58f-a6\">23 octobre 2022, Amilly<\/h2>\n\n\n<style>.wp-block-kadence-advancedheading.kt-adv-heading_bff335-90, .wp-block-kadence-advancedheading.kt-adv-heading_bff335-90[data-kb-block=\"kb-adv-heading_bff335-90\"]{text-align:center;font-style:normal;}.wp-block-kadence-advancedheading.kt-adv-heading_bff335-90 mark.kt-highlight, .wp-block-kadence-advancedheading.kt-adv-heading_bff335-90[data-kb-block=\"kb-adv-heading_bff335-90\"] mark.kt-highlight{font-style:normal;color:#f76a0c;-webkit-box-decoration-break:clone;box-decoration-break:clone;padding-top:0px;padding-right:0px;padding-bottom:0px;padding-left:0px;}.wp-block-kadence-advancedheading.kt-adv-heading_bff335-90 img.kb-inline-image, .wp-block-kadence-advancedheading.kt-adv-heading_bff335-90[data-kb-block=\"kb-adv-heading_bff335-90\"] img.kb-inline-image{width:150px;vertical-align:baseline;}<\/style>\n<h2 class=\"kt-adv-heading_bff335-90 wp-block-kadence-advancedheading has-theme-palette-1-color has-text-color\" data-kb-block=\"kb-adv-heading_bff335-90\">De l&rsquo;Or pour F\u00e9lix, Mouhamadou, Thim\u00e9o et Nivo<\/h2>\n\n\n<style>.wp-block-kadence-advancedheading.kt-adv-heading_b7f9d3-97, .wp-block-kadence-advancedheading.kt-adv-heading_b7f9d3-97[data-kb-block=\"kb-adv-heading_b7f9d3-97\"]{text-align:center;font-style:normal;}.wp-block-kadence-advancedheading.kt-adv-heading_b7f9d3-97 mark.kt-highlight, .wp-block-kadence-advancedheading.kt-adv-heading_b7f9d3-97[data-kb-block=\"kb-adv-heading_b7f9d3-97\"] mark.kt-highlight{font-style:normal;color:#f76a0c;-webkit-box-decoration-break:clone;box-decoration-break:clone;padding-top:0px;padding-right:0px;padding-bottom:0px;padding-left:0px;}.wp-block-kadence-advancedheading.kt-adv-heading_b7f9d3-97 img.kb-inline-image, .wp-block-kadence-advancedheading.kt-adv-heading_b7f9d3-97[data-kb-block=\"kb-adv-heading_b7f9d3-97\"] img.kb-inline-image{width:150px;vertical-align:baseline;}<\/style>\n<h2 class=\"kt-adv-heading_b7f9d3-97 wp-block-kadence-advancedheading has-theme-palette-1-color has-text-color\" data-kb-block=\"kb-adv-heading_b7f9d3-97\">De l&rsquo;Argent pour Emran, Ishak, Ja\u00eblla et Nelia <\/h2>\n\n\n<style>.wp-block-kadence-advancedheading.kt-adv-heading_9f974c-02, .wp-block-kadence-advancedheading.kt-adv-heading_9f974c-02[data-kb-block=\"kb-adv-heading_9f974c-02\"]{text-align:center;font-style:normal;}.wp-block-kadence-advancedheading.kt-adv-heading_9f974c-02 mark.kt-highlight, .wp-block-kadence-advancedheading.kt-adv-heading_9f974c-02[data-kb-block=\"kb-adv-heading_9f974c-02\"] mark.kt-highlight{font-style:normal;color:#f76a0c;-webkit-box-decoration-break:clone;box-decoration-break:clone;padding-top:0px;padding-right:0px;padding-bottom:0px;padding-left:0px;}.wp-block-kadence-advancedheading.kt-adv-heading_9f974c-02 img.kb-inline-image, .wp-block-kadence-advancedheading.kt-adv-heading_9f974c-02[data-kb-block=\"kb-adv-heading_9f974c-02\"] img.kb-inline-image{width:150px;vertical-align:baseline;}<\/style>\n<h2 class=\"kt-adv-heading_9f974c-02 wp-block-kadence-advancedheading has-theme-palette-1-color has-text-color\" data-kb-block=\"kb-adv-heading_9f974c-02\">Du Bronze pour Eden<\/h2>\n\n\n\n<p><\/p>\n","protected":false},"excerpt":{"rendered":"<p>23 octobre 2022, Amilly De l&rsquo;Or pour F\u00e9lix, Mouhamadou, Thim\u00e9o et Nivo De l&rsquo;Argent pour Emran, Ishak, Ja\u00eblla et Nelia Du Bronze pour Eden<\/p>\n","protected":false},"author":1,"featured_media":0,"parent":0,"menu_order":0,"comment_status":"closed","ping_status":"closed","template":"","meta":{"_kad_post_transparent":"","_kad_post_title":"","_kad_post_layout":"","_kad_post_sidebar_id":"","_kad_post_content_style":"","_kad_post_vertical_padding":"","_kad_post_feature":"","_kad_post_feature_position":"","_kad_post_header":false,"_kad_post_footer":false,"footnotes":""},"class_list":["post-329","page","type-page","status-publish","hentry"],"_links":{"self":[{"href":"https:\/\/asko45000.fr\/index.php\/wp-json\/wp\/v2\/pages\/329","targetHints":{"allow":["GET"]}}],"collection":[{"href":"https:\/\/asko45000.fr\/index.php\/wp-json\/wp\/v2\/pages"}],"about":[{"href":"https:\/\/asko45000.fr\/index.php\/wp-json\/wp\/v2\/types\/page"}],"author":[{"embeddable":true,"href":"https:\/\/asko45000.fr\/index.php\/wp-json\/wp\/v2\/users\/1"}],"replies":[{"embeddable":true,"href":"https:\/\/asko45000.fr\/index.php\/wp-json\/wp\/v2\/comments?post=329"}],"version-history":[{"count":24,"href":"https:\/\/asko45000.fr\/index.php\/wp-json\/wp\/v2\/pages\/329\/revisions"}],"predecessor-version":[{"id":526,"href":"https:\/\/asko45000.fr\/index.php\/wp-json\/wp\/v2\/pages\/329\/revisions\/526"}],"wp:attachment":[{"href":"https:\/\/asko45000.fr\/index.php\/wp-json\/wp\/v2\/media?parent=329"}],"curies":[{"name":"wp","href":"https:\/\/api.w.org\/{rel}","templated":true}]}}