{"id":3355,"date":"2025-08-29T17:23:32","date_gmt":"2025-08-29T15:23:32","guid":{"rendered":"https:\/\/asko45000.fr\/?page_id=3355"},"modified":"2025-08-29T17:58:41","modified_gmt":"2025-08-29T15:58:41","slug":"dates-rentrees","status":"publish","type":"page","link":"https:\/\/asko45000.fr\/index.php\/dates-rentrees\/","title":{"rendered":"Dates Rentr\u00e9es"},"content":{"rendered":"\n<figure class=\"wp-block-table\"><table class=\"has-fixed-layout\"><thead><tr><th>Cat\u00e9gorie<\/th><th>Date et Heure<\/th><\/tr><\/thead><tbody><tr><td>ENFANTS (n\u00e9s entre 2016 et 2019)<\/td><td>Mardi 16 septembre &#8211; 18h<\/td><\/tr><tr><td>ENFANTS PR\u00c9-ADOS (n\u00e9s entre 2012 et 2015)<\/td><td>Mardi 16 septembre &#8211; 19h<\/td><\/tr><tr><td>ADOS (14 ans et +), \u00c9TUDIANTS et ADULTES<\/td><td>Mercredi 10 septembre &#8211; 20h<\/td><\/tr><tr><td>SENIORS<\/td><td>Mercredi 24 septembre &#8211; 10h30<\/td><\/tr><tr><td>BODY KARAT\u00c9 FITNESS<\/td><td>Mercredi 10 septembre &#8211; 19h<\/td><\/tr><tr><td>BABIES (n\u00e9s en 2020 et 2021)<\/td><td>Mercredi 24 septembre &#8211; 18h<\/td><\/tr><tr><td>KARAT\u00c9 SANT\u00c9<\/td><td>Lundi 15 septembre et Vendredi 12 septembre<\/td><\/tr><\/tbody><\/table><\/figure>\n","protected":false},"excerpt":{"rendered":"<p>Cat\u00e9gorie Date et Heure ENFANTS (n\u00e9s entre 2016 et 2019) Mardi 16 septembre &#8211; 18h ENFANTS PR\u00c9-ADOS (n\u00e9s entre 2012 et 2015) Mardi 16 septembre &#8211; 19h ADOS (14 ans et +), \u00c9TUDIANTS et ADULTES Mercredi 10 septembre &#8211; 20h SENIORS Mercredi 24 septembre &#8211; 10h30 BODY KARAT\u00c9 FITNESS Mercredi 10 septembre &#8211; 19h BABIES&#8230;<\/p>\n","protected":false},"author":1,"featured_media":0,"parent":0,"menu_order":0,"comment_status":"closed","ping_status":"closed","template":"","meta":{"_kad_post_transparent":"","_kad_post_title":"","_kad_post_layout":"","_kad_post_sidebar_id":"","_kad_post_content_style":"","_kad_post_vertical_padding":"","_kad_post_feature":"","_kad_post_feature_position":"","_kad_post_header":false,"_kad_post_footer":false,"footnotes":""},"class_list":["post-3355","page","type-page","status-publish","hentry"],"_links":{"self":[{"href":"https:\/\/asko45000.fr\/index.php\/wp-json\/wp\/v2\/pages\/3355","targetHints":{"allow":["GET"]}}],"collection":[{"href":"https:\/\/asko45000.fr\/index.php\/wp-json\/wp\/v2\/pages"}],"about":[{"href":"https:\/\/asko45000.fr\/index.php\/wp-json\/wp\/v2\/types\/page"}],"author":[{"embeddable":true,"href":"https:\/\/asko45000.fr\/index.php\/wp-json\/wp\/v2\/users\/1"}],"replies":[{"embeddable":true,"href":"https:\/\/asko45000.fr\/index.php\/wp-json\/wp\/v2\/comments?post=3355"}],"version-history":[{"count":3,"href":"https:\/\/asko45000.fr\/index.php\/wp-json\/wp\/v2\/pages\/3355\/revisions"}],"predecessor-version":[{"id":3360,"href":"https:\/\/asko45000.fr\/index.php\/wp-json\/wp\/v2\/pages\/3355\/revisions\/3360"}],"wp:attachment":[{"href":"https:\/\/asko45000.fr\/index.php\/wp-json\/wp\/v2\/media?parent=3355"}],"curies":[{"name":"wp","href":"https:\/\/api.w.org\/{rel}","templated":true}]}}