{"id":3365,"date":"2025-08-29T20:16:07","date_gmt":"2025-08-29T18:16:07","guid":{"rendered":"https:\/\/asko45000.fr\/?page_id=3365"},"modified":"2025-08-30T10:01:01","modified_gmt":"2025-08-30T08:01:01","slug":"rentree-en-fete-2025-2026","status":"publish","type":"page","link":"https:\/\/asko45000.fr\/index.php\/rentree-en-fete-2025-2026\/","title":{"rendered":"Rentr\u00e9e en F\u00eate 2025-2026"},"content":{"rendered":"<style>.kb-image3365_d2106a-75 .kb-image-has-overlay:after{opacity:0.3;}<\/style>\n<figure class=\"wp-block-kadence-image kb-image3365_d2106a-75 size-full\"><img loading=\"lazy\" decoding=\"async\" width=\"993\" height=\"1087\" src=\"https:\/\/asko45000.fr\/wp-content\/uploads\/2025\/08\/affiche_rentree_en_fete_07_09_25_def.jpg\" alt=\"\" class=\"kb-img wp-image-3389\" srcset=\"https:\/\/asko45000.fr\/wp-content\/uploads\/2025\/08\/affiche_rentree_en_fete_07_09_25_def.jpg 993w, https:\/\/asko45000.fr\/wp-content\/uploads\/2025\/08\/affiche_rentree_en_fete_07_09_25_def-274x300.jpg 274w, https:\/\/asko45000.fr\/wp-content\/uploads\/2025\/08\/affiche_rentree_en_fete_07_09_25_def-935x1024.jpg 935w, https:\/\/asko45000.fr\/wp-content\/uploads\/2025\/08\/affiche_rentree_en_fete_07_09_25_def-768x841.jpg 768w\" sizes=\"auto, (max-width: 993px) 100vw, 993px\" \/><\/figure>\n\n\n\n<p class=\"has-text-align-center\">L\u2019ASKO sera pr\u00e9sente \u00e0 la Rentr\u00e9e en F\u00eate, dimanche 7 septembre 2025, Place du Martroi (vers le restaurant La Chancellerie). Nous serons heureux de vous y rencontrer !<\/p>\n\n\n\n<p><\/p>\n","protected":false},"excerpt":{"rendered":"<p>L\u2019ASKO sera pr\u00e9sente \u00e0 la Rentr\u00e9e en F\u00eate, dimanche 7 septembre 2025, Place du Martroi (vers le restaurant La Chancellerie). Nous serons heureux de vous y rencontrer !<\/p>\n","protected":false},"author":1,"featured_media":0,"parent":0,"menu_order":0,"comment_status":"closed","ping_status":"closed","template":"","meta":{"_kad_post_transparent":"","_kad_post_title":"","_kad_post_layout":"","_kad_post_sidebar_id":"","_kad_post_content_style":"","_kad_post_vertical_padding":"","_kad_post_feature":"","_kad_post_feature_position":"","_kad_post_header":false,"_kad_post_footer":false,"footnotes":""},"class_list":["post-3365","page","type-page","status-publish","hentry"],"_links":{"self":[{"href":"https:\/\/asko45000.fr\/index.php\/wp-json\/wp\/v2\/pages\/3365","targetHints":{"allow":["GET"]}}],"collection":[{"href":"https:\/\/asko45000.fr\/index.php\/wp-json\/wp\/v2\/pages"}],"about":[{"href":"https:\/\/asko45000.fr\/index.php\/wp-json\/wp\/v2\/types\/page"}],"author":[{"embeddable":true,"href":"https:\/\/asko45000.fr\/index.php\/wp-json\/wp\/v2\/users\/1"}],"replies":[{"embeddable":true,"href":"https:\/\/asko45000.fr\/index.php\/wp-json\/wp\/v2\/comments?post=3365"}],"version-history":[{"count":8,"href":"https:\/\/asko45000.fr\/index.php\/wp-json\/wp\/v2\/pages\/3365\/revisions"}],"predecessor-version":[{"id":3391,"href":"https:\/\/asko45000.fr\/index.php\/wp-json\/wp\/v2\/pages\/3365\/revisions\/3391"}],"wp:attachment":[{"href":"https:\/\/asko45000.fr\/index.php\/wp-json\/wp\/v2\/media?parent=3365"}],"curies":[{"name":"wp","href":"https:\/\/api.w.org\/{rel}","templated":true}]}}