{"id":3417,"date":"2025-09-22T18:20:20","date_gmt":"2025-09-22T16:20:20","guid":{"rendered":"https:\/\/asko45000.fr\/?page_id=3417"},"modified":"2025-09-22T19:14:31","modified_gmt":"2025-09-22T17:14:31","slug":"stage-avec-gilles-cherdieu-2025","status":"publish","type":"page","link":"https:\/\/asko45000.fr\/index.php\/stage-avec-gilles-cherdieu-2025\/","title":{"rendered":"Stage avec Gilles Cherdieu 2025"},"content":{"rendered":"<style>.kb-gallery-id-3417_c37168-b2 .kadence-blocks-gallery-item .kb-gal-image-radius, .kb-gallery-id-3417_c37168-b2 .kb-slide-item .kb-gal-image-radius img{border-radius:0px 0px 0px 0px;;}.kb-gallery-wrap-id-3417_c37168-b2.wp-block-kadence-advancedgallery{overflow:visible;}.kb-gallery-wrap-id-3417_c37168-b2.wp-block-kadence-advancedgallery .kt-blocks-carousel{overflow:visible;}<\/style><div class=\"kb-gallery-wrap-id-3417_c37168-b2 alignnone wp-block-kadence-advancedgallery\"><div class=\"kb-gallery-ul kb-gallery-non-static kb-gallery-type-slider kb-gallery-id-3417_c37168-b2 kb-gallery-caption-style-bottom-hover kb-gallery-filter-none\" data-image-filter=\"none\" data-lightbox-caption=\"true\"><div class=\"kt-blocks-carousel splide kt-carousel-container-dotstyle-dark kt-carousel-arrowstyle-whiteondark kt-carousel-dotstyle-dark kb-slider-group-arrow kb-slider-arrow-position-center\" data-slider-anim-speed=\"400\" data-slider-scroll=\"1\" data-slider-arrows=\"true\" data-slider-fade=\"true\" data-slider-dots=\"true\" data-slider-type=\"slider\" data-slider-hover-pause=\"false\" data-slider-auto=\"1\" data-slider-speed=\"3670\" data-show-pause-button=\"false\"><div class=\"splide__track\"><ul class=\"kt-blocks-carousel-init kb-blocks-slider splide__list\"><li class=\"kb-slide-item kb-gallery-slide-item splide__slide\"><div class=\"kadence-blocks-gallery-item\"><div class=\"kadence-blocks-gallery-item-inner\"><figure class=\"kb-gallery-figure kadence-blocks-gallery-item-hide-caption\"><div class=\"kb-gal-image-radius\"><div class=\"kb-gallery-image-contain kadence-blocks-gallery-intrinsic kb-gallery-image-ratio-land32 kb-has-image-ratio-land32\" ><img loading=\"lazy\" decoding=\"async\" src=\"https:\/\/asko45000.fr\/wp-content\/uploads\/2025\/09\/1_karate_2025_2026_stage_cherdieu_21_09_25_asko_ok_1-1024x768.jpg\" width=\"1024\" height=\"768\" alt=\"\" data-full-image=\"https:\/\/asko45000.fr\/wp-content\/uploads\/2025\/09\/1_karate_2025_2026_stage_cherdieu_21_09_25_asko_ok_1-scaled.jpg\" data-light-image=\"https:\/\/asko45000.fr\/wp-content\/uploads\/2025\/09\/1_karate_2025_2026_stage_cherdieu_21_09_25_asko_ok_1-scaled.jpg\" data-id=\"3403\" class=\"wp-image-3403 skip-lazy\" srcset=\"https:\/\/asko45000.fr\/wp-content\/uploads\/2025\/09\/1_karate_2025_2026_stage_cherdieu_21_09_25_asko_ok_1-1024x768.jpg 1024w, https:\/\/asko45000.fr\/wp-content\/uploads\/2025\/09\/1_karate_2025_2026_stage_cherdieu_21_09_25_asko_ok_1-300x225.jpg 300w, https:\/\/asko45000.fr\/wp-content\/uploads\/2025\/09\/1_karate_2025_2026_stage_cherdieu_21_09_25_asko_ok_1-768x576.jpg 768w, https:\/\/asko45000.fr\/wp-content\/uploads\/2025\/09\/1_karate_2025_2026_stage_cherdieu_21_09_25_asko_ok_1-1536x1152.jpg 1536w, https:\/\/asko45000.fr\/wp-content\/uploads\/2025\/09\/1_karate_2025_2026_stage_cherdieu_21_09_25_asko_ok_1-2048x1536.jpg 2048w\" sizes=\"auto, (max-width: 1024px) 100vw, 1024px\" \/><\/div><\/div><\/figure><\/div><\/div><\/li><li class=\"kb-slide-item kb-gallery-slide-item splide__slide\"><div class=\"kadence-blocks-gallery-item\"><div class=\"kadence-blocks-gallery-item-inner\"><figure class=\"kb-gallery-figure kadence-blocks-gallery-item-hide-caption\"><div class=\"kb-gal-image-radius\"><div class=\"kb-gallery-image-contain kadence-blocks-gallery-intrinsic kb-gallery-image-ratio-land32 kb-has-image-ratio-land32\" ><img loading=\"lazy\" decoding=\"async\" src=\"https:\/\/asko45000.fr\/wp-content\/uploads\/2025\/09\/9_karate_2025_2026_stage_cherdieu_21_09_25_groupe_ok-1024x576.jpg\" width=\"1024\" height=\"576\" alt=\"\" data-full-image=\"https:\/\/asko45000.fr\/wp-content\/uploads\/2025\/09\/9_karate_2025_2026_stage_cherdieu_21_09_25_groupe_ok-scaled.jpg\" data-light-image=\"https:\/\/asko45000.fr\/wp-content\/uploads\/2025\/09\/9_karate_2025_2026_stage_cherdieu_21_09_25_groupe_ok-scaled.jpg\" data-id=\"3411\" class=\"wp-image-3411 skip-lazy\" srcset=\"https:\/\/asko45000.fr\/wp-content\/uploads\/2025\/09\/9_karate_2025_2026_stage_cherdieu_21_09_25_groupe_ok-1024x576.jpg 1024w, https:\/\/asko45000.fr\/wp-content\/uploads\/2025\/09\/9_karate_2025_2026_stage_cherdieu_21_09_25_groupe_ok-300x169.jpg 300w, https:\/\/asko45000.fr\/wp-content\/uploads\/2025\/09\/9_karate_2025_2026_stage_cherdieu_21_09_25_groupe_ok-768x432.jpg 768w, https:\/\/asko45000.fr\/wp-content\/uploads\/2025\/09\/9_karate_2025_2026_stage_cherdieu_21_09_25_groupe_ok-1536x864.jpg 1536w, https:\/\/asko45000.fr\/wp-content\/uploads\/2025\/09\/9_karate_2025_2026_stage_cherdieu_21_09_25_groupe_ok-2048x1152.jpg 2048w\" sizes=\"auto, (max-width: 1024px) 100vw, 1024px\" \/><\/div><\/div><\/figure><\/div><\/div><\/li><li class=\"kb-slide-item kb-gallery-slide-item splide__slide\"><div class=\"kadence-blocks-gallery-item\"><div class=\"kadence-blocks-gallery-item-inner\"><figure class=\"kb-gallery-figure kadence-blocks-gallery-item-hide-caption\"><div class=\"kb-gal-image-radius\"><div class=\"kb-gallery-image-contain kadence-blocks-gallery-intrinsic kb-gallery-image-ratio-land32 kb-has-image-ratio-land32\" ><img loading=\"lazy\" decoding=\"async\" src=\"https:\/\/asko45000.fr\/wp-content\/uploads\/2025\/09\/6_karate_2025_2026_stage_cherdieu_21_09_25_pierre_ok_2-1024x576.jpg\" width=\"1024\" height=\"576\" alt=\"\" data-full-image=\"https:\/\/asko45000.fr\/wp-content\/uploads\/2025\/09\/6_karate_2025_2026_stage_cherdieu_21_09_25_pierre_ok_2-scaled.jpg\" data-light-image=\"https:\/\/asko45000.fr\/wp-content\/uploads\/2025\/09\/6_karate_2025_2026_stage_cherdieu_21_09_25_pierre_ok_2-scaled.jpg\" data-id=\"3408\" class=\"wp-image-3408 skip-lazy\" srcset=\"https:\/\/asko45000.fr\/wp-content\/uploads\/2025\/09\/6_karate_2025_2026_stage_cherdieu_21_09_25_pierre_ok_2-1024x576.jpg 1024w, https:\/\/asko45000.fr\/wp-content\/uploads\/2025\/09\/6_karate_2025_2026_stage_cherdieu_21_09_25_pierre_ok_2-300x169.jpg 300w, https:\/\/asko45000.fr\/wp-content\/uploads\/2025\/09\/6_karate_2025_2026_stage_cherdieu_21_09_25_pierre_ok_2-768x432.jpg 768w, https:\/\/asko45000.fr\/wp-content\/uploads\/2025\/09\/6_karate_2025_2026_stage_cherdieu_21_09_25_pierre_ok_2-1536x864.jpg 1536w, https:\/\/asko45000.fr\/wp-content\/uploads\/2025\/09\/6_karate_2025_2026_stage_cherdieu_21_09_25_pierre_ok_2-2048x1152.jpg 2048w\" sizes=\"auto, (max-width: 1024px) 100vw, 1024px\" \/><\/div><\/div><\/figure><\/div><\/div><\/li><li class=\"kb-slide-item kb-gallery-slide-item splide__slide\"><div class=\"kadence-blocks-gallery-item\"><div class=\"kadence-blocks-gallery-item-inner\"><figure class=\"kb-gallery-figure kadence-blocks-gallery-item-hide-caption\"><div class=\"kb-gal-image-radius\"><div class=\"kb-gallery-image-contain kadence-blocks-gallery-intrinsic kb-gallery-image-ratio-land32 kb-has-image-ratio-land32\" ><img loading=\"lazy\" decoding=\"async\" src=\"https:\/\/asko45000.fr\/wp-content\/uploads\/2025\/09\/5_karate_2025_2026_stage_cherdieu_21_09_25_pierre_ok-1024x576.jpg\" width=\"1024\" height=\"576\" alt=\"\" data-full-image=\"https:\/\/asko45000.fr\/wp-content\/uploads\/2025\/09\/5_karate_2025_2026_stage_cherdieu_21_09_25_pierre_ok.jpg\" data-light-image=\"https:\/\/asko45000.fr\/wp-content\/uploads\/2025\/09\/5_karate_2025_2026_stage_cherdieu_21_09_25_pierre_ok.jpg\" data-id=\"3407\" class=\"wp-image-3407 skip-lazy\" srcset=\"https:\/\/asko45000.fr\/wp-content\/uploads\/2025\/09\/5_karate_2025_2026_stage_cherdieu_21_09_25_pierre_ok-1024x576.jpg 1024w, https:\/\/asko45000.fr\/wp-content\/uploads\/2025\/09\/5_karate_2025_2026_stage_cherdieu_21_09_25_pierre_ok-300x169.jpg 300w, https:\/\/asko45000.fr\/wp-content\/uploads\/2025\/09\/5_karate_2025_2026_stage_cherdieu_21_09_25_pierre_ok-768x432.jpg 768w, https:\/\/asko45000.fr\/wp-content\/uploads\/2025\/09\/5_karate_2025_2026_stage_cherdieu_21_09_25_pierre_ok-1536x864.jpg 1536w, https:\/\/asko45000.fr\/wp-content\/uploads\/2025\/09\/5_karate_2025_2026_stage_cherdieu_21_09_25_pierre_ok.jpg 1911w\" sizes=\"auto, (max-width: 1024px) 100vw, 1024px\" \/><\/div><\/div><\/figure><\/div><\/div><\/li><li class=\"kb-slide-item kb-gallery-slide-item splide__slide\"><div class=\"kadence-blocks-gallery-item\"><div class=\"kadence-blocks-gallery-item-inner\"><figure class=\"kb-gallery-figure kadence-blocks-gallery-item-hide-caption\"><div class=\"kb-gal-image-radius\"><div class=\"kb-gallery-image-contain kadence-blocks-gallery-intrinsic kb-gallery-image-ratio-land32 kb-has-image-ratio-land32\" ><img loading=\"lazy\" decoding=\"async\" src=\"https:\/\/asko45000.fr\/wp-content\/uploads\/2025\/09\/2_karate_2025_2026_stage_cherdieu_21_09_25_marc_ok-1024x768.jpg\" width=\"1024\" height=\"768\" alt=\"\" data-full-image=\"https:\/\/asko45000.fr\/wp-content\/uploads\/2025\/09\/2_karate_2025_2026_stage_cherdieu_21_09_25_marc_ok-scaled.jpg\" data-light-image=\"https:\/\/asko45000.fr\/wp-content\/uploads\/2025\/09\/2_karate_2025_2026_stage_cherdieu_21_09_25_marc_ok-scaled.jpg\" data-id=\"3404\" class=\"wp-image-3404 skip-lazy\" srcset=\"https:\/\/asko45000.fr\/wp-content\/uploads\/2025\/09\/2_karate_2025_2026_stage_cherdieu_21_09_25_marc_ok-1024x768.jpg 1024w, https:\/\/asko45000.fr\/wp-content\/uploads\/2025\/09\/2_karate_2025_2026_stage_cherdieu_21_09_25_marc_ok-300x225.jpg 300w, https:\/\/asko45000.fr\/wp-content\/uploads\/2025\/09\/2_karate_2025_2026_stage_cherdieu_21_09_25_marc_ok-768x576.jpg 768w, https:\/\/asko45000.fr\/wp-content\/uploads\/2025\/09\/2_karate_2025_2026_stage_cherdieu_21_09_25_marc_ok-1536x1152.jpg 1536w, https:\/\/asko45000.fr\/wp-content\/uploads\/2025\/09\/2_karate_2025_2026_stage_cherdieu_21_09_25_marc_ok-2048x1536.jpg 2048w\" sizes=\"auto, (max-width: 1024px) 100vw, 1024px\" \/><\/div><\/div><\/figure><\/div><\/div><\/li><li class=\"kb-slide-item kb-gallery-slide-item splide__slide\"><div class=\"kadence-blocks-gallery-item\"><div class=\"kadence-blocks-gallery-item-inner\"><figure class=\"kb-gallery-figure kadence-blocks-gallery-item-hide-caption\"><div class=\"kb-gal-image-radius\"><div class=\"kb-gallery-image-contain kadence-blocks-gallery-intrinsic kb-gallery-image-ratio-land32 kb-has-image-ratio-land32\" ><img loading=\"lazy\" decoding=\"async\" src=\"https:\/\/asko45000.fr\/wp-content\/uploads\/2025\/09\/4_karate_2025_2026_stage_cherdieu_21_09_25_pierre_maryam_ok-1024x576.jpg\" width=\"1024\" height=\"576\" alt=\"\" data-full-image=\"https:\/\/asko45000.fr\/wp-content\/uploads\/2025\/09\/4_karate_2025_2026_stage_cherdieu_21_09_25_pierre_maryam_ok.jpg\" data-light-image=\"https:\/\/asko45000.fr\/wp-content\/uploads\/2025\/09\/4_karate_2025_2026_stage_cherdieu_21_09_25_pierre_maryam_ok.jpg\" data-id=\"3406\" class=\"wp-image-3406 skip-lazy\" srcset=\"https:\/\/asko45000.fr\/wp-content\/uploads\/2025\/09\/4_karate_2025_2026_stage_cherdieu_21_09_25_pierre_maryam_ok-1024x576.jpg 1024w, https:\/\/asko45000.fr\/wp-content\/uploads\/2025\/09\/4_karate_2025_2026_stage_cherdieu_21_09_25_pierre_maryam_ok-300x169.jpg 300w, https:\/\/asko45000.fr\/wp-content\/uploads\/2025\/09\/4_karate_2025_2026_stage_cherdieu_21_09_25_pierre_maryam_ok-768x432.jpg 768w, https:\/\/asko45000.fr\/wp-content\/uploads\/2025\/09\/4_karate_2025_2026_stage_cherdieu_21_09_25_pierre_maryam_ok-1536x864.jpg 1536w, https:\/\/asko45000.fr\/wp-content\/uploads\/2025\/09\/4_karate_2025_2026_stage_cherdieu_21_09_25_pierre_maryam_ok-2048x1152.jpg 2048w\" sizes=\"auto, (max-width: 1024px) 100vw, 1024px\" \/><\/div><\/div><\/figure><\/div><\/div><\/li><li class=\"kb-slide-item kb-gallery-slide-item splide__slide\"><div class=\"kadence-blocks-gallery-item\"><div class=\"kadence-blocks-gallery-item-inner\"><figure class=\"kb-gallery-figure kadence-blocks-gallery-item-hide-caption\"><div class=\"kb-gal-image-radius\"><div class=\"kb-gallery-image-contain kadence-blocks-gallery-intrinsic kb-gallery-image-ratio-land32 kb-has-image-ratio-land32\" ><img loading=\"lazy\" decoding=\"async\" src=\"https:\/\/asko45000.fr\/wp-content\/uploads\/2025\/09\/3_karate_2025_2026_stage_cherdieu_21_09_25_maryam_ok-1024x576.jpg\" width=\"1024\" height=\"576\" alt=\"\" data-full-image=\"https:\/\/asko45000.fr\/wp-content\/uploads\/2025\/09\/3_karate_2025_2026_stage_cherdieu_21_09_25_maryam_ok.jpg\" data-light-image=\"https:\/\/asko45000.fr\/wp-content\/uploads\/2025\/09\/3_karate_2025_2026_stage_cherdieu_21_09_25_maryam_ok.jpg\" data-id=\"3405\" class=\"wp-image-3405 skip-lazy\" srcset=\"https:\/\/asko45000.fr\/wp-content\/uploads\/2025\/09\/3_karate_2025_2026_stage_cherdieu_21_09_25_maryam_ok-1024x576.jpg 1024w, https:\/\/asko45000.fr\/wp-content\/uploads\/2025\/09\/3_karate_2025_2026_stage_cherdieu_21_09_25_maryam_ok-300x169.jpg 300w, https:\/\/asko45000.fr\/wp-content\/uploads\/2025\/09\/3_karate_2025_2026_stage_cherdieu_21_09_25_maryam_ok-768x432.jpg 768w, https:\/\/asko45000.fr\/wp-content\/uploads\/2025\/09\/3_karate_2025_2026_stage_cherdieu_21_09_25_maryam_ok-1536x864.jpg 1536w, https:\/\/asko45000.fr\/wp-content\/uploads\/2025\/09\/3_karate_2025_2026_stage_cherdieu_21_09_25_maryam_ok.jpg 1633w\" sizes=\"auto, (max-width: 1024px) 100vw, 1024px\" \/><\/div><\/div><\/figure><\/div><\/div><\/li><li class=\"kb-slide-item kb-gallery-slide-item splide__slide\"><div class=\"kadence-blocks-gallery-item\"><div class=\"kadence-blocks-gallery-item-inner\"><figure class=\"kb-gallery-figure kadence-blocks-gallery-item-hide-caption\"><div class=\"kb-gal-image-radius\"><div class=\"kb-gallery-image-contain kadence-blocks-gallery-intrinsic kb-gallery-image-ratio-land32 kb-has-image-ratio-land32\" ><img loading=\"lazy\" decoding=\"async\" src=\"https:\/\/asko45000.fr\/wp-content\/uploads\/2025\/09\/7_karate_2025_2026_stage_cherdieu_21_09_25_piso_ok_1-1024x576.jpg\" width=\"1024\" height=\"576\" alt=\"\" data-full-image=\"https:\/\/asko45000.fr\/wp-content\/uploads\/2025\/09\/7_karate_2025_2026_stage_cherdieu_21_09_25_piso_ok_1.jpg\" data-light-image=\"https:\/\/asko45000.fr\/wp-content\/uploads\/2025\/09\/7_karate_2025_2026_stage_cherdieu_21_09_25_piso_ok_1.jpg\" data-id=\"3409\" class=\"wp-image-3409 skip-lazy\" srcset=\"https:\/\/asko45000.fr\/wp-content\/uploads\/2025\/09\/7_karate_2025_2026_stage_cherdieu_21_09_25_piso_ok_1-1024x576.jpg 1024w, https:\/\/asko45000.fr\/wp-content\/uploads\/2025\/09\/7_karate_2025_2026_stage_cherdieu_21_09_25_piso_ok_1-300x169.jpg 300w, https:\/\/asko45000.fr\/wp-content\/uploads\/2025\/09\/7_karate_2025_2026_stage_cherdieu_21_09_25_piso_ok_1-768x432.jpg 768w, https:\/\/asko45000.fr\/wp-content\/uploads\/2025\/09\/7_karate_2025_2026_stage_cherdieu_21_09_25_piso_ok_1-1536x864.jpg 1536w, https:\/\/asko45000.fr\/wp-content\/uploads\/2025\/09\/7_karate_2025_2026_stage_cherdieu_21_09_25_piso_ok_1.jpg 1612w\" sizes=\"auto, (max-width: 1024px) 100vw, 1024px\" \/><\/div><\/div><\/figure><\/div><\/div><\/li><li class=\"kb-slide-item kb-gallery-slide-item splide__slide\"><div class=\"kadence-blocks-gallery-item\"><div class=\"kadence-blocks-gallery-item-inner\"><figure class=\"kb-gallery-figure kadence-blocks-gallery-item-hide-caption\"><div class=\"kb-gal-image-radius\"><div class=\"kb-gallery-image-contain kadence-blocks-gallery-intrinsic kb-gallery-image-ratio-land32 kb-has-image-ratio-land32\" ><img loading=\"lazy\" decoding=\"async\" src=\"https:\/\/asko45000.fr\/wp-content\/uploads\/2025\/09\/8_karate_2025_2026_stage_cherdieu_21_09_25_piso_ok_2-1024x576.jpg\" width=\"1024\" height=\"576\" alt=\"\" data-full-image=\"https:\/\/asko45000.fr\/wp-content\/uploads\/2025\/09\/8_karate_2025_2026_stage_cherdieu_21_09_25_piso_ok_2.jpg\" data-light-image=\"https:\/\/asko45000.fr\/wp-content\/uploads\/2025\/09\/8_karate_2025_2026_stage_cherdieu_21_09_25_piso_ok_2.jpg\" data-id=\"3410\" class=\"wp-image-3410 skip-lazy\" srcset=\"https:\/\/asko45000.fr\/wp-content\/uploads\/2025\/09\/8_karate_2025_2026_stage_cherdieu_21_09_25_piso_ok_2-1024x576.jpg 1024w, https:\/\/asko45000.fr\/wp-content\/uploads\/2025\/09\/8_karate_2025_2026_stage_cherdieu_21_09_25_piso_ok_2-300x169.jpg 300w, https:\/\/asko45000.fr\/wp-content\/uploads\/2025\/09\/8_karate_2025_2026_stage_cherdieu_21_09_25_piso_ok_2-768x432.jpg 768w, https:\/\/asko45000.fr\/wp-content\/uploads\/2025\/09\/8_karate_2025_2026_stage_cherdieu_21_09_25_piso_ok_2-1536x864.jpg 1536w, https:\/\/asko45000.fr\/wp-content\/uploads\/2025\/09\/8_karate_2025_2026_stage_cherdieu_21_09_25_piso_ok_2.jpg 1925w\" sizes=\"auto, (max-width: 1024px) 100vw, 1024px\" \/><\/div><\/div><\/figure><\/div><\/div><\/li><li class=\"kb-slide-item kb-gallery-slide-item splide__slide\"><div class=\"kadence-blocks-gallery-item\"><div class=\"kadence-blocks-gallery-item-inner\"><figure class=\"kb-gallery-figure kadence-blocks-gallery-item-hide-caption\"><div class=\"kb-gal-image-radius\"><div class=\"kb-gallery-image-contain kadence-blocks-gallery-intrinsic kb-gallery-image-ratio-land32 kb-has-image-ratio-land32\" ><img loading=\"lazy\" decoding=\"async\" src=\"https:\/\/asko45000.fr\/wp-content\/uploads\/2025\/09\/10_karate_2025_2026_stage_cherdieu_21_09_25_marc_ok_2-1024x768.jpg\" width=\"1024\" height=\"768\" alt=\"\" data-full-image=\"https:\/\/asko45000.fr\/wp-content\/uploads\/2025\/09\/10_karate_2025_2026_stage_cherdieu_21_09_25_marc_ok_2-scaled.jpg\" data-light-image=\"https:\/\/asko45000.fr\/wp-content\/uploads\/2025\/09\/10_karate_2025_2026_stage_cherdieu_21_09_25_marc_ok_2-scaled.jpg\" data-id=\"3412\" class=\"wp-image-3412 skip-lazy\" srcset=\"https:\/\/asko45000.fr\/wp-content\/uploads\/2025\/09\/10_karate_2025_2026_stage_cherdieu_21_09_25_marc_ok_2-1024x768.jpg 1024w, https:\/\/asko45000.fr\/wp-content\/uploads\/2025\/09\/10_karate_2025_2026_stage_cherdieu_21_09_25_marc_ok_2-300x225.jpg 300w, https:\/\/asko45000.fr\/wp-content\/uploads\/2025\/09\/10_karate_2025_2026_stage_cherdieu_21_09_25_marc_ok_2-768x576.jpg 768w, https:\/\/asko45000.fr\/wp-content\/uploads\/2025\/09\/10_karate_2025_2026_stage_cherdieu_21_09_25_marc_ok_2-1536x1152.jpg 1536w, https:\/\/asko45000.fr\/wp-content\/uploads\/2025\/09\/10_karate_2025_2026_stage_cherdieu_21_09_25_marc_ok_2-2048x1536.jpg 2048w\" sizes=\"auto, (max-width: 1024px) 100vw, 1024px\" \/><\/div><\/div><\/figure><\/div><\/div><\/li><li class=\"kb-slide-item kb-gallery-slide-item splide__slide\"><div class=\"kadence-blocks-gallery-item\"><div class=\"kadence-blocks-gallery-item-inner\"><figure class=\"kb-gallery-figure kadence-blocks-gallery-item-hide-caption\"><div class=\"kb-gal-image-radius\"><div class=\"kb-gallery-image-contain kadence-blocks-gallery-intrinsic kb-gallery-image-ratio-land32 kb-has-image-ratio-land32\" ><img loading=\"lazy\" decoding=\"async\" src=\"https:\/\/asko45000.fr\/wp-content\/uploads\/2025\/09\/11_karate_2025_2026_stage_cherdieu_21_09_25_asko_ok_2-1024x768.jpg\" width=\"1024\" height=\"768\" alt=\"\" data-full-image=\"https:\/\/asko45000.fr\/wp-content\/uploads\/2025\/09\/11_karate_2025_2026_stage_cherdieu_21_09_25_asko_ok_2-scaled.jpg\" data-light-image=\"https:\/\/asko45000.fr\/wp-content\/uploads\/2025\/09\/11_karate_2025_2026_stage_cherdieu_21_09_25_asko_ok_2-scaled.jpg\" data-id=\"3413\" class=\"wp-image-3413 skip-lazy\" srcset=\"https:\/\/asko45000.fr\/wp-content\/uploads\/2025\/09\/11_karate_2025_2026_stage_cherdieu_21_09_25_asko_ok_2-1024x768.jpg 1024w, https:\/\/asko45000.fr\/wp-content\/uploads\/2025\/09\/11_karate_2025_2026_stage_cherdieu_21_09_25_asko_ok_2-300x225.jpg 300w, https:\/\/asko45000.fr\/wp-content\/uploads\/2025\/09\/11_karate_2025_2026_stage_cherdieu_21_09_25_asko_ok_2-768x576.jpg 768w, https:\/\/asko45000.fr\/wp-content\/uploads\/2025\/09\/11_karate_2025_2026_stage_cherdieu_21_09_25_asko_ok_2-1536x1152.jpg 1536w, https:\/\/asko45000.fr\/wp-content\/uploads\/2025\/09\/11_karate_2025_2026_stage_cherdieu_21_09_25_asko_ok_2-2048x1536.jpg 2048w\" sizes=\"auto, (max-width: 1024px) 100vw, 1024px\" \/><\/div><\/div><\/figure><\/div><\/div><\/li><\/ul><\/div><\/div><\/div><\/div>\n\n\n<p class=\"has-text-align-center\"><strong>Stage anim\u00e9 par Gilles Cherdieu, quintuple champion du monde.<\/strong> <br>Marc, Maryem, Nivo et Pierre parmi la cinquantaine de karat\u00e9kas pr\u00e9sents au dojo du Poin\u00e7onnet (Indre), dimanche 21 septembre 2025.<\/p>\n\n\n\n<p><\/p>\n","protected":false},"excerpt":{"rendered":"<p>Stage anim\u00e9 par Gilles Cherdieu, quintuple champion du monde. Marc, Maryem, Nivo et Pierre parmi la cinquantaine de karat\u00e9kas pr\u00e9sents au dojo du Poin\u00e7onnet (Indre), dimanche 21 septembre 2025.<\/p>\n","protected":false},"author":1,"featured_media":0,"parent":0,"menu_order":0,"comment_status":"closed","ping_status":"closed","template":"","meta":{"_kad_post_transparent":"","_kad_post_title":"","_kad_post_layout":"","_kad_post_sidebar_id":"","_kad_post_content_style":"","_kad_post_vertical_padding":"","_kad_post_feature":"","_kad_post_feature_position":"","_kad_post_header":false,"_kad_post_footer":false,"footnotes":""},"class_list":["post-3417","page","type-page","status-publish","hentry"],"_links":{"self":[{"href":"https:\/\/asko45000.fr\/index.php\/wp-json\/wp\/v2\/pages\/3417","targetHints":{"allow":["GET"]}}],"collection":[{"href":"https:\/\/asko45000.fr\/index.php\/wp-json\/wp\/v2\/pages"}],"about":[{"href":"https:\/\/asko45000.fr\/index.php\/wp-json\/wp\/v2\/types\/page"}],"author":[{"embeddable":true,"href":"https:\/\/asko45000.fr\/index.php\/wp-json\/wp\/v2\/users\/1"}],"replies":[{"embeddable":true,"href":"https:\/\/asko45000.fr\/index.php\/wp-json\/wp\/v2\/comments?post=3417"}],"version-history":[{"count":4,"href":"https:\/\/asko45000.fr\/index.php\/wp-json\/wp\/v2\/pages\/3417\/revisions"}],"predecessor-version":[{"id":3422,"href":"https:\/\/asko45000.fr\/index.php\/wp-json\/wp\/v2\/pages\/3417\/revisions\/3422"}],"wp:attachment":[{"href":"https:\/\/asko45000.fr\/index.php\/wp-json\/wp\/v2\/media?parent=3417"}],"curies":[{"name":"wp","href":"https:\/\/api.w.org\/{rel}","templated":true}]}}