{"id":3682,"date":"2026-01-21T13:50:13","date_gmt":"2026-01-21T12:50:13","guid":{"rendered":"https:\/\/asko45000.fr\/?page_id=3682"},"modified":"2026-01-21T13:55:07","modified_gmt":"2026-01-21T12:55:07","slug":"stage-avec-giovanni-tramontini-18-janv-2026","status":"publish","type":"page","link":"https:\/\/asko45000.fr\/index.php\/stage-avec-giovanni-tramontini-18-janv-2026\/","title":{"rendered":"Stage avec Giovanni Tramontini, 18 janv. 2026"},"content":{"rendered":"<style>.kb-gallery-id-3682_3bb5df-9e .kadence-blocks-gallery-item .kb-gal-image-radius, .kb-gallery-id-3682_3bb5df-9e .kb-slide-item .kb-gal-image-radius img{border-radius:0px 0px 0px 0px;;}.kb-gallery-wrap-id-3682_3bb5df-9e.wp-block-kadence-advancedgallery{overflow:visible;}.kb-gallery-wrap-id-3682_3bb5df-9e.wp-block-kadence-advancedgallery .kt-blocks-carousel{overflow:visible;}<\/style><div class=\"kb-gallery-wrap-id-3682_3bb5df-9e alignnone wp-block-kadence-advancedgallery\"><div class=\"kb-gallery-ul kb-gallery-non-static kb-gallery-type-slider kb-gallery-id-3682_3bb5df-9e kb-gallery-caption-style-bottom-hover kb-gallery-filter-none\" data-image-filter=\"none\" data-lightbox-caption=\"true\"><div class=\"kt-blocks-carousel splide kt-carousel-container-dotstyle-dark kt-carousel-arrowstyle-whiteondark kt-carousel-dotstyle-dark kb-slider-group-arrow kb-slider-arrow-position-center\" data-slider-anim-speed=\"400\" data-slider-scroll=\"1\" data-slider-arrows=\"true\" data-slider-fade=\"true\" data-slider-dots=\"true\" data-slider-type=\"slider\" data-slider-hover-pause=\"false\" data-slider-auto=\"1\" data-slider-speed=\"5040\" data-show-pause-button=\"false\"><div class=\"splide__track\"><ul class=\"kt-blocks-carousel-init kb-blocks-slider splide__list\"><li class=\"kb-slide-item kb-gallery-slide-item splide__slide\"><div class=\"kadence-blocks-gallery-item\"><div class=\"kadence-blocks-gallery-item-inner\"><figure class=\"kb-gallery-figure kadence-blocks-gallery-item-hide-caption\"><div class=\"kb-gal-image-radius\"><div class=\"kb-gallery-image-contain kadence-blocks-gallery-intrinsic kb-gallery-image-ratio-land169 kb-has-image-ratio-land169\" ><img loading=\"lazy\" decoding=\"async\" src=\"https:\/\/asko45000.fr\/wp-content\/uploads\/2026\/01\/karate_cdk45_stage_tramontini_asko_1_mety-1024x576.jpg\" width=\"1024\" height=\"576\" alt=\"\" data-full-image=\"https:\/\/asko45000.fr\/wp-content\/uploads\/2026\/01\/karate_cdk45_stage_tramontini_asko_1_mety.jpg\" data-light-image=\"https:\/\/asko45000.fr\/wp-content\/uploads\/2026\/01\/karate_cdk45_stage_tramontini_asko_1_mety.jpg\" data-id=\"3679\" class=\"wp-image-3679 skip-lazy\" srcset=\"https:\/\/asko45000.fr\/wp-content\/uploads\/2026\/01\/karate_cdk45_stage_tramontini_asko_1_mety-1024x576.jpg 1024w, https:\/\/asko45000.fr\/wp-content\/uploads\/2026\/01\/karate_cdk45_stage_tramontini_asko_1_mety-300x169.jpg 300w, https:\/\/asko45000.fr\/wp-content\/uploads\/2026\/01\/karate_cdk45_stage_tramontini_asko_1_mety-768x432.jpg 768w, https:\/\/asko45000.fr\/wp-content\/uploads\/2026\/01\/karate_cdk45_stage_tramontini_asko_1_mety-1536x864.jpg 1536w, https:\/\/asko45000.fr\/wp-content\/uploads\/2026\/01\/karate_cdk45_stage_tramontini_asko_1_mety-2048x1153.jpg 2048w\" sizes=\"auto, (max-width: 1024px) 100vw, 1024px\" \/><\/div><\/div><\/figure><\/div><\/div><\/li><li class=\"kb-slide-item kb-gallery-slide-item splide__slide\"><div class=\"kadence-blocks-gallery-item\"><div class=\"kadence-blocks-gallery-item-inner\"><figure class=\"kb-gallery-figure kadence-blocks-gallery-item-hide-caption\"><div class=\"kb-gal-image-radius\"><div class=\"kb-gallery-image-contain kadence-blocks-gallery-intrinsic kb-gallery-image-ratio-land169 kb-has-image-ratio-land169\" ><img loading=\"lazy\" decoding=\"async\" src=\"https:\/\/asko45000.fr\/wp-content\/uploads\/2026\/01\/karate_cdk45_stage_tramontini_choix_2_ok_1-mety-1024x520.jpg\" width=\"1024\" height=\"520\" alt=\"\" data-full-image=\"https:\/\/asko45000.fr\/wp-content\/uploads\/2026\/01\/karate_cdk45_stage_tramontini_choix_2_ok_1-mety.jpg\" data-light-image=\"https:\/\/asko45000.fr\/wp-content\/uploads\/2026\/01\/karate_cdk45_stage_tramontini_choix_2_ok_1-mety.jpg\" data-id=\"3681\" class=\"wp-image-3681 skip-lazy\" srcset=\"https:\/\/asko45000.fr\/wp-content\/uploads\/2026\/01\/karate_cdk45_stage_tramontini_choix_2_ok_1-mety-1024x520.jpg 1024w, https:\/\/asko45000.fr\/wp-content\/uploads\/2026\/01\/karate_cdk45_stage_tramontini_choix_2_ok_1-mety-300x152.jpg 300w, https:\/\/asko45000.fr\/wp-content\/uploads\/2026\/01\/karate_cdk45_stage_tramontini_choix_2_ok_1-mety-768x390.jpg 768w, https:\/\/asko45000.fr\/wp-content\/uploads\/2026\/01\/karate_cdk45_stage_tramontini_choix_2_ok_1-mety-1536x779.jpg 1536w, https:\/\/asko45000.fr\/wp-content\/uploads\/2026\/01\/karate_cdk45_stage_tramontini_choix_2_ok_1-mety-2048x1039.jpg 2048w\" sizes=\"auto, (max-width: 1024px) 100vw, 1024px\" \/><\/div><\/div><\/figure><\/div><\/div><\/li><li class=\"kb-slide-item kb-gallery-slide-item splide__slide\"><div class=\"kadence-blocks-gallery-item\"><div class=\"kadence-blocks-gallery-item-inner\"><figure class=\"kb-gallery-figure kadence-blocks-gallery-item-hide-caption\"><div class=\"kb-gal-image-radius\"><div class=\"kb-gallery-image-contain kadence-blocks-gallery-intrinsic kb-gallery-image-ratio-land169 kb-has-image-ratio-land169\" ><img loading=\"lazy\" decoding=\"async\" src=\"https:\/\/asko45000.fr\/wp-content\/uploads\/2026\/01\/karate_cdk45_stage_tramontini_choix_1_ok_mety-1024x414.jpg\" width=\"1024\" height=\"414\" alt=\"\" data-full-image=\"https:\/\/asko45000.fr\/wp-content\/uploads\/2026\/01\/karate_cdk45_stage_tramontini_choix_1_ok_mety-scaled.jpg\" data-light-image=\"https:\/\/asko45000.fr\/wp-content\/uploads\/2026\/01\/karate_cdk45_stage_tramontini_choix_1_ok_mety-scaled.jpg\" data-id=\"3680\" class=\"wp-image-3680 skip-lazy\" srcset=\"https:\/\/asko45000.fr\/wp-content\/uploads\/2026\/01\/karate_cdk45_stage_tramontini_choix_1_ok_mety-1024x414.jpg 1024w, https:\/\/asko45000.fr\/wp-content\/uploads\/2026\/01\/karate_cdk45_stage_tramontini_choix_1_ok_mety-300x121.jpg 300w, https:\/\/asko45000.fr\/wp-content\/uploads\/2026\/01\/karate_cdk45_stage_tramontini_choix_1_ok_mety-768x311.jpg 768w, https:\/\/asko45000.fr\/wp-content\/uploads\/2026\/01\/karate_cdk45_stage_tramontini_choix_1_ok_mety-1536x621.jpg 1536w, https:\/\/asko45000.fr\/wp-content\/uploads\/2026\/01\/karate_cdk45_stage_tramontini_choix_1_ok_mety-2048x829.jpg 2048w\" sizes=\"auto, (max-width: 1024px) 100vw, 1024px\" \/><\/div><\/div><\/figure><\/div><\/div><\/li><\/ul><\/div><\/div><\/div><\/div>\n\n\n<p class=\"has-text-align-center\"><strong>Stage avec Giovanni Tramontini<\/strong><\/p>\n\n\n\n<p>Plusieurs karat\u00e9kas du club \u2014 <strong>Joyce, Mariette, Pierre, Samia et Nivo<\/strong> \u2014 ont particip\u00e9 au stage anim\u00e9 par Giovanni Tramontini, au Dojo de La Madeleine (Orl\u00e9ans), le 18 janvier 2026.<\/p>\n\n\n\n<p><\/p>\n","protected":false},"excerpt":{"rendered":"<p>Stage avec Giovanni Tramontini Plusieurs karat\u00e9kas du club \u2014 Joyce, Mariette, Pierre, Samia et Nivo \u2014 ont particip\u00e9 au stage anim\u00e9 par Giovanni Tramontini, au Dojo de La Madeleine (Orl\u00e9ans), le 18 janvier 2026.<\/p>\n","protected":false},"author":1,"featured_media":0,"parent":0,"menu_order":0,"comment_status":"closed","ping_status":"closed","template":"","meta":{"_kad_post_transparent":"","_kad_post_title":"","_kad_post_layout":"","_kad_post_sidebar_id":"","_kad_post_content_style":"","_kad_post_vertical_padding":"","_kad_post_feature":"","_kad_post_feature_position":"","_kad_post_header":false,"_kad_post_footer":false,"footnotes":""},"class_list":["post-3682","page","type-page","status-publish","hentry"],"_links":{"self":[{"href":"https:\/\/asko45000.fr\/index.php\/wp-json\/wp\/v2\/pages\/3682","targetHints":{"allow":["GET"]}}],"collection":[{"href":"https:\/\/asko45000.fr\/index.php\/wp-json\/wp\/v2\/pages"}],"about":[{"href":"https:\/\/asko45000.fr\/index.php\/wp-json\/wp\/v2\/types\/page"}],"author":[{"embeddable":true,"href":"https:\/\/asko45000.fr\/index.php\/wp-json\/wp\/v2\/users\/1"}],"replies":[{"embeddable":true,"href":"https:\/\/asko45000.fr\/index.php\/wp-json\/wp\/v2\/comments?post=3682"}],"version-history":[{"count":5,"href":"https:\/\/asko45000.fr\/index.php\/wp-json\/wp\/v2\/pages\/3682\/revisions"}],"predecessor-version":[{"id":3689,"href":"https:\/\/asko45000.fr\/index.php\/wp-json\/wp\/v2\/pages\/3682\/revisions\/3689"}],"wp:attachment":[{"href":"https:\/\/asko45000.fr\/index.php\/wp-json\/wp\/v2\/media?parent=3682"}],"curies":[{"name":"wp","href":"https:\/\/api.w.org\/{rel}","templated":true}]}}