{"id":3911,"date":"2026-04-25T11:45:05","date_gmt":"2026-04-25T09:45:05","guid":{"rendered":"https:\/\/asko45000.fr\/?page_id=3911"},"modified":"2026-04-25T11:51:54","modified_gmt":"2026-04-25T09:51:54","slug":"stage-martial-gauthier-18-avril-2026","status":"publish","type":"page","link":"https:\/\/asko45000.fr\/index.php\/stage-martial-gauthier-18-avril-2026\/","title":{"rendered":"Stage Martial Gauthier, 18 avril 2026"},"content":{"rendered":"<style>.kb-gallery-id-3911_a4a394-e5 .kadence-blocks-gallery-item .kb-gal-image-radius, .kb-gallery-id-3911_a4a394-e5 .kb-slide-item .kb-gal-image-radius img{border-radius:0px 0px 0px 0px;;}.kb-gallery-wrap-id-3911_a4a394-e5.wp-block-kadence-advancedgallery{overflow:visible;}.kb-gallery-wrap-id-3911_a4a394-e5.wp-block-kadence-advancedgallery .kt-blocks-carousel{overflow:visible;}<\/style><div class=\"kb-gallery-wrap-id-3911_a4a394-e5 alignnone wp-block-kadence-advancedgallery\"><div class=\"kb-gallery-ul kb-gallery-non-static kb-gallery-type-slider kb-gallery-id-3911_a4a394-e5 kb-gallery-caption-style-bottom-hover kb-gallery-filter-none\" data-image-filter=\"none\" data-lightbox-caption=\"true\"><div class=\"kt-blocks-carousel splide kt-carousel-container-dotstyle-dark kt-carousel-arrowstyle-whiteondark kt-carousel-dotstyle-dark kb-slider-group-arrow kb-slider-arrow-position-center\" data-slider-anim-speed=\"400\" data-slider-scroll=\"1\" data-slider-arrows=\"true\" data-slider-fade=\"true\" data-slider-dots=\"true\" data-slider-type=\"slider\" data-slider-hover-pause=\"false\" data-slider-auto=\"1\" data-slider-speed=\"4400\" data-show-pause-button=\"false\"><div class=\"splide__track\"><ul class=\"kt-blocks-carousel-init kb-blocks-slider splide__list\"><li class=\"kb-slide-item kb-gallery-slide-item splide__slide\"><div class=\"kadence-blocks-gallery-item\"><div class=\"kadence-blocks-gallery-item-inner\"><figure class=\"kb-gallery-figure kadence-blocks-gallery-item-hide-caption\"><div class=\"kb-gal-image-radius\"><div class=\"kb-gallery-image-contain kadence-blocks-gallery-intrinsic kb-gallery-image-ratio-land169 kb-has-image-ratio-land169\" ><img loading=\"lazy\" decoding=\"async\" src=\"https:\/\/asko45000.fr\/wp-content\/uploads\/2026\/04\/4_stage_sermaises_groupe_3_ok-1024x576.jpg\" width=\"1024\" height=\"576\" alt=\"\" data-full-image=\"https:\/\/asko45000.fr\/wp-content\/uploads\/2026\/04\/4_stage_sermaises_groupe_3_ok-scaled.jpg\" data-light-image=\"https:\/\/asko45000.fr\/wp-content\/uploads\/2026\/04\/4_stage_sermaises_groupe_3_ok-scaled.jpg\" data-id=\"3910\" class=\"wp-image-3910 skip-lazy\" srcset=\"https:\/\/asko45000.fr\/wp-content\/uploads\/2026\/04\/4_stage_sermaises_groupe_3_ok-1024x576.jpg 1024w, https:\/\/asko45000.fr\/wp-content\/uploads\/2026\/04\/4_stage_sermaises_groupe_3_ok-300x169.jpg 300w, https:\/\/asko45000.fr\/wp-content\/uploads\/2026\/04\/4_stage_sermaises_groupe_3_ok-768x432.jpg 768w, https:\/\/asko45000.fr\/wp-content\/uploads\/2026\/04\/4_stage_sermaises_groupe_3_ok-1536x864.jpg 1536w, https:\/\/asko45000.fr\/wp-content\/uploads\/2026\/04\/4_stage_sermaises_groupe_3_ok-2048x1152.jpg 2048w\" sizes=\"auto, (max-width: 1024px) 100vw, 1024px\" \/><\/div><\/div><\/figure><\/div><\/div><\/li><li class=\"kb-slide-item kb-gallery-slide-item splide__slide\"><div class=\"kadence-blocks-gallery-item\"><div class=\"kadence-blocks-gallery-item-inner\"><figure class=\"kb-gallery-figure kadence-blocks-gallery-item-hide-caption\"><div class=\"kb-gal-image-radius\"><div class=\"kb-gallery-image-contain kadence-blocks-gallery-intrinsic kb-gallery-image-ratio-land169 kb-has-image-ratio-land169\" ><img loading=\"lazy\" decoding=\"async\" src=\"https:\/\/asko45000.fr\/wp-content\/uploads\/2026\/04\/2_stage_sermaises_18_04_26_photos_40_ok-1024x576.jpg\" width=\"1024\" height=\"576\" alt=\"\" data-full-image=\"https:\/\/asko45000.fr\/wp-content\/uploads\/2026\/04\/2_stage_sermaises_18_04_26_photos_40_ok.jpg\" data-light-image=\"https:\/\/asko45000.fr\/wp-content\/uploads\/2026\/04\/2_stage_sermaises_18_04_26_photos_40_ok.jpg\" data-id=\"3908\" class=\"wp-image-3908 skip-lazy\" srcset=\"https:\/\/asko45000.fr\/wp-content\/uploads\/2026\/04\/2_stage_sermaises_18_04_26_photos_40_ok-1024x576.jpg 1024w, https:\/\/asko45000.fr\/wp-content\/uploads\/2026\/04\/2_stage_sermaises_18_04_26_photos_40_ok-300x169.jpg 300w, https:\/\/asko45000.fr\/wp-content\/uploads\/2026\/04\/2_stage_sermaises_18_04_26_photos_40_ok-768x432.jpg 768w, https:\/\/asko45000.fr\/wp-content\/uploads\/2026\/04\/2_stage_sermaises_18_04_26_photos_40_ok-1536x864.jpg 1536w, https:\/\/asko45000.fr\/wp-content\/uploads\/2026\/04\/2_stage_sermaises_18_04_26_photos_40_ok.jpg 1634w\" sizes=\"auto, (max-width: 1024px) 100vw, 1024px\" \/><\/div><\/div><\/figure><\/div><\/div><\/li><li class=\"kb-slide-item kb-gallery-slide-item splide__slide\"><div class=\"kadence-blocks-gallery-item\"><div class=\"kadence-blocks-gallery-item-inner\"><figure class=\"kb-gallery-figure kadence-blocks-gallery-item-hide-caption\"><div class=\"kb-gal-image-radius\"><div class=\"kb-gallery-image-contain kadence-blocks-gallery-intrinsic kb-gallery-image-ratio-land169 kb-has-image-ratio-land169\" ><img loading=\"lazy\" decoding=\"async\" src=\"https:\/\/asko45000.fr\/wp-content\/uploads\/2026\/04\/3_stage_sermaises_18_04_26_photos_225_ok-1024x576.jpg\" width=\"1024\" height=\"576\" alt=\"\" data-full-image=\"https:\/\/asko45000.fr\/wp-content\/uploads\/2026\/04\/3_stage_sermaises_18_04_26_photos_225_ok-scaled.jpg\" data-light-image=\"https:\/\/asko45000.fr\/wp-content\/uploads\/2026\/04\/3_stage_sermaises_18_04_26_photos_225_ok-scaled.jpg\" data-id=\"3909\" class=\"wp-image-3909 skip-lazy\" srcset=\"https:\/\/asko45000.fr\/wp-content\/uploads\/2026\/04\/3_stage_sermaises_18_04_26_photos_225_ok-1024x576.jpg 1024w, https:\/\/asko45000.fr\/wp-content\/uploads\/2026\/04\/3_stage_sermaises_18_04_26_photos_225_ok-300x169.jpg 300w, https:\/\/asko45000.fr\/wp-content\/uploads\/2026\/04\/3_stage_sermaises_18_04_26_photos_225_ok-768x432.jpg 768w, https:\/\/asko45000.fr\/wp-content\/uploads\/2026\/04\/3_stage_sermaises_18_04_26_photos_225_ok-1536x864.jpg 1536w, https:\/\/asko45000.fr\/wp-content\/uploads\/2026\/04\/3_stage_sermaises_18_04_26_photos_225_ok-2048x1152.jpg 2048w\" sizes=\"auto, (max-width: 1024px) 100vw, 1024px\" \/><\/div><\/div><\/figure><\/div><\/div><\/li><li class=\"kb-slide-item kb-gallery-slide-item splide__slide\"><div class=\"kadence-blocks-gallery-item\"><div class=\"kadence-blocks-gallery-item-inner\"><figure class=\"kb-gallery-figure kadence-blocks-gallery-item-hide-caption\"><div class=\"kb-gal-image-radius\"><div class=\"kb-gallery-image-contain kadence-blocks-gallery-intrinsic kb-gallery-image-ratio-land169 kb-has-image-ratio-land169\" ><img loading=\"lazy\" decoding=\"async\" src=\"https:\/\/asko45000.fr\/wp-content\/uploads\/2026\/04\/1_stage_sermaises_18_04_26_photos_249_ok-1024x576.jpg\" width=\"1024\" height=\"576\" alt=\"\" data-full-image=\"https:\/\/asko45000.fr\/wp-content\/uploads\/2026\/04\/1_stage_sermaises_18_04_26_photos_249_ok-scaled.jpg\" data-light-image=\"https:\/\/asko45000.fr\/wp-content\/uploads\/2026\/04\/1_stage_sermaises_18_04_26_photos_249_ok-scaled.jpg\" data-id=\"3907\" class=\"wp-image-3907 skip-lazy\" srcset=\"https:\/\/asko45000.fr\/wp-content\/uploads\/2026\/04\/1_stage_sermaises_18_04_26_photos_249_ok-1024x576.jpg 1024w, https:\/\/asko45000.fr\/wp-content\/uploads\/2026\/04\/1_stage_sermaises_18_04_26_photos_249_ok-300x169.jpg 300w, https:\/\/asko45000.fr\/wp-content\/uploads\/2026\/04\/1_stage_sermaises_18_04_26_photos_249_ok-768x432.jpg 768w, https:\/\/asko45000.fr\/wp-content\/uploads\/2026\/04\/1_stage_sermaises_18_04_26_photos_249_ok-1536x864.jpg 1536w, https:\/\/asko45000.fr\/wp-content\/uploads\/2026\/04\/1_stage_sermaises_18_04_26_photos_249_ok-2048x1152.jpg 2048w\" sizes=\"auto, (max-width: 1024px) 100vw, 1024px\" \/><\/div><\/div><\/figure><\/div><\/div><\/li><\/ul><\/div><\/div><\/div><\/div>\n\n\n<p><strong>Pierre et Nivo<\/strong> parmi les vingt participants au stage <strong>organis\u00e9 par <\/strong>le club de Sermaises anim\u00e9 par <strong>Martial Gauthier,<\/strong> 7\u00e8me Dan, au dojo de Sermaises, le 18 avril 2026.<\/p>\n\n\n\n<p><\/p>\n","protected":false},"excerpt":{"rendered":"<p>Pierre et Nivo parmi les vingt participants au stage organis\u00e9 par le club de Sermaises anim\u00e9 par Martial Gauthier, 7\u00e8me Dan, au dojo de Sermaises, le 18 avril 2026.<\/p>\n","protected":false},"author":1,"featured_media":0,"parent":0,"menu_order":0,"comment_status":"closed","ping_status":"closed","template":"","meta":{"_kad_post_transparent":"","_kad_post_title":"","_kad_post_layout":"","_kad_post_sidebar_id":"","_kad_post_content_style":"","_kad_post_vertical_padding":"","_kad_post_feature":"","_kad_post_feature_position":"","_kad_post_header":false,"_kad_post_footer":false,"footnotes":""},"class_list":["post-3911","page","type-page","status-publish","hentry"],"_links":{"self":[{"href":"https:\/\/asko45000.fr\/index.php\/wp-json\/wp\/v2\/pages\/3911","targetHints":{"allow":["GET"]}}],"collection":[{"href":"https:\/\/asko45000.fr\/index.php\/wp-json\/wp\/v2\/pages"}],"about":[{"href":"https:\/\/asko45000.fr\/index.php\/wp-json\/wp\/v2\/types\/page"}],"author":[{"embeddable":true,"href":"https:\/\/asko45000.fr\/index.php\/wp-json\/wp\/v2\/users\/1"}],"replies":[{"embeddable":true,"href":"https:\/\/asko45000.fr\/index.php\/wp-json\/wp\/v2\/comments?post=3911"}],"version-history":[{"count":4,"href":"https:\/\/asko45000.fr\/index.php\/wp-json\/wp\/v2\/pages\/3911\/revisions"}],"predecessor-version":[{"id":3916,"href":"https:\/\/asko45000.fr\/index.php\/wp-json\/wp\/v2\/pages\/3911\/revisions\/3916"}],"wp:attachment":[{"href":"https:\/\/asko45000.fr\/index.php\/wp-json\/wp\/v2\/media?parent=3911"}],"curies":[{"name":"wp","href":"https:\/\/api.w.org\/{rel}","templated":true}]}}