{"id":432,"date":"2023-02-08T11:31:58","date_gmt":"2023-02-08T10:31:58","guid":{"rendered":"http:\/\/askofrx.cluster028.hosting.ovh.net\/?page_id=432"},"modified":"2023-02-26T19:33:54","modified_gmt":"2023-02-26T18:33:54","slug":"gouter-de-fin-dannee-2022","status":"publish","type":"page","link":"https:\/\/asko45000.fr\/index.php\/gouter-de-fin-dannee-2022\/","title":{"rendered":"Go\u00fbter de fin d&rsquo;ann\u00e9e 2022"},"content":{"rendered":"<style>.kb-gallery-id-_3dfa0e-3a.kb-gallery-ul.kb-gallery-type-fluidcarousel .kt-blocks-carousel figure .kb-gal-image-radius, .kb-gallery-id-_3dfa0e-3a.kb-gallery-ul.kb-gallery-type-fluidcarousel .kt-blocks-carousel figure .kb-gal-image-radius img{height:300px;}.kb-gallery-id-_3dfa0e-3a .kadence-blocks-gallery-item .kb-gal-image-radius, .kb-gallery-id-_3dfa0e-3a .kb-slide-item .kb-gal-image-radius img{border-radius:0px 0px 0px 0px;;}.kb-gallery-wrap-id-_3dfa0e-3a.wp-block-kadence-advancedgallery{overflow:visible;}.kb-gallery-wrap-id-_3dfa0e-3a.wp-block-kadence-advancedgallery .kt-blocks-carousel{overflow:visible;max-width:100%;}<\/style><div class=\"kb-gallery-wrap-id-_3dfa0e-3a alignnone wp-block-kadence-advancedgallery\"><div class=\"kb-gallery-ul kb-gallery-non-static kb-gallery-type-fluidcarousel kb-gallery-id-_3dfa0e-3a kb-gallery-caption-style-bottom-hover kb-gallery-filter-none\" data-image-filter=\"none\" data-lightbox-caption=\"true\"><div class=\"kt-blocks-carousel splide kt-carousel-container-dotstyle-dark kt-carousel-arrowstyle-whiteondark kt-carousel-dotstyle-dark kb-slider-group-arrow kb-slider-arrow-position-center\" data-slider-anim-speed=\"320\" data-slider-scroll=\"1\" data-slider-arrows=\"true\" data-slider-dots=\"true\" data-slider-hover-pause=\"false\" data-slider-auto=\"1\" data-slider-speed=\"2160\" data-slider-type=\"fluidcarousel\" data-slider-center-mode=\"true\" data-slider-gap=\"10px\" data-slider-gap-tablet=\"10px\" data-slider-gap-mobile=\"10px\" data-show-pause-button=\"false\"><div class=\"splide__track\"><ul class=\"kt-blocks-carousel-init kb-blocks-fluid-carousel splide__list\"><li class=\"kb-slide-item kb-gallery-carousel-item splide__slide\"><div class=\"kadence-blocks-gallery-item\"><div class=\"kadence-blocks-gallery-item-inner\"><figure class=\"kb-gallery-figure kadence-blocks-gallery-item-hide-caption\"><div class=\"kb-gal-image-radius\"><div class=\"kb-gallery-image-contain\" ><img loading=\"lazy\" decoding=\"async\" src=\"http:\/\/askofrx.cluster028.hosting.ovh.net\/wp-content\/uploads\/2023\/02\/IMG_20221215_193838-1024x576.jpg\" width=\"1024\" height=\"576\" alt=\"\" data-full-image=\"http:\/\/askofrx.cluster028.hosting.ovh.net\/wp-content\/uploads\/2023\/02\/IMG_20221215_193838-scaled.jpg\" data-light-image=\"http:\/\/askofrx.cluster028.hosting.ovh.net\/wp-content\/uploads\/2023\/02\/IMG_20221215_193838-scaled.jpg\" data-id=\"98\" class=\"wp-image-98 skip-lazy\" srcset=\"https:\/\/asko45000.fr\/wp-content\/uploads\/2023\/02\/IMG_20221215_193838-1024x576.jpg 1024w, https:\/\/asko45000.fr\/wp-content\/uploads\/2023\/02\/IMG_20221215_193838-300x169.jpg 300w, https:\/\/asko45000.fr\/wp-content\/uploads\/2023\/02\/IMG_20221215_193838-768x432.jpg 768w, https:\/\/asko45000.fr\/wp-content\/uploads\/2023\/02\/IMG_20221215_193838-1536x864.jpg 1536w, https:\/\/asko45000.fr\/wp-content\/uploads\/2023\/02\/IMG_20221215_193838-2048x1152.jpg 2048w\" sizes=\"auto, (max-width: 1024px) 100vw, 1024px\" \/><\/div><\/div><\/figure><\/div><\/div><\/li><li class=\"kb-slide-item kb-gallery-carousel-item splide__slide\"><div class=\"kadence-blocks-gallery-item\"><div class=\"kadence-blocks-gallery-item-inner\"><figure class=\"kb-gallery-figure kadence-blocks-gallery-item-hide-caption\"><div class=\"kb-gal-image-radius\"><div class=\"kb-gallery-image-contain\" ><img loading=\"lazy\" decoding=\"async\" src=\"http:\/\/askofrx.cluster028.hosting.ovh.net\/wp-content\/uploads\/2023\/02\/IMG_20221215_193851-1024x576.jpg\" width=\"1024\" height=\"576\" alt=\"\" data-full-image=\"http:\/\/askofrx.cluster028.hosting.ovh.net\/wp-content\/uploads\/2023\/02\/IMG_20221215_193851-scaled.jpg\" data-light-image=\"http:\/\/askofrx.cluster028.hosting.ovh.net\/wp-content\/uploads\/2023\/02\/IMG_20221215_193851-scaled.jpg\" data-id=\"100\" class=\"wp-image-100 skip-lazy\" srcset=\"https:\/\/asko45000.fr\/wp-content\/uploads\/2023\/02\/IMG_20221215_193851-1024x576.jpg 1024w, https:\/\/asko45000.fr\/wp-content\/uploads\/2023\/02\/IMG_20221215_193851-300x169.jpg 300w, https:\/\/asko45000.fr\/wp-content\/uploads\/2023\/02\/IMG_20221215_193851-768x432.jpg 768w, https:\/\/asko45000.fr\/wp-content\/uploads\/2023\/02\/IMG_20221215_193851-1536x864.jpg 1536w, https:\/\/asko45000.fr\/wp-content\/uploads\/2023\/02\/IMG_20221215_193851-2048x1152.jpg 2048w\" sizes=\"auto, (max-width: 1024px) 100vw, 1024px\" \/><\/div><\/div><\/figure><\/div><\/div><\/li><li class=\"kb-slide-item kb-gallery-carousel-item splide__slide\"><div class=\"kadence-blocks-gallery-item\"><div class=\"kadence-blocks-gallery-item-inner\"><figure class=\"kb-gallery-figure kadence-blocks-gallery-item-hide-caption\"><div class=\"kb-gal-image-radius\"><div class=\"kb-gallery-image-contain\" ><img loading=\"lazy\" decoding=\"async\" src=\"http:\/\/askofrx.cluster028.hosting.ovh.net\/wp-content\/uploads\/2023\/02\/IMG_20221215_193628-1024x575.jpg\" width=\"1024\" height=\"575\" alt=\"\" data-full-image=\"http:\/\/askofrx.cluster028.hosting.ovh.net\/wp-content\/uploads\/2023\/02\/IMG_20221215_193628-scaled.jpg\" data-light-image=\"http:\/\/askofrx.cluster028.hosting.ovh.net\/wp-content\/uploads\/2023\/02\/IMG_20221215_193628-scaled.jpg\" data-id=\"99\" class=\"wp-image-99 skip-lazy\" srcset=\"https:\/\/asko45000.fr\/wp-content\/uploads\/2023\/02\/IMG_20221215_193628-1024x575.jpg 1024w, https:\/\/asko45000.fr\/wp-content\/uploads\/2023\/02\/IMG_20221215_193628-300x169.jpg 300w, https:\/\/asko45000.fr\/wp-content\/uploads\/2023\/02\/IMG_20221215_193628-768x432.jpg 768w, https:\/\/asko45000.fr\/wp-content\/uploads\/2023\/02\/IMG_20221215_193628-1536x863.jpg 1536w, https:\/\/asko45000.fr\/wp-content\/uploads\/2023\/02\/IMG_20221215_193628-2048x1151.jpg 2048w\" sizes=\"auto, (max-width: 1024px) 100vw, 1024px\" \/><\/div><\/div><\/figure><\/div><\/div><\/li><li class=\"kb-slide-item kb-gallery-carousel-item splide__slide\"><div class=\"kadence-blocks-gallery-item\"><div class=\"kadence-blocks-gallery-item-inner\"><figure class=\"kb-gallery-figure kadence-blocks-gallery-item-hide-caption\"><div class=\"kb-gal-image-radius\"><div class=\"kb-gallery-image-contain\" ><img loading=\"lazy\" decoding=\"async\" src=\"http:\/\/askofrx.cluster028.hosting.ovh.net\/wp-content\/uploads\/2023\/02\/IMG_20221215_193008-1024x575.jpg\" width=\"1024\" height=\"575\" alt=\"\" data-full-image=\"http:\/\/askofrx.cluster028.hosting.ovh.net\/wp-content\/uploads\/2023\/02\/IMG_20221215_193008-scaled.jpg\" data-light-image=\"http:\/\/askofrx.cluster028.hosting.ovh.net\/wp-content\/uploads\/2023\/02\/IMG_20221215_193008-scaled.jpg\" data-id=\"97\" class=\"wp-image-97 skip-lazy\" srcset=\"https:\/\/asko45000.fr\/wp-content\/uploads\/2023\/02\/IMG_20221215_193008-1024x575.jpg 1024w, https:\/\/asko45000.fr\/wp-content\/uploads\/2023\/02\/IMG_20221215_193008-300x169.jpg 300w, https:\/\/asko45000.fr\/wp-content\/uploads\/2023\/02\/IMG_20221215_193008-768x432.jpg 768w, https:\/\/asko45000.fr\/wp-content\/uploads\/2023\/02\/IMG_20221215_193008-1536x863.jpg 1536w, https:\/\/asko45000.fr\/wp-content\/uploads\/2023\/02\/IMG_20221215_193008-2048x1151.jpg 2048w\" sizes=\"auto, (max-width: 1024px) 100vw, 1024px\" \/><\/div><\/div><\/figure><\/div><\/div><\/li><li class=\"kb-slide-item kb-gallery-carousel-item splide__slide\"><div class=\"kadence-blocks-gallery-item\"><div class=\"kadence-blocks-gallery-item-inner\"><figure class=\"kb-gallery-figure kadence-blocks-gallery-item-hide-caption\"><div class=\"kb-gal-image-radius\"><div class=\"kb-gallery-image-contain\" ><img loading=\"lazy\" decoding=\"async\" src=\"http:\/\/askofrx.cluster028.hosting.ovh.net\/wp-content\/uploads\/2023\/02\/IMG_20221215_192541-1024x575.jpg\" width=\"1024\" height=\"575\" alt=\"\" data-full-image=\"http:\/\/askofrx.cluster028.hosting.ovh.net\/wp-content\/uploads\/2023\/02\/IMG_20221215_192541-scaled.jpg\" data-light-image=\"http:\/\/askofrx.cluster028.hosting.ovh.net\/wp-content\/uploads\/2023\/02\/IMG_20221215_192541-scaled.jpg\" data-id=\"96\" class=\"wp-image-96 skip-lazy\" srcset=\"https:\/\/asko45000.fr\/wp-content\/uploads\/2023\/02\/IMG_20221215_192541-1024x575.jpg 1024w, https:\/\/asko45000.fr\/wp-content\/uploads\/2023\/02\/IMG_20221215_192541-300x169.jpg 300w, https:\/\/asko45000.fr\/wp-content\/uploads\/2023\/02\/IMG_20221215_192541-768x432.jpg 768w, https:\/\/asko45000.fr\/wp-content\/uploads\/2023\/02\/IMG_20221215_192541-1536x863.jpg 1536w, https:\/\/asko45000.fr\/wp-content\/uploads\/2023\/02\/IMG_20221215_192541-2048x1151.jpg 2048w\" sizes=\"auto, (max-width: 1024px) 100vw, 1024px\" \/><\/div><\/div><\/figure><\/div><\/div><\/li><li class=\"kb-slide-item kb-gallery-carousel-item splide__slide\"><div class=\"kadence-blocks-gallery-item\"><div class=\"kadence-blocks-gallery-item-inner\"><figure class=\"kb-gallery-figure kadence-blocks-gallery-item-hide-caption\"><div class=\"kb-gal-image-radius\"><div class=\"kb-gallery-image-contain\" ><img loading=\"lazy\" decoding=\"async\" src=\"http:\/\/askofrx.cluster028.hosting.ovh.net\/wp-content\/uploads\/2023\/02\/IMG_20221215_192527-1024x575.jpg\" width=\"1024\" height=\"575\" alt=\"\" data-full-image=\"http:\/\/askofrx.cluster028.hosting.ovh.net\/wp-content\/uploads\/2023\/02\/IMG_20221215_192527-scaled.jpg\" data-light-image=\"http:\/\/askofrx.cluster028.hosting.ovh.net\/wp-content\/uploads\/2023\/02\/IMG_20221215_192527-scaled.jpg\" data-id=\"95\" class=\"wp-image-95 skip-lazy\" srcset=\"https:\/\/asko45000.fr\/wp-content\/uploads\/2023\/02\/IMG_20221215_192527-1024x575.jpg 1024w, https:\/\/asko45000.fr\/wp-content\/uploads\/2023\/02\/IMG_20221215_192527-300x169.jpg 300w, https:\/\/asko45000.fr\/wp-content\/uploads\/2023\/02\/IMG_20221215_192527-768x432.jpg 768w, https:\/\/asko45000.fr\/wp-content\/uploads\/2023\/02\/IMG_20221215_192527-1536x863.jpg 1536w, https:\/\/asko45000.fr\/wp-content\/uploads\/2023\/02\/IMG_20221215_192527-2048x1151.jpg 2048w\" sizes=\"auto, (max-width: 1024px) 100vw, 1024px\" \/><\/div><\/div><\/figure><\/div><\/div><\/li><li class=\"kb-slide-item kb-gallery-carousel-item splide__slide\"><div class=\"kadence-blocks-gallery-item\"><div class=\"kadence-blocks-gallery-item-inner\"><figure class=\"kb-gallery-figure kadence-blocks-gallery-item-hide-caption\"><div class=\"kb-gal-image-radius\"><div class=\"kb-gallery-image-contain\" ><img loading=\"lazy\" decoding=\"async\" src=\"http:\/\/askofrx.cluster028.hosting.ovh.net\/wp-content\/uploads\/2023\/02\/IMG_20221215_192244-1024x575.jpg\" width=\"1024\" height=\"575\" alt=\"\" data-full-image=\"http:\/\/askofrx.cluster028.hosting.ovh.net\/wp-content\/uploads\/2023\/02\/IMG_20221215_192244-scaled.jpg\" data-light-image=\"http:\/\/askofrx.cluster028.hosting.ovh.net\/wp-content\/uploads\/2023\/02\/IMG_20221215_192244-scaled.jpg\" data-id=\"93\" class=\"wp-image-93 skip-lazy\" srcset=\"https:\/\/asko45000.fr\/wp-content\/uploads\/2023\/02\/IMG_20221215_192244-1024x575.jpg 1024w, https:\/\/asko45000.fr\/wp-content\/uploads\/2023\/02\/IMG_20221215_192244-300x169.jpg 300w, https:\/\/asko45000.fr\/wp-content\/uploads\/2023\/02\/IMG_20221215_192244-768x432.jpg 768w, https:\/\/asko45000.fr\/wp-content\/uploads\/2023\/02\/IMG_20221215_192244-1536x863.jpg 1536w, https:\/\/asko45000.fr\/wp-content\/uploads\/2023\/02\/IMG_20221215_192244-2048x1151.jpg 2048w\" sizes=\"auto, (max-width: 1024px) 100vw, 1024px\" \/><\/div><\/div><\/figure><\/div><\/div><\/li><li class=\"kb-slide-item kb-gallery-carousel-item splide__slide\"><div class=\"kadence-blocks-gallery-item\"><div class=\"kadence-blocks-gallery-item-inner\"><figure class=\"kb-gallery-figure kadence-blocks-gallery-item-hide-caption\"><div class=\"kb-gal-image-radius\"><div class=\"kb-gallery-image-contain\" ><img loading=\"lazy\" decoding=\"async\" src=\"http:\/\/askofrx.cluster028.hosting.ovh.net\/wp-content\/uploads\/2023\/02\/IMG_20221215_192803-1024x575.jpg\" width=\"1024\" height=\"575\" alt=\"\" data-full-image=\"http:\/\/askofrx.cluster028.hosting.ovh.net\/wp-content\/uploads\/2023\/02\/IMG_20221215_192803-scaled.jpg\" data-light-image=\"http:\/\/askofrx.cluster028.hosting.ovh.net\/wp-content\/uploads\/2023\/02\/IMG_20221215_192803-scaled.jpg\" data-id=\"92\" class=\"wp-image-92 skip-lazy\" srcset=\"https:\/\/asko45000.fr\/wp-content\/uploads\/2023\/02\/IMG_20221215_192803-1024x575.jpg 1024w, https:\/\/asko45000.fr\/wp-content\/uploads\/2023\/02\/IMG_20221215_192803-300x169.jpg 300w, https:\/\/asko45000.fr\/wp-content\/uploads\/2023\/02\/IMG_20221215_192803-768x432.jpg 768w, https:\/\/asko45000.fr\/wp-content\/uploads\/2023\/02\/IMG_20221215_192803-1536x863.jpg 1536w, https:\/\/asko45000.fr\/wp-content\/uploads\/2023\/02\/IMG_20221215_192803-2048x1151.jpg 2048w\" sizes=\"auto, (max-width: 1024px) 100vw, 1024px\" \/><\/div><\/div><\/figure><\/div><\/div><\/li><li class=\"kb-slide-item kb-gallery-carousel-item splide__slide\"><div class=\"kadence-blocks-gallery-item\"><div class=\"kadence-blocks-gallery-item-inner\"><figure class=\"kb-gallery-figure kadence-blocks-gallery-item-hide-caption\"><div class=\"kb-gal-image-radius\"><div class=\"kb-gallery-image-contain\" ><img loading=\"lazy\" decoding=\"async\" src=\"http:\/\/askofrx.cluster028.hosting.ovh.net\/wp-content\/uploads\/2023\/02\/IMG_20221215_192959-1024x575.jpg\" width=\"1024\" height=\"575\" alt=\"\" data-full-image=\"http:\/\/askofrx.cluster028.hosting.ovh.net\/wp-content\/uploads\/2023\/02\/IMG_20221215_192959-scaled.jpg\" data-light-image=\"http:\/\/askofrx.cluster028.hosting.ovh.net\/wp-content\/uploads\/2023\/02\/IMG_20221215_192959-scaled.jpg\" data-id=\"94\" class=\"wp-image-94 skip-lazy\" srcset=\"https:\/\/asko45000.fr\/wp-content\/uploads\/2023\/02\/IMG_20221215_192959-1024x575.jpg 1024w, https:\/\/asko45000.fr\/wp-content\/uploads\/2023\/02\/IMG_20221215_192959-300x169.jpg 300w, https:\/\/asko45000.fr\/wp-content\/uploads\/2023\/02\/IMG_20221215_192959-768x432.jpg 768w, https:\/\/asko45000.fr\/wp-content\/uploads\/2023\/02\/IMG_20221215_192959-1536x863.jpg 1536w, https:\/\/asko45000.fr\/wp-content\/uploads\/2023\/02\/IMG_20221215_192959-2048x1151.jpg 2048w\" sizes=\"auto, (max-width: 1024px) 100vw, 1024px\" \/><\/div><\/div><\/figure><\/div><\/div><\/li><li class=\"kb-slide-item kb-gallery-carousel-item splide__slide\"><div class=\"kadence-blocks-gallery-item\"><div class=\"kadence-blocks-gallery-item-inner\"><figure class=\"kb-gallery-figure kadence-blocks-gallery-item-hide-caption\"><div class=\"kb-gal-image-radius\"><div class=\"kb-gallery-image-contain\" ><img loading=\"lazy\" decoding=\"async\" src=\"http:\/\/askofrx.cluster028.hosting.ovh.net\/wp-content\/uploads\/2023\/02\/IMG_20221215_191335-1024x575.jpg\" width=\"1024\" height=\"575\" alt=\"\" data-full-image=\"http:\/\/askofrx.cluster028.hosting.ovh.net\/wp-content\/uploads\/2023\/02\/IMG_20221215_191335-scaled.jpg\" data-light-image=\"http:\/\/askofrx.cluster028.hosting.ovh.net\/wp-content\/uploads\/2023\/02\/IMG_20221215_191335-scaled.jpg\" data-id=\"86\" class=\"wp-image-86 skip-lazy\" srcset=\"https:\/\/asko45000.fr\/wp-content\/uploads\/2023\/02\/IMG_20221215_191335-1024x575.jpg 1024w, https:\/\/asko45000.fr\/wp-content\/uploads\/2023\/02\/IMG_20221215_191335-300x169.jpg 300w, https:\/\/asko45000.fr\/wp-content\/uploads\/2023\/02\/IMG_20221215_191335-768x432.jpg 768w, https:\/\/asko45000.fr\/wp-content\/uploads\/2023\/02\/IMG_20221215_191335-1536x863.jpg 1536w, https:\/\/asko45000.fr\/wp-content\/uploads\/2023\/02\/IMG_20221215_191335-2048x1151.jpg 2048w\" sizes=\"auto, (max-width: 1024px) 100vw, 1024px\" \/><\/div><\/div><\/figure><\/div><\/div><\/li><li class=\"kb-slide-item kb-gallery-carousel-item splide__slide\"><div class=\"kadence-blocks-gallery-item\"><div class=\"kadence-blocks-gallery-item-inner\"><figure class=\"kb-gallery-figure kadence-blocks-gallery-item-hide-caption\"><div class=\"kb-gal-image-radius\"><div class=\"kb-gallery-image-contain\" ><img loading=\"lazy\" decoding=\"async\" src=\"http:\/\/askofrx.cluster028.hosting.ovh.net\/wp-content\/uploads\/2023\/02\/IMG_20221215_191705-1024x575.jpg\" width=\"1024\" height=\"575\" alt=\"\" data-full-image=\"http:\/\/askofrx.cluster028.hosting.ovh.net\/wp-content\/uploads\/2023\/02\/IMG_20221215_191705-scaled.jpg\" data-light-image=\"http:\/\/askofrx.cluster028.hosting.ovh.net\/wp-content\/uploads\/2023\/02\/IMG_20221215_191705-scaled.jpg\" data-id=\"87\" class=\"wp-image-87 skip-lazy\" srcset=\"https:\/\/asko45000.fr\/wp-content\/uploads\/2023\/02\/IMG_20221215_191705-1024x575.jpg 1024w, https:\/\/asko45000.fr\/wp-content\/uploads\/2023\/02\/IMG_20221215_191705-300x169.jpg 300w, https:\/\/asko45000.fr\/wp-content\/uploads\/2023\/02\/IMG_20221215_191705-768x432.jpg 768w, https:\/\/asko45000.fr\/wp-content\/uploads\/2023\/02\/IMG_20221215_191705-1536x863.jpg 1536w, https:\/\/asko45000.fr\/wp-content\/uploads\/2023\/02\/IMG_20221215_191705-2048x1151.jpg 2048w\" sizes=\"auto, (max-width: 1024px) 100vw, 1024px\" \/><\/div><\/div><\/figure><\/div><\/div><\/li><li class=\"kb-slide-item kb-gallery-carousel-item splide__slide\"><div class=\"kadence-blocks-gallery-item\"><div class=\"kadence-blocks-gallery-item-inner\"><figure class=\"kb-gallery-figure kadence-blocks-gallery-item-hide-caption\"><div class=\"kb-gal-image-radius\"><div class=\"kb-gallery-image-contain\" ><img loading=\"lazy\" decoding=\"async\" src=\"http:\/\/askofrx.cluster028.hosting.ovh.net\/wp-content\/uploads\/2023\/02\/IMG_20221215_191802-1024x575.jpg\" width=\"1024\" height=\"575\" alt=\"\" data-full-image=\"http:\/\/askofrx.cluster028.hosting.ovh.net\/wp-content\/uploads\/2023\/02\/IMG_20221215_191802-scaled.jpg\" data-light-image=\"http:\/\/askofrx.cluster028.hosting.ovh.net\/wp-content\/uploads\/2023\/02\/IMG_20221215_191802-scaled.jpg\" data-id=\"88\" class=\"wp-image-88 skip-lazy\" srcset=\"https:\/\/asko45000.fr\/wp-content\/uploads\/2023\/02\/IMG_20221215_191802-1024x575.jpg 1024w, https:\/\/asko45000.fr\/wp-content\/uploads\/2023\/02\/IMG_20221215_191802-300x169.jpg 300w, https:\/\/asko45000.fr\/wp-content\/uploads\/2023\/02\/IMG_20221215_191802-768x432.jpg 768w, https:\/\/asko45000.fr\/wp-content\/uploads\/2023\/02\/IMG_20221215_191802-1536x863.jpg 1536w, https:\/\/asko45000.fr\/wp-content\/uploads\/2023\/02\/IMG_20221215_191802-2048x1151.jpg 2048w\" sizes=\"auto, (max-width: 1024px) 100vw, 1024px\" \/><\/div><\/div><\/figure><\/div><\/div><\/li><li class=\"kb-slide-item kb-gallery-carousel-item splide__slide\"><div class=\"kadence-blocks-gallery-item\"><div class=\"kadence-blocks-gallery-item-inner\"><figure class=\"kb-gallery-figure kadence-blocks-gallery-item-hide-caption\"><div class=\"kb-gal-image-radius\"><div class=\"kb-gallery-image-contain\" ><img loading=\"lazy\" decoding=\"async\" src=\"http:\/\/askofrx.cluster028.hosting.ovh.net\/wp-content\/uploads\/2023\/02\/IMG_20221215_192217-1024x575.jpg\" width=\"1024\" height=\"575\" alt=\"\" data-full-image=\"http:\/\/askofrx.cluster028.hosting.ovh.net\/wp-content\/uploads\/2023\/02\/IMG_20221215_192217-scaled.jpg\" data-light-image=\"http:\/\/askofrx.cluster028.hosting.ovh.net\/wp-content\/uploads\/2023\/02\/IMG_20221215_192217-scaled.jpg\" data-id=\"89\" class=\"wp-image-89 skip-lazy\" srcset=\"https:\/\/asko45000.fr\/wp-content\/uploads\/2023\/02\/IMG_20221215_192217-1024x575.jpg 1024w, https:\/\/asko45000.fr\/wp-content\/uploads\/2023\/02\/IMG_20221215_192217-300x169.jpg 300w, https:\/\/asko45000.fr\/wp-content\/uploads\/2023\/02\/IMG_20221215_192217-768x432.jpg 768w, https:\/\/asko45000.fr\/wp-content\/uploads\/2023\/02\/IMG_20221215_192217-1536x863.jpg 1536w, https:\/\/asko45000.fr\/wp-content\/uploads\/2023\/02\/IMG_20221215_192217-2048x1151.jpg 2048w\" sizes=\"auto, (max-width: 1024px) 100vw, 1024px\" \/><\/div><\/div><\/figure><\/div><\/div><\/li><li class=\"kb-slide-item kb-gallery-carousel-item splide__slide\"><div class=\"kadence-blocks-gallery-item\"><div class=\"kadence-blocks-gallery-item-inner\"><figure class=\"kb-gallery-figure kadence-blocks-gallery-item-hide-caption\"><div class=\"kb-gal-image-radius\"><div class=\"kb-gallery-image-contain\" ><img loading=\"lazy\" decoding=\"async\" src=\"http:\/\/askofrx.cluster028.hosting.ovh.net\/wp-content\/uploads\/2023\/02\/IMG_20221215_192230-1024x575.jpg\" width=\"1024\" height=\"575\" alt=\"\" data-full-image=\"http:\/\/askofrx.cluster028.hosting.ovh.net\/wp-content\/uploads\/2023\/02\/IMG_20221215_192230-scaled.jpg\" data-light-image=\"http:\/\/askofrx.cluster028.hosting.ovh.net\/wp-content\/uploads\/2023\/02\/IMG_20221215_192230-scaled.jpg\" data-id=\"90\" class=\"wp-image-90 skip-lazy\" srcset=\"https:\/\/asko45000.fr\/wp-content\/uploads\/2023\/02\/IMG_20221215_192230-1024x575.jpg 1024w, https:\/\/asko45000.fr\/wp-content\/uploads\/2023\/02\/IMG_20221215_192230-300x169.jpg 300w, https:\/\/asko45000.fr\/wp-content\/uploads\/2023\/02\/IMG_20221215_192230-768x432.jpg 768w, https:\/\/asko45000.fr\/wp-content\/uploads\/2023\/02\/IMG_20221215_192230-1536x863.jpg 1536w, https:\/\/asko45000.fr\/wp-content\/uploads\/2023\/02\/IMG_20221215_192230-2048x1151.jpg 2048w\" sizes=\"auto, (max-width: 1024px) 100vw, 1024px\" \/><\/div><\/div><\/figure><\/div><\/div><\/li><li class=\"kb-slide-item kb-gallery-carousel-item splide__slide\"><div class=\"kadence-blocks-gallery-item\"><div class=\"kadence-blocks-gallery-item-inner\"><figure class=\"kb-gallery-figure kadence-blocks-gallery-item-hide-caption\"><div class=\"kb-gal-image-radius\"><div class=\"kb-gallery-image-contain\" ><img loading=\"lazy\" decoding=\"async\" src=\"http:\/\/askofrx.cluster028.hosting.ovh.net\/wp-content\/uploads\/2023\/02\/IMG_20221215_191758-1024x575.jpg\" width=\"1024\" height=\"575\" alt=\"\" data-full-image=\"http:\/\/askofrx.cluster028.hosting.ovh.net\/wp-content\/uploads\/2023\/02\/IMG_20221215_191758-scaled.jpg\" data-light-image=\"http:\/\/askofrx.cluster028.hosting.ovh.net\/wp-content\/uploads\/2023\/02\/IMG_20221215_191758-scaled.jpg\" data-id=\"91\" class=\"wp-image-91 skip-lazy\" srcset=\"https:\/\/asko45000.fr\/wp-content\/uploads\/2023\/02\/IMG_20221215_191758-1024x575.jpg 1024w, https:\/\/asko45000.fr\/wp-content\/uploads\/2023\/02\/IMG_20221215_191758-300x169.jpg 300w, https:\/\/asko45000.fr\/wp-content\/uploads\/2023\/02\/IMG_20221215_191758-768x432.jpg 768w, https:\/\/asko45000.fr\/wp-content\/uploads\/2023\/02\/IMG_20221215_191758-1536x863.jpg 1536w, https:\/\/asko45000.fr\/wp-content\/uploads\/2023\/02\/IMG_20221215_191758-2048x1151.jpg 2048w\" sizes=\"auto, (max-width: 1024px) 100vw, 1024px\" \/><\/div><\/div><\/figure><\/div><\/div><\/li><li class=\"kb-slide-item kb-gallery-carousel-item splide__slide\"><div class=\"kadence-blocks-gallery-item\"><div class=\"kadence-blocks-gallery-item-inner\"><figure class=\"kb-gallery-figure kadence-blocks-gallery-item-hide-caption\"><div class=\"kb-gal-image-radius\"><div class=\"kb-gallery-image-contain\" ><img loading=\"lazy\" decoding=\"async\" src=\"http:\/\/askofrx.cluster028.hosting.ovh.net\/wp-content\/uploads\/2023\/02\/IMG_1440-1-1024x768.jpg\" width=\"1024\" height=\"768\" alt=\"\" data-full-image=\"http:\/\/askofrx.cluster028.hosting.ovh.net\/wp-content\/uploads\/2023\/02\/IMG_1440-1-scaled.jpg\" data-light-image=\"http:\/\/askofrx.cluster028.hosting.ovh.net\/wp-content\/uploads\/2023\/02\/IMG_1440-1-scaled.jpg\" data-id=\"15\" class=\"wp-image-15 skip-lazy\" srcset=\"https:\/\/asko45000.fr\/wp-content\/uploads\/2023\/02\/IMG_1440-1-1024x768.jpg 1024w, https:\/\/asko45000.fr\/wp-content\/uploads\/2023\/02\/IMG_1440-1-300x225.jpg 300w, https:\/\/asko45000.fr\/wp-content\/uploads\/2023\/02\/IMG_1440-1-768x576.jpg 768w, https:\/\/asko45000.fr\/wp-content\/uploads\/2023\/02\/IMG_1440-1-1536x1152.jpg 1536w, https:\/\/asko45000.fr\/wp-content\/uploads\/2023\/02\/IMG_1440-1-2048x1536.jpg 2048w\" sizes=\"auto, (max-width: 1024px) 100vw, 1024px\" \/><\/div><\/div><\/figure><\/div><\/div><\/li><\/ul><\/div><\/div><\/div><\/div>\n\n\n<p>Le jeudi 15 d\u00e9cembre 2022, les deux groupes enfants et pr\u00e9-ados de l&rsquo;ASKO ont fait cours commun. \u00ab\u00a0Le tatami \u00e9tait trop petit pour les accueillir\u00a0\u00bb. Les plus grands ont pris en main les plus petits dans la bonne humeur. Go\u00fbter et chocolats ont cl\u00f4tur\u00e9 cette derni\u00e8re s\u00e9ance de l&rsquo;ann\u00e9e 2022.<\/p>\n","protected":false},"excerpt":{"rendered":"<p>Le jeudi 15 d\u00e9cembre 2022, les deux groupes enfants et pr\u00e9-ados de l&rsquo;ASKO ont fait cours commun. \u00ab\u00a0Le tatami \u00e9tait trop petit pour les accueillir\u00a0\u00bb. Les plus grands ont pris en main les plus petits dans la bonne humeur. Go\u00fbter et chocolats ont cl\u00f4tur\u00e9 cette derni\u00e8re s\u00e9ance de l&rsquo;ann\u00e9e 2022.<\/p>\n","protected":false},"author":1,"featured_media":0,"parent":0,"menu_order":0,"comment_status":"closed","ping_status":"closed","template":"","meta":{"_kad_post_transparent":"","_kad_post_title":"","_kad_post_layout":"","_kad_post_sidebar_id":"","_kad_post_content_style":"","_kad_post_vertical_padding":"","_kad_post_feature":"","_kad_post_feature_position":"","_kad_post_header":false,"_kad_post_footer":false,"footnotes":""},"class_list":["post-432","page","type-page","status-publish","hentry"],"_links":{"self":[{"href":"https:\/\/asko45000.fr\/index.php\/wp-json\/wp\/v2\/pages\/432","targetHints":{"allow":["GET"]}}],"collection":[{"href":"https:\/\/asko45000.fr\/index.php\/wp-json\/wp\/v2\/pages"}],"about":[{"href":"https:\/\/asko45000.fr\/index.php\/wp-json\/wp\/v2\/types\/page"}],"author":[{"embeddable":true,"href":"https:\/\/asko45000.fr\/index.php\/wp-json\/wp\/v2\/users\/1"}],"replies":[{"embeddable":true,"href":"https:\/\/asko45000.fr\/index.php\/wp-json\/wp\/v2\/comments?post=432"}],"version-history":[{"count":7,"href":"https:\/\/asko45000.fr\/index.php\/wp-json\/wp\/v2\/pages\/432\/revisions"}],"predecessor-version":[{"id":881,"href":"https:\/\/asko45000.fr\/index.php\/wp-json\/wp\/v2\/pages\/432\/revisions\/881"}],"wp:attachment":[{"href":"https:\/\/asko45000.fr\/index.php\/wp-json\/wp\/v2\/media?parent=432"}],"curies":[{"name":"wp","href":"https:\/\/api.w.org\/{rel}","templated":true}]}}