{"id":583,"date":"2023-02-13T20:42:00","date_gmt":"2023-02-13T19:42:00","guid":{"rendered":"http:\/\/askofrx.cluster028.hosting.ovh.net\/?page_id=583"},"modified":"2023-03-13T12:03:46","modified_gmt":"2023-03-13T11:03:46","slug":"583-2","status":"publish","type":"page","link":"https:\/\/asko45000.fr\/index.php\/583-2\/","title":{"rendered":"InterClubs 2023"},"content":{"rendered":"\n<p>Le samedi 11 mars apr\u00e8s-midi, Gymnase Olympe de Gouges Orl\u00e9ans La Souce, l&rsquo;ASKO a organis\u00e9 l&rsquo;InterClubs, rencontre amicale Katas et Kumit\u00e9 entre les clubs ASKO, KDC La Chapelle, KCF La Fert\u00e9 et l&rsquo;USM0 d&rsquo;Olivet.<\/p>\n\n\n\n<p>Une cinquantaine d&rsquo;enfants (poussins \u00e0 minimes) ont particip\u00e9 \u00e0 cette rencontre. Les parents, fr\u00e8res, soeurs et amis \u00e9taient venus nombreux pour les encourager.<\/p>\n\n\n\n<p>Tous les participants ont \u00e9t\u00e9 r\u00e9compens\u00e9s et la rencontre s&rsquo;est termin\u00e9e par un go\u00fbter offert \u00e0 tout le monde.<\/p>\n\n\n\n<p>L&rsquo;ASKO remercie toutes celles et tous ceux qui ont contribu\u00e9 \u00e0 la r\u00e9ussite de cet \u00e9v\u00e8nement.<\/p>\n\n\n\n<p>Nous vous invitons \u00e0 revivre les moments forts de cette apr\u00e8s midi dans les rubriques :<\/p>\n\n\n<style>.wp-block-kadence-advancedbtn.kb-btns_b47d4a-52{gap:var(--global-kb-gap-xs, 0.5rem );justify-content:center;align-items:center;}.kt-btns_b47d4a-52 .kt-button{font-weight:normal;font-style:normal;}.kt-btns_b47d4a-52 .kt-btn-wrap-0{margin-right:5px;}.wp-block-kadence-advancedbtn.kt-btns_b47d4a-52 .kt-btn-wrap-0 .kt-button{color:#555555;border-color:#555555;}.wp-block-kadence-advancedbtn.kt-btns_b47d4a-52 .kt-btn-wrap-0 .kt-button:hover, .wp-block-kadence-advancedbtn.kt-btns_b47d4a-52 .kt-btn-wrap-0 .kt-button:focus{color:#ffffff;border-color:#444444;}.wp-block-kadence-advancedbtn.kt-btns_b47d4a-52 .kt-btn-wrap-0 .kt-button::before{display:none;}.wp-block-kadence-advancedbtn.kt-btns_b47d4a-52 .kt-btn-wrap-0 .kt-button:hover, .wp-block-kadence-advancedbtn.kt-btns_b47d4a-52 .kt-btn-wrap-0 .kt-button:focus{background:#444444;}<\/style>\n<div class=\"wp-block-kadence-advancedbtn kb-buttons-wrap kb-btns_b47d4a-52\"><style>ul.menu .wp-block-kadence-advancedbtn .kb-btn_a6201b-83.kb-button{width:initial;}<\/style><a class=\"kb-button kt-button button kb-btn_a6201b-83 kt-btn-size-standard kt-btn-width-type-auto kb-btn-global-fill  kt-btn-has-text-true kt-btn-has-svg-false  wp-block-kadence-singlebtn\" href=\"https:\/\/asko45000.fr\/index.php\/interclubs-2023-competitions\/\"><span class=\"kt-btn-inner-text\">Interclubs 2023 Comp\u00e9titions<\/span><\/a><\/div>\n\n\n<style>.wp-block-kadence-advancedbtn.kb-btns_0df60a-6e{gap:var(--global-kb-gap-xs, 0.5rem );justify-content:center;align-items:center;}.kt-btns_0df60a-6e .kt-button{font-weight:normal;font-style:normal;}.kt-btns_0df60a-6e .kt-btn-wrap-0{margin-right:5px;}.wp-block-kadence-advancedbtn.kt-btns_0df60a-6e .kt-btn-wrap-0 .kt-button{color:#555555;border-color:#555555;}.wp-block-kadence-advancedbtn.kt-btns_0df60a-6e .kt-btn-wrap-0 .kt-button:hover, .wp-block-kadence-advancedbtn.kt-btns_0df60a-6e .kt-btn-wrap-0 .kt-button:focus{color:#ffffff;border-color:#444444;}.wp-block-kadence-advancedbtn.kt-btns_0df60a-6e .kt-btn-wrap-0 .kt-button::before{display:none;}.wp-block-kadence-advancedbtn.kt-btns_0df60a-6e .kt-btn-wrap-0 .kt-button:hover, .wp-block-kadence-advancedbtn.kt-btns_0df60a-6e .kt-btn-wrap-0 .kt-button:focus{background:#444444;}<\/style>\n<div class=\"wp-block-kadence-advancedbtn kb-buttons-wrap kb-btns_0df60a-6e\"><style>ul.menu .wp-block-kadence-advancedbtn .kb-btn_6cd252-e6.kb-button{width:initial;}<\/style><a class=\"kb-button kt-button button kb-btn_6cd252-e6 kt-btn-size-standard kt-btn-width-type-auto kb-btn-global-fill  kt-btn-has-text-true kt-btn-has-svg-false  wp-block-kadence-singlebtn\" href=\"https:\/\/asko45000.fr\/index.php\/interclubs-2023-medailles\/\"><span class=\"kt-btn-inner-text\">Interclubs 2023 M\u00e9dailles<\/span><\/a><\/div>\n\n\n<style>.wp-block-kadence-advancedbtn.kb-btns_6c151a-31{gap:var(--global-kb-gap-xs, 0.5rem );justify-content:center;align-items:center;}.kt-btns_6c151a-31 .kt-button{font-weight:normal;font-style:normal;}.kt-btns_6c151a-31 .kt-btn-wrap-0{margin-right:5px;}.wp-block-kadence-advancedbtn.kt-btns_6c151a-31 .kt-btn-wrap-0 .kt-button{color:#555555;border-color:#555555;}.wp-block-kadence-advancedbtn.kt-btns_6c151a-31 .kt-btn-wrap-0 .kt-button:hover, .wp-block-kadence-advancedbtn.kt-btns_6c151a-31 .kt-btn-wrap-0 .kt-button:focus{color:#ffffff;border-color:#444444;}.wp-block-kadence-advancedbtn.kt-btns_6c151a-31 .kt-btn-wrap-0 .kt-button::before{display:none;}.wp-block-kadence-advancedbtn.kt-btns_6c151a-31 .kt-btn-wrap-0 .kt-button:hover, .wp-block-kadence-advancedbtn.kt-btns_6c151a-31 .kt-btn-wrap-0 .kt-button:focus{background:#444444;}<\/style>\n<div class=\"wp-block-kadence-advancedbtn kb-buttons-wrap kb-btns_6c151a-31\"><style>ul.menu .wp-block-kadence-advancedbtn .kb-btn_8da66c-a3.kb-button{width:initial;}<\/style><a class=\"kb-button kt-button button kb-btn_8da66c-a3 kt-btn-size-standard kt-btn-width-type-auto kb-btn-global-fill  kt-btn-has-text-true kt-btn-has-svg-false  wp-block-kadence-singlebtn\" href=\"https:\/\/asko45000.fr\/index.php\/interclubs-2023-baby\/\"><span class=\"kt-btn-inner-text\">Interclubs 2023 Baby<\/span><\/a><\/div>\n","protected":false},"excerpt":{"rendered":"<p>Le samedi 11 mars apr\u00e8s-midi, Gymnase Olympe de Gouges Orl\u00e9ans La Souce, l&rsquo;ASKO a organis\u00e9 l&rsquo;InterClubs, rencontre amicale Katas et Kumit\u00e9 entre les clubs ASKO, KDC La Chapelle, KCF La Fert\u00e9 et l&rsquo;USM0 d&rsquo;Olivet. Une cinquantaine d&rsquo;enfants (poussins \u00e0 minimes) ont particip\u00e9 \u00e0 cette rencontre. Les parents, fr\u00e8res, soeurs et amis \u00e9taient venus nombreux pour&#8230;<\/p>\n","protected":false},"author":1,"featured_media":0,"parent":0,"menu_order":0,"comment_status":"closed","ping_status":"closed","template":"","meta":{"_kad_post_transparent":"","_kad_post_title":"","_kad_post_layout":"","_kad_post_sidebar_id":"","_kad_post_content_style":"","_kad_post_vertical_padding":"","_kad_post_feature":"","_kad_post_feature_position":"","_kad_post_header":false,"_kad_post_footer":false,"footnotes":""},"class_list":["post-583","page","type-page","status-publish","hentry"],"_links":{"self":[{"href":"https:\/\/asko45000.fr\/index.php\/wp-json\/wp\/v2\/pages\/583","targetHints":{"allow":["GET"]}}],"collection":[{"href":"https:\/\/asko45000.fr\/index.php\/wp-json\/wp\/v2\/pages"}],"about":[{"href":"https:\/\/asko45000.fr\/index.php\/wp-json\/wp\/v2\/types\/page"}],"author":[{"embeddable":true,"href":"https:\/\/asko45000.fr\/index.php\/wp-json\/wp\/v2\/users\/1"}],"replies":[{"embeddable":true,"href":"https:\/\/asko45000.fr\/index.php\/wp-json\/wp\/v2\/comments?post=583"}],"version-history":[{"count":12,"href":"https:\/\/asko45000.fr\/index.php\/wp-json\/wp\/v2\/pages\/583\/revisions"}],"predecessor-version":[{"id":972,"href":"https:\/\/asko45000.fr\/index.php\/wp-json\/wp\/v2\/pages\/583\/revisions\/972"}],"wp:attachment":[{"href":"https:\/\/asko45000.fr\/index.php\/wp-json\/wp\/v2\/media?parent=583"}],"curies":[{"name":"wp","href":"https:\/\/api.w.org\/{rel}","templated":true}]}}