{"id":615,"date":"2023-02-18T18:11:53","date_gmt":"2023-02-18T17:11:53","guid":{"rendered":"https:\/\/asko45000.fr\/?page_id=615"},"modified":"2025-06-15T20:13:40","modified_gmt":"2025-06-15T18:13:40","slug":"inscriptions","status":"publish","type":"page","link":"https:\/\/asko45000.fr\/index.php\/inscriptions\/","title":{"rendered":"Inscriptions"},"content":{"rendered":"\n<p class=\"has-text-align-center\"><strong>LISTE DES PIECES A FOURNIR<\/strong><\/p>\n\n\n\n<ul class=\"wp-block-list\">\n<li>Une photo d&rsquo;identit\u00e9 r\u00e9cente<\/li>\n\n\n\n<li>R\u00e8glement de la cotisation :\n<ul class=\"wp-block-list\">\n<li>95\u20ac pour les enfants n\u00e9s 2020 et 2021<\/li>\n\n\n\n<li>145\u20ac pour les enfants n\u00e9s entre 2016 et 2019<\/li>\n\n\n\n<li>145\u20ac pour les ados n\u00e9s entre 2012 et 2015 et \u00e9tudiants (avec justificatif)<\/li>\n\n\n\n<li>165\u20ac pour les adultes<\/li>\n\n\n\n<li>115\u20ac Body Karat\u00e9 Fitness et Karat\u00e9 S\u00e9nior<\/li>\n<\/ul>\n<\/li>\n<\/ul>\n\n\n\n<p>Tarif Famille : -25% pour le 2\u00e8me adh\u00e9rent et -50% \u00e0 partir d&rsquo;une 3\u00e8me adh\u00e9sion sur la part Club et sur le(s) tarif(s) le(s) moins cher(s).<\/p>\n\n\n\n<p>R\u00e8glement par ch\u00e8que, esp\u00e8ces, ch\u00e8que vacances, Pass Loisir CAF, coupons sport, paiement possible en 3 fois avec un 1er montant de 50\u20ac.<\/p>\n\n\n\n<p>Pour toute information : <\/p>\n\n\n\n<p class=\"has-text-align-center\">Marc Fontorbe <\/p>\n\n\n\n<p class=\"has-text-align-center\">06 31 45 34 96<\/p>\n\n\n\n<p class=\"has-text-align-center\">marcofontorbe@orange.fr <\/p>\n","protected":false},"excerpt":{"rendered":"<p>LISTE DES PIECES A FOURNIR Tarif Famille : -25% pour le 2\u00e8me adh\u00e9rent et -50% \u00e0 partir d&rsquo;une 3\u00e8me adh\u00e9sion sur la part Club et sur le(s) tarif(s) le(s) moins cher(s). R\u00e8glement par ch\u00e8que, esp\u00e8ces, ch\u00e8que vacances, Pass Loisir CAF, coupons sport, paiement possible en 3 fois avec un 1er montant de 50\u20ac. Pour toute&#8230;<\/p>\n","protected":false},"author":1,"featured_media":0,"parent":0,"menu_order":0,"comment_status":"closed","ping_status":"closed","template":"","meta":{"_kad_post_transparent":"","_kad_post_title":"","_kad_post_layout":"","_kad_post_sidebar_id":"","_kad_post_content_style":"","_kad_post_vertical_padding":"","_kad_post_feature":"","_kad_post_feature_position":"","_kad_post_header":false,"_kad_post_footer":false,"footnotes":""},"class_list":["post-615","page","type-page","status-publish","hentry"],"_links":{"self":[{"href":"https:\/\/asko45000.fr\/index.php\/wp-json\/wp\/v2\/pages\/615","targetHints":{"allow":["GET"]}}],"collection":[{"href":"https:\/\/asko45000.fr\/index.php\/wp-json\/wp\/v2\/pages"}],"about":[{"href":"https:\/\/asko45000.fr\/index.php\/wp-json\/wp\/v2\/types\/page"}],"author":[{"embeddable":true,"href":"https:\/\/asko45000.fr\/index.php\/wp-json\/wp\/v2\/users\/1"}],"replies":[{"embeddable":true,"href":"https:\/\/asko45000.fr\/index.php\/wp-json\/wp\/v2\/comments?post=615"}],"version-history":[{"count":13,"href":"https:\/\/asko45000.fr\/index.php\/wp-json\/wp\/v2\/pages\/615\/revisions"}],"predecessor-version":[{"id":3252,"href":"https:\/\/asko45000.fr\/index.php\/wp-json\/wp\/v2\/pages\/615\/revisions\/3252"}],"wp:attachment":[{"href":"https:\/\/asko45000.fr\/index.php\/wp-json\/wp\/v2\/media?parent=615"}],"curies":[{"name":"wp","href":"https:\/\/api.w.org\/{rel}","templated":true}]}}