{"id":651,"date":"2023-02-19T16:51:26","date_gmt":"2023-02-19T15:51:26","guid":{"rendered":"https:\/\/asko45000.fr\/?page_id=651"},"modified":"2023-02-26T19:07:36","modified_gmt":"2023-02-26T18:07:36","slug":"body-karate-fitness","status":"publish","type":"page","link":"https:\/\/asko45000.fr\/index.php\/body-karate-fitness\/","title":{"rendered":"Body Karat\u00e9 Fitness"},"content":{"rendered":"<style>.kb-gallery-id-_393a16-97.kb-gallery-ul.kb-gallery-type-fluidcarousel .kt-blocks-carousel figure .kb-gal-image-radius, .kb-gallery-id-_393a16-97.kb-gallery-ul.kb-gallery-type-fluidcarousel .kt-blocks-carousel figure .kb-gal-image-radius img{height:300px;}.kb-gallery-id-_393a16-97 .kadence-blocks-gallery-item .kb-gal-image-radius, .kb-gallery-id-_393a16-97 .kb-slide-item .kb-gal-image-radius img{border-radius:0px 0px 0px 0px;;}.kb-gallery-wrap-id-_393a16-97.wp-block-kadence-advancedgallery{overflow:visible;}.kb-gallery-wrap-id-_393a16-97.wp-block-kadence-advancedgallery .kt-blocks-carousel{overflow:visible;max-width:100%;}<\/style><div class=\"kb-gallery-wrap-id-_393a16-97 alignnone wp-block-kadence-advancedgallery\"><div class=\"kb-gallery-ul kb-gallery-non-static kb-gallery-type-fluidcarousel kb-gallery-id-_393a16-97 kb-gallery-caption-style-bottom-hover kb-gallery-filter-none\" data-image-filter=\"none\" data-lightbox-caption=\"true\"><div class=\"kt-blocks-carousel splide kt-carousel-container-dotstyle-dark kt-carousel-arrowstyle-whiteondark kt-carousel-dotstyle-dark kb-slider-group-arrow kb-slider-arrow-position-center\" data-slider-anim-speed=\"400\" data-slider-scroll=\"1\" data-slider-arrows=\"true\" data-slider-dots=\"true\" data-slider-hover-pause=\"false\" data-slider-auto=\"1\" data-slider-speed=\"1880\" data-slider-type=\"fluidcarousel\" data-slider-center-mode=\"true\" data-slider-gap=\"10px\" data-slider-gap-tablet=\"10px\" data-slider-gap-mobile=\"10px\" data-show-pause-button=\"false\"><div class=\"splide__track\"><ul class=\"kt-blocks-carousel-init kb-blocks-fluid-carousel splide__list\"><li class=\"kb-slide-item kb-gallery-carousel-item splide__slide\"><div class=\"kadence-blocks-gallery-item\"><div class=\"kadence-blocks-gallery-item-inner\"><figure class=\"kb-gallery-figure kadence-blocks-gallery-item-hide-caption\"><div class=\"kb-gal-image-radius\"><div class=\"kb-gallery-image-contain\" ><img loading=\"lazy\" decoding=\"async\" src=\"https:\/\/asko45000.fr\/wp-content\/uploads\/2023\/02\/adultes_ado_06_02_23_3-1024x576.jpg\" width=\"1024\" height=\"576\" alt=\"\" data-full-image=\"https:\/\/asko45000.fr\/wp-content\/uploads\/2023\/02\/adultes_ado_06_02_23_3.jpg\" data-light-image=\"https:\/\/asko45000.fr\/wp-content\/uploads\/2023\/02\/adultes_ado_06_02_23_3.jpg\" data-id=\"377\" class=\"wp-image-377 skip-lazy\" srcset=\"https:\/\/asko45000.fr\/wp-content\/uploads\/2023\/02\/adultes_ado_06_02_23_3-1024x576.jpg 1024w, https:\/\/asko45000.fr\/wp-content\/uploads\/2023\/02\/adultes_ado_06_02_23_3-300x169.jpg 300w, https:\/\/asko45000.fr\/wp-content\/uploads\/2023\/02\/adultes_ado_06_02_23_3-768x432.jpg 768w, https:\/\/asko45000.fr\/wp-content\/uploads\/2023\/02\/adultes_ado_06_02_23_3-1536x863.jpg 1536w, https:\/\/asko45000.fr\/wp-content\/uploads\/2023\/02\/adultes_ado_06_02_23_3.jpg 2048w\" sizes=\"auto, (max-width: 1024px) 100vw, 1024px\" \/><\/div><\/div><\/figure><\/div><\/div><\/li><li class=\"kb-slide-item kb-gallery-carousel-item splide__slide\"><div class=\"kadence-blocks-gallery-item\"><div class=\"kadence-blocks-gallery-item-inner\"><figure class=\"kb-gallery-figure kadence-blocks-gallery-item-hide-caption\"><div class=\"kb-gal-image-radius\"><div class=\"kb-gallery-image-contain\" ><img loading=\"lazy\" decoding=\"async\" src=\"https:\/\/asko45000.fr\/wp-content\/uploads\/2023\/02\/body_la_chapelle_19_02_23_1-1024x576.jpg\" width=\"1024\" height=\"576\" alt=\"\" data-full-image=\"https:\/\/asko45000.fr\/wp-content\/uploads\/2023\/02\/body_la_chapelle_19_02_23_1-scaled.jpg\" data-light-image=\"https:\/\/asko45000.fr\/wp-content\/uploads\/2023\/02\/body_la_chapelle_19_02_23_1-scaled.jpg\" data-id=\"722\" class=\"wp-image-722 skip-lazy\" srcset=\"https:\/\/asko45000.fr\/wp-content\/uploads\/2023\/02\/body_la_chapelle_19_02_23_1-1024x576.jpg 1024w, https:\/\/asko45000.fr\/wp-content\/uploads\/2023\/02\/body_la_chapelle_19_02_23_1-300x169.jpg 300w, https:\/\/asko45000.fr\/wp-content\/uploads\/2023\/02\/body_la_chapelle_19_02_23_1-768x432.jpg 768w, https:\/\/asko45000.fr\/wp-content\/uploads\/2023\/02\/body_la_chapelle_19_02_23_1-1536x863.jpg 1536w, https:\/\/asko45000.fr\/wp-content\/uploads\/2023\/02\/body_la_chapelle_19_02_23_1-2048x1151.jpg 2048w\" sizes=\"auto, (max-width: 1024px) 100vw, 1024px\" \/><\/div><\/div><\/figure><\/div><\/div><\/li><\/ul><\/div><\/div><\/div><\/div>\n\n\n<p>Le Body Karat\u00e9 Fitness est ouvert \u00e0 tout public. Une s\u00e9ance dure 1h, 1 fois par semaine. Le cours se d\u00e9roule en musique : \u00e9chauffement,  exercices d&rsquo;encha\u00eenements de cardio-training, chor\u00e9graphie, tabata exercices d&rsquo;endurance, travail musculaire et \u00e9tirements. Le body karat\u00e9 fait travailler toutes les parties du corps (mains, pieds, t\u00eate, \u2026). <\/p>\n","protected":false},"excerpt":{"rendered":"<p>Le Body Karat\u00e9 Fitness est ouvert \u00e0 tout public. Une s\u00e9ance dure 1h, 1 fois par semaine. Le cours se d\u00e9roule en musique : \u00e9chauffement, exercices d&rsquo;encha\u00eenements de cardio-training, chor\u00e9graphie, tabata exercices d&rsquo;endurance, travail musculaire et \u00e9tirements. Le body karat\u00e9 fait travailler toutes les parties du corps (mains, pieds, t\u00eate, \u2026).<\/p>\n","protected":false},"author":1,"featured_media":0,"parent":0,"menu_order":0,"comment_status":"closed","ping_status":"closed","template":"","meta":{"_kad_post_transparent":"","_kad_post_title":"","_kad_post_layout":"","_kad_post_sidebar_id":"","_kad_post_content_style":"","_kad_post_vertical_padding":"","_kad_post_feature":"","_kad_post_feature_position":"","_kad_post_header":false,"_kad_post_footer":false,"footnotes":""},"class_list":["post-651","page","type-page","status-publish","hentry"],"_links":{"self":[{"href":"https:\/\/asko45000.fr\/index.php\/wp-json\/wp\/v2\/pages\/651","targetHints":{"allow":["GET"]}}],"collection":[{"href":"https:\/\/asko45000.fr\/index.php\/wp-json\/wp\/v2\/pages"}],"about":[{"href":"https:\/\/asko45000.fr\/index.php\/wp-json\/wp\/v2\/types\/page"}],"author":[{"embeddable":true,"href":"https:\/\/asko45000.fr\/index.php\/wp-json\/wp\/v2\/users\/1"}],"replies":[{"embeddable":true,"href":"https:\/\/asko45000.fr\/index.php\/wp-json\/wp\/v2\/comments?post=651"}],"version-history":[{"count":13,"href":"https:\/\/asko45000.fr\/index.php\/wp-json\/wp\/v2\/pages\/651\/revisions"}],"predecessor-version":[{"id":874,"href":"https:\/\/asko45000.fr\/index.php\/wp-json\/wp\/v2\/pages\/651\/revisions\/874"}],"wp:attachment":[{"href":"https:\/\/asko45000.fr\/index.php\/wp-json\/wp\/v2\/media?parent=651"}],"curies":[{"name":"wp","href":"https:\/\/api.w.org\/{rel}","templated":true}]}}