{"id":957,"date":"2023-03-13T11:23:00","date_gmt":"2023-03-13T10:23:00","guid":{"rendered":"https:\/\/asko45000.fr\/?page_id=957"},"modified":"2023-04-15T22:44:51","modified_gmt":"2023-04-15T20:44:51","slug":"stage-saran-12-mars-2023","status":"publish","type":"page","link":"https:\/\/asko45000.fr\/index.php\/stages\/stages-2022-2023\/stage-saran-12-mars-2023\/","title":{"rendered":"Stage Saran 12 mars 2023"},"content":{"rendered":"\n<p>Le 12 mars 2023, dojo de Saran (Loiret), nos seinsei Marc et Nivo \u00e9taient parmi la trentaine de karat\u00e9kas qui ont particip\u00e9 au stage dirig\u00e9 par le Directeur Technique du D\u00e9partement, Sebastien Troispoux. Les stagiaires venaient de plusieurs clubs du Loiret (ASKO Orl\u00e9ans, KC Beaune-La-Rolande, KCF La Fert\u00e9, KDC La Chapelle, USM Olivet, USM Saran, \u2026). Le stage \u00a0\u00bb r\u00e9partition des kumit\u00e9 \u00a0\u00bb a permis aux participants (d\u00e8s ceintures jaunes aux ceintures noires 6\u00e8me dan) de travailler leurs techniques de combat.<\/p>\n\n\n<style>.kb-gallery-id-_0bb5b1-99.kb-gallery-ul.kb-gallery-type-fluidcarousel .kt-blocks-carousel figure .kb-gal-image-radius, .kb-gallery-id-_0bb5b1-99.kb-gallery-ul.kb-gallery-type-fluidcarousel .kt-blocks-carousel figure .kb-gal-image-radius img{height:300px;}.kb-gallery-id-_0bb5b1-99 .kadence-blocks-gallery-item .kb-gal-image-radius, .kb-gallery-id-_0bb5b1-99 .kb-slide-item .kb-gal-image-radius img{border-radius:0px 0px 0px 0px;;}.kb-gallery-wrap-id-_0bb5b1-99.wp-block-kadence-advancedgallery{overflow:visible;}.kb-gallery-wrap-id-_0bb5b1-99.wp-block-kadence-advancedgallery .kt-blocks-carousel{overflow:visible;max-width:100%;}<\/style><div class=\"kb-gallery-wrap-id-_0bb5b1-99 alignnone wp-block-kadence-advancedgallery\"><div class=\"kb-gallery-ul kb-gallery-non-static kb-gallery-type-fluidcarousel kb-gallery-id-_0bb5b1-99 kb-gallery-caption-style-bottom-hover kb-gallery-filter-none\" data-image-filter=\"none\" data-lightbox-caption=\"true\"><div class=\"kt-blocks-carousel splide kt-carousel-container-dotstyle-dark kt-carousel-arrowstyle-whiteondark kt-carousel-dotstyle-dark kb-slider-group-arrow kb-slider-arrow-position-center\" data-slider-anim-speed=\"480\" data-slider-scroll=\"1\" data-slider-arrows=\"true\" data-slider-dots=\"true\" data-slider-hover-pause=\"false\" data-slider-auto=\"1\" data-slider-speed=\"4280\" data-slider-type=\"fluidcarousel\" data-slider-center-mode=\"true\" data-slider-gap=\"10px\" data-slider-gap-tablet=\"10px\" data-slider-gap-mobile=\"10px\" data-show-pause-button=\"false\"><div class=\"splide__track\"><ul class=\"kt-blocks-carousel-init kb-blocks-fluid-carousel splide__list\"><li class=\"kb-slide-item kb-gallery-carousel-item splide__slide\"><div class=\"kadence-blocks-gallery-item\"><div class=\"kadence-blocks-gallery-item-inner\"><figure class=\"kb-gallery-figure kadence-blocks-gallery-item-hide-caption\"><div class=\"kb-gal-image-radius\"><div class=\"kb-gallery-image-contain\" ><img loading=\"lazy\" decoding=\"async\" src=\"https:\/\/asko45000.fr\/wp-content\/uploads\/2023\/03\/stage_departement__photo_groupe_12_03_23_2-1024x768.jpg\" width=\"1024\" height=\"768\" alt=\"\" data-full-image=\"https:\/\/asko45000.fr\/wp-content\/uploads\/2023\/03\/stage_departement__photo_groupe_12_03_23_2-scaled.jpg\" data-light-image=\"https:\/\/asko45000.fr\/wp-content\/uploads\/2023\/03\/stage_departement__photo_groupe_12_03_23_2-scaled.jpg\" data-id=\"963\" class=\"wp-image-963 skip-lazy\" srcset=\"https:\/\/asko45000.fr\/wp-content\/uploads\/2023\/03\/stage_departement__photo_groupe_12_03_23_2-1024x768.jpg 1024w, https:\/\/asko45000.fr\/wp-content\/uploads\/2023\/03\/stage_departement__photo_groupe_12_03_23_2-300x225.jpg 300w, https:\/\/asko45000.fr\/wp-content\/uploads\/2023\/03\/stage_departement__photo_groupe_12_03_23_2-768x576.jpg 768w, https:\/\/asko45000.fr\/wp-content\/uploads\/2023\/03\/stage_departement__photo_groupe_12_03_23_2-1536x1152.jpg 1536w, https:\/\/asko45000.fr\/wp-content\/uploads\/2023\/03\/stage_departement__photo_groupe_12_03_23_2-2048x1536.jpg 2048w\" sizes=\"auto, (max-width: 1024px) 100vw, 1024px\" \/><\/div><\/div><\/figure><\/div><\/div><\/li><li class=\"kb-slide-item kb-gallery-carousel-item splide__slide\"><div class=\"kadence-blocks-gallery-item\"><div class=\"kadence-blocks-gallery-item-inner\"><figure class=\"kb-gallery-figure kadence-blocks-gallery-item-hide-caption\"><div class=\"kb-gal-image-radius\"><div class=\"kb-gallery-image-contain\" ><img loading=\"lazy\" decoding=\"async\" src=\"https:\/\/asko45000.fr\/wp-content\/uploads\/2023\/03\/stage_departemen_photo_nivo_12_03_23_2-1024x576.jpg\" width=\"1024\" height=\"576\" alt=\"\" data-full-image=\"https:\/\/asko45000.fr\/wp-content\/uploads\/2023\/03\/stage_departemen_photo_nivo_12_03_23_2-scaled.jpg\" data-light-image=\"https:\/\/asko45000.fr\/wp-content\/uploads\/2023\/03\/stage_departemen_photo_nivo_12_03_23_2-scaled.jpg\" data-id=\"962\" class=\"wp-image-962 skip-lazy\" srcset=\"https:\/\/asko45000.fr\/wp-content\/uploads\/2023\/03\/stage_departemen_photo_nivo_12_03_23_2-1024x576.jpg 1024w, https:\/\/asko45000.fr\/wp-content\/uploads\/2023\/03\/stage_departemen_photo_nivo_12_03_23_2-300x169.jpg 300w, https:\/\/asko45000.fr\/wp-content\/uploads\/2023\/03\/stage_departemen_photo_nivo_12_03_23_2-768x432.jpg 768w, https:\/\/asko45000.fr\/wp-content\/uploads\/2023\/03\/stage_departemen_photo_nivo_12_03_23_2-1536x864.jpg 1536w, https:\/\/asko45000.fr\/wp-content\/uploads\/2023\/03\/stage_departemen_photo_nivo_12_03_23_2-2048x1152.jpg 2048w\" sizes=\"auto, (max-width: 1024px) 100vw, 1024px\" \/><\/div><\/div><\/figure><\/div><\/div><\/li><li class=\"kb-slide-item kb-gallery-carousel-item splide__slide\"><div class=\"kadence-blocks-gallery-item\"><div class=\"kadence-blocks-gallery-item-inner\"><figure class=\"kb-gallery-figure kadence-blocks-gallery-item-hide-caption\"><div class=\"kb-gal-image-radius\"><div class=\"kb-gallery-image-contain\" ><img loading=\"lazy\" decoding=\"async\" src=\"https:\/\/asko45000.fr\/wp-content\/uploads\/2023\/03\/stage_departemen_photo_marc_12_03_23_2-1024x576.jpg\" width=\"1024\" height=\"576\" alt=\"\" data-full-image=\"https:\/\/asko45000.fr\/wp-content\/uploads\/2023\/03\/stage_departemen_photo_marc_12_03_23_2-scaled.jpg\" data-light-image=\"https:\/\/asko45000.fr\/wp-content\/uploads\/2023\/03\/stage_departemen_photo_marc_12_03_23_2-scaled.jpg\" data-id=\"961\" class=\"wp-image-961 skip-lazy\" srcset=\"https:\/\/asko45000.fr\/wp-content\/uploads\/2023\/03\/stage_departemen_photo_marc_12_03_23_2-1024x576.jpg 1024w, https:\/\/asko45000.fr\/wp-content\/uploads\/2023\/03\/stage_departemen_photo_marc_12_03_23_2-300x169.jpg 300w, https:\/\/asko45000.fr\/wp-content\/uploads\/2023\/03\/stage_departemen_photo_marc_12_03_23_2-768x432.jpg 768w, https:\/\/asko45000.fr\/wp-content\/uploads\/2023\/03\/stage_departemen_photo_marc_12_03_23_2-1536x864.jpg 1536w, https:\/\/asko45000.fr\/wp-content\/uploads\/2023\/03\/stage_departemen_photo_marc_12_03_23_2-2048x1152.jpg 2048w\" sizes=\"auto, (max-width: 1024px) 100vw, 1024px\" \/><\/div><\/div><\/figure><\/div><\/div><\/li><li class=\"kb-slide-item kb-gallery-carousel-item splide__slide\"><div class=\"kadence-blocks-gallery-item\"><div class=\"kadence-blocks-gallery-item-inner\"><figure class=\"kb-gallery-figure kadence-blocks-gallery-item-hide-caption\"><div class=\"kb-gal-image-radius\"><div class=\"kb-gallery-image-contain\" ><img loading=\"lazy\" decoding=\"async\" src=\"https:\/\/asko45000.fr\/wp-content\/uploads\/2023\/03\/stage_departemen_photo_groupe_12_03_23_2-1024x768.jpg\" width=\"1024\" height=\"768\" alt=\"\" data-full-image=\"https:\/\/asko45000.fr\/wp-content\/uploads\/2023\/03\/stage_departemen_photo_groupe_12_03_23_2-scaled.jpg\" data-light-image=\"https:\/\/asko45000.fr\/wp-content\/uploads\/2023\/03\/stage_departemen_photo_groupe_12_03_23_2-scaled.jpg\" data-id=\"960\" class=\"wp-image-960 skip-lazy\" srcset=\"https:\/\/asko45000.fr\/wp-content\/uploads\/2023\/03\/stage_departemen_photo_groupe_12_03_23_2-1024x768.jpg 1024w, https:\/\/asko45000.fr\/wp-content\/uploads\/2023\/03\/stage_departemen_photo_groupe_12_03_23_2-300x225.jpg 300w, https:\/\/asko45000.fr\/wp-content\/uploads\/2023\/03\/stage_departemen_photo_groupe_12_03_23_2-768x576.jpg 768w, https:\/\/asko45000.fr\/wp-content\/uploads\/2023\/03\/stage_departemen_photo_groupe_12_03_23_2-1536x1152.jpg 1536w, https:\/\/asko45000.fr\/wp-content\/uploads\/2023\/03\/stage_departemen_photo_groupe_12_03_23_2-2048x1536.jpg 2048w\" sizes=\"auto, (max-width: 1024px) 100vw, 1024px\" \/><\/div><\/div><\/figure><\/div><\/div><\/li><\/ul><\/div><\/div><\/div><\/div>","protected":false},"excerpt":{"rendered":"<p>Le 12 mars 2023, dojo de Saran (Loiret), nos seinsei Marc et Nivo \u00e9taient parmi la trentaine de karat\u00e9kas qui ont particip\u00e9 au stage dirig\u00e9 par le Directeur Technique du D\u00e9partement, Sebastien Troispoux. Les stagiaires venaient de plusieurs clubs du Loiret (ASKO Orl\u00e9ans, KC Beaune-La-Rolande, KCF La Fert\u00e9, KDC La Chapelle, USM Olivet, USM Saran,&#8230;<\/p>\n","protected":false},"author":1,"featured_media":0,"parent":256,"menu_order":0,"comment_status":"closed","ping_status":"closed","template":"","meta":{"_kad_post_transparent":"","_kad_post_title":"","_kad_post_layout":"","_kad_post_sidebar_id":"","_kad_post_content_style":"","_kad_post_vertical_padding":"","_kad_post_feature":"","_kad_post_feature_position":"","_kad_post_header":false,"_kad_post_footer":false,"footnotes":""},"class_list":["post-957","page","type-page","status-publish","hentry"],"_links":{"self":[{"href":"https:\/\/asko45000.fr\/index.php\/wp-json\/wp\/v2\/pages\/957","targetHints":{"allow":["GET"]}}],"collection":[{"href":"https:\/\/asko45000.fr\/index.php\/wp-json\/wp\/v2\/pages"}],"about":[{"href":"https:\/\/asko45000.fr\/index.php\/wp-json\/wp\/v2\/types\/page"}],"author":[{"embeddable":true,"href":"https:\/\/asko45000.fr\/index.php\/wp-json\/wp\/v2\/users\/1"}],"replies":[{"embeddable":true,"href":"https:\/\/asko45000.fr\/index.php\/wp-json\/wp\/v2\/comments?post=957"}],"version-history":[{"count":4,"href":"https:\/\/asko45000.fr\/index.php\/wp-json\/wp\/v2\/pages\/957\/revisions"}],"predecessor-version":[{"id":975,"href":"https:\/\/asko45000.fr\/index.php\/wp-json\/wp\/v2\/pages\/957\/revisions\/975"}],"up":[{"embeddable":true,"href":"https:\/\/asko45000.fr\/index.php\/wp-json\/wp\/v2\/pages\/256"}],"wp:attachment":[{"href":"https:\/\/asko45000.fr\/index.php\/wp-json\/wp\/v2\/media?parent=957"}],"curies":[{"name":"wp","href":"https:\/\/api.w.org\/{rel}","templated":true}]}}